{"id":4019,"date":"2021-10-06T06:50:29","date_gmt":"2021-10-06T06:50:29","guid":{"rendered":"https:\/\/www.eliterealestate.gr\/?page_id=4019"},"modified":"2021-10-23T10:25:07","modified_gmt":"2021-10-23T10:25:07","slug":"terms","status":"publish","type":"page","link":"https:\/\/www.eliterealestate.gr\/it\/terms\/","title":{"rendered":"POLITICA DEI TERMINI E DELLE CONDIZIONI"},"content":{"rendered":"<div data-elementor-type=\"wp-page\" data-elementor-id=\"4019\" class=\"elementor elementor-4019\" data-elementor-post-type=\"page\">\n\t\t\t\t\t\t<section class=\"elementor-section elementor-top-section elementor-element elementor-element-1dd9cd0d elementor-section-content-middle elementor-section-boxed elementor-section-height-default elementor-section-height-default\" data-id=\"1dd9cd0d\" data-element_type=\"section\" data-e-type=\"section\">\n\t\t\t\t\t\t<div class=\"elementor-container elementor-column-gap-no\">\n\t\t\t\t\t<div class=\"elementor-column elementor-col-50 elementor-top-column elementor-element elementor-element-786871e7\" data-id=\"786871e7\" data-element_type=\"column\" data-e-type=\"column\">\n\t\t\t<div class=\"elementor-widget-wrap elementor-element-populated\">\n\t\t\t\t\t\t<div class=\"elementor-element elementor-element-4c289276 elementor-widget-divider--view-line elementor-widget elementor-widget-divider\" data-id=\"4c289276\" data-element_type=\"widget\" data-e-type=\"widget\" data-widget_type=\"divider.default\">\n\t\t\t\t<div class=\"elementor-widget-container\">\n\t\t\t\t\t\t\t<div class=\"elementor-divider\">\n\t\t\t<span class=\"elementor-divider-separator\">\n\t\t\t\t\t\t<\/span>\n\t\t<\/div>\n\t\t\t\t\t\t<\/div>\n\t\t\t\t<\/div>\n\t\t\t\t<div class=\"elementor-element elementor-element-5f059ad elementor-widget elementor-widget-heading\" data-id=\"5f059ad\" data-element_type=\"widget\" data-e-type=\"widget\" data-widget_type=\"heading.default\">\n\t\t\t\t<div class=\"elementor-widget-container\">\n\t\t\t\t\t<h4 class=\"elementor-heading-title elementor-size-default\">Benvenuti in ELITE Real Estate<\/h4>\t\t\t\t<\/div>\n\t\t\t\t<\/div>\n\t\t\t\t<div class=\"elementor-element elementor-element-fbe9b87 elementor-widget elementor-widget-text-editor\" data-id=\"fbe9b87\" data-element_type=\"widget\" data-e-type=\"widget\" data-widget_type=\"text-editor.default\">\n\t\t\t\t<div class=\"elementor-widget-container\">\n\t\t\t\t\t\t\t\t\t<p><a href=\"https:\/\/www.eliterealestate.gr\/it\/terms\/\">termini e condizioni<\/a><\/p>\t\t\t\t\t\t\t\t<\/div>\n\t\t\t\t<\/div>\n\t\t\t\t\t<\/div>\n\t\t<\/div>\n\t\t\t\t<div class=\"elementor-column elementor-col-50 elementor-top-column elementor-element elementor-element-2a11ef1a\" data-id=\"2a11ef1a\" data-element_type=\"column\" data-e-type=\"column\">\n\t\t\t<div class=\"elementor-widget-wrap elementor-element-populated\">\n\t\t\t\t\t\t<div class=\"elementor-element elementor-element-1e10c383 elementor-widget elementor-widget-text-editor\" data-id=\"1e10c383\" data-element_type=\"widget\" data-e-type=\"widget\" data-widget_type=\"text-editor.default\">\n\t\t\t\t<div class=\"elementor-widget-container\">\n\t\t\t\t\t\t\t\t\t<p class=\"lead text-white\">Questi termini e condizioni delineano le regole e le norme per l'utilizzo del sito web di Elite Real Estate.<\/p><p class=\"lead text-white\">Elite Real Estate si trova a: Amvrosiou frantzi 6, Kalamata, Messinia, Grecia.<\/p><p class=\"lead text-white\">L'accesso a questo sito web presuppone l'accettazione integrale di questi termini e condizioni. Non continuate a utilizzare il sito web di ELITE Real Estate se non accettate tutti i termini e le condizioni indicati in questa pagina.<\/p><p class=\"lead text-white\">La seguente terminologia si applica ai presenti Termini e condizioni, all'Informativa sulla privacy e all'Avviso di esclusione di responsabilit\u00e0 e a tutti o ad alcuni Accordi: \"Cliente\", \"Lei\" e \"Suo\" si riferiscono a Lei, la persona che accede a questo sito web e accetta i termini e le condizioni della Societ\u00e0.<\/p><p class=\"lead text-white\">\"La Societ\u00e0\", \"Noi\", \"Noi\", \"Nostro\" e \"Noi\" si riferiscono alla nostra Societ\u00e0. \"Tutti i termini si riferiscono all'offerta, all'accettazione e al corrispettivo necessario per intraprendere il processo di assistenza al Cliente nel modo pi\u00f9 appropriato, sia tramite incontri formali di durata prestabilita, sia con qualsiasi altro mezzo, allo scopo esplicito di soddisfare le esigenze del Cliente in relazione alla fornitura dei servizi\/prodotti dichiarati dalla Societ\u00e0, in conformit\u00e0 e nel rispetto della legge vigente in GRECIA. Qualsiasi uso della terminologia di cui sopra o di altre parole al singolare, al plurale, in maiuscolo e\/o lui\/lei o loro, sono considerati intercambiabili e quindi riferiti allo stesso.<\/p>\t\t\t\t\t\t\t\t<\/div>\n\t\t\t\t<\/div>\n\t\t\t\t\t<\/div>\n\t\t<\/div>\n\t\t\t\t\t<\/div>\n\t\t<\/section>\n\t\t\t\t<section class=\"elementor-section elementor-top-section elementor-element elementor-element-06ca873 elementor-section-boxed elementor-section-height-default elementor-section-height-default\" data-id=\"06ca873\" data-element_type=\"section\" data-e-type=\"section\">\n\t\t\t\t\t\t<div class=\"elementor-container elementor-column-gap-default\">\n\t\t\t\t\t<div class=\"elementor-column elementor-col-100 elementor-top-column elementor-element elementor-element-2ac676c\" data-id=\"2ac676c\" data-element_type=\"column\" data-e-type=\"column\">\n\t\t\t<div class=\"elementor-widget-wrap elementor-element-populated\">\n\t\t\t\t\t\t<div class=\"elementor-element elementor-element-a29bdf1 elementor-widget elementor-widget-text-editor\" data-id=\"a29bdf1\" data-element_type=\"widget\" data-e-type=\"widget\" data-widget_type=\"text-editor.default\">\n\t\t\t\t<div class=\"elementor-widget-container\">\n\t\t\t\t\t\t\t\t\t<p class=\"lead text-white\">\u00a0<\/p><p class=\"lead text-white\"><strong>Biscotti<\/strong><\/p><p class=\"lead text-white\">Utilizzando il sito web di ELITE Real Estate si acconsente all'uso dei cookie in conformit\u00e0 con la politica sulla privacy di ELITE Real Estate. La maggior parte dei siti web interattivi moderni utilizza i cookie per consentirci di recuperare i dati dell'utente per ogni visita. I cookie sono utilizzati in alcune aree del nostro sito per consentire la funzionalit\u00e0 di tale area e la facilit\u00e0 d'uso per le persone che lo visitano. Anche alcuni dei nostri partner affiliati\/pubblicitari possono utilizzare i cookie.<\/p><p class=\"lead text-white\"><strong>Licenza<\/strong><\/p><p class=\"lead text-white\">Se non diversamente indicato, ELITE Real Estate e\/o i suoi licenziatari detengono i diritti di propriet\u00e0 intellettuale di tutto il materiale presente su ELITE Real Estate. Tutti i diritti di propriet\u00e0 intellettuale sono riservati. L'utente pu\u00f2 visualizzare e\/o stampare le pagine del sito http:\/\/eliterealhome.gr\/ per uso personale, nel rispetto delle restrizioni stabilite nei presenti termini e condizioni.<\/p><p class=\"lead text-white\">Non si deve:<\/p><ul class=\"content-li\"><li>Ripubblicare materiale da http:\/\/eliterealestate.gr\/<\/li><li>Vendere, affittare o concedere in sublicenza il materiale di http:\/\/eliterealestate.gr\/.<\/li><li>Riprodurre, duplicare o copiare materiale da http:\/\/eliterealestate.gr\/.<\/li><\/ul><p class=\"lead text-white\">Ridistribuire il contenuto di Elite Real Estate (a meno che il contenuto non sia stato specificamente creato per la ridistribuzione).<\/p><p class=\"lead text-white\"><strong>Collegamento ipertestuale ai nostri contenuti<\/strong><\/p><p class=\"lead text-white\"><strong>Le seguenti organizzazioni possono collegarsi al nostro sito Web senza previa autorizzazione scritta:<\/strong><\/p><ul class=\"content-li\"><li>Agenzie governative;<\/li><li>Motori di ricerca;<\/li><li>Organizzazioni giornalistiche;<\/li><\/ul><p class=\"lead text-white\">I distributori di elenchi online, quando ci inseriscono nell'elenco, possono collegarsi al nostro sito Web nello stesso modo in cui si collegano ai siti Web di altre aziende elencate; e le aziende accreditate a livello di sistema, ad eccezione delle organizzazioni senza scopo di lucro, dei centri commerciali di beneficenza e dei gruppi di raccolta fondi di beneficenza che non possono collegarsi al nostro sito Web.<\/p><p class=\"lead text-white\"><strong>Queste organizzazioni possono collegarsi alla nostra home page, alle pubblicazioni o ad altre informazioni del sito Web, purch\u00e9 il collegamento sia effettuato:<\/strong><\/p><p class=\"lead text-white\">(a) non \u00e8 in alcun modo fuorviante<\/p><p class=\"lead text-white\">(b) non implica falsamente la sponsorizzazione, l'avallo o l'approvazione del linkante e dei suoi prodotti o servizi<\/p><p class=\"lead text-white\">(c) si inserisce nel contesto del sito del linkante.<\/p><p class=\"lead text-white\"><strong>Approveremo le richieste di link da parte di queste organizzazioni se lo riterremo opportuno:<\/strong><\/p><p class=\"lead text-white\">(a) il link non si rifletta in modo sfavorevole su di noi o sulle nostre attivit\u00e0 accreditate (ad esempio, le associazioni di categoria o altre organizzazioni che rappresentano tipi di attivit\u00e0 intrinsecamente sospetti, come le opportunit\u00e0 di lavoro a casa, non possono essere autorizzate a collegarsi)<\/p><p class=\"lead text-white\">(b) L'organizzazione non ha precedenti insoddisfacenti con noi.<\/p><p class=\"lead text-white\">(c) Il beneficio per noi derivante dalla visibilit\u00e0 associata al collegamento ipertestuale supera l'assenza di<\/p><p class=\"lead text-white\">(d) Quando il link si inserisce nel contesto di informazioni generali sulle risorse o \u00e8 altrimenti coerente con il contenuto editoriale di una newsletter o di un prodotto simile che promuove la missione dell'organizzazione.<\/p><p class=\"lead text-white\">Queste organizzazioni possono collegarsi alla nostra home page, alle pubblicazioni o ad altre informazioni del sito Web, purch\u00e9 il collegamento sia effettuato:<\/p><p class=\"lead text-white\">(A) Non \u00e8 in alcun modo fuorviante;<\/p><p class=\"lead text-white\">(B) non implichi falsamente la sponsorizzazione, l'avallo o l'approvazione del linkante e dei suoi prodotti o servizi<\/p><p class=\"lead text-white\">(C) si inserisce nel contesto del sito del linkante<\/p><p class=\"lead text-white\">Se siete tra le organizzazioni elencate nel paragrafo 2 e siete interessati a collegarvi al nostro sito web, dovete comunicarcelo inviando un'e-mail a kalamata{at}eliterealestate.gr.<\/p><p class=\"lead text-white\">Vi preghiamo di includere il vostro nome, il nome della vostra organizzazione, le informazioni di contatto (come il numero di telefono e\/o l'indirizzo e-mail) e l'URL del vostro sito, un elenco di tutti gli URL da cui intendete collegarvi al nostro sito Web e un elenco degli URL del nostro sito a cui desiderate collegarvi.<\/p><p class=\"lead text-white\"><strong>Le organizzazioni autorizzate possono collegarsi al nostro sito web come segue:<\/strong><\/p><p class=\"lead text-white\">Con l'uso della nostra ragione sociale; o con l'uso del localizzatore uniforme di risorse (indirizzo Web) a cui si rimanda; o con l'uso di qualsiasi altra descrizione del nostro sito Web o del materiale a cui si rimanda che abbia senso nel contesto e nel formato del contenuto del sito della parte che rimanda.<\/p><p class=\"lead text-white\">Non sar\u00e0 consentito l'uso del logo o di altre immagini di ELITE Real Estate per il linking in assenza di un accordo di licenza del marchio.<\/p><p class=\"lead text-white\"><strong>Iframes<\/strong><\/p><p class=\"lead text-white\">Senza previa approvazione ed espressa autorizzazione scritta, non \u00e8 consentito creare cornici intorno alle nostre pagine Web o utilizzare altre tecniche che alterino in qualsiasi modo la presentazione visiva o l'aspetto del nostro sito Web.<\/p><p class=\"lead text-white\"><strong>riserva di diritti<\/strong><\/p><p class=\"lead text-white\">Ci riserviamo il diritto, in qualsiasi momento e a sua esclusiva discrezione, di richiedere la rimozione di tutti i link o di un particolare link al nostro sito web. L'utente si impegna a rimuovere immediatamente tutti i collegamenti al nostro sito Web in seguito a tale richiesta. Ci riserviamo inoltre il diritto di modificare i presenti termini e condizioni e la politica di collegamento in qualsiasi momento. Continuando a collegarsi al nostro sito Web, l'utente accetta di essere vincolato e di rispettare i presenti termini e condizioni di collegamento.<\/p><p class=\"lead text-white\"><strong>Rimozione di link dal nostro sito web<\/strong><\/p><p class=\"lead text-white\">Se ritenete che un link del nostro sito web o un sito web collegato sia discutibile per qualsiasi motivo, potete contattarci al riguardo. Prenderemo in considerazione le richieste di rimozione dei link, ma non avremo alcun obbligo di farlo o di rispondere direttamente all'utente.<\/p><p class=\"lead text-white\">Pur sforzandoci di garantire la correttezza delle informazioni contenute in questo sito web, non ne garantiamo la completezza o l'accuratezza, n\u00e9 ci impegniamo a garantire che il sito web rimanga disponibile o che il materiale in esso contenuto sia aggiornato.<\/p><p class=\"lead text-white\"><strong>responsabilit\u00e0 dei contenuti<\/strong><\/p><p class=\"lead text-white\">Noi non avremo alcuna responsabilit\u00e0 per i contenuti che appaiono sul vostro sito web. Accettate di indennizzarci e difenderci da tutte le richieste di risarcimento derivanti da o basate sul vostro sito web. Nessun link pu\u00f2 apparire su alcuna pagina del vostro sito web o all'interno di alcun contesto che contenga contenuti o materiali che possano essere interpretati come diffamatori, osceni o criminali, o che infrangano, violino in altro modo, o promuovano la violazione o altre violazioni di diritti di terzi.<\/p><p class=\"lead text-white\"><strong>Dichiarazione di non responsabilit\u00e0<\/strong><\/p><p class=\"lead text-white\">Nella misura massima consentita dalla legge applicabile, escludiamo tutte le dichiarazioni, le garanzie e le condizioni relative al nostro sito web e all'uso di questo sito web (incluse, senza limitazione, tutte le garanzie implicite per legge relative alla qualit\u00e0 soddisfacente, all'idoneit\u00e0 allo scopo e\/o all'uso di ragionevole cura e abilit\u00e0). Nulla di quanto contenuto nella presente clausola di esclusione della responsabilit\u00e0:<\/p><p class=\"lead text-white\">- limitare o escludere la nostra o la vostra responsabilit\u00e0 per morte o lesioni personali derivanti da negligenza;<\/p><p class=\"lead text-white\">- limitare o escludere la nostra o la vostra responsabilit\u00e0 per frode o falsa dichiarazione fraudolenta;<\/p><p class=\"lead text-white\">- limitare una qualsiasi delle nostre o vostre responsabilit\u00e0 in un modo che non sia consentito dalla legge applicabile; oppure<\/p><p class=\"lead text-white\">- Escludere qualsiasi responsabilit\u00e0 nostra o vostra che non possa essere esclusa ai sensi della legge applicabile.<\/p><p class=\"lead text-white\"><strong>Le limitazioni e le esclusioni di responsabilit\u00e0 indicate nella presente sezione e in altre parti della presente clausola di esclusione della responsabilit\u00e0:<\/strong><\/p><p class=\"lead text-white\">A. Sono soggetti al paragrafo precedente<\/p><p class=\"lead text-white\">B. disciplinare tutte le responsabilit\u00e0 derivanti dalla clausola di esclusione della responsabilit\u00e0 o in relazione all'oggetto della presente clausola di esclusione della responsabilit\u00e0, comprese le responsabilit\u00e0 derivanti da contratto, da illecito civile (compresa la negligenza) e da violazione di obblighi di legge. Nella misura in cui il sito web e le informazioni e i servizi presenti sul sito web sono forniti gratuitamente, non saremo responsabili per eventuali perdite o danni di qualsiasi natura.<\/p><p class=\"lead text-white\"><strong>Informazioni di credito e di contatto<\/strong><\/p><p class=\"lead text-white\">Questa pagina di termini e condizioni \u00e8 stata creata dal generatore termsandconditionstemplate.com. Per qualsiasi domanda relativa ai nostri termini, vi preghiamo di contattarci.<\/p>\t\t\t\t\t\t\t\t<\/div>\n\t\t\t\t<\/div>\n\t\t\t\t\t<\/div>\n\t\t<\/div>\n\t\t\t\t\t<\/div>\n\t\t<\/section>\n\t\t\t\t<\/div>","protected":false},"excerpt":{"rendered":"<p>Benvenuti a ELITE Real Estate Termini e condizioni Questi termini e condizioni delineano le regole e le norme per l'utilizzo del sito web di Elite Real Estate. Elite Real Estate si trova a: Amvrosiou frantzi 6, Kalamata, Messinia, Grecia. Accedendo a questo sito web si presume che accettiate pienamente questi termini e condizioni. Non continuate a ...<\/p>\n<p class=\"read-more\"> <a class=\"\" href=\"https:\/\/www.eliterealestate.gr\/it\/terms\/\"> <span class=\"screen-reader-text\">POLITICA DEI TERMINI E DELLE CONDIZIONI<\/span> Continua a leggere \"<\/a><\/p>","protected":false},"author":1,"featured_media":0,"parent":0,"menu_order":0,"comment_status":"closed","ping_status":"closed","template":"","meta":{"footnotes":""},"categories":[1],"tags":[],"location":[],"rentsale":[],"property_type":[],"class_list":["post-4019","page","type-page","status-publish","hentry","category-uncategorized"],"_links":{"self":[{"href":"https:\/\/www.eliterealestate.gr\/it\/wp-json\/wp\/v2\/pages\/4019","targetHints":{"allow":["GET"]}}],"collection":[{"href":"https:\/\/www.eliterealestate.gr\/it\/wp-json\/wp\/v2\/pages"}],"about":[{"href":"https:\/\/www.eliterealestate.gr\/it\/wp-json\/wp\/v2\/types\/page"}],"author":[{"embeddable":true,"href":"https:\/\/www.eliterealestate.gr\/it\/wp-json\/wp\/v2\/users\/1"}],"replies":[{"embeddable":true,"href":"https:\/\/www.eliterealestate.gr\/it\/wp-json\/wp\/v2\/comments?post=4019"}],"version-history":[{"count":0,"href":"https:\/\/www.eliterealestate.gr\/it\/wp-json\/wp\/v2\/pages\/4019\/revisions"}],"wp:attachment":[{"href":"https:\/\/www.eliterealestate.gr\/it\/wp-json\/wp\/v2\/media?parent=4019"}],"wp:term":[{"taxonomy":"category","embeddable":true,"href":"https:\/\/www.eliterealestate.gr\/it\/wp-json\/wp\/v2\/categories?post=4019"},{"taxonomy":"post_tag","embeddable":true,"href":"https:\/\/www.eliterealestate.gr\/it\/wp-json\/wp\/v2\/tags?post=4019"},{"taxonomy":"location","embeddable":true,"href":"https:\/\/www.eliterealestate.gr\/it\/wp-json\/wp\/v2\/location?post=4019"},{"taxonomy":"rentsale","embeddable":true,"href":"https:\/\/www.eliterealestate.gr\/it\/wp-json\/wp\/v2\/rentsale?post=4019"},{"taxonomy":"property_type","embeddable":true,"href":"https:\/\/www.eliterealestate.gr\/it\/wp-json\/wp\/v2\/property_type?post=4019"}],"curies":[{"name":"wp","href":"https:\/\/api.w.org\/{rel}","templated":true}]}}