{"id":32333,"date":"2025-03-13T19:53:46","date_gmt":"2025-03-13T17:53:46","guid":{"rendered":"https:\/\/www.eliterealestate.gr\/?page_id=32333"},"modified":"2025-03-21T11:57:55","modified_gmt":"2025-03-21T09:57:55","slug":"ti-einai-i-forma-ypodeiksis-akinitou","status":"publish","type":"page","link":"https:\/\/www.eliterealestate.gr\/it\/ti-einai-i-forma-ypodeiksis-akinitou\/","title":{"rendered":"Ordine di istruzione - Cos'\u00e8 e perch\u00e9 \u00e8 necessario compilarlo"},"content":{"rendered":"<div data-elementor-type=\"wp-page\" data-elementor-id=\"32333\" class=\"elementor elementor-32333\" data-elementor-post-type=\"page\">\n\t\t\t\t\t\t<section class=\"elementor-section elementor-top-section elementor-element elementor-element-68051f9 elementor-section-height-min-height elementor-section-items-stretch elementor-section-boxed elementor-section-height-default\" data-id=\"68051f9\" data-element_type=\"section\" data-e-type=\"section\" data-settings=\"{&quot;background_background&quot;:&quot;classic&quot;}\">\n\t\t\t\t\t\t\t<div class=\"elementor-background-overlay\"><\/div>\n\t\t\t\t\t\t\t<div class=\"elementor-container elementor-column-gap-default\">\n\t\t\t\t\t<div class=\"elementor-column elementor-col-100 elementor-top-column elementor-element elementor-element-4193c77\" data-id=\"4193c77\" data-element_type=\"column\" data-e-type=\"column\" data-settings=\"{&quot;background_background&quot;:&quot;classic&quot;}\">\n\t\t\t<div class=\"elementor-widget-wrap elementor-element-populated\">\n\t\t\t\t\t\t<div class=\"elementor-element elementor-element-be3a6da elementor-widget elementor-widget-heading\" data-id=\"be3a6da\" data-element_type=\"widget\" data-e-type=\"widget\" data-widget_type=\"heading.default\">\n\t\t\t\t<div class=\"elementor-widget-container\">\n\t\t\t\t\t<h1 class=\"elementor-heading-title elementor-size-default translation-block\">Che cos'\u00e8 e perch\u00e9 devo compilare l'<strong>avviso di propriet\u00e0<\/strong><\/h1>\t\t\t\t<\/div>\n\t\t\t\t<\/div>\n\t\t\t\t\t<\/div>\n\t\t<\/div>\n\t\t\t\t\t<\/div>\n\t\t<\/section>\n\t\t\t\t<section class=\"elementor-section elementor-top-section elementor-element elementor-element-e4f4102 animated-fast elementor-section-boxed elementor-section-height-default elementor-section-height-default elementor-invisible\" data-id=\"e4f4102\" data-element_type=\"section\" data-e-type=\"section\" data-settings=\"{&quot;animation&quot;:&quot;slideInUp&quot;,&quot;animation_delay&quot;:100}\">\n\t\t\t\t\t\t<div class=\"elementor-container elementor-column-gap-default\">\n\t\t\t\t\t<div class=\"elementor-column elementor-col-100 elementor-top-column elementor-element elementor-element-10019c1\" data-id=\"10019c1\" data-element_type=\"column\" data-e-type=\"column\">\n\t\t\t<div class=\"elementor-widget-wrap elementor-element-populated\">\n\t\t\t\t\t\t<div class=\"elementor-element elementor-element-3316c2f elementor-widget elementor-widget-heading\" data-id=\"3316c2f\" data-element_type=\"widget\" data-e-type=\"widget\" data-widget_type=\"heading.default\">\n\t\t\t\t<div class=\"elementor-widget-container\">\n\t\t\t\t\t<h2 class=\"elementor-heading-title elementor-size-default\">ORDINE DI INDICAZIONE DEI BENI IMMOBILI<\/h2>\t\t\t\t<\/div>\n\t\t\t\t<\/div>\n\t\t\t\t<div class=\"elementor-element elementor-element-33b4fd7 elementor-widget elementor-widget-heading\" data-id=\"33b4fd7\" data-element_type=\"widget\" data-e-type=\"widget\" data-widget_type=\"heading.default\">\n\t\t\t\t<div class=\"elementor-widget-container\">\n\t\t\t\t\t<h2 class=\"elementor-heading-title elementor-size-default\">Agenzia Immobiliare Elite Real Estate Kalamata<\/h2>\t\t\t\t<\/div>\n\t\t\t\t<\/div>\n\t\t\t\t<div class=\"elementor-element elementor-element-47062bc elementor-widget elementor-widget-text-editor\" data-id=\"47062bc\" data-element_type=\"widget\" data-e-type=\"widget\" data-widget_type=\"text-editor.default\">\n\t\t\t\t<div class=\"elementor-widget-container\">\n\t\t\t\t\t\t\t\t\t<p data-pm-slice=\"1 1 []\">Gentile cliente,<\/p><p>Prima di indicare un immobile (appartamento, casa o terreno), sia per l'acquisto che per l'affitto, il nostro ufficio segue la procedura prescritta di compilazione dell'\"Ordine di indicazione dell'immobile\". Questo documento \u00e8 particolarmente importante per voi e per noi per i seguenti motivi:<\/p><ol start=\"1\" data-spread=\"true\"><li><p><strong>Il testo sancisce l'ordine di priorit\u00e0:<\/strong> In caso di acquisto di un immobile, la firma dell'ordine di presentazione garantisce e conferma l'ordine in cui avete visitato l'immobile, proteggendo cos\u00ec i vostri diritti nei confronti di altre parti interessate.<\/p><\/li><li><p><strong>Trasparenza e informazione al proprietario:<\/strong> Il documento ci consente di informare il proprietario su quali clienti hanno visitato esattamente l'immobile, sull'ordine delle visite e sulle eventuali offerte fatte. Questo garantisce la trasparenza del processo.<\/p><\/li><li><p><strong>Un quadro chiaro dell'accordo finanziario:<\/strong> Tramite l'istruzione, siete informati in anticipo dell'importo o della percentuale della commissione di intermediazione corrispondente ai nostri servizi, in modo da sapere esattamente cosa pagherete se procedete all'acquisto o all'affitto.<\/p><\/li><li><p><strong>Protezione dei dati personali (GDPR):<\/strong> Il documento contiene informazioni sulla protezione dei vostri dati personali, nel pieno rispetto del regolamento GDPR. I vostri dati sono conservati esclusivamente per mostrarvi l'immobile e servirvi durante il processo.<\/p><\/li><li><p class=\"translation-block\"><strong>Evitare controversie future:<\/strong> registrare chiaramente i dettagli e i termini nell'ordine di mancia aiuta a evitare qualsiasi futuro disaccordo o malinteso sulla mancia e sulla transazione.<\/p><\/li><\/ol><p>Questa procedura si \u00e8 affermata a livello internazionale come il metodo pi\u00f9 affidabile ed equo per gestire le nomine immobiliari, garantendo sia i vostri interessi che il regolare svolgimento del processo.<\/p><p>Vi ringraziamo per la fiducia e siamo a vostra disposizione per qualsiasi chiarimento.<\/p><p>Cordiali saluti, <br \/>Elite Real Estate<\/p><p>\u00a0<\/p>\t\t\t\t\t\t\t\t<\/div>\n\t\t\t\t<\/div>\n\t\t\t\t\t<\/div>\n\t\t<\/div>\n\t\t\t\t\t<\/div>\n\t\t<\/section>\n\t\t\t\t<\/div>","protected":false},"excerpt":{"rendered":"<p>Cos'\u00e8 e perch\u00e9 devo compilare l'ordine di indicazione immobiliare ORDINE DI INDICAZIONE IMMOBILIARE Elite Real Estate Kalamata Agenzia Immobiliare Gentile Cliente, prima di ogni indicazione immobiliare (appartamento, casa o terreno), sia per l'acquisto che per l'affitto, il nostro ufficio segue la procedura prescritta di compilazione dell'ordine di indicazione immobiliare. Questo documento \u00e8 particolarmente importante ...<\/p>\n<p class=\"read-more\"> <a class=\"\" href=\"https:\/\/www.eliterealestate.gr\/it\/ti-einai-i-forma-ypodeiksis-akinitou\/\"> <span class=\"screen-reader-text\">Ordine di istruzione - Cos'\u00e8 e perch\u00e9 \u00e8 necessario compilarlo<\/span> Continua a leggere \"<\/a><\/p>","protected":false},"author":1,"featured_media":0,"parent":0,"menu_order":0,"comment_status":"closed","ping_status":"closed","template":"","meta":{"footnotes":""},"categories":[9],"tags":[],"location":[],"rentsale":[],"property_type":[],"class_list":["post-32333","page","type-page","status-publish","hentry","category-real-estate-blog"],"_links":{"self":[{"href":"https:\/\/www.eliterealestate.gr\/it\/wp-json\/wp\/v2\/pages\/32333","targetHints":{"allow":["GET"]}}],"collection":[{"href":"https:\/\/www.eliterealestate.gr\/it\/wp-json\/wp\/v2\/pages"}],"about":[{"href":"https:\/\/www.eliterealestate.gr\/it\/wp-json\/wp\/v2\/types\/page"}],"author":[{"embeddable":true,"href":"https:\/\/www.eliterealestate.gr\/it\/wp-json\/wp\/v2\/users\/1"}],"replies":[{"embeddable":true,"href":"https:\/\/www.eliterealestate.gr\/it\/wp-json\/wp\/v2\/comments?post=32333"}],"version-history":[{"count":0,"href":"https:\/\/www.eliterealestate.gr\/it\/wp-json\/wp\/v2\/pages\/32333\/revisions"}],"wp:attachment":[{"href":"https:\/\/www.eliterealestate.gr\/it\/wp-json\/wp\/v2\/media?parent=32333"}],"wp:term":[{"taxonomy":"category","embeddable":true,"href":"https:\/\/www.eliterealestate.gr\/it\/wp-json\/wp\/v2\/categories?post=32333"},{"taxonomy":"post_tag","embeddable":true,"href":"https:\/\/www.eliterealestate.gr\/it\/wp-json\/wp\/v2\/tags?post=32333"},{"taxonomy":"location","embeddable":true,"href":"https:\/\/www.eliterealestate.gr\/it\/wp-json\/wp\/v2\/location?post=32333"},{"taxonomy":"rentsale","embeddable":true,"href":"https:\/\/www.eliterealestate.gr\/it\/wp-json\/wp\/v2\/rentsale?post=32333"},{"taxonomy":"property_type","embeddable":true,"href":"https:\/\/www.eliterealestate.gr\/it\/wp-json\/wp\/v2\/property_type?post=32333"}],"curies":[{"name":"wp","href":"https:\/\/api.w.org\/{rel}","templated":true}]}}