{"id":24725,"date":"2024-01-15T11:46:47","date_gmt":"2024-01-15T09:46:47","guid":{"rendered":"https:\/\/www.eliterealestate.gr\/?page_id=24725"},"modified":"2024-01-19T09:21:04","modified_gmt":"2024-01-19T07:21:04","slug":"ypodeiksi","status":"publish","type":"page","link":"https:\/\/www.eliterealestate.gr\/it\/ypodeiksi\/","title":{"rendered":"Suggerimento della propriet\u00e0 - ELITE REAL ESTATE"},"content":{"rendered":"<div data-elementor-type=\"wp-page\" data-elementor-id=\"24725\" class=\"elementor elementor-24725\" data-elementor-post-type=\"page\">\n\t\t\t\t\t\t<section class=\"elementor-section elementor-top-section elementor-element elementor-element-8a04653 elementor-section-height-min-height elementor-section-items-stretch elementor-section-boxed elementor-section-height-default\" data-id=\"8a04653\" data-element_type=\"section\" data-e-type=\"section\" data-settings=\"{&quot;background_background&quot;:&quot;classic&quot;}\">\n\t\t\t\t\t\t\t<div class=\"elementor-background-overlay\"><\/div>\n\t\t\t\t\t\t\t<div class=\"elementor-container elementor-column-gap-default\">\n\t\t\t\t\t<div class=\"elementor-column elementor-col-100 elementor-top-column elementor-element elementor-element-27c941c\" data-id=\"27c941c\" data-element_type=\"column\" data-e-type=\"column\" data-settings=\"{&quot;background_background&quot;:&quot;classic&quot;}\">\n\t\t\t<div class=\"elementor-widget-wrap elementor-element-populated\">\n\t\t\t\t\t\t<div class=\"elementor-element elementor-element-44493fe elementor-widget elementor-widget-heading\" data-id=\"44493fe\" data-element_type=\"widget\" data-e-type=\"widget\" data-widget_type=\"heading.default\">\n\t\t\t\t<div class=\"elementor-widget-container\">\n\t\t\t\t\t<h3 class=\"elementor-heading-title elementor-size-default\">Elite Real Estate | Suggerimento immobiliare<\/h3>\t\t\t\t<\/div>\n\t\t\t\t<\/div>\n\t\t\t\t<div class=\"elementor-element elementor-element-c06d591 elementor-widget elementor-widget-heading\" data-id=\"c06d591\" data-element_type=\"widget\" data-e-type=\"widget\" data-widget_type=\"heading.default\">\n\t\t\t\t<div class=\"elementor-widget-container\">\n\t\t\t\t\t<h1 class=\"elementor-heading-title elementor-size-default\"><strong>Si prega di leggere le brevi risposte alle domande prima del processo di presentazione dell'immobile.<\/strong><br><\/h1>\t\t\t\t<\/div>\n\t\t\t\t<\/div>\n\t\t\t\t\t<\/div>\n\t\t<\/div>\n\t\t\t\t\t<\/div>\n\t\t<\/section>\n\t\t\t\t<section class=\"elementor-section elementor-top-section elementor-element elementor-element-c16ce7d elementor-section-boxed elementor-section-height-default elementor-section-height-default\" data-id=\"c16ce7d\" data-element_type=\"section\" data-e-type=\"section\">\n\t\t\t\t\t\t<div class=\"elementor-container elementor-column-gap-default\">\n\t\t\t\t\t<div class=\"elementor-column elementor-col-33 elementor-top-column elementor-element elementor-element-429e8f3\" data-id=\"429e8f3\" data-element_type=\"column\" data-e-type=\"column\">\n\t\t\t<div class=\"elementor-widget-wrap\">\n\t\t\t\t\t\t\t<\/div>\n\t\t<\/div>\n\t\t\t\t<div class=\"elementor-column elementor-col-33 elementor-top-column elementor-element elementor-element-745657f\" data-id=\"745657f\" data-element_type=\"column\" data-e-type=\"column\">\n\t\t\t<div class=\"elementor-widget-wrap elementor-element-populated\">\n\t\t\t\t\t\t<div class=\"elementor-element elementor-element-4d33458 elementor-widget elementor-widget-heading\" data-id=\"4d33458\" data-element_type=\"widget\" data-e-type=\"widget\" data-widget_type=\"heading.default\">\n\t\t\t\t<div class=\"elementor-widget-container\">\n\t\t\t\t\t<h2 class=\"elementor-heading-title elementor-size-default\">Avete appena fissato un appuntamento per visionare la vostra nuova propriet\u00e0 da acquistare o affittare! Di seguito troverete alcune domande e risposte che ci aiuteranno a lavorare meglio con voi e a comprendere il processo di suggerimento e di chiusura della trattativa.<\/h2>\t\t\t\t<\/div>\n\t\t\t\t<\/div>\n\t\t\t\t\t<\/div>\n\t\t<\/div>\n\t\t\t\t<div class=\"elementor-column elementor-col-33 elementor-top-column elementor-element elementor-element-45a91f8\" data-id=\"45a91f8\" data-element_type=\"column\" data-e-type=\"column\">\n\t\t\t<div class=\"elementor-widget-wrap\">\n\t\t\t\t\t\t\t<\/div>\n\t\t<\/div>\n\t\t\t\t\t<\/div>\n\t\t<\/section>\n\t\t\t\t<section class=\"elementor-section elementor-top-section elementor-element elementor-element-24ddb10 elementor-section-boxed elementor-section-height-default elementor-section-height-default\" data-id=\"24ddb10\" data-element_type=\"section\" data-e-type=\"section\">\n\t\t\t\t\t\t<div class=\"elementor-container elementor-column-gap-default\">\n\t\t\t\t\t<div class=\"elementor-column elementor-col-33 elementor-top-column elementor-element elementor-element-785c351\" data-id=\"785c351\" data-element_type=\"column\" data-e-type=\"column\">\n\t\t\t<div class=\"elementor-widget-wrap\">\n\t\t\t\t\t\t\t<\/div>\n\t\t<\/div>\n\t\t\t\t<div class=\"elementor-column elementor-col-33 elementor-top-column elementor-element elementor-element-5c8567e\" data-id=\"5c8567e\" data-element_type=\"column\" data-e-type=\"column\">\n\t\t\t<div class=\"elementor-widget-wrap elementor-element-populated\">\n\t\t\t\t\t\t<div class=\"elementor-element elementor-element-1feb0da elementor-widget elementor-widget-heading\" data-id=\"1feb0da\" data-element_type=\"widget\" data-e-type=\"widget\" data-widget_type=\"heading.default\">\n\t\t\t\t<div class=\"elementor-widget-container\">\n\t\t\t\t\t<h2 class=\"elementor-heading-title elementor-size-default\">F.A.Q.<\/h2>\t\t\t\t<\/div>\n\t\t\t\t<\/div>\n\t\t\t\t<div class=\"elementor-element elementor-element-ce37ecb elementor-widget elementor-widget-toggle\" data-id=\"ce37ecb\" data-element_type=\"widget\" data-e-type=\"widget\" data-widget_type=\"toggle.default\">\n\t\t\t\t<div class=\"elementor-widget-container\">\n\t\t\t\t\t\t\t<div class=\"elementor-toggle\">\n\t\t\t\t\t\t\t<div class=\"elementor-toggle-item\">\n\t\t\t\t\t<div id=\"elementor-tab-title-2161\" class=\"elementor-tab-title\" data-tab=\"1\" role=\"button\" aria-controls=\"elementor-tab-content-2161\" aria-expanded=\"false\">\n\t\t\t\t\t\t\t\t\t\t\t\t<span class=\"elementor-toggle-icon elementor-toggle-icon-left\" aria-hidden=\"true\">\n\t\t\t\t\t\t\t\t\t\t\t\t\t\t\t<span class=\"elementor-toggle-icon-closed\"><i class=\"fas fa-caret-right\"><\/i><\/span>\n\t\t\t\t\t\t\t\t<span class=\"elementor-toggle-icon-opened\"><i class=\"elementor-toggle-icon-opened fas fa-caret-up\"><\/i><\/span>\n\t\t\t\t\t\t\t\t\t\t\t\t\t<\/span>\n\t\t\t\t\t\t\t\t\t\t\t\t<a class=\"elementor-toggle-title\" tabindex=\"0\">Appuntamenti - Documenti d'identit\u00e0<\/a>\n\t\t\t\t\t<\/div>\n\n\t\t\t\t\t<div id=\"elementor-tab-content-2161\" class=\"elementor-tab-content elementor-clearfix\" data-tab=\"1\" role=\"region\" aria-labelledby=\"elementor-tab-title-2161\"><p>In tutti i suggerimenti \u00e8 necessario avere con s\u00e9 la <strong>la carta d'identit\u00e0 o il passaporto e conoscere il proprio numero di partita IVA<\/strong> e indicarlo al consulente prima di indicare la propriet\u00e0 al punto di incontro. Compilerete e firmerete l'ordine di puntamento.<\/p><p><em>(Per maggiori informazioni sul comando, consultare la prossima F.A.Q.).<\/em><\/p><\/div>\n\t\t\t\t<\/div>\n\t\t\t\t\t\t\t<div class=\"elementor-toggle-item\">\n\t\t\t\t\t<div id=\"elementor-tab-title-2162\" class=\"elementor-tab-title\" data-tab=\"2\" role=\"button\" aria-controls=\"elementor-tab-content-2162\" aria-expanded=\"false\">\n\t\t\t\t\t\t\t\t\t\t\t\t<span class=\"elementor-toggle-icon elementor-toggle-icon-left\" aria-hidden=\"true\">\n\t\t\t\t\t\t\t\t\t\t\t\t\t\t\t<span class=\"elementor-toggle-icon-closed\"><i class=\"fas fa-caret-right\"><\/i><\/span>\n\t\t\t\t\t\t\t\t<span class=\"elementor-toggle-icon-opened\"><i class=\"elementor-toggle-icon-opened fas fa-caret-up\"><\/i><\/span>\n\t\t\t\t\t\t\t\t\t\t\t\t\t<\/span>\n\t\t\t\t\t\t\t\t\t\t\t\t<a class=\"elementor-toggle-title\" tabindex=\"0\">Che cos'\u00e8 un ordine di suggerimento?<\/a>\n\t\t\t\t\t<\/div>\n\n\t\t\t\t\t<div id=\"elementor-tab-content-2162\" class=\"elementor-tab-content elementor-clearfix\" data-tab=\"2\" role=\"region\" aria-labelledby=\"elementor-tab-title-2162\"><ol><li>Prima di raccomandare un immobile, il consulente deve sapere a chi viene mostrato l'immobile. Ci sono molti casi di persone subdole che cercano di visionare gli immobili (immobili residenziali) con l'intenzione di conoscerne l'interno per i propri scopi... non vorreste nemmeno che persone che nessuno conosce entrassero nella vostra propriet\u00e0.<\/li><li>Inoltre, l'ordine di rinvio indica l'importo o la percentuale per i servizi di rinvio e di negoziazione dell'agenzia immobiliare nel caso in cui si chiuda l'immobile in vendita o in affitto e infine, cosa molto importante, vi d\u00e0 la priorit\u00e0 rispetto agli altri ordini per la chiusura dell'affare.<\/li><\/ol><p><em>\u00a0Una copia dell'ordine vi sar\u00e0 inviata con una foto al vostro indirizzo e-mail, Viber o Whats app dei dati forniti.<\/em><\/p><\/div>\n\t\t\t\t<\/div>\n\t\t\t\t\t\t\t<div class=\"elementor-toggle-item\">\n\t\t\t\t\t<div id=\"elementor-tab-title-2163\" class=\"elementor-tab-title\" data-tab=\"3\" role=\"button\" aria-controls=\"elementor-tab-content-2163\" aria-expanded=\"false\">\n\t\t\t\t\t\t\t\t\t\t\t\t<span class=\"elementor-toggle-icon elementor-toggle-icon-left\" aria-hidden=\"true\">\n\t\t\t\t\t\t\t\t\t\t\t\t\t\t\t<span class=\"elementor-toggle-icon-closed\"><i class=\"fas fa-caret-right\"><\/i><\/span>\n\t\t\t\t\t\t\t\t<span class=\"elementor-toggle-icon-opened\"><i class=\"elementor-toggle-icon-opened fas fa-caret-up\"><\/i><\/span>\n\t\t\t\t\t\t\t\t\t\t\t\t\t<\/span>\n\t\t\t\t\t\t\t\t\t\t\t\t<a class=\"elementor-toggle-title\" tabindex=\"0\">C'\u00e8 una tassa per la nomina di un immobile? <\/a>\n\t\t\t\t\t<\/div>\n\n\t\t\t\t\t<div id=\"elementor-tab-content-2163\" class=\"elementor-tab-content elementor-clearfix\" data-tab=\"3\" role=\"region\" aria-labelledby=\"elementor-tab-title-2163\"><p>No, solo se l'immobile viene affittato o acquistato.<\/p><\/div>\n\t\t\t\t<\/div>\n\t\t\t\t\t\t\t<div class=\"elementor-toggle-item\">\n\t\t\t\t\t<div id=\"elementor-tab-title-2164\" class=\"elementor-tab-title\" data-tab=\"4\" role=\"button\" aria-controls=\"elementor-tab-content-2164\" aria-expanded=\"false\">\n\t\t\t\t\t\t\t\t\t\t\t\t<span class=\"elementor-toggle-icon elementor-toggle-icon-left\" aria-hidden=\"true\">\n\t\t\t\t\t\t\t\t\t\t\t\t\t\t\t<span class=\"elementor-toggle-icon-closed\"><i class=\"fas fa-caret-right\"><\/i><\/span>\n\t\t\t\t\t\t\t\t<span class=\"elementor-toggle-icon-opened\"><i class=\"elementor-toggle-icon-opened fas fa-caret-up\"><\/i><\/span>\n\t\t\t\t\t\t\t\t\t\t\t\t\t<\/span>\n\t\t\t\t\t\t\t\t\t\t\t\t<a class=\"elementor-toggle-title\" tabindex=\"0\">Incontri - tempo <\/a>\n\t\t\t\t\t<\/div>\n\n\t\t\t\t\t<div id=\"elementor-tab-content-2164\" class=\"elementor-tab-content elementor-clearfix\" data-tab=\"4\" role=\"region\" aria-labelledby=\"elementor-tab-title-2164\"><div class=\"form-textarea resizable textarea-processed\"><div>Si prega di avere\u00a0<span class=\"googie_link\">Vedi<\/span>\u00a0Il\u00a0<span class=\"googie_link\">itinerario<\/span>\u00a0che dovrete seguire per essere puntuali all'appuntamento. Nel caso in cui sappiate\u00a0<span class=\"googie_link\">che<\/span>\u00a0si arriva in ritardo o si deve cancellare un appuntamento\u00a0<span class=\"googie_link\">fare<\/span>\u00a0il pi\u00f9 presto possibile.<\/div><\/div><\/div>\n\t\t\t\t<\/div>\n\t\t\t\t\t\t\t<div class=\"elementor-toggle-item\">\n\t\t\t\t\t<div id=\"elementor-tab-title-2165\" class=\"elementor-tab-title\" data-tab=\"5\" role=\"button\" aria-controls=\"elementor-tab-content-2165\" aria-expanded=\"false\">\n\t\t\t\t\t\t\t\t\t\t\t\t<span class=\"elementor-toggle-icon elementor-toggle-icon-left\" aria-hidden=\"true\">\n\t\t\t\t\t\t\t\t\t\t\t\t\t\t\t<span class=\"elementor-toggle-icon-closed\"><i class=\"fas fa-caret-right\"><\/i><\/span>\n\t\t\t\t\t\t\t\t<span class=\"elementor-toggle-icon-opened\"><i class=\"elementor-toggle-icon-opened fas fa-caret-up\"><\/i><\/span>\n\t\t\t\t\t\t\t\t\t\t\t\t\t<\/span>\n\t\t\t\t\t\t\t\t\t\t\t\t<a class=\"elementor-toggle-title\" tabindex=\"0\">Negoziazione - Chiusura<\/a>\n\t\t\t\t\t<\/div>\n\n\t\t\t\t\t<div id=\"elementor-tab-content-2165\" class=\"elementor-tab-content elementor-clearfix\" data-tab=\"5\" role=\"region\" aria-labelledby=\"elementor-tab-title-2165\"><div class=\"form-textarea resizable textarea-processed\"><div><div class=\"form-textarea resizable textarea-processed\"><div>Mi \u00e8 piaciuta la propriet\u00e0 e voglio\u00a0<span class=\"googie_link\">Entrare<\/span>\u00a0a\u00a0<span class=\"googie_link\">Processo<\/span> <span class=\"googie_link\">negoziazione<\/span> <span class=\"googie_link\">immediatamente<\/span>! Nel caso in cui vogliate fare un'offerta o una chiusura, vi preghiamo di farlo attraverso il vostro consulente. Molte volte una trattativa diretta con il proprietario pu\u00f2 non avere il risultato desiderato, poich\u00e9 non conosciamo le esigenze e gli obiettivi reciproci.<\/div><\/div><\/div><\/div><\/div>\n\t\t\t\t<\/div>\n\t\t\t\t\t\t\t\t<\/div>\n\t\t\t\t\t\t<\/div>\n\t\t\t\t<\/div>\n\t\t\t\t\t<\/div>\n\t\t<\/div>\n\t\t\t\t<div class=\"elementor-column elementor-col-33 elementor-top-column elementor-element elementor-element-3e97f8c\" data-id=\"3e97f8c\" data-element_type=\"column\" data-e-type=\"column\">\n\t\t\t<div class=\"elementor-widget-wrap\">\n\t\t\t\t\t\t\t<\/div>\n\t\t<\/div>\n\t\t\t\t\t<\/div>\n\t\t<\/section>\n\t\t\t\t<section class=\"elementor-section elementor-top-section elementor-element elementor-element-1f2bd62 elementor-section-boxed elementor-section-height-default elementor-section-height-default\" data-id=\"1f2bd62\" data-element_type=\"section\" data-e-type=\"section\">\n\t\t\t\t\t\t<div class=\"elementor-container elementor-column-gap-default\">\n\t\t\t\t\t<div class=\"elementor-column elementor-col-33 elementor-top-column elementor-element elementor-element-459e432\" data-id=\"459e432\" data-element_type=\"column\" data-e-type=\"column\">\n\t\t\t<div class=\"elementor-widget-wrap\">\n\t\t\t\t\t\t\t<\/div>\n\t\t<\/div>\n\t\t\t\t<div class=\"elementor-column elementor-col-33 elementor-top-column elementor-element elementor-element-7db42b2\" data-id=\"7db42b2\" data-element_type=\"column\" data-e-type=\"column\">\n\t\t\t<div class=\"elementor-widget-wrap elementor-element-populated\">\n\t\t\t\t\t\t<div class=\"elementor-element elementor-element-3f8c62a elementor-widget elementor-widget-heading\" data-id=\"3f8c62a\" data-element_type=\"widget\" data-e-type=\"widget\" data-widget_type=\"heading.default\">\n\t\t\t\t<div class=\"elementor-widget-container\">\n\t\t\t\t\t<h2 class=\"elementor-heading-title elementor-size-default\">Non dimenticate che i consulenti immobiliari di ELITE hanno l'esperienza e la formazione necessarie per ogni trattativa, al fine di condurvi al risultato desiderato.<\/h2>\t\t\t\t<\/div>\n\t\t\t\t<\/div>\n\t\t\t\t\t<\/div>\n\t\t<\/div>\n\t\t\t\t<div class=\"elementor-column elementor-col-33 elementor-top-column elementor-element elementor-element-b685625\" data-id=\"b685625\" data-element_type=\"column\" data-e-type=\"column\">\n\t\t\t<div class=\"elementor-widget-wrap\">\n\t\t\t\t\t\t\t<\/div>\n\t\t<\/div>\n\t\t\t\t\t<\/div>\n\t\t<\/section>\n\t\t\t\t<\/div>","protected":false},"excerpt":{"rendered":"<p>Elite Real Estate | \u03a5\u03c0\u03cc\u03b4\u03b5\u03b9\u03be\u03b7 \u0391\u03ba\u03b9\u03bd\u03ae\u03c4\u03bf\u03c5 \u03a0\u03b1\u03c1\u03b1\u03ba\u03b1\u03bb\u03ce \u03b4\u03b9\u03b1\u03b2\u03ac\u03c3\u03c4\u03b5 \u03c3\u03cd\u03bd\u03c4\u03bf\u03bc\u03b5\u03c2 \u03b1\u03c0\u03b1\u03bd\u03c4\u03ae\u03c3\u03b5\u03b9\u03c2 \u03c3\u03b5 \u03b5\u03c1\u03c9\u03c4\u03ae\u03c3\u03b5\u03b9\u03c2 \u03c0\u03c1\u03b9\u03bd \u03c4\u03b7\u03bd \u03b4\u03b9\u03b1\u03b4\u03b9\u03ba\u03b1\u03c3\u03af\u03b1 \u03c5\u03c0\u03cc\u03b4\u03b5\u03b9\u03be\u03b7\u03c2 \u03b1\u03ba\u03b9\u03bd\u03ae\u03c4\u03bf\u03c5 \u039c\u03cc\u03bb\u03b9\u03c2 \u03ba\u03bb\u03b5\u03af\u03c3\u03b1\u03c4\u03b5 \u03c1\u03b1\u03bd\u03c4\u03b5\u03b2\u03bf\u03cd \u03b3\u03b9\u03b1 \u03bd\u03b1 \u03b4\u03b5\u03af\u03c4\u03b5 \u03c4\u03bf \u03bd\u03ad\u03bf \u03c3\u03b1\u03c2 \u03b1\u03ba\u03af\u03bd\u03b7\u03c4\u03bf \u03c0\u03c1\u03bf\u03c2 \u03b1\u03b3\u03bf\u03c1\u03ac \u03ae \u03b5\u03bd\u03bf\u03b9\u03ba\u03af\u03b1\u03c3\u03b7! \u03a0\u03b1\u03c1\u03b1\u03ba\u03ac\u03c4\u03c9 \u03bc\u03b5\u03c1\u03b9\u03ba\u03ad\u03c2 \u03b5\u03c1\u03c9\u03c4\u03ae\u03c3\u03b5\u03b9\u03c2 \u03ba\u03b1\u03b9 \u03b1\u03c0\u03b1\u03bd\u03c4\u03ae\u03c3\u03b5\u03b9\u03c2 \u03b3\u03b9\u03b1 \u03c4\u03b7\u03bd \u03ba\u03b1\u03bb\u03cd\u03c4\u03b5\u03c1\u03b7 \u03c3\u03c5\u03bd\u03b5\u03c1\u03b3\u03b1\u03c3\u03af\u03b1 \u03bc\u03b1\u03c2 \u03ba\u03b1\u03b9 \u03ba\u03b1\u03c4\u03b1\u03bd\u03cc\u03b7\u03c3\u03b7 \u03c4\u03b7\u03c2 \u03b4\u03b9\u03b1\u03b4\u03b9\u03ba\u03b1\u03c3\u03af\u03b1\u03c2 \u03c5\u03c0\u03cc\u03b4\u03b5\u03b9\u03be\u03b7\u03c2 \u03ba\u03b1\u03b9 \u03b4\u03b9\u03b1\u03c0\u03c1\u03b1\u03b3\u03bc\u03ac\u03c4\u03b5\u03c5\u03c3\u03b7\u03c2 \u03ba\u03bb\u03b5\u03b9\u03c3\u03af\u03bc\u03b1\u03c4\u03bf\u03c2. F.A.Q \u03a1\u03b1\u03bd\u03c4\u03b5\u03b2\u03bf\u03cd &#8211; \u0388\u03b3\u03b3\u03c1\u03b1\u03c6\u03b1 \u03c4\u03b1\u03c5\u03c4\u03bf\u03c0\u03c1\u03bf\u03c3\u03c9\u03c0\u03af\u03b1\u03c2 \u03a3\u03b5 &hellip;<\/p>\n<p class=\"read-more\"> <a class=\"\" href=\"https:\/\/www.eliterealestate.gr\/it\/ypodeiksi\/\"> <span class=\"screen-reader-text\">Suggerimento della propriet\u00e0 - ELITE REAL ESTATE<\/span> Continua a leggere \"<\/a><\/p>","protected":false},"author":1,"featured_media":6048,"parent":0,"menu_order":0,"comment_status":"closed","ping_status":"closed","template":"","meta":{"footnotes":""},"categories":[],"tags":[456,455],"location":[],"rentsale":[],"property_type":[],"class_list":["post-24725","page","type-page","status-publish","has-post-thumbnail","hentry","tag-456","tag-455"],"_links":{"self":[{"href":"https:\/\/www.eliterealestate.gr\/it\/wp-json\/wp\/v2\/pages\/24725","targetHints":{"allow":["GET"]}}],"collection":[{"href":"https:\/\/www.eliterealestate.gr\/it\/wp-json\/wp\/v2\/pages"}],"about":[{"href":"https:\/\/www.eliterealestate.gr\/it\/wp-json\/wp\/v2\/types\/page"}],"author":[{"embeddable":true,"href":"https:\/\/www.eliterealestate.gr\/it\/wp-json\/wp\/v2\/users\/1"}],"replies":[{"embeddable":true,"href":"https:\/\/www.eliterealestate.gr\/it\/wp-json\/wp\/v2\/comments?post=24725"}],"version-history":[{"count":0,"href":"https:\/\/www.eliterealestate.gr\/it\/wp-json\/wp\/v2\/pages\/24725\/revisions"}],"wp:featuredmedia":[{"embeddable":true,"href":"https:\/\/www.eliterealestate.gr\/it\/wp-json\/wp\/v2\/media\/6048"}],"wp:attachment":[{"href":"https:\/\/www.eliterealestate.gr\/it\/wp-json\/wp\/v2\/media?parent=24725"}],"wp:term":[{"taxonomy":"category","embeddable":true,"href":"https:\/\/www.eliterealestate.gr\/it\/wp-json\/wp\/v2\/categories?post=24725"},{"taxonomy":"post_tag","embeddable":true,"href":"https:\/\/www.eliterealestate.gr\/it\/wp-json\/wp\/v2\/tags?post=24725"},{"taxonomy":"location","embeddable":true,"href":"https:\/\/www.eliterealestate.gr\/it\/wp-json\/wp\/v2\/location?post=24725"},{"taxonomy":"rentsale","embeddable":true,"href":"https:\/\/www.eliterealestate.gr\/it\/wp-json\/wp\/v2\/rentsale?post=24725"},{"taxonomy":"property_type","embeddable":true,"href":"https:\/\/www.eliterealestate.gr\/it\/wp-json\/wp\/v2\/property_type?post=24725"}],"curies":[{"name":"wp","href":"https:\/\/api.w.org\/{rel}","templated":true}]}}