{"id":8970,"date":"2022-04-03T06:42:43","date_gmt":"2022-04-03T06:42:43","guid":{"rendered":"https:\/\/www.eliterealestate.gr\/?page_id=8970"},"modified":"2022-12-01T18:30:36","modified_gmt":"2022-12-01T16:30:36","slug":"press","status":"publish","type":"page","link":"https:\/\/www.eliterealestate.gr\/fr\/press\/","title":{"rendered":"Presse"},"content":{"rendered":"<div data-elementor-type=\"wp-page\" data-elementor-id=\"8970\" class=\"elementor elementor-8970\" data-elementor-post-type=\"page\">\n\t\t\t\t\t\t<section class=\"elementor-section elementor-top-section elementor-element elementor-element-a394810 elementor-section-height-min-height elementor-section-items-stretch elementor-section-content-bottom elementor-section-boxed elementor-section-height-default\" data-id=\"a394810\" data-element_type=\"section\" data-e-type=\"section\">\n\t\t\t\t\t\t<div class=\"elementor-container elementor-column-gap-no\">\n\t\t\t\t\t<div class=\"elementor-column elementor-col-50 elementor-top-column elementor-element elementor-element-3fea49c\" data-id=\"3fea49c\" data-element_type=\"column\" data-e-type=\"column\" data-settings=\"{&quot;background_background&quot;:&quot;classic&quot;}\">\n\t\t\t<div class=\"elementor-widget-wrap elementor-element-populated\">\n\t\t\t\t\t\t<div class=\"elementor-element elementor-element-bb94bc4 elementor-widget elementor-widget-heading\" data-id=\"bb94bc4\" data-element_type=\"widget\" data-e-type=\"widget\" data-widget_type=\"heading.default\">\n\t\t\t\t<div class=\"elementor-widget-container\">\n\t\t\t\t\t<h3 class=\"elementor-heading-title elementor-size-default\">Presse<\/h3>\t\t\t\t<\/div>\n\t\t\t\t<\/div>\n\t\t\t\t<div class=\"elementor-element elementor-element-06bb130 elementor-widget elementor-widget-heading\" data-id=\"06bb130\" data-element_type=\"widget\" data-e-type=\"widget\" data-widget_type=\"heading.default\">\n\t\t\t\t<div class=\"elementor-widget-container\">\n\t\t\t\t\t<h6 class=\"elementor-heading-title elementor-size-default\">R\u00e9sultats des statistiques de Mess\u00e9nie.<br> Donn\u00e9es d'enqu\u00eate agr\u00e9g\u00e9es <br>IMMOBILIER D'\u00c9LITE<\/h6>\t\t\t\t<\/div>\n\t\t\t\t<\/div>\n\t\t\t\t\t<\/div>\n\t\t<\/div>\n\t\t\t\t<div class=\"elementor-column elementor-col-25 elementor-top-column elementor-element elementor-element-f155ba9\" data-id=\"f155ba9\" data-element_type=\"column\" data-e-type=\"column\">\n\t\t\t<div class=\"elementor-widget-wrap elementor-element-populated\">\n\t\t\t\t\t\t<div class=\"elementor-element elementor-element-51fcdf4 elementor-widget elementor-widget-image\" data-id=\"51fcdf4\" data-element_type=\"widget\" data-e-type=\"widget\" data-widget_type=\"image.default\">\n\t\t\t\t<div class=\"elementor-widget-container\">\n\t\t\t\t\t\t\t\t\t\t\t\t\t\t\t<img fetchpriority=\"high\" decoding=\"async\" width=\"798\" height=\"576\" src=\"https:\/\/www.eliterealestate.gr\/wp-content\/uploads\/2021\/12\/Home_Interior_Design-What_We_Do_Pic.jpeg\" class=\"attachment-full size-full wp-image-6051\" alt=\"1_Home_Interior_Design-Instagram_Fil\" srcset=\"https:\/\/www.eliterealestate.gr\/wp-content\/uploads\/2021\/12\/Home_Interior_Design-What_We_Do_Pic.jpeg 798w, https:\/\/www.eliterealestate.gr\/wp-content\/uploads\/2021\/12\/Home_Interior_Design-What_We_Do_Pic-300x217.jpeg 300w, https:\/\/www.eliterealestate.gr\/wp-content\/uploads\/2021\/12\/Home_Interior_Design-What_We_Do_Pic-768x554.jpeg 768w, https:\/\/www.eliterealestate.gr\/wp-content\/uploads\/2021\/12\/Home_Interior_Design-What_We_Do_Pic-18x12.jpeg 18w\" sizes=\"(max-width: 798px) 100vw, 798px\" title=\"\">\t\t\t\t\t\t\t\t\t\t\t\t\t\t\t<\/div>\n\t\t\t\t<\/div>\n\t\t\t\t\t<\/div>\n\t\t<\/div>\n\t\t\t\t<div class=\"elementor-column elementor-col-25 elementor-top-column elementor-element elementor-element-3792cd2\" data-id=\"3792cd2\" data-element_type=\"column\" data-e-type=\"column\">\n\t\t\t<div class=\"elementor-widget-wrap elementor-element-populated\">\n\t\t\t\t\t\t<div class=\"elementor-element elementor-element-dc369b7 elementor-widget-mobile__width-initial animated-slow elementor-widget-tablet__width-initial elementor-invisible elementor-widget elementor-widget-spacer\" data-id=\"dc369b7\" data-element_type=\"widget\" data-e-type=\"widget\" data-settings=\"{&quot;_animation&quot;:&quot;fadeInRight&quot;}\" data-widget_type=\"spacer.default\">\n\t\t\t\t<div class=\"elementor-widget-container\">\n\t\t\t\t\t\t\t<div class=\"elementor-spacer\">\n\t\t\t<div class=\"elementor-spacer-inner\"><\/div>\n\t\t<\/div>\n\t\t\t\t\t\t<\/div>\n\t\t\t\t<\/div>\n\t\t\t\t\t<\/div>\n\t\t<\/div>\n\t\t\t\t\t<\/div>\n\t\t<\/section>\n\t\t\t\t<section class=\"elementor-section elementor-top-section elementor-element elementor-element-72fc27c elementor-section-boxed elementor-section-height-default elementor-section-height-default\" data-id=\"72fc27c\" data-element_type=\"section\" data-e-type=\"section\">\n\t\t\t\t\t\t<div class=\"elementor-container elementor-column-gap-default\">\n\t\t\t\t\t<div class=\"elementor-column elementor-col-100 elementor-top-column elementor-element elementor-element-973e8d6\" data-id=\"973e8d6\" data-element_type=\"column\" data-e-type=\"column\">\n\t\t\t<div class=\"elementor-widget-wrap elementor-element-populated\">\n\t\t\t\t\t\t<div class=\"elementor-element elementor-element-65ee310 ee-grid-columns-3 ee-grid-columns-tablet-2 ee-grid-columns-mobile-1 ee-grid-align--stretch ee-grid-halign--left ee-posts-align-top ee-posts-avatar-position-left elementor-widget elementor-widget-posts-extra\" data-id=\"65ee310\" data-element_type=\"widget\" data-e-type=\"widget\" data-settings=\"{&quot;columns&quot;:&quot;3&quot;,&quot;columns_tablet&quot;:&quot;2&quot;,&quot;columns_mobile&quot;:&quot;1&quot;,&quot;classic_layout&quot;:&quot;default&quot;,&quot;classic_grid_columns_spacing&quot;:{&quot;unit&quot;:&quot;px&quot;,&quot;size&quot;:24,&quot;sizes&quot;:[]},&quot;classic_grid_columns_spacing_tablet&quot;:{&quot;unit&quot;:&quot;px&quot;,&quot;size&quot;:12,&quot;sizes&quot;:[]},&quot;classic_grid_columns_spacing_mobile&quot;:{&quot;unit&quot;:&quot;px&quot;,&quot;size&quot;:0,&quot;sizes&quot;:[]}}\" data-widget_type=\"posts-extra.classic\">\n\t\t\t\t<div class=\"elementor-widget-container\">\n\t\t\t\t\t<div class=\"ee-grid ee-loop ee-grid--default\"><div class=\"ee-grid__item--sizer\"><\/div><div class=\"ee-grid__item ee-loop__item\"><article class=\"ee-post post-8981 post type-post status-publish format-standard has-post-thumbnail hentry category-press\"><a class=\"ee-media ee-post__media ee-post__media--content\" href=\"https:\/\/www.eliterealestate.gr\/fr\/poliseis-katoikion-2-2021\/\"><div class=\"ee-post__media__thumbnail ee-media__thumbnail\"><img decoding=\"async\" width=\"768\" height=\"575\" src=\"https:\/\/www.eliterealestate.gr\/wp-content\/uploads\/2021\/12\/Home_Interior_Design-Testimonials_Pic-768x575.jpeg\" class=\"attachment-medium_large size-medium_large wp-image-6069\" alt=\"1_Home_Interior_Design-Instagram_Fil\" title=\"\" srcset=\"https:\/\/www.eliterealestate.gr\/wp-content\/uploads\/2021\/12\/Home_Interior_Design-Testimonials_Pic-768x575.jpeg 768w, https:\/\/www.eliterealestate.gr\/wp-content\/uploads\/2021\/12\/Home_Interior_Design-Testimonials_Pic-300x225.jpeg 300w, https:\/\/www.eliterealestate.gr\/wp-content\/uploads\/2021\/12\/Home_Interior_Design-Testimonials_Pic-16x12.jpeg 16w, https:\/\/www.eliterealestate.gr\/wp-content\/uploads\/2021\/12\/Home_Interior_Design-Testimonials_Pic.jpeg 941w\" sizes=\"(max-width: 768px) 100vw, 768px\" \/><\/div><div class=\"ee-post__media__overlay ee-media__overlay\"><\/div><div class=\"ee-media__content ee-post__media__content ee-post__area\">\t\t<ul class=\"ee-post__terms\">\n\n\t\t\t\n\t\t\t\n\t\t\t\t<li class=\"ee-post__terms__term ee-term ee-term--press\">\n\t\t\t\t\t<span class=\"ee-post__terms__link ee-term__link\">\n\t\t\t\t\t\tPresse\t\t\t\t\t<\/span><span class=\"ee-post__terms__separator\">-<\/span>\t\t\t\t<\/li>\n\n\t\t\t\t\t<\/ul>\n\t\t<\/div><!-- .ee-post__media__content --><\/a><!-- .ee-post__media --><div class=\"ee-post__body ee-post__area\"><a href=\"https:\/\/www.eliterealestate.gr\/fr\/poliseis-katoikion-2-2021\/\" class=\"ee-post__title\">\n\t\t\t<h2 class=\"ee-post__title__heading\">VENTES DE LOGEMENTS MUNICIPALIT\u00c9 DE KALAMATA B SEMESTRE 2021<\/h2>\n\t\t<\/a><div class=\"ee-post__excerpt\">Statistiques des ventes r\u00e9sidentielles pour le second semestre 2021. Au total, au cours du second semestre 2021, 44 maisons ont \u00e9t\u00e9 vendues dans la municipalit\u00e9 de Kalamata. Du...<\/div><\/div><!-- .ee-post__body --><div class=\"ee-post__footer ee-post__area\"><div class=\"ee-post__metas ee-post__metas--has-avatar ee-post__metas--has-metas\"><div class=\"ee-post__metas__avatar ee-post__meta--avatar\">\n\t\t\t\t\t\t\t<img decoding=\"async\" alt=\"l&#039;administration\" src=\"https:\/\/www.eliterealestate.gr\/wp-content\/uploads\/2021\/12\/ELITE_REAL_ESTATE_PROFILE-64x64.jpg\" srcset=\"https:\/\/www.eliterealestate.gr\/wp-content\/uploads\/2021\/12\/ELITE_REAL_ESTATE_PROFILE-128x128.jpg 2x\" class=\"avatar avatar-64 photo ee-post__metas__avatar__image\" height=\"64\" width=\"64\" title=\"\">\t\t\t\t\t<\/div><ul class=\"ee-post__metas__list display--\"><li class=\"ee-post__meta ee-post__meta--date ee-post__metas__date\"> avril 3, 2022 8:29 am<span class=\"ee-post__meta__separator\">-<\/span><\/li><\/ul><\/div><\/div><!-- .ee-post__footer --><\/article><!-- .ee-post --><\/div><!-- .ee-loop__item --><div class=\"ee-grid__item ee-loop__item\"><article class=\"ee-post post-9071 post type-post status-publish format-standard has-post-thumbnail hentry category-press\"><a class=\"ee-media ee-post__media ee-post__media--content\" href=\"https:\/\/www.eliterealestate.gr\/fr\/%ce%bd%ce%bf%ce%bc%cf%8c%cf%82-%ce%bc%ce%b5%cf%83%cf%83%ce%b7%ce%bd%ce%af%ce%b1%cf%82-%ce%bc%ce%ad%cf%83%ce%b5%cf%82-%cf%84%ce%b9%ce%bc%ce%ad%cf%82-%cf%80%cf%81%ce%bf%cf%83%cf%86%ce%bf%cf%81%ce%ac\/\"><div class=\"ee-post__media__thumbnail ee-media__thumbnail\"><img loading=\"lazy\" decoding=\"async\" width=\"768\" height=\"673\" src=\"https:\/\/www.eliterealestate.gr\/wp-content\/uploads\/2020\/12\/eliterealestate_copyright-768x673.png\" class=\"attachment-medium_large size-medium_large wp-image-851\" alt=\"\" title=\"\" srcset=\"https:\/\/www.eliterealestate.gr\/wp-content\/uploads\/2020\/12\/eliterealestate_copyright-768x673.png 768w, https:\/\/www.eliterealestate.gr\/wp-content\/uploads\/2020\/12\/eliterealestate_copyright-300x263.png 300w, https:\/\/www.eliterealestate.gr\/wp-content\/uploads\/2020\/12\/eliterealestate_copyright-14x12.png 14w, https:\/\/www.eliterealestate.gr\/wp-content\/uploads\/2020\/12\/eliterealestate_copyright.png 800w\" sizes=\"(max-width: 768px) 100vw, 768px\" \/><\/div><div class=\"ee-post__media__overlay ee-media__overlay\"><\/div><div class=\"ee-media__content ee-post__media__content ee-post__area\">\t\t<ul class=\"ee-post__terms\">\n\n\t\t\t\n\t\t\t\n\t\t\t\t<li class=\"ee-post__terms__term ee-term ee-term--press\">\n\t\t\t\t\t<span class=\"ee-post__terms__link ee-term__link\">\n\t\t\t\t\t\tPresse\t\t\t\t\t<\/span><span class=\"ee-post__terms__separator\">-<\/span>\t\t\t\t<\/li>\n\n\t\t\t\t\t<\/ul>\n\t\t<\/div><!-- .ee-post__media__content --><\/a><!-- .ee-post__media --><div class=\"ee-post__body ee-post__area\"><a href=\"https:\/\/www.eliterealestate.gr\/fr\/%ce%bd%ce%bf%ce%bc%cf%8c%cf%82-%ce%bc%ce%b5%cf%83%cf%83%ce%b7%ce%bd%ce%af%ce%b1%cf%82-%ce%bc%ce%ad%cf%83%ce%b5%cf%82-%cf%84%ce%b9%ce%bc%ce%ad%cf%82-%cf%80%cf%81%ce%bf%cf%83%cf%86%ce%bf%cf%81%ce%ac\/\" class=\"ee-post__title\">\n\t\t\t<h2 class=\"ee-post__title__heading\">PR\u00c9FECTURE DE MESSINIA | PRIX MOYENS DES OFFRES DE BIENS IMMOBILIERS R\u00c9SIDENTIELS<\/h2>\n\t\t<\/a><div class=\"ee-post__excerpt\">Pr\u00e9fecture T1 2022 (\u20ac\/m\u00b2) T1 2021 (\u20ac\/m\u00b2) Variation % Messinia 1.333 1.299 2,70% Messinia Pr\u00e9fecture | Prix moyens de l'offre de logements<\/div><\/div><!-- .ee-post__body --><div class=\"ee-post__footer ee-post__area\"><div class=\"ee-post__metas ee-post__metas--has-avatar ee-post__metas--has-metas\"><div class=\"ee-post__metas__avatar ee-post__meta--avatar\">\n\t\t\t\t\t\t\t<img decoding=\"async\" alt=\"l&#039;administration\" src=\"https:\/\/www.eliterealestate.gr\/wp-content\/uploads\/2021\/12\/ELITE_REAL_ESTATE_PROFILE-64x64.jpg\" srcset=\"https:\/\/www.eliterealestate.gr\/wp-content\/uploads\/2021\/12\/ELITE_REAL_ESTATE_PROFILE-128x128.jpg 2x\" class=\"avatar avatar-64 photo ee-post__metas__avatar__image\" height=\"64\" width=\"64\" title=\"\">\t\t\t\t\t<\/div><ul class=\"ee-post__metas__list display--\"><li class=\"ee-post__meta ee-post__meta--date ee-post__metas__date\"> 2 avril 2022 13h00<span class=\"ee-post__meta__separator\">-<\/span><\/li><\/ul><\/div><\/div><!-- .ee-post__footer --><\/article><!-- .ee-post --><\/div><!-- .ee-loop__item --><\/div><!-- .ee-loop -->\t\t\t\t<\/div>\n\t\t\t\t<\/div>\n\t\t\t\t\t<\/div>\n\t\t<\/div>\n\t\t\t\t\t<\/div>\n\t\t<\/section>\n\t\t\t\t<\/div>","protected":false},"excerpt":{"rendered":"<p>Presse Messinia Statistics Results. ELITE REAL ESTATE Press - VENTES DE MAISONS MUNICIPALIT\u00c9 DE CALAMATAS 2o (6MONTHS).2021 Statistiques des ventes de transfert de propri\u00e9t\u00e9 r\u00e9sidentielle pour le 2e semestre 2021. Au total, au cours du 2e semestre 2021, il y a eu 44 ventes de maisons dans la municipalit\u00e9 de Kalamata. De ... 3 avril 2022 8:29 am- Press - MESCINIA COUNTY | PRIX MOYENS ...<\/p>\n<p class=\"read-more\"> <a class=\"\" href=\"https:\/\/www.eliterealestate.gr\/fr\/%ce%bd%ce%bf%ce%bc%cf%8c%cf%82-%ce%bc%ce%b5%cf%83%cf%83%ce%b7%ce%bd%ce%af%ce%b1%cf%82-%ce%bc%ce%ad%cf%83%ce%b5%cf%82-%cf%84%ce%b9%ce%bc%ce%ad%cf%82-%cf%80%cf%81%ce%bf%cf%83%cf%86%ce%bf%cf%81%ce%ac\/\"> <span class=\"screen-reader-text\">PR\u00c9FECTURE DE MESSINIA | PRIX MOYENS DES OFFRES DE BIENS IMMOBILIERS R\u00c9SIDENTIELS<\/span> Lire plus \"<\/a><\/p>","protected":false},"author":1,"featured_media":0,"parent":0,"menu_order":0,"comment_status":"closed","ping_status":"closed","template":"elementor_header_footer","meta":{"footnotes":""},"categories":[],"tags":[],"location":[],"rentsale":[],"property_type":[],"class_list":["post-8970","page","type-page","status-publish","hentry"],"_links":{"self":[{"href":"https:\/\/www.eliterealestate.gr\/fr\/wp-json\/wp\/v2\/pages\/8970","targetHints":{"allow":["GET"]}}],"collection":[{"href":"https:\/\/www.eliterealestate.gr\/fr\/wp-json\/wp\/v2\/pages"}],"about":[{"href":"https:\/\/www.eliterealestate.gr\/fr\/wp-json\/wp\/v2\/types\/page"}],"author":[{"embeddable":true,"href":"https:\/\/www.eliterealestate.gr\/fr\/wp-json\/wp\/v2\/users\/1"}],"replies":[{"embeddable":true,"href":"https:\/\/www.eliterealestate.gr\/fr\/wp-json\/wp\/v2\/comments?post=8970"}],"version-history":[{"count":0,"href":"https:\/\/www.eliterealestate.gr\/fr\/wp-json\/wp\/v2\/pages\/8970\/revisions"}],"wp:attachment":[{"href":"https:\/\/www.eliterealestate.gr\/fr\/wp-json\/wp\/v2\/media?parent=8970"}],"wp:term":[{"taxonomy":"category","embeddable":true,"href":"https:\/\/www.eliterealestate.gr\/fr\/wp-json\/wp\/v2\/categories?post=8970"},{"taxonomy":"post_tag","embeddable":true,"href":"https:\/\/www.eliterealestate.gr\/fr\/wp-json\/wp\/v2\/tags?post=8970"},{"taxonomy":"location","embeddable":true,"href":"https:\/\/www.eliterealestate.gr\/fr\/wp-json\/wp\/v2\/location?post=8970"},{"taxonomy":"rentsale","embeddable":true,"href":"https:\/\/www.eliterealestate.gr\/fr\/wp-json\/wp\/v2\/rentsale?post=8970"},{"taxonomy":"property_type","embeddable":true,"href":"https:\/\/www.eliterealestate.gr\/fr\/wp-json\/wp\/v2\/property_type?post=8970"}],"curies":[{"name":"wp","href":"https:\/\/api.w.org\/{rel}","templated":true}]}}