{"id":33540,"date":"2025-04-26T10:18:19","date_gmt":"2025-04-26T08:18:19","guid":{"rendered":"https:\/\/www.eliterealestate.gr\/?page_id=33540"},"modified":"2025-05-17T09:04:23","modified_gmt":"2025-05-17T07:04:23","slug":"enoikiaseis-akiniton-kalamata","status":"publish","type":"page","link":"https:\/\/www.eliterealestate.gr\/fr\/enoikiaseis-akiniton-kalamata\/","title":{"rendered":"Louer une maison et un espace commercial \u00e0 Kalamata | Elite Real Estate"},"content":{"rendered":"<div data-elementor-type=\"wp-page\" data-elementor-id=\"33540\" class=\"elementor elementor-33540\" data-elementor-post-type=\"page\">\n\t\t\t\t\t\t<section class=\"elementor-section elementor-top-section elementor-element elementor-element-68051f9 elementor-section-height-min-height elementor-section-items-stretch elementor-section-boxed elementor-section-height-default\" data-id=\"68051f9\" data-element_type=\"section\" data-e-type=\"section\" data-settings=\"{&quot;background_background&quot;:&quot;classic&quot;}\">\n\t\t\t\t\t\t\t<div class=\"elementor-background-overlay\"><\/div>\n\t\t\t\t\t\t\t<div class=\"elementor-container elementor-column-gap-default\">\n\t\t\t\t\t<div class=\"elementor-column elementor-col-100 elementor-top-column elementor-element elementor-element-4193c77\" data-id=\"4193c77\" data-element_type=\"column\" data-e-type=\"column\" data-settings=\"{&quot;background_background&quot;:&quot;classic&quot;}\">\n\t\t\t<div class=\"elementor-widget-wrap elementor-element-populated\">\n\t\t\t\t\t\t<div class=\"elementor-element elementor-element-be3a6da elementor-widget elementor-widget-heading\" data-id=\"be3a6da\" data-element_type=\"widget\" data-e-type=\"widget\" data-widget_type=\"heading.default\">\n\t\t\t\t<div class=\"elementor-widget-container\">\n\t\t\t\t\t<h1 class=\"elementor-heading-title elementor-size-default\">Mise en service des services <strong> Propri\u00e9t\u00e9 \u00e0 louer \u00e0 Kalamata par Elite Real Estate<\/strong><\/h1>\t\t\t\t<\/div>\n\t\t\t\t<\/div>\n\t\t\t\t\t<\/div>\n\t\t<\/div>\n\t\t\t\t\t<\/div>\n\t\t<\/section>\n\t\t\t\t<section class=\"elementor-section elementor-top-section elementor-element elementor-element-e4f4102 animated-fast elementor-section-boxed elementor-section-height-default elementor-section-height-default elementor-invisible\" data-id=\"e4f4102\" data-element_type=\"section\" data-e-type=\"section\" data-settings=\"{&quot;animation&quot;:&quot;slideInUp&quot;,&quot;animation_delay&quot;:100}\">\n\t\t\t\t\t\t<div class=\"elementor-container elementor-column-gap-default\">\n\t\t\t\t\t<div class=\"elementor-column elementor-col-100 elementor-top-column elementor-element elementor-element-10019c1\" data-id=\"10019c1\" data-element_type=\"column\" data-e-type=\"column\">\n\t\t\t<div class=\"elementor-widget-wrap elementor-element-populated\">\n\t\t\t\t\t\t<div class=\"elementor-element elementor-element-3316c2f elementor-widget elementor-widget-heading\" data-id=\"3316c2f\" data-element_type=\"widget\" data-e-type=\"widget\" data-widget_type=\"heading.default\">\n\t\t\t\t<div class=\"elementor-widget-container\">\n\t\t\t\t\t<h2 class=\"elementor-heading-title elementor-size-default\">Services d'agence de location de biens immobiliers \u00e0 Kalamata par Elite Real Estate<\/h2>\t\t\t\t<\/div>\n\t\t\t\t<\/div>\n\t\t\t\t<div class=\"elementor-element elementor-element-33b4fd7 elementor-widget elementor-widget-heading\" data-id=\"33b4fd7\" data-element_type=\"widget\" data-e-type=\"widget\" data-widget_type=\"heading.default\">\n\t\t\t\t<div class=\"elementor-widget-container\">\n\t\t\t\t\t<h2 class=\"elementor-heading-title elementor-size-default\">Agence immobili\u00e8re Elite Real Estate Kalamata<\/h2>\t\t\t\t<\/div>\n\t\t\t\t<\/div>\n\t\t\t\t<div class=\"elementor-element elementor-element-47062bc elementor-widget elementor-widget-text-editor\" data-id=\"47062bc\" data-element_type=\"widget\" data-e-type=\"widget\" data-widget_type=\"text-editor.default\">\n\t\t\t\t<div class=\"elementor-widget-container\">\n\t\t\t\t\t\t\t\t\t<p data-pm-slice=\"1 1 []\">Elite Real Estate est la principale agence immobili\u00e8re de Kalamata qui fournit des services int\u00e9gr\u00e9s \u00e0 360\u00b0 pour la location de locaux r\u00e9sidentiels (appartements et maisons individuelles) et commerciaux. Nous avons de nombreuses ann\u00e9es d'exp\u00e9rience, de professionnalisme et d'excellentes relations avec les propri\u00e9taires.<\/p><h3>Les services de location de biens immobiliers que nous proposons :<\/h3><ul data-spread=\"true\"><li><p><strong>Location Estimate \u00e0 Kalamata :<\/strong> En collaboration avec <a href=\"https:\/\/grvaluers.gr\/\" target=\"_blank\" rel=\"noopener\">\u00e9valuateurs certifi\u00e9s de grvaluers.gr<\/a>Nous vous proposons des estimations de loyer pr\u00e9cises et fiables, afin que vous puissiez obtenir le prix id\u00e9al pour votre logement ou vos locaux professionnels.<\/p><\/li><li><p><strong>Photographie professionnelle de la propri\u00e9t\u00e9 :<\/strong> Des photographies professionnelles de haute qualit\u00e9 qui mettent en valeur les biens immobiliers de la meilleure fa\u00e7on possible, augmentant ainsi leur attrait pour les locataires potentiels.<\/p><\/li><li><p><strong>Pr\u00e9sentation de la propri\u00e9t\u00e9 en une page :<\/strong> Cr\u00e9ation d'une page de pr\u00e9sentation unique et enti\u00e8rement personnalis\u00e9e avec des textes descriptifs bien r\u00e9dig\u00e9s qui permettent une meilleure promotion et une location imm\u00e9diate.<\/p><\/li><li><p><strong>Rendez-vous et informations pour les candidats locataires :<\/strong> Organisation et prise de rendez-vous, accompagn\u00e9e d'une \u00e9valuation d\u00e9taill\u00e9e du candidat, pour s\u00e9lectionner le locataire id\u00e9al.<\/p><\/li><li><p><strong>Cote du locataire :<\/strong> \u00c9valuation d\u00e9taill\u00e9e et gestion des parties int\u00e9ress\u00e9es, garantissant des locataires fiables qui r\u00e9pondent \u00e0 vos sp\u00e9cifications.<\/p><\/li><li><p><strong>Ordres d'indication de propri\u00e9t\u00e9 :<\/strong> Enregistrement d\u00e9taill\u00e9 et transparent des visites et de l'int\u00e9r\u00eat pour votre bien, pour une information optimale.<\/p><\/li><li><p><strong>Soutien juridique et accord de location priv\u00e9e :<\/strong> Notre \u00e9quipe juridique se charge de la r\u00e9daction de contrats de location priv\u00e9s s\u00fbrs et l\u00e9gaux, prot\u00e9geant pleinement vos int\u00e9r\u00eats.<\/p><\/li><li><p><strong>Inspection pr\u00e9alable et certificats de propri\u00e9t\u00e9 :<\/strong> Nous assurons le contr\u00f4le pr\u00e9alable n\u00e9cessaire pour le certificat d'\u00e9nergie et le plan \u00e9lectrique de votre propri\u00e9t\u00e9.<\/p><\/li><li><p><strong>Gestion int\u00e9gr\u00e9e des processus :<\/strong> Nous prenons en charge l'ensemble du processus, du d\u00e9but jusqu'au transfert final des comptes et \u00e0 la d\u00e9claration du bail \u00e0 l'AADE.<\/p><\/li><li><p><strong>Livraison cl\u00e9 :<\/strong> Nous assurons la remise personnelle des cl\u00e9s \u00e0 votre nouveau locataire \u00e0 l'issue du processus.<\/p><\/li><li><p><strong>Services d'inspection des biens immobiliers \u00e0 Kalamata :<\/strong> Services sp\u00e9ciaux d'inspection de biens immobiliers avec l'\u00e9quipe sp\u00e9cialis\u00e9e d'inspecteurs de biens immobiliers (<a href=\"https:\/\/www.property-inspector.gr\" target=\"_blank\" rel=\"noopener\">inspecteur-immobilier.gr<\/a>).<\/p><\/li><\/ul><h3>Pourquoi choisir Elite Real Estate \u00e0 Kalamata ?<\/h3><p>\u00a0<\/p><p>Elite Real Estate se distingue par :<\/p><ul data-spread=\"false\"><li><p>Excellents partenariats avec les propri\u00e9taires<\/p><\/li><li><p>Transparence dans toutes les proc\u00e9dures<\/p><\/li><li><p>Gestion personnelle et professionnelle<\/p><\/li><li><p>Excellente connaissance du march\u00e9 immobilier de Kalamata<\/p><\/li><\/ul><p>Confiez la location de votre r\u00e9sidence ou de votre espace commercial aux experts d'Elite Real Estate et profitez d'un processus confortable et fiable.<\/p><h3>Contactez notre agence immobili\u00e8re \u00e0 Kalamata<\/h3><p>Contactez-nous d\u00e8s aujourd'hui pour en savoir plus sur les services de location r\u00e9sidentielle et commerciale que nous proposons.<\/p>\t\t\t\t\t\t\t\t<\/div>\n\t\t\t\t<\/div>\n\t\t\t\t\t<\/div>\n\t\t<\/div>\n\t\t\t\t\t<\/div>\n\t\t<\/section>\n\t\t\t\t<\/div>","protected":false},"excerpt":{"rendered":"<p>L'agence immobili\u00e8re Elite Real Estate Services \u00e0 Kalamata par Elite Real Estate Services \u00e0 Kalamata par Elite Real Estate Elite Real Estate Kalamata Elite Real Estate Kalamata est l'agence immobili\u00e8re leader \u00e0 Kalamata qui fournit des services complets \u00e0 360\u00b0 pour la location de locaux r\u00e9sidentiels (appartements et maisons individuelles) et commerciaux. Nous offrons une large gamme de ...<\/p>\n<p class=\"read-more\"> <a class=\"\" href=\"https:\/\/www.eliterealestate.gr\/fr\/enoikiaseis-akiniton-kalamata\/\"> <span class=\"screen-reader-text\">Louer une maison et un espace commercial \u00e0 Kalamata | Elite Real Estate<\/span> Lire plus \"<\/a><\/p>","protected":false},"author":1,"featured_media":16841,"parent":0,"menu_order":0,"comment_status":"closed","ping_status":"closed","template":"elementor_header_footer","meta":{"footnotes":""},"categories":[9],"tags":[],"location":[],"rentsale":[],"property_type":[],"class_list":["post-33540","page","type-page","status-publish","has-post-thumbnail","hentry","category-real-estate-blog"],"_links":{"self":[{"href":"https:\/\/www.eliterealestate.gr\/fr\/wp-json\/wp\/v2\/pages\/33540","targetHints":{"allow":["GET"]}}],"collection":[{"href":"https:\/\/www.eliterealestate.gr\/fr\/wp-json\/wp\/v2\/pages"}],"about":[{"href":"https:\/\/www.eliterealestate.gr\/fr\/wp-json\/wp\/v2\/types\/page"}],"author":[{"embeddable":true,"href":"https:\/\/www.eliterealestate.gr\/fr\/wp-json\/wp\/v2\/users\/1"}],"replies":[{"embeddable":true,"href":"https:\/\/www.eliterealestate.gr\/fr\/wp-json\/wp\/v2\/comments?post=33540"}],"version-history":[{"count":0,"href":"https:\/\/www.eliterealestate.gr\/fr\/wp-json\/wp\/v2\/pages\/33540\/revisions"}],"wp:featuredmedia":[{"embeddable":true,"href":"https:\/\/www.eliterealestate.gr\/fr\/wp-json\/wp\/v2\/media\/16841"}],"wp:attachment":[{"href":"https:\/\/www.eliterealestate.gr\/fr\/wp-json\/wp\/v2\/media?parent=33540"}],"wp:term":[{"taxonomy":"category","embeddable":true,"href":"https:\/\/www.eliterealestate.gr\/fr\/wp-json\/wp\/v2\/categories?post=33540"},{"taxonomy":"post_tag","embeddable":true,"href":"https:\/\/www.eliterealestate.gr\/fr\/wp-json\/wp\/v2\/tags?post=33540"},{"taxonomy":"location","embeddable":true,"href":"https:\/\/www.eliterealestate.gr\/fr\/wp-json\/wp\/v2\/location?post=33540"},{"taxonomy":"rentsale","embeddable":true,"href":"https:\/\/www.eliterealestate.gr\/fr\/wp-json\/wp\/v2\/rentsale?post=33540"},{"taxonomy":"property_type","embeddable":true,"href":"https:\/\/www.eliterealestate.gr\/fr\/wp-json\/wp\/v2\/property_type?post=33540"}],"curies":[{"name":"wp","href":"https:\/\/api.w.org\/{rel}","templated":true}]}}