{"id":32659,"date":"2025-03-26T11:04:22","date_gmt":"2025-03-26T09:04:22","guid":{"rendered":"https:\/\/www.eliterealestate.gr\/?page_id=32659"},"modified":"2025-03-26T18:39:10","modified_gmt":"2025-03-26T16:39:10","slug":"%cf%84%ce%bf%cf%80%ce%bf%ce%b3%cf%81%ce%b1%cf%86%ce%b9%ce%ba%ce%ac-%cf%83%cf%84%ce%b7%ce%bd-%ce%ba%ce%b1%ce%bb%ce%b1%ce%bc%ce%ac%cf%84%ce%b1-%ce%bc%ce%b5%cf%83%cf%83%ce%b7%ce%bd%ce%af%ce%b1","status":"publish","type":"page","link":"https:\/\/www.eliterealestate.gr\/fr\/%cf%84%ce%bf%cf%80%ce%bf%ce%b3%cf%81%ce%b1%cf%86%ce%b9%ce%ba%ce%ac-%cf%83%cf%84%ce%b7%ce%bd-%ce%ba%ce%b1%ce%bb%ce%b1%ce%bc%ce%ac%cf%84%ce%b1-%ce%bc%ce%b5%cf%83%cf%83%ce%b7%ce%bd%ce%af%ce%b1\/","title":{"rendered":"Topographie Kalamata &amp; Messinia | Identification du terrain et de la propri\u00e9t\u00e9"},"content":{"rendered":"<div data-elementor-type=\"wp-page\" data-elementor-id=\"32659\" class=\"elementor elementor-32659\" data-elementor-post-type=\"page\">\n\t\t\t\t\t\t<section class=\"elementor-section elementor-top-section elementor-element elementor-element-68051f9 elementor-section-height-min-height elementor-section-items-stretch elementor-section-boxed elementor-section-height-default\" data-id=\"68051f9\" data-element_type=\"section\" data-e-type=\"section\" data-settings=\"{&quot;background_background&quot;:&quot;classic&quot;}\">\n\t\t\t\t\t\t\t<div class=\"elementor-background-overlay\"><\/div>\n\t\t\t\t\t\t\t<div class=\"elementor-container elementor-column-gap-default\">\n\t\t\t\t\t<div class=\"elementor-column elementor-col-100 elementor-top-column elementor-element elementor-element-4193c77\" data-id=\"4193c77\" data-element_type=\"column\" data-e-type=\"column\" data-settings=\"{&quot;background_background&quot;:&quot;classic&quot;}\">\n\t\t\t<div class=\"elementor-widget-wrap elementor-element-populated\">\n\t\t\t\t\t\t<div class=\"elementor-element elementor-element-be3a6da elementor-widget elementor-widget-heading\" data-id=\"be3a6da\" data-element_type=\"widget\" data-e-type=\"widget\" data-widget_type=\"heading.default\">\n\t\t\t\t<div class=\"elementor-widget-container\">\n\t\t\t\t\t<h1 class=\"elementor-heading-title elementor-size-default\"><strong>Topographique Kalamata<\/strong> &amp; Messinia | Terrain et identit\u00e9 de la propri\u00e9t\u00e9<\/h1>\t\t\t\t<\/div>\n\t\t\t\t<\/div>\n\t\t\t\t\t<\/div>\n\t\t<\/div>\n\t\t\t\t\t<\/div>\n\t\t<\/section>\n\t\t\t\t<section class=\"elementor-section elementor-top-section elementor-element elementor-element-e4f4102 animated-fast elementor-section-boxed elementor-section-height-default elementor-section-height-default elementor-invisible\" data-id=\"e4f4102\" data-element_type=\"section\" data-e-type=\"section\" data-settings=\"{&quot;animation&quot;:&quot;slideInUp&quot;,&quot;animation_delay&quot;:100}\">\n\t\t\t\t\t\t<div class=\"elementor-container elementor-column-gap-default\">\n\t\t\t\t\t<div class=\"elementor-column elementor-col-100 elementor-top-column elementor-element elementor-element-10019c1\" data-id=\"10019c1\" data-element_type=\"column\" data-e-type=\"column\">\n\t\t\t<div class=\"elementor-widget-wrap elementor-element-populated\">\n\t\t\t\t\t\t<div class=\"elementor-element elementor-element-3316c2f elementor-widget elementor-widget-heading\" data-id=\"3316c2f\" data-element_type=\"widget\" data-e-type=\"widget\" data-widget_type=\"heading.default\">\n\t\t\t\t<div class=\"elementor-widget-container\">\n\t\t\t\t\t<h2 class=\"elementor-heading-title elementor-size-default\">\nNous r\u00e9alisons des lev\u00e9s topographiques de terrains et de parcelles \u00e0 Kalamata et dans toute la Mess\u00e9nie. Nous assurons le trac\u00e9 des terrains, l'identification des propri\u00e9t\u00e9s et l'aide \u00e0 la r\u00e9daction de tous les documents de vente.<\/h2>\t\t\t\t<\/div>\n\t\t\t\t<\/div>\n\t\t\t\t<div class=\"elementor-element elementor-element-33b4fd7 elementor-widget elementor-widget-heading\" data-id=\"33b4fd7\" data-element_type=\"widget\" data-e-type=\"widget\" data-widget_type=\"heading.default\">\n\t\t\t\t<div class=\"elementor-widget-container\">\n\t\t\t\t\t<h2 class=\"elementor-heading-title elementor-size-default\">Agence immobili\u00e8re Elite Real Estate Kalamata<\/h2>\t\t\t\t<\/div>\n\t\t\t\t<\/div>\n\t\t\t\t\t<\/div>\n\t\t<\/div>\n\t\t\t\t\t<\/div>\n\t\t<\/section>\n\t\t\t\t<section class=\"elementor-section elementor-top-section elementor-element elementor-element-209ed58 elementor-section-boxed elementor-section-height-default elementor-section-height-default\" data-id=\"209ed58\" data-element_type=\"section\" data-e-type=\"section\">\n\t\t\t\t\t\t<div class=\"elementor-container elementor-column-gap-default\">\n\t\t\t\t\t<div class=\"elementor-column elementor-col-100 elementor-top-column elementor-element elementor-element-540e0f2\" data-id=\"540e0f2\" data-element_type=\"column\" data-e-type=\"column\">\n\t\t\t<div class=\"elementor-widget-wrap elementor-element-populated\">\n\t\t\t\t\t\t<div class=\"elementor-element elementor-element-cce4be5 elementor-widget elementor-widget-heading\" data-id=\"cce4be5\" data-element_type=\"widget\" data-e-type=\"widget\" data-widget_type=\"heading.default\">\n\t\t\t\t<div class=\"elementor-widget-container\">\n\t\t\t\t\t<h2 class=\"elementor-heading-title elementor-size-default\">Diagrammes topographiques<\/h2>\t\t\t\t<\/div>\n\t\t\t\t<\/div>\n\t\t\t\t<div class=\"elementor-element elementor-element-d2cf4aa elementor-widget elementor-widget-text-editor\" data-id=\"d2cf4aa\" data-element_type=\"widget\" data-e-type=\"widget\" data-widget_type=\"text-editor.default\">\n\t\t\t\t<div class=\"elementor-widget-container\">\n\t\t\t\t\t\t\t\t\t<p>Notre bureau, <strong>bas\u00e9e \u00e0 Kalamata<\/strong>, <strong>en collaboration avec des g\u00e9om\u00e8tres et des ing\u00e9nieurs exp\u00e9riment\u00e9s et sp\u00e9cialis\u00e9s<\/strong>Le directeur g\u00e9n\u00e9ral de l'Agence de l'environnement, de la sant\u00e9 publique et de la s\u00e9curit\u00e9 alimentaire, s'occupe avec professionnalisme et pr\u00e9cision de la pr\u00e9paration des documents suivants <strong>les diagrammes topographiques<\/strong> pour des terrains et des parcelles \u00e0 Kalamata et dans la r\u00e9gion de Mess\u00e9nie.<\/p><p>Nous fournissons des plans topographiques complets et d\u00e9taill\u00e9s des terrains et des parcelles, qui sont n\u00e9cessaires pour tout achat et toute vente, tout r\u00e8glement de propri\u00e9t\u00e9, tout permis de construire et tout acte notari\u00e9. Un plan topographique actualis\u00e9 garantit l'exactitude des donn\u00e9es <strong>la cartographie des limites de votre propri\u00e9t\u00e9<\/strong>Vous pouvez ainsi vous prot\u00e9ger contre d'\u00e9ventuels litiges et augmenter la valeur de votre propri\u00e9t\u00e9.<\/p>\t\t\t\t\t\t\t\t<\/div>\n\t\t\t\t<\/div>\n\t\t\t\t<div class=\"elementor-element elementor-element-6d991ce elementor-widget elementor-widget-heading\" data-id=\"6d991ce\" data-element_type=\"widget\" data-e-type=\"widget\" data-widget_type=\"heading.default\">\n\t\t\t\t<div class=\"elementor-widget-container\">\n\t\t\t\t\t<h2 class=\"elementor-heading-title elementor-size-default\">Nivellement d'un terrain de construction<\/h2>\t\t\t\t<\/div>\n\t\t\t\t<\/div>\n\t\t\t\t<div class=\"elementor-element elementor-element-9bc2b95 elementor-widget elementor-widget-text-editor\" data-id=\"9bc2b95\" data-element_type=\"widget\" data-e-type=\"widget\" data-widget_type=\"text-editor.default\">\n\t\t\t\t<div class=\"elementor-widget-container\">\n\t\t\t\t\t\t\t\t\t<p>Le marquage des parcelles est essentiel pour que vous connaissiez clairement les limites exactes de votre propri\u00e9t\u00e9 avant toute construction ou cl\u00f4ture. Les avantages du tra\u00e7age sont les suivants<\/p>\n<ul data-spread=\"false\">\n<li>\n<p>\u00c9viter les litiges juridiques<\/p>\n<\/li>\n<li>\n<p>D\u00e9limitation pr\u00e9cise et l\u00e9gale de votre propri\u00e9t\u00e9<\/p>\n<\/li>\n<li>\n<p>S\u00e9curit\u00e9 pour tout travail ou utilisation future de votre terrain<\/p>\n<\/li>\n<\/ul>\t\t\t\t\t\t\t\t<\/div>\n\t\t\t\t<\/div>\n\t\t\t\t<div class=\"elementor-element elementor-element-7c63400 elementor-widget elementor-widget-heading\" data-id=\"7c63400\" data-element_type=\"widget\" data-e-type=\"widget\" data-widget_type=\"heading.default\">\n\t\t\t\t<div class=\"elementor-widget-container\">\n\t\t\t\t\t<h2 class=\"elementor-heading-title elementor-size-default\">Identit\u00e9 du bien et documents justificatifs<\/h2>\t\t\t\t<\/div>\n\t\t\t\t<\/div>\n\t\t\t\t<div class=\"elementor-element elementor-element-01e0371 elementor-widget elementor-widget-text-editor\" data-id=\"01e0371\" data-element_type=\"widget\" data-e-type=\"widget\" data-widget_type=\"text-editor.default\">\n\t\t\t\t<div class=\"elementor-widget-container\">\n\t\t\t\t\t\t\t\t\t<p>Nous nous chargeons de la d\u00e9livrance des cartes d'identification de propri\u00e9t\u00e9, un document essentiel pour tout achat ou vente moderne, offrant une s\u00e9curit\u00e9 \u00e0 l'acheteur et une couverture au propri\u00e9taire. En m\u00eame temps, nous fournissons un soutien complet dans la pr\u00e9paration de tous les documents n\u00e9cessaires, tels que :<\/p>\n<ul data-spread=\"false\">\n<li>\n<p>Contrats de vente<\/p>\n<\/li>\n<li>\n<p>D\u00e9clarations au registre foncier<\/p>\n<\/li>\n<li>\n<p>Soutien aux actes notari\u00e9s<\/p>\n<\/li>\n<\/ul>\t\t\t\t\t\t\t\t<\/div>\n\t\t\t\t<\/div>\n\t\t\t\t<div class=\"elementor-element elementor-element-47062bc elementor-widget elementor-widget-text-editor\" data-id=\"47062bc\" data-element_type=\"widget\" data-e-type=\"widget\" data-widget_type=\"text-editor.default\">\n\t\t\t\t<div class=\"elementor-widget-container\">\n\t\t\t\t\t\t\t\t\t<p>Faites confiance \u00e0 notre \u00e9quipe pour un service rapide, un professionnalisme et des r\u00e9sultats garantis, toujours dans le respect des normes et de la l\u00e9gislation en vigueur. Contactez-nous d\u00e8s aujourd'hui pour obtenir un devis personnalis\u00e9 et parfaitement adapt\u00e9 \u00e0 vos besoins !<br \/><br \/><\/p>\t\t\t\t\t\t\t\t<\/div>\n\t\t\t\t<\/div>\n\t\t\t\t<div class=\"elementor-element elementor-element-dac1a3e elementor-widget elementor-widget-text-editor\" data-id=\"dac1a3e\" data-element_type=\"widget\" data-e-type=\"widget\" data-widget_type=\"text-editor.default\">\n\t\t\t\t<div class=\"elementor-widget-container\">\n\t\t\t\t\t\t\t\t\t<p><strong>Mots-cl\u00e9s :<\/strong> Topographie Kalamata, Topographie Mess\u00e9nie, Topographe Kalamata, Topographe Mess\u00e9nie, G\u00e9om\u00e8tre Kalamata, Arpentage Kalamata, Arpentage Kalamata, Arpentage Kalamata, Arpentage Kalamata, Arpentage Kalamata, Arpentage Kalamata, Arpentage Kalamata, Arpentage Kalamata, Arpentage Kalamata, Arpentage Kalamata, Arpentage Kalamata, Arpentage Kalamata, Arpentage Kalamata.<\/p>\t\t\t\t\t\t\t\t<\/div>\n\t\t\t\t<\/div>\n\t\t\t\t\t<\/div>\n\t\t<\/div>\n\t\t\t\t\t<\/div>\n\t\t<\/section>\n\t\t\t\t<\/div>","protected":false},"excerpt":{"rendered":"<p>Topographie Kalamata &amp; Messinia | Identification des parcelles et des propri\u00e9t\u00e9s Nous effectuons des relev\u00e9s topographiques de parcelles et de terrains \u00e0 Kalamata et dans toute la Mess\u00e9nie. Nous assurons le trac\u00e9 des terrains, l'identification des propri\u00e9t\u00e9s et l'assistance pour tous les documents de vente. Elite Real Estate Agence immobili\u00e8re de Kalamata Diagrammes topographiques Notre bureau, bas\u00e9 \u00e0 Kalamata, en collaboration avec des ...<\/p>\n<p class=\"read-more\"> <a class=\"\" href=\"https:\/\/www.eliterealestate.gr\/fr\/%cf%84%ce%bf%cf%80%ce%bf%ce%b3%cf%81%ce%b1%cf%86%ce%b9%ce%ba%ce%ac-%cf%83%cf%84%ce%b7%ce%bd-%ce%ba%ce%b1%ce%bb%ce%b1%ce%bc%ce%ac%cf%84%ce%b1-%ce%bc%ce%b5%cf%83%cf%83%ce%b7%ce%bd%ce%af%ce%b1\/\"> <span class=\"screen-reader-text\">Topographie Kalamata &amp; Messinia | Identification du terrain et de la propri\u00e9t\u00e9<\/span> Lire plus \"<\/a><\/p>","protected":false},"author":1,"featured_media":32660,"parent":0,"menu_order":0,"comment_status":"closed","ping_status":"closed","template":"elementor_header_footer","meta":{"footnotes":""},"categories":[9],"tags":[616],"location":[],"rentsale":[],"property_type":[],"class_list":["post-32659","page","type-page","status-publish","has-post-thumbnail","hentry","category-real-estate-blog","tag-616"],"_links":{"self":[{"href":"https:\/\/www.eliterealestate.gr\/fr\/wp-json\/wp\/v2\/pages\/32659","targetHints":{"allow":["GET"]}}],"collection":[{"href":"https:\/\/www.eliterealestate.gr\/fr\/wp-json\/wp\/v2\/pages"}],"about":[{"href":"https:\/\/www.eliterealestate.gr\/fr\/wp-json\/wp\/v2\/types\/page"}],"author":[{"embeddable":true,"href":"https:\/\/www.eliterealestate.gr\/fr\/wp-json\/wp\/v2\/users\/1"}],"replies":[{"embeddable":true,"href":"https:\/\/www.eliterealestate.gr\/fr\/wp-json\/wp\/v2\/comments?post=32659"}],"version-history":[{"count":0,"href":"https:\/\/www.eliterealestate.gr\/fr\/wp-json\/wp\/v2\/pages\/32659\/revisions"}],"wp:featuredmedia":[{"embeddable":true,"href":"https:\/\/www.eliterealestate.gr\/fr\/wp-json\/wp\/v2\/media\/32660"}],"wp:attachment":[{"href":"https:\/\/www.eliterealestate.gr\/fr\/wp-json\/wp\/v2\/media?parent=32659"}],"wp:term":[{"taxonomy":"category","embeddable":true,"href":"https:\/\/www.eliterealestate.gr\/fr\/wp-json\/wp\/v2\/categories?post=32659"},{"taxonomy":"post_tag","embeddable":true,"href":"https:\/\/www.eliterealestate.gr\/fr\/wp-json\/wp\/v2\/tags?post=32659"},{"taxonomy":"location","embeddable":true,"href":"https:\/\/www.eliterealestate.gr\/fr\/wp-json\/wp\/v2\/location?post=32659"},{"taxonomy":"rentsale","embeddable":true,"href":"https:\/\/www.eliterealestate.gr\/fr\/wp-json\/wp\/v2\/rentsale?post=32659"},{"taxonomy":"property_type","embeddable":true,"href":"https:\/\/www.eliterealestate.gr\/fr\/wp-json\/wp\/v2\/property_type?post=32659"}],"curies":[{"name":"wp","href":"https:\/\/api.w.org\/{rel}","templated":true}]}}