{"id":32333,"date":"2025-03-13T19:53:46","date_gmt":"2025-03-13T17:53:46","guid":{"rendered":"https:\/\/www.eliterealestate.gr\/?page_id=32333"},"modified":"2025-03-21T11:57:55","modified_gmt":"2025-03-21T09:57:55","slug":"ti-einai-i-forma-ypodeiksis-akinitou","status":"publish","type":"page","link":"https:\/\/www.eliterealestate.gr\/fr\/ti-einai-i-forma-ypodeiksis-akinitou\/","title":{"rendered":"Ordre d'instruction - Qu'est-ce que c'est et pourquoi dois-je le remplir ?"},"content":{"rendered":"<div data-elementor-type=\"wp-page\" data-elementor-id=\"32333\" class=\"elementor elementor-32333\" data-elementor-post-type=\"page\">\n\t\t\t\t\t\t<section class=\"elementor-section elementor-top-section elementor-element elementor-element-68051f9 elementor-section-height-min-height elementor-section-items-stretch elementor-section-boxed elementor-section-height-default\" data-id=\"68051f9\" data-element_type=\"section\" data-e-type=\"section\" data-settings=\"{&quot;background_background&quot;:&quot;classic&quot;}\">\n\t\t\t\t\t\t\t<div class=\"elementor-background-overlay\"><\/div>\n\t\t\t\t\t\t\t<div class=\"elementor-container elementor-column-gap-default\">\n\t\t\t\t\t<div class=\"elementor-column elementor-col-100 elementor-top-column elementor-element elementor-element-4193c77\" data-id=\"4193c77\" data-element_type=\"column\" data-e-type=\"column\" data-settings=\"{&quot;background_background&quot;:&quot;classic&quot;}\">\n\t\t\t<div class=\"elementor-widget-wrap elementor-element-populated\">\n\t\t\t\t\t\t<div class=\"elementor-element elementor-element-be3a6da elementor-widget elementor-widget-heading\" data-id=\"be3a6da\" data-element_type=\"widget\" data-e-type=\"widget\" data-widget_type=\"heading.default\">\n\t\t\t\t<div class=\"elementor-widget-container\">\n\t\t\t\t\t<h1 class=\"elementor-heading-title elementor-size-default translation-block\">Qu'est-ce que c'est et pourquoi dois-je remplir le <strong>avis de propri\u00e9t\u00e9<\/strong> ?<\/h1>\t\t\t\t<\/div>\n\t\t\t\t<\/div>\n\t\t\t\t\t<\/div>\n\t\t<\/div>\n\t\t\t\t\t<\/div>\n\t\t<\/section>\n\t\t\t\t<section class=\"elementor-section elementor-top-section elementor-element elementor-element-e4f4102 animated-fast elementor-section-boxed elementor-section-height-default elementor-section-height-default elementor-invisible\" data-id=\"e4f4102\" data-element_type=\"section\" data-e-type=\"section\" data-settings=\"{&quot;animation&quot;:&quot;slideInUp&quot;,&quot;animation_delay&quot;:100}\">\n\t\t\t\t\t\t<div class=\"elementor-container elementor-column-gap-default\">\n\t\t\t\t\t<div class=\"elementor-column elementor-col-100 elementor-top-column elementor-element elementor-element-10019c1\" data-id=\"10019c1\" data-element_type=\"column\" data-e-type=\"column\">\n\t\t\t<div class=\"elementor-widget-wrap elementor-element-populated\">\n\t\t\t\t\t\t<div class=\"elementor-element elementor-element-3316c2f elementor-widget elementor-widget-heading\" data-id=\"3316c2f\" data-element_type=\"widget\" data-e-type=\"widget\" data-widget_type=\"heading.default\">\n\t\t\t\t<div class=\"elementor-widget-container\">\n\t\t\t\t\t<h2 class=\"elementor-heading-title elementor-size-default\">ORDONNANCE D'INDICATION DE BIENS IMMOBILIERS<\/h2>\t\t\t\t<\/div>\n\t\t\t\t<\/div>\n\t\t\t\t<div class=\"elementor-element elementor-element-33b4fd7 elementor-widget elementor-widget-heading\" data-id=\"33b4fd7\" data-element_type=\"widget\" data-e-type=\"widget\" data-widget_type=\"heading.default\">\n\t\t\t\t<div class=\"elementor-widget-container\">\n\t\t\t\t\t<h2 class=\"elementor-heading-title elementor-size-default\">Agence immobili\u00e8re Elite Real Estate Kalamata<\/h2>\t\t\t\t<\/div>\n\t\t\t\t<\/div>\n\t\t\t\t<div class=\"elementor-element elementor-element-47062bc elementor-widget elementor-widget-text-editor\" data-id=\"47062bc\" data-element_type=\"widget\" data-e-type=\"widget\" data-widget_type=\"text-editor.default\">\n\t\t\t\t<div class=\"elementor-widget-container\">\n\t\t\t\t\t\t\t\t\t<p data-pm-slice=\"1 1 []\">Ch\u00e8re cliente, cher client,<\/p><p>Avant d'indiquer un bien immobilier (appartement, maison ou terrain), que ce soit pour l'achat ou pour la location, notre bureau suit la proc\u00e9dure prescrite en remplissant l'\"ordre d'indication du bien immobilier\". Ce document est particuli\u00e8rement important pour vous et pour nous pour les raisons suivantes :<\/p><ol start=\"1\" data-spread=\"true\"><li><p><strong>Elle consacre l'ordre de priorit\u00e9 :<\/strong> Dans le cas de l'achat d'un bien immobilier, la signature de l'ordre de visite garantit et confirme l'ordre dans lequel vous avez visit\u00e9 le bien, prot\u00e9geant ainsi votre droit face \u00e0 d'autres parties int\u00e9ress\u00e9es.<\/p><\/li><li><p><strong>Transparence et information du propri\u00e9taire :<\/strong> Ce document nous permet d'informer le propri\u00e9taire des clients qui ont visit\u00e9 le bien, de l'ordre des visites et des offres qui ont pu \u00eatre faites. La transparence du processus est ainsi assur\u00e9e.<\/p><\/li><li><p><strong>Une image claire de l'accord financier :<\/strong> Gr\u00e2ce \u00e0 l'instruction, vous \u00eates inform\u00e9 \u00e0 l'avance du montant ou du pourcentage des frais de courtage correspondant \u00e0 nos services, de sorte que vous savez exactement ce que vous paierez si vous proc\u00e9dez \u00e0 l'achat ou \u00e0 la location.<\/p><\/li><li><p><strong>Protection de vos donn\u00e9es personnelles (GDPR) :<\/strong> Le document comprend des informations sur la protection de vos donn\u00e9es personnelles, enti\u00e8rement conformes au r\u00e8glement GDPR. Vos donn\u00e9es sont conserv\u00e9es uniquement dans le but de vous faire visiter le bien et de vous servir pendant le processus.<\/p><\/li><li><p class=\"translation-block\"><strong>\u00c9viter les litiges futurs:<\/strong> Le fait de consigner clairement les d\u00e9tails et les conditions dans la commande de pourboire permet d'\u00e9viter tout d\u00e9saccord ou malentendu futur concernant le pourboire et la transaction.<\/p><\/li><\/ol><p>Cette proc\u00e9dure s'est impos\u00e9e au niveau international comme la m\u00e9thode la plus fiable et la plus \u00e9quitable pour g\u00e9rer les propositions d'inscription de biens immobiliers, en garantissant \u00e0 la fois vos int\u00e9r\u00eats et le bon d\u00e9roulement de la proc\u00e9dure.<\/p><p>Nous vous remercions de votre confiance et restons \u00e0 votre disposition pour toute clarification.<\/p><p>Je vous prie d'agr\u00e9er, Monsieur le Pr\u00e9sident, l'expression de mes sentiments distingu\u00e9s, <br \/>Immobilier d'\u00e9lite<\/p><p>\u00a0<\/p>\t\t\t\t\t\t\t\t<\/div>\n\t\t\t\t<\/div>\n\t\t\t\t\t<\/div>\n\t\t<\/div>\n\t\t\t\t\t<\/div>\n\t\t<\/section>\n\t\t\t\t<\/div>","protected":false},"excerpt":{"rendered":"<p>Qu'est-ce que l'ordre d'indication de bien immobilier et pourquoi dois-je le remplir ? ORDRE D'INDICATION DE BIEN IMMOBILIER Elite Real Estate Agence immobili\u00e8re de Kalamata Cher client, Avant toute indication de bien immobilier (appartement, maison ou terrain), que ce soit pour l'achat ou la location, notre bureau suit la proc\u00e9dure prescrite qui consiste \u00e0 remplir l'\"ordre d'indication de bien immobilier\". Ce document est particuli\u00e8rement important ...<\/p>\n<p class=\"read-more\"> <a class=\"\" href=\"https:\/\/www.eliterealestate.gr\/fr\/ti-einai-i-forma-ypodeiksis-akinitou\/\"> <span class=\"screen-reader-text\">Ordre d'instruction - Qu'est-ce que c'est et pourquoi dois-je le remplir ?<\/span> Lire plus \"<\/a><\/p>","protected":false},"author":1,"featured_media":0,"parent":0,"menu_order":0,"comment_status":"closed","ping_status":"closed","template":"","meta":{"footnotes":""},"categories":[9],"tags":[],"location":[],"rentsale":[],"property_type":[],"class_list":["post-32333","page","type-page","status-publish","hentry","category-real-estate-blog"],"_links":{"self":[{"href":"https:\/\/www.eliterealestate.gr\/fr\/wp-json\/wp\/v2\/pages\/32333","targetHints":{"allow":["GET"]}}],"collection":[{"href":"https:\/\/www.eliterealestate.gr\/fr\/wp-json\/wp\/v2\/pages"}],"about":[{"href":"https:\/\/www.eliterealestate.gr\/fr\/wp-json\/wp\/v2\/types\/page"}],"author":[{"embeddable":true,"href":"https:\/\/www.eliterealestate.gr\/fr\/wp-json\/wp\/v2\/users\/1"}],"replies":[{"embeddable":true,"href":"https:\/\/www.eliterealestate.gr\/fr\/wp-json\/wp\/v2\/comments?post=32333"}],"version-history":[{"count":0,"href":"https:\/\/www.eliterealestate.gr\/fr\/wp-json\/wp\/v2\/pages\/32333\/revisions"}],"wp:attachment":[{"href":"https:\/\/www.eliterealestate.gr\/fr\/wp-json\/wp\/v2\/media?parent=32333"}],"wp:term":[{"taxonomy":"category","embeddable":true,"href":"https:\/\/www.eliterealestate.gr\/fr\/wp-json\/wp\/v2\/categories?post=32333"},{"taxonomy":"post_tag","embeddable":true,"href":"https:\/\/www.eliterealestate.gr\/fr\/wp-json\/wp\/v2\/tags?post=32333"},{"taxonomy":"location","embeddable":true,"href":"https:\/\/www.eliterealestate.gr\/fr\/wp-json\/wp\/v2\/location?post=32333"},{"taxonomy":"rentsale","embeddable":true,"href":"https:\/\/www.eliterealestate.gr\/fr\/wp-json\/wp\/v2\/rentsale?post=32333"},{"taxonomy":"property_type","embeddable":true,"href":"https:\/\/www.eliterealestate.gr\/fr\/wp-json\/wp\/v2\/property_type?post=32333"}],"curies":[{"name":"wp","href":"https:\/\/api.w.org\/{rel}","templated":true}]}}