{"id":24725,"date":"2024-01-15T11:46:47","date_gmt":"2024-01-15T09:46:47","guid":{"rendered":"https:\/\/www.eliterealestate.gr\/?page_id=24725"},"modified":"2024-01-19T09:21:04","modified_gmt":"2024-01-19T07:21:04","slug":"ypodeiksi","status":"publish","type":"page","link":"https:\/\/www.eliterealestate.gr\/fr\/ypodeiksi\/","title":{"rendered":"Suggestion de propri\u00e9t\u00e9 - ELITE REAL ESTATE"},"content":{"rendered":"<div data-elementor-type=\"wp-page\" data-elementor-id=\"24725\" class=\"elementor elementor-24725\" data-elementor-post-type=\"page\">\n\t\t\t\t\t\t<section class=\"elementor-section elementor-top-section elementor-element elementor-element-8a04653 elementor-section-height-min-height elementor-section-items-stretch elementor-section-boxed elementor-section-height-default\" data-id=\"8a04653\" data-element_type=\"section\" data-e-type=\"section\" data-settings=\"{&quot;background_background&quot;:&quot;classic&quot;}\">\n\t\t\t\t\t\t\t<div class=\"elementor-background-overlay\"><\/div>\n\t\t\t\t\t\t\t<div class=\"elementor-container elementor-column-gap-default\">\n\t\t\t\t\t<div class=\"elementor-column elementor-col-100 elementor-top-column elementor-element elementor-element-27c941c\" data-id=\"27c941c\" data-element_type=\"column\" data-e-type=\"column\" data-settings=\"{&quot;background_background&quot;:&quot;classic&quot;}\">\n\t\t\t<div class=\"elementor-widget-wrap elementor-element-populated\">\n\t\t\t\t\t\t<div class=\"elementor-element elementor-element-44493fe elementor-widget elementor-widget-heading\" data-id=\"44493fe\" data-element_type=\"widget\" data-e-type=\"widget\" data-widget_type=\"heading.default\">\n\t\t\t\t<div class=\"elementor-widget-container\">\n\t\t\t\t\t<h3 class=\"elementor-heading-title elementor-size-default\">Elite Real Estate | Suggestion de propri\u00e9t\u00e9<\/h3>\t\t\t\t<\/div>\n\t\t\t\t<\/div>\n\t\t\t\t<div class=\"elementor-element elementor-element-c06d591 elementor-widget elementor-widget-heading\" data-id=\"c06d591\" data-element_type=\"widget\" data-e-type=\"widget\" data-widget_type=\"heading.default\">\n\t\t\t\t<div class=\"elementor-widget-container\">\n\t\t\t\t\t<h1 class=\"elementor-heading-title elementor-size-default\"><strong>Veuillez lire les r\u00e9ponses succinctes aux questions pos\u00e9es avant le processus de mise en vente d'un bien immobilier<\/strong><br><\/h1>\t\t\t\t<\/div>\n\t\t\t\t<\/div>\n\t\t\t\t\t<\/div>\n\t\t<\/div>\n\t\t\t\t\t<\/div>\n\t\t<\/section>\n\t\t\t\t<section class=\"elementor-section elementor-top-section elementor-element elementor-element-c16ce7d elementor-section-boxed elementor-section-height-default elementor-section-height-default\" data-id=\"c16ce7d\" data-element_type=\"section\" data-e-type=\"section\">\n\t\t\t\t\t\t<div class=\"elementor-container elementor-column-gap-default\">\n\t\t\t\t\t<div class=\"elementor-column elementor-col-33 elementor-top-column elementor-element elementor-element-429e8f3\" data-id=\"429e8f3\" data-element_type=\"column\" data-e-type=\"column\">\n\t\t\t<div class=\"elementor-widget-wrap\">\n\t\t\t\t\t\t\t<\/div>\n\t\t<\/div>\n\t\t\t\t<div class=\"elementor-column elementor-col-33 elementor-top-column elementor-element elementor-element-745657f\" data-id=\"745657f\" data-element_type=\"column\" data-e-type=\"column\">\n\t\t\t<div class=\"elementor-widget-wrap elementor-element-populated\">\n\t\t\t\t\t\t<div class=\"elementor-element elementor-element-4d33458 elementor-widget elementor-widget-heading\" data-id=\"4d33458\" data-element_type=\"widget\" data-e-type=\"widget\" data-widget_type=\"heading.default\">\n\t\t\t\t<div class=\"elementor-widget-container\">\n\t\t\t\t\t<h2 class=\"elementor-heading-title elementor-size-default\">Vous venez de prendre rendez-vous pour visiter votre nouveau bien \u00e0 acheter ou \u00e0 louer ! Vous trouverez ci-dessous quelques questions et r\u00e9ponses pour nous aider \u00e0 mieux travailler avec vous et \u00e0 comprendre le processus de suggestion et de n\u00e9gociation.<\/h2>\t\t\t\t<\/div>\n\t\t\t\t<\/div>\n\t\t\t\t\t<\/div>\n\t\t<\/div>\n\t\t\t\t<div class=\"elementor-column elementor-col-33 elementor-top-column elementor-element elementor-element-45a91f8\" data-id=\"45a91f8\" data-element_type=\"column\" data-e-type=\"column\">\n\t\t\t<div class=\"elementor-widget-wrap\">\n\t\t\t\t\t\t\t<\/div>\n\t\t<\/div>\n\t\t\t\t\t<\/div>\n\t\t<\/section>\n\t\t\t\t<section class=\"elementor-section elementor-top-section elementor-element elementor-element-24ddb10 elementor-section-boxed elementor-section-height-default elementor-section-height-default\" data-id=\"24ddb10\" data-element_type=\"section\" data-e-type=\"section\">\n\t\t\t\t\t\t<div class=\"elementor-container elementor-column-gap-default\">\n\t\t\t\t\t<div class=\"elementor-column elementor-col-33 elementor-top-column elementor-element elementor-element-785c351\" data-id=\"785c351\" data-element_type=\"column\" data-e-type=\"column\">\n\t\t\t<div class=\"elementor-widget-wrap\">\n\t\t\t\t\t\t\t<\/div>\n\t\t<\/div>\n\t\t\t\t<div class=\"elementor-column elementor-col-33 elementor-top-column elementor-element elementor-element-5c8567e\" data-id=\"5c8567e\" data-element_type=\"column\" data-e-type=\"column\">\n\t\t\t<div class=\"elementor-widget-wrap elementor-element-populated\">\n\t\t\t\t\t\t<div class=\"elementor-element elementor-element-1feb0da elementor-widget elementor-widget-heading\" data-id=\"1feb0da\" data-element_type=\"widget\" data-e-type=\"widget\" data-widget_type=\"heading.default\">\n\t\t\t\t<div class=\"elementor-widget-container\">\n\t\t\t\t\t<h2 class=\"elementor-heading-title elementor-size-default\">F.A.Q.<\/h2>\t\t\t\t<\/div>\n\t\t\t\t<\/div>\n\t\t\t\t<div class=\"elementor-element elementor-element-ce37ecb elementor-widget elementor-widget-toggle\" data-id=\"ce37ecb\" data-element_type=\"widget\" data-e-type=\"widget\" data-widget_type=\"toggle.default\">\n\t\t\t\t<div class=\"elementor-widget-container\">\n\t\t\t\t\t\t\t<div class=\"elementor-toggle\">\n\t\t\t\t\t\t\t<div class=\"elementor-toggle-item\">\n\t\t\t\t\t<div id=\"elementor-tab-title-2161\" class=\"elementor-tab-title\" data-tab=\"1\" role=\"button\" aria-controls=\"elementor-tab-content-2161\" aria-expanded=\"false\">\n\t\t\t\t\t\t\t\t\t\t\t\t<span class=\"elementor-toggle-icon elementor-toggle-icon-left\" aria-hidden=\"true\">\n\t\t\t\t\t\t\t\t\t\t\t\t\t\t\t<span class=\"elementor-toggle-icon-closed\"><i class=\"fas fa-caret-right\"><\/i><\/span>\n\t\t\t\t\t\t\t\t<span class=\"elementor-toggle-icon-opened\"><i class=\"elementor-toggle-icon-opened fas fa-caret-up\"><\/i><\/span>\n\t\t\t\t\t\t\t\t\t\t\t\t\t<\/span>\n\t\t\t\t\t\t\t\t\t\t\t\t<a class=\"elementor-toggle-title\" tabindex=\"0\">Rendez-vous - Documents d'identit\u00e9<\/a>\n\t\t\t\t\t<\/div>\n\n\t\t\t\t\t<div id=\"elementor-tab-content-2161\" class=\"elementor-tab-content elementor-clearfix\" data-tab=\"1\" role=\"region\" aria-labelledby=\"elementor-tab-title-2161\"><p>Dans toutes les suggestions, vous devez avoir avec nous le <strong>votre carte d'identit\u00e9 ou votre passeport et conna\u00eetre votre num\u00e9ro de TVA<\/strong> et l'indiquer au consultant avant de pointer le bien au point de rencontre. Vous remplirez et signerez l'ordre de pointage.<\/p><p><em>(Lire la suite de la commande dans la prochaine F.A.Q.)<\/em><\/p><\/div>\n\t\t\t\t<\/div>\n\t\t\t\t\t\t\t<div class=\"elementor-toggle-item\">\n\t\t\t\t\t<div id=\"elementor-tab-title-2162\" class=\"elementor-tab-title\" data-tab=\"2\" role=\"button\" aria-controls=\"elementor-tab-content-2162\" aria-expanded=\"false\">\n\t\t\t\t\t\t\t\t\t\t\t\t<span class=\"elementor-toggle-icon elementor-toggle-icon-left\" aria-hidden=\"true\">\n\t\t\t\t\t\t\t\t\t\t\t\t\t\t\t<span class=\"elementor-toggle-icon-closed\"><i class=\"fas fa-caret-right\"><\/i><\/span>\n\t\t\t\t\t\t\t\t<span class=\"elementor-toggle-icon-opened\"><i class=\"elementor-toggle-icon-opened fas fa-caret-up\"><\/i><\/span>\n\t\t\t\t\t\t\t\t\t\t\t\t\t<\/span>\n\t\t\t\t\t\t\t\t\t\t\t\t<a class=\"elementor-toggle-title\" tabindex=\"0\">Qu'est-ce qu'un ordre de suggestion ?<\/a>\n\t\t\t\t\t<\/div>\n\n\t\t\t\t\t<div id=\"elementor-tab-content-2162\" class=\"elementor-tab-content elementor-clearfix\" data-tab=\"2\" role=\"region\" aria-labelledby=\"elementor-tab-title-2162\"><ol><li>Avant de recommander un bien immobilier, le consultant doit savoir \u00e0 qui ce bien est destin\u00e9. Il existe de nombreux cas de personnes sournoises qui tentent de visiter des biens immobiliers (r\u00e9sidentiels) dans l'intention d'en conna\u00eetre l'int\u00e9rieur \u00e0 leurs propres fins... vous ne voudriez pas non plus que des personnes que personne ne conna\u00eet p\u00e9n\u00e8trent dans votre propri\u00e9t\u00e9.<\/li><li>L'ordre de renvoi indique \u00e9galement le montant ou le pourcentage des services de renvoi et de n\u00e9gociation de l'agence immobili\u00e8re si vous concluez la vente ou la location du bien et, enfin et surtout, il vous donne la priorit\u00e9 sur les autres ordres pour conclure la transaction.<\/li><\/ol><p><em>\u00a0Une copie de votre commande vous sera envoy\u00e9e avec une photo \u00e0 votre e-mail, Viber ou Whats app des d\u00e9tails que vous avez fournis.<\/em><\/p><\/div>\n\t\t\t\t<\/div>\n\t\t\t\t\t\t\t<div class=\"elementor-toggle-item\">\n\t\t\t\t\t<div id=\"elementor-tab-title-2163\" class=\"elementor-tab-title\" data-tab=\"3\" role=\"button\" aria-controls=\"elementor-tab-content-2163\" aria-expanded=\"false\">\n\t\t\t\t\t\t\t\t\t\t\t\t<span class=\"elementor-toggle-icon elementor-toggle-icon-left\" aria-hidden=\"true\">\n\t\t\t\t\t\t\t\t\t\t\t\t\t\t\t<span class=\"elementor-toggle-icon-closed\"><i class=\"fas fa-caret-right\"><\/i><\/span>\n\t\t\t\t\t\t\t\t<span class=\"elementor-toggle-icon-opened\"><i class=\"elementor-toggle-icon-opened fas fa-caret-up\"><\/i><\/span>\n\t\t\t\t\t\t\t\t\t\t\t\t\t<\/span>\n\t\t\t\t\t\t\t\t\t\t\t\t<a class=\"elementor-toggle-title\" tabindex=\"0\">La d\u00e9signation d'un bien immobilier est-elle payante ? <\/a>\n\t\t\t\t\t<\/div>\n\n\t\t\t\t\t<div id=\"elementor-tab-content-2163\" class=\"elementor-tab-content elementor-clearfix\" data-tab=\"3\" role=\"region\" aria-labelledby=\"elementor-tab-title-2163\"><p>Non, seulement si le bien est lou\u00e9 ou achet\u00e9.<\/p><\/div>\n\t\t\t\t<\/div>\n\t\t\t\t\t\t\t<div class=\"elementor-toggle-item\">\n\t\t\t\t\t<div id=\"elementor-tab-title-2164\" class=\"elementor-tab-title\" data-tab=\"4\" role=\"button\" aria-controls=\"elementor-tab-content-2164\" aria-expanded=\"false\">\n\t\t\t\t\t\t\t\t\t\t\t\t<span class=\"elementor-toggle-icon elementor-toggle-icon-left\" aria-hidden=\"true\">\n\t\t\t\t\t\t\t\t\t\t\t\t\t\t\t<span class=\"elementor-toggle-icon-closed\"><i class=\"fas fa-caret-right\"><\/i><\/span>\n\t\t\t\t\t\t\t\t<span class=\"elementor-toggle-icon-opened\"><i class=\"elementor-toggle-icon-opened fas fa-caret-up\"><\/i><\/span>\n\t\t\t\t\t\t\t\t\t\t\t\t\t<\/span>\n\t\t\t\t\t\t\t\t\t\t\t\t<a class=\"elementor-toggle-title\" tabindex=\"0\">Rencontres - temps <\/a>\n\t\t\t\t\t<\/div>\n\n\t\t\t\t\t<div id=\"elementor-tab-content-2164\" class=\"elementor-tab-content elementor-clearfix\" data-tab=\"4\" role=\"region\" aria-labelledby=\"elementor-tab-title-2164\"><div class=\"form-textarea resizable textarea-processed\"><div>Veuillez avoir\u00a0<span class=\"googie_link\">Voir<\/span>\u00a0Les\u00a0<span class=\"googie_link\">itin\u00e9raire<\/span>\u00a0que vous devez suivre pour \u00eatre \u00e0 l'heure \u00e0 votre rendez-vous. Dans le cas o\u00f9 vous savez\u00a0<span class=\"googie_link\">que<\/span>\u00a0vous serez en retard ou devrez annuler un rendez-vous\u00a0<span class=\"googie_link\">faire<\/span>\u00a0le plus t\u00f4t possible.<\/div><\/div><\/div>\n\t\t\t\t<\/div>\n\t\t\t\t\t\t\t<div class=\"elementor-toggle-item\">\n\t\t\t\t\t<div id=\"elementor-tab-title-2165\" class=\"elementor-tab-title\" data-tab=\"5\" role=\"button\" aria-controls=\"elementor-tab-content-2165\" aria-expanded=\"false\">\n\t\t\t\t\t\t\t\t\t\t\t\t<span class=\"elementor-toggle-icon elementor-toggle-icon-left\" aria-hidden=\"true\">\n\t\t\t\t\t\t\t\t\t\t\t\t\t\t\t<span class=\"elementor-toggle-icon-closed\"><i class=\"fas fa-caret-right\"><\/i><\/span>\n\t\t\t\t\t\t\t\t<span class=\"elementor-toggle-icon-opened\"><i class=\"elementor-toggle-icon-opened fas fa-caret-up\"><\/i><\/span>\n\t\t\t\t\t\t\t\t\t\t\t\t\t<\/span>\n\t\t\t\t\t\t\t\t\t\t\t\t<a class=\"elementor-toggle-title\" tabindex=\"0\">N\u00e9gociation - Cl\u00f4ture<\/a>\n\t\t\t\t\t<\/div>\n\n\t\t\t\t\t<div id=\"elementor-tab-content-2165\" class=\"elementor-tab-content elementor-clearfix\" data-tab=\"5\" role=\"region\" aria-labelledby=\"elementor-tab-title-2165\"><div class=\"form-textarea resizable textarea-processed\"><div><div class=\"form-textarea resizable textarea-processed\"><div>J'ai aim\u00e9 la propri\u00e9t\u00e9 et je veux\u00a0<span class=\"googie_link\">Entrer<\/span>\u00a0\u00e0\u00a0<span class=\"googie_link\">Proc\u00e9dure<\/span> <span class=\"googie_link\">n\u00e9gociation<\/span> <span class=\"googie_link\">imm\u00e9diatement<\/span>! Si vous souhaitez faire une offre ou conclure une transaction, veuillez le faire par l'interm\u00e9diaire de votre conseiller. Souvent, une n\u00e9gociation directe avec le propri\u00e9taire n'aboutit pas au r\u00e9sultat escompt\u00e9, car nous ne connaissons pas nos besoins et nos objectifs respectifs.<\/div><\/div><\/div><\/div><\/div>\n\t\t\t\t<\/div>\n\t\t\t\t\t\t\t\t<\/div>\n\t\t\t\t\t\t<\/div>\n\t\t\t\t<\/div>\n\t\t\t\t\t<\/div>\n\t\t<\/div>\n\t\t\t\t<div class=\"elementor-column elementor-col-33 elementor-top-column elementor-element elementor-element-3e97f8c\" data-id=\"3e97f8c\" data-element_type=\"column\" data-e-type=\"column\">\n\t\t\t<div class=\"elementor-widget-wrap\">\n\t\t\t\t\t\t\t<\/div>\n\t\t<\/div>\n\t\t\t\t\t<\/div>\n\t\t<\/section>\n\t\t\t\t<section class=\"elementor-section elementor-top-section elementor-element elementor-element-1f2bd62 elementor-section-boxed elementor-section-height-default elementor-section-height-default\" data-id=\"1f2bd62\" data-element_type=\"section\" data-e-type=\"section\">\n\t\t\t\t\t\t<div class=\"elementor-container elementor-column-gap-default\">\n\t\t\t\t\t<div class=\"elementor-column elementor-col-33 elementor-top-column elementor-element elementor-element-459e432\" data-id=\"459e432\" data-element_type=\"column\" data-e-type=\"column\">\n\t\t\t<div class=\"elementor-widget-wrap\">\n\t\t\t\t\t\t\t<\/div>\n\t\t<\/div>\n\t\t\t\t<div class=\"elementor-column elementor-col-33 elementor-top-column elementor-element elementor-element-7db42b2\" data-id=\"7db42b2\" data-element_type=\"column\" data-e-type=\"column\">\n\t\t\t<div class=\"elementor-widget-wrap elementor-element-populated\">\n\t\t\t\t\t\t<div class=\"elementor-element elementor-element-3f8c62a elementor-widget elementor-widget-heading\" data-id=\"3f8c62a\" data-element_type=\"widget\" data-e-type=\"widget\" data-widget_type=\"heading.default\">\n\t\t\t\t<div class=\"elementor-widget-container\">\n\t\t\t\t\t<h2 class=\"elementor-heading-title elementor-size-default\">N'oubliez pas que les conseillers immobiliers d'ELITE ont l'exp\u00e9rience et la formation n\u00e9cessaires pour chaque n\u00e9gociation afin de vous mener au r\u00e9sultat souhait\u00e9.<\/h2>\t\t\t\t<\/div>\n\t\t\t\t<\/div>\n\t\t\t\t\t<\/div>\n\t\t<\/div>\n\t\t\t\t<div class=\"elementor-column elementor-col-33 elementor-top-column elementor-element elementor-element-b685625\" data-id=\"b685625\" data-element_type=\"column\" data-e-type=\"column\">\n\t\t\t<div class=\"elementor-widget-wrap\">\n\t\t\t\t\t\t\t<\/div>\n\t\t<\/div>\n\t\t\t\t\t<\/div>\n\t\t<\/section>\n\t\t\t\t<\/div>","protected":false},"excerpt":{"rendered":"<p>Elite Real Estate | \u03a5\u03c0\u03cc\u03b4\u03b5\u03b9\u03be\u03b7 \u0391\u03ba\u03b9\u03bd\u03ae\u03c4\u03bf\u03c5 \u03a0\u03b1\u03c1\u03b1\u03ba\u03b1\u03bb\u03ce \u03b4\u03b9\u03b1\u03b2\u03ac\u03c3\u03c4\u03b5 \u03c3\u03cd\u03bd\u03c4\u03bf\u03bc\u03b5\u03c2 \u03b1\u03c0\u03b1\u03bd\u03c4\u03ae\u03c3\u03b5\u03b9\u03c2 \u03c3\u03b5 \u03b5\u03c1\u03c9\u03c4\u03ae\u03c3\u03b5\u03b9\u03c2 \u03c0\u03c1\u03b9\u03bd \u03c4\u03b7\u03bd \u03b4\u03b9\u03b1\u03b4\u03b9\u03ba\u03b1\u03c3\u03af\u03b1 \u03c5\u03c0\u03cc\u03b4\u03b5\u03b9\u03be\u03b7\u03c2 \u03b1\u03ba\u03b9\u03bd\u03ae\u03c4\u03bf\u03c5 \u039c\u03cc\u03bb\u03b9\u03c2 \u03ba\u03bb\u03b5\u03af\u03c3\u03b1\u03c4\u03b5 \u03c1\u03b1\u03bd\u03c4\u03b5\u03b2\u03bf\u03cd \u03b3\u03b9\u03b1 \u03bd\u03b1 \u03b4\u03b5\u03af\u03c4\u03b5 \u03c4\u03bf \u03bd\u03ad\u03bf \u03c3\u03b1\u03c2 \u03b1\u03ba\u03af\u03bd\u03b7\u03c4\u03bf \u03c0\u03c1\u03bf\u03c2 \u03b1\u03b3\u03bf\u03c1\u03ac \u03ae \u03b5\u03bd\u03bf\u03b9\u03ba\u03af\u03b1\u03c3\u03b7! \u03a0\u03b1\u03c1\u03b1\u03ba\u03ac\u03c4\u03c9 \u03bc\u03b5\u03c1\u03b9\u03ba\u03ad\u03c2 \u03b5\u03c1\u03c9\u03c4\u03ae\u03c3\u03b5\u03b9\u03c2 \u03ba\u03b1\u03b9 \u03b1\u03c0\u03b1\u03bd\u03c4\u03ae\u03c3\u03b5\u03b9\u03c2 \u03b3\u03b9\u03b1 \u03c4\u03b7\u03bd \u03ba\u03b1\u03bb\u03cd\u03c4\u03b5\u03c1\u03b7 \u03c3\u03c5\u03bd\u03b5\u03c1\u03b3\u03b1\u03c3\u03af\u03b1 \u03bc\u03b1\u03c2 \u03ba\u03b1\u03b9 \u03ba\u03b1\u03c4\u03b1\u03bd\u03cc\u03b7\u03c3\u03b7 \u03c4\u03b7\u03c2 \u03b4\u03b9\u03b1\u03b4\u03b9\u03ba\u03b1\u03c3\u03af\u03b1\u03c2 \u03c5\u03c0\u03cc\u03b4\u03b5\u03b9\u03be\u03b7\u03c2 \u03ba\u03b1\u03b9 \u03b4\u03b9\u03b1\u03c0\u03c1\u03b1\u03b3\u03bc\u03ac\u03c4\u03b5\u03c5\u03c3\u03b7\u03c2 \u03ba\u03bb\u03b5\u03b9\u03c3\u03af\u03bc\u03b1\u03c4\u03bf\u03c2. F.A.Q \u03a1\u03b1\u03bd\u03c4\u03b5\u03b2\u03bf\u03cd &#8211; \u0388\u03b3\u03b3\u03c1\u03b1\u03c6\u03b1 \u03c4\u03b1\u03c5\u03c4\u03bf\u03c0\u03c1\u03bf\u03c3\u03c9\u03c0\u03af\u03b1\u03c2 \u03a3\u03b5 &hellip;<\/p>\n<p class=\"read-more\"> <a class=\"\" href=\"https:\/\/www.eliterealestate.gr\/fr\/ypodeiksi\/\"> <span class=\"screen-reader-text\">Suggestion de propri\u00e9t\u00e9 - ELITE REAL ESTATE<\/span> Lire plus \"<\/a><\/p>","protected":false},"author":1,"featured_media":6048,"parent":0,"menu_order":0,"comment_status":"closed","ping_status":"closed","template":"","meta":{"footnotes":""},"categories":[],"tags":[456,455],"location":[],"rentsale":[],"property_type":[],"class_list":["post-24725","page","type-page","status-publish","has-post-thumbnail","hentry","tag-456","tag-455"],"_links":{"self":[{"href":"https:\/\/www.eliterealestate.gr\/fr\/wp-json\/wp\/v2\/pages\/24725","targetHints":{"allow":["GET"]}}],"collection":[{"href":"https:\/\/www.eliterealestate.gr\/fr\/wp-json\/wp\/v2\/pages"}],"about":[{"href":"https:\/\/www.eliterealestate.gr\/fr\/wp-json\/wp\/v2\/types\/page"}],"author":[{"embeddable":true,"href":"https:\/\/www.eliterealestate.gr\/fr\/wp-json\/wp\/v2\/users\/1"}],"replies":[{"embeddable":true,"href":"https:\/\/www.eliterealestate.gr\/fr\/wp-json\/wp\/v2\/comments?post=24725"}],"version-history":[{"count":0,"href":"https:\/\/www.eliterealestate.gr\/fr\/wp-json\/wp\/v2\/pages\/24725\/revisions"}],"wp:featuredmedia":[{"embeddable":true,"href":"https:\/\/www.eliterealestate.gr\/fr\/wp-json\/wp\/v2\/media\/6048"}],"wp:attachment":[{"href":"https:\/\/www.eliterealestate.gr\/fr\/wp-json\/wp\/v2\/media?parent=24725"}],"wp:term":[{"taxonomy":"category","embeddable":true,"href":"https:\/\/www.eliterealestate.gr\/fr\/wp-json\/wp\/v2\/categories?post=24725"},{"taxonomy":"post_tag","embeddable":true,"href":"https:\/\/www.eliterealestate.gr\/fr\/wp-json\/wp\/v2\/tags?post=24725"},{"taxonomy":"location","embeddable":true,"href":"https:\/\/www.eliterealestate.gr\/fr\/wp-json\/wp\/v2\/location?post=24725"},{"taxonomy":"rentsale","embeddable":true,"href":"https:\/\/www.eliterealestate.gr\/fr\/wp-json\/wp\/v2\/rentsale?post=24725"},{"taxonomy":"property_type","embeddable":true,"href":"https:\/\/www.eliterealestate.gr\/fr\/wp-json\/wp\/v2\/property_type?post=24725"}],"curies":[{"name":"wp","href":"https:\/\/api.w.org\/{rel}","templated":true}]}}