{"id":24371,"date":"2023-12-23T10:46:31","date_gmt":"2023-12-23T08:46:31","guid":{"rendered":"https:\/\/www.eliterealestate.gr\/?page_id=24371"},"modified":"2025-04-07T10:42:56","modified_gmt":"2025-04-07T08:42:56","slug":"etairiki-koinoniki-efthini","status":"publish","type":"page","link":"https:\/\/www.eliterealestate.gr\/fr\/etairiki-koinoniki-efthini\/","title":{"rendered":"Responsabilit\u00e9 sociale des entreprises"},"content":{"rendered":"<div data-elementor-type=\"wp-page\" data-elementor-id=\"24371\" class=\"elementor elementor-24371\" data-elementor-post-type=\"page\">\n\t\t\t\t\t\t<section class=\"elementor-section elementor-top-section elementor-element elementor-element-4f2e8d94 elementor-section-full_width elementor-section-height-min-height elementor-section-items-stretch elementor-section-content-bottom elementor-section-height-default\" data-id=\"4f2e8d94\" data-element_type=\"section\" data-e-type=\"section\">\n\t\t\t\t\t\t<div class=\"elementor-container elementor-column-gap-no\">\n\t\t\t\t\t<div class=\"elementor-column elementor-col-50 elementor-top-column elementor-element elementor-element-44d2787\" data-id=\"44d2787\" data-element_type=\"column\" data-e-type=\"column\" data-settings=\"{&quot;background_background&quot;:&quot;classic&quot;}\">\n\t\t\t<div class=\"elementor-widget-wrap elementor-element-populated\">\n\t\t\t\t\t\t<div class=\"elementor-element elementor-element-6db2687 elementor-widget elementor-widget-heading\" data-id=\"6db2687\" data-element_type=\"widget\" data-e-type=\"widget\" data-widget_type=\"heading.default\">\n\t\t\t\t<div class=\"elementor-widget-container\">\n\t\t\t\t\t<h1 class=\"elementor-heading-title elementor-size-default\"><strong>Responsabilit\u00e9 sociale des entreprises<\/strong><\/h1>\t\t\t\t<\/div>\n\t\t\t\t<\/div>\n\t\t\t\t<div class=\"elementor-element elementor-element-e3f13fd elementor-widget elementor-widget-heading\" data-id=\"e3f13fd\" data-element_type=\"widget\" data-e-type=\"widget\" data-widget_type=\"heading.default\">\n\t\t\t\t<div class=\"elementor-widget-container\">\n\t\t\t\t\t<h6 class=\"elementor-heading-title elementor-size-default\">\"Un foyer pour tous<\/h6>\t\t\t\t<\/div>\n\t\t\t\t<\/div>\n\t\t\t\t\t<\/div>\n\t\t<\/div>\n\t\t\t\t<div class=\"elementor-column elementor-col-50 elementor-top-column elementor-element elementor-element-4de02a3c\" data-id=\"4de02a3c\" data-element_type=\"column\" data-e-type=\"column\">\n\t\t\t<div class=\"elementor-widget-wrap elementor-element-populated\">\n\t\t\t\t\t\t<div class=\"elementor-element elementor-element-52ca8436 elementor-widget elementor-widget-image\" data-id=\"52ca8436\" data-element_type=\"widget\" data-e-type=\"widget\" data-widget_type=\"image.default\">\n\t\t\t\t<div class=\"elementor-widget-container\">\n\t\t\t\t\t\t\t\t\t\t\t\t\t\t\t<img fetchpriority=\"high\" decoding=\"async\" width=\"800\" height=\"600\" src=\"https:\/\/www.eliterealestate.gr\/wp-content\/uploads\/2023\/12\/\u03a0\u03b1\u03b9\u03b4\u03b9\u03ba\u03ac-\u03a7\u03c9\u03c1\u03b9\u03ac-SOS.jpg\" class=\"attachment-full size-full wp-image-24383\" alt=\"\" srcset=\"https:\/\/www.eliterealestate.gr\/wp-content\/uploads\/2023\/12\/\u03a0\u03b1\u03b9\u03b4\u03b9\u03ba\u03ac-\u03a7\u03c9\u03c1\u03b9\u03ac-SOS.jpg 800w, https:\/\/www.eliterealestate.gr\/wp-content\/uploads\/2023\/12\/\u03a0\u03b1\u03b9\u03b4\u03b9\u03ba\u03ac-\u03a7\u03c9\u03c1\u03b9\u03ac-SOS-300x225.jpg 300w, https:\/\/www.eliterealestate.gr\/wp-content\/uploads\/2023\/12\/\u03a0\u03b1\u03b9\u03b4\u03b9\u03ba\u03ac-\u03a7\u03c9\u03c1\u03b9\u03ac-SOS-768x576.jpg 768w, https:\/\/www.eliterealestate.gr\/wp-content\/uploads\/2023\/12\/\u03a0\u03b1\u03b9\u03b4\u03b9\u03ba\u03ac-\u03a7\u03c9\u03c1\u03b9\u03ac-SOS-16x12.jpg 16w\" sizes=\"(max-width: 800px) 100vw, 800px\" title=\"\">\t\t\t\t\t\t\t\t\t\t\t\t\t\t\t<\/div>\n\t\t\t\t<\/div>\n\t\t\t\t\t<\/div>\n\t\t<\/div>\n\t\t\t\t\t<\/div>\n\t\t<\/section>\n\t\t\t\t<section class=\"elementor-section elementor-top-section elementor-element elementor-element-57c194c0 elementor-section-full_width elementor-section-height-default elementor-section-height-default\" data-id=\"57c194c0\" data-element_type=\"section\" data-e-type=\"section\">\n\t\t\t\t\t\t<div class=\"elementor-container elementor-column-gap-no\">\n\t\t\t\t\t<div class=\"elementor-column elementor-col-100 elementor-top-column elementor-element elementor-element-586cef97\" data-id=\"586cef97\" data-element_type=\"column\" data-e-type=\"column\">\n\t\t\t<div class=\"elementor-widget-wrap elementor-element-populated\">\n\t\t\t\t\t\t\t<\/div>\n\t\t<\/div>\n\t\t\t\t\t<\/div>\n\t\t<\/section>\n\t\t\t\t<section class=\"elementor-section elementor-top-section elementor-element elementor-element-6a49e86c elementor-section-full_width elementor-section-height-default elementor-section-height-default\" data-id=\"6a49e86c\" data-element_type=\"section\" data-e-type=\"section\">\n\t\t\t\t\t\t<div class=\"elementor-container elementor-column-gap-no\">\n\t\t\t\t\t<div class=\"elementor-column elementor-col-100 elementor-top-column elementor-element elementor-element-60514729\" data-id=\"60514729\" data-element_type=\"column\" data-e-type=\"column\">\n\t\t\t<div class=\"elementor-widget-wrap elementor-element-populated\">\n\t\t\t\t\t\t<div class=\"elementor-element elementor-element-7a1ed601 elementor-widget elementor-widget-heading\" data-id=\"7a1ed601\" data-element_type=\"widget\" data-e-type=\"widget\" data-widget_type=\"heading.default\">\n\t\t\t\t<div class=\"elementor-widget-container\">\n\t\t\t\t\t<h2 class=\"elementor-heading-title elementor-size-default\">Ce que nous faisons<\/h2>\t\t\t\t<\/div>\n\t\t\t\t<\/div>\n\t\t\t\t<div class=\"elementor-element elementor-element-4e6ac600 elementor-widget elementor-widget-text-editor\" data-id=\"4e6ac600\" data-element_type=\"widget\" data-e-type=\"widget\" data-widget_type=\"text-editor.default\">\n\t\t\t\t<div class=\"elementor-widget-container\">\n\t\t\t\t\t\t\t\t\t<div class=\"article-details clearfix\"><div class=\"post-details clearfix\"><div class=\"post-content clearfix\"><p class=\"translation-block\">L'agence immobili\u00e8re <strong>ELITE REAL ESTATE<\/strong>, propose son aide et contribue \u00e0 sa mani\u00e8re \u00e0 la poursuite de l'action de <strong>PARENTAL SOS.<\/strong>.<\/p><p>En faisant votre achat par l'interm\u00e9diaire de notre agence immobili\u00e8re, vous mettez \u00e9galement votre pierre \u00e0 l'\u00e9difice en soutenant leur travail afin qu'ils puissent continuer \u00e0 offrir aide et soutien aux enfants et aux familles dans le besoin.<\/p><p class=\"translation-block\">A la fin du contrat, le montant total de 50 euros sera d\u00e9pos\u00e9 par l'agence immobili\u00e8re sur le compte de <strong>PARENTAL HOMELANDS SOS<\/strong> en tant qu'offre d'\u00e9chantillon, faisant ainsi de vous une aide dans ce projet.<\/p><p class=\"translation-block\">Sans aucun frais, vous aidez le travail de <strong>PARADISE SOS<\/strong> \u00e0 continuer et ELITE REAL ESTATE non seulement \u00e0 rester fid\u00e8le \u00e0 ses valeurs et id\u00e9aux, mais \u00e0 continuer \u00e0 v\u00e9hiculer et transmettre le vrai sens de sa responsabilit\u00e9 d'entreprise pour le programme que nous suivons \"un foyer pour tous\".<\/p><p>La donation \u00e0 votre nom, qui sera faite \u00e0 parts \u00e9gales par l'acheteur et le vendeur, sera certifi\u00e9e et prouv\u00e9e par la lettre de remerciement que vous recevrez de SOS CHILDREN'S AREAS, avec la donation de 25 euros d\u00e9pos\u00e9e \u00e0 votre nom.<\/p><p><strong>Soutenez-nous afin que nous puissions continuer \u00e0 offrir ce en quoi nous croyons : \"un foyer pour tous\".<\/strong><\/p><\/div><\/div><\/div>\t\t\t\t\t\t\t\t<\/div>\n\t\t\t\t<\/div>\n\t\t\t\t\t<\/div>\n\t\t<\/div>\n\t\t\t\t\t<\/div>\n\t\t<\/section>\n\t\t\t\t<section class=\"elementor-section elementor-top-section elementor-element elementor-element-2d9d54b7 elementor-section-boxed elementor-section-height-default elementor-section-height-default\" data-id=\"2d9d54b7\" data-element_type=\"section\" data-e-type=\"section\">\n\t\t\t\t\t\t<div class=\"elementor-container elementor-column-gap-default\">\n\t\t\t\t\t<div class=\"elementor-column elementor-col-100 elementor-top-column elementor-element elementor-element-1dd6e862\" data-id=\"1dd6e862\" data-element_type=\"column\" data-e-type=\"column\">\n\t\t\t<div class=\"elementor-widget-wrap elementor-element-populated\">\n\t\t\t\t\t\t<div class=\"elementor-element elementor-element-a59e288 elementor-widget__width-auto elementor-absolute elementor-view-default elementor-widget elementor-widget-icon\" data-id=\"a59e288\" data-element_type=\"widget\" data-e-type=\"widget\" data-settings=\"{&quot;_position&quot;:&quot;absolute&quot;}\" data-widget_type=\"icon.default\">\n\t\t\t\t<div class=\"elementor-widget-container\">\n\t\t\t\t\t\t\t<div class=\"elementor-icon-wrapper\">\n\t\t\t<div class=\"elementor-icon\">\n\t\t\t<svg xmlns=\"http:\/\/www.w3.org\/2000\/svg\" id=\"ac939f18-d8bf-4e82-b776-4e3a06b99f10\" data-name=\"Layer 1\" width=\"161.1328\" height=\"152.6367\" viewbox=\"0 0 161.1328 152.6367\"><path d=\"M.8672,64.2305H32.8008q1.4647,12.3046-2.6367,29.0039Q22.84,121.3594.8672,125.4609V153q33.6914-4.6875,48.0469-31.7871T63.27,59.25V.3633H.8672Z\" transform=\"translate(-0.8672 -0.3633)\"><\/path><path d=\"M99.3047.3633V64.2305h31.9336q1.1718,12.3046-2.93,29.0039-7.0313,28.125-29.0039,32.2265V153q33.9843-4.1016,48.34-31.4941T162,59.25V.3633Z\" transform=\"translate(-0.8672 -0.3633)\"><\/path><\/svg>\t\t\t<\/div>\n\t\t<\/div>\n\t\t\t\t\t\t<\/div>\n\t\t\t\t<\/div>\n\t\t\t\t<div class=\"elementor-element elementor-element-330d86e7 elementor-blockquote--skin-clean elementor-blockquote--align-center elementor-widget elementor-widget-blockquote\" data-id=\"330d86e7\" data-element_type=\"widget\" data-e-type=\"widget\" data-widget_type=\"blockquote.default\">\n\t\t\t\t<div class=\"elementor-widget-container\">\n\t\t\t\t\t\t\t<blockquote class=\"elementor-blockquote\">\n\t\t\t<p class=\"elementor-blockquote__content\">\n\t\t\t\tAidez-nous \u00e0 faire en sorte que chaque enfant b\u00e9n\u00e9ficie de la chaleur familiale et des soins dont il a besoin.\t\t\t<\/p>\n\t\t\t\t\t\t\t<div class=\"e-q-footer\">\n\t\t\t\t\t\t\t\t\t\t\t<cite class=\"elementor-blockquote__author\">-- une maison pour tous<\/cite>\n\t\t\t\t\t\t\t\t\t\t\t\t\t\t<\/div>\n\t\t\t\t\t<\/blockquote>\n\t\t\t\t\t\t<\/div>\n\t\t\t\t<\/div>\n\t\t\t\t\t<\/div>\n\t\t<\/div>\n\t\t\t\t\t<\/div>\n\t\t<\/section>\n\t\t\t\t<\/div>","protected":false},"excerpt":{"rendered":"<p>Responsabilit\u00e9 sociale de l'entreprise \"un foyer pour tous\" Ce que nous faisons L'agence immobili\u00e8re ELITE REAL ESTATE, offre son aide et contribue \u00e0 sa mani\u00e8re \u00e0 la poursuite du travail des SOS CHILDREN'S ROOMS. En effectuant votre achat par l'interm\u00e9diaire de notre agence immobili\u00e8re, vous mettez \u00e9galement votre pierre \u00e0 l'\u00e9difice en soutenant leur travail afin qu'ils puissent ...<\/p>\n<p class=\"read-more\"> <a class=\"\" href=\"https:\/\/www.eliterealestate.gr\/fr\/etairiki-koinoniki-efthini\/\"> <span class=\"screen-reader-text\">Responsabilit\u00e9 sociale des entreprises<\/span> Lire plus \"<\/a><\/p>","protected":false},"author":1,"featured_media":0,"parent":0,"menu_order":0,"comment_status":"closed","ping_status":"closed","template":"elementor_header_footer","meta":{"footnotes":""},"categories":[91],"tags":[],"location":[],"rentsale":[],"property_type":[],"class_list":["post-24371","page","type-page","status-publish","hentry","category-press"],"_links":{"self":[{"href":"https:\/\/www.eliterealestate.gr\/fr\/wp-json\/wp\/v2\/pages\/24371","targetHints":{"allow":["GET"]}}],"collection":[{"href":"https:\/\/www.eliterealestate.gr\/fr\/wp-json\/wp\/v2\/pages"}],"about":[{"href":"https:\/\/www.eliterealestate.gr\/fr\/wp-json\/wp\/v2\/types\/page"}],"author":[{"embeddable":true,"href":"https:\/\/www.eliterealestate.gr\/fr\/wp-json\/wp\/v2\/users\/1"}],"replies":[{"embeddable":true,"href":"https:\/\/www.eliterealestate.gr\/fr\/wp-json\/wp\/v2\/comments?post=24371"}],"version-history":[{"count":0,"href":"https:\/\/www.eliterealestate.gr\/fr\/wp-json\/wp\/v2\/pages\/24371\/revisions"}],"wp:attachment":[{"href":"https:\/\/www.eliterealestate.gr\/fr\/wp-json\/wp\/v2\/media?parent=24371"}],"wp:term":[{"taxonomy":"category","embeddable":true,"href":"https:\/\/www.eliterealestate.gr\/fr\/wp-json\/wp\/v2\/categories?post=24371"},{"taxonomy":"post_tag","embeddable":true,"href":"https:\/\/www.eliterealestate.gr\/fr\/wp-json\/wp\/v2\/tags?post=24371"},{"taxonomy":"location","embeddable":true,"href":"https:\/\/www.eliterealestate.gr\/fr\/wp-json\/wp\/v2\/location?post=24371"},{"taxonomy":"rentsale","embeddable":true,"href":"https:\/\/www.eliterealestate.gr\/fr\/wp-json\/wp\/v2\/rentsale?post=24371"},{"taxonomy":"property_type","embeddable":true,"href":"https:\/\/www.eliterealestate.gr\/fr\/wp-json\/wp\/v2\/property_type?post=24371"}],"curies":[{"name":"wp","href":"https:\/\/api.w.org\/{rel}","templated":true}]}}