{"id":16100,"date":"2022-12-21T17:12:41","date_gmt":"2022-12-21T15:12:41","guid":{"rendered":"https:\/\/www.eliterealestate.gr\/?page_id=16100"},"modified":"2023-05-23T17:34:14","modified_gmt":"2023-05-23T15:34:14","slug":"paralia-ammoudi-vasilitsi-ellada","status":"publish","type":"page","link":"https:\/\/www.eliterealestate.gr\/fr\/paralia-ammoudi-vasilitsi-ellada\/","title":{"rendered":"Plage d'Ammoudi (Vasilitsi, Gr\u00e8ce) | 2023"},"content":{"rendered":"<div data-elementor-type=\"wp-page\" data-elementor-id=\"16100\" class=\"elementor elementor-16100\" data-elementor-post-type=\"page\">\n\t\t\t\t\t\t<section class=\"elementor-section elementor-top-section elementor-element elementor-element-fcd7cc0 elementor-section-boxed elementor-section-height-default elementor-section-height-default\" data-id=\"fcd7cc0\" data-element_type=\"section\" data-e-type=\"section\">\n\t\t\t\t\t\t<div class=\"elementor-container elementor-column-gap-default\">\n\t\t\t\t\t<div class=\"elementor-column elementor-col-100 elementor-top-column elementor-element elementor-element-22cfdd7\" data-id=\"22cfdd7\" data-element_type=\"column\" data-e-type=\"column\">\n\t\t\t<div class=\"elementor-widget-wrap elementor-element-populated\">\n\t\t\t\t\t\t<div class=\"elementor-element elementor-element-3ade9d2 elementor-widget elementor-widget-heading\" data-id=\"3ade9d2\" data-element_type=\"widget\" data-e-type=\"widget\" data-widget_type=\"heading.default\">\n\t\t\t\t<div class=\"elementor-widget-container\">\n\t\t\t\t\t<h1 class=\"elementor-heading-title elementor-size-default\">Plage d'Ammoudi, Vasilitsi, Gr\u00e8ce<\/h1>\t\t\t\t<\/div>\n\t\t\t\t<\/div>\n\t\t\t\t<div class=\"elementor-element elementor-element-e548409 elementor-widget elementor-widget-text-editor\" data-id=\"e548409\" data-element_type=\"widget\" data-e-type=\"widget\" data-widget_type=\"text-editor.default\">\n\t\t\t\t<div class=\"elementor-widget-container\">\n\t\t\t\t\t\t\t\t\t<p>D\u00e9couvrez des terrains et des maisons \u00e0 vendre pr\u00e8s de la magnifique plage d'Ammoudi.<\/p>\t\t\t\t\t\t\t\t<\/div>\n\t\t\t\t<\/div>\n\t\t\t\t<div class=\"elementor-element elementor-element-7be3dd4 elementor-widget elementor-widget-video\" data-id=\"7be3dd4\" data-element_type=\"widget\" data-e-type=\"widget\" data-settings=\"{&quot;youtube_url&quot;:&quot;https:\\\/\\\/youtu.be\\\/beEeW8D3uzs&quot;,&quot;autoplay&quot;:&quot;yes&quot;,&quot;video_type&quot;:&quot;youtube&quot;,&quot;controls&quot;:&quot;yes&quot;}\" data-widget_type=\"video.default\">\n\t\t\t\t<div class=\"elementor-widget-container\">\n\t\t\t\t\t\t\t<div class=\"elementor-wrapper elementor-open-inline\">\n\t\t\t<div class=\"elementor-video\"><\/div>\t\t<\/div>\n\t\t\t\t\t\t<\/div>\n\t\t\t\t<\/div>\n\t\t\t\t<div class=\"elementor-element elementor-element-cbf6412 elementor-widget elementor-widget-heading\" data-id=\"cbf6412\" data-element_type=\"widget\" data-e-type=\"widget\" data-widget_type=\"heading.default\">\n\t\t\t\t<div class=\"elementor-widget-container\">\n\t\t\t\t\t<h2 class=\"elementor-heading-title elementor-size-default\">Plage d'Ammoudi, Vasilitsi, Gr\u00e8ce<\/h2>\t\t\t\t<\/div>\n\t\t\t\t<\/div>\n\t\t\t\t<div class=\"elementor-element elementor-element-1306174 elementor-widget elementor-widget-text-editor\" data-id=\"1306174\" data-element_type=\"widget\" data-e-type=\"widget\" data-widget_type=\"text-editor.default\">\n\t\t\t\t<div class=\"elementor-widget-container\">\n\t\t\t\t\t\t\t\t\t<p>Pr\u00e9sentation : Elite Real Estate | D\u00e9cembre 2022<\/p>\t\t\t\t\t\t\t\t<\/div>\n\t\t\t\t<\/div>\n\t\t\t\t\t<\/div>\n\t\t<\/div>\n\t\t\t\t\t<\/div>\n\t\t<\/section>\n\t\t\t\t<section class=\"elementor-section elementor-top-section elementor-element elementor-element-be24258 elementor-section-boxed elementor-section-height-default elementor-section-height-default\" data-id=\"be24258\" data-element_type=\"section\" data-e-type=\"section\">\n\t\t\t\t\t\t<div class=\"elementor-container elementor-column-gap-default\">\n\t\t\t\t\t<div class=\"elementor-column elementor-col-100 elementor-top-column elementor-element elementor-element-30d82ea\" data-id=\"30d82ea\" data-element_type=\"column\" data-e-type=\"column\">\n\t\t\t<div class=\"elementor-widget-wrap elementor-element-populated\">\n\t\t\t\t\t\t<div class=\"elementor-element elementor-element-a799d13 elementor-widget elementor-widget-heading\" data-id=\"a799d13\" data-element_type=\"widget\" data-e-type=\"widget\" data-widget_type=\"heading.default\">\n\t\t\t\t<div class=\"elementor-widget-container\">\n\t\t\t\t\t<h2 class=\"elementor-heading-title elementor-size-default\">Vid\u00e9os d'Amoudi Faneromeni et de l'impressionnante grotte de la plage<\/h2>\t\t\t\t<\/div>\n\t\t\t\t<\/div>\n\t\t\t\t<div class=\"elementor-element elementor-element-1eb683f elementor-widget elementor-widget-text-editor\" data-id=\"1eb683f\" data-element_type=\"widget\" data-e-type=\"widget\" data-widget_type=\"text-editor.default\">\n\t\t\t\t<div class=\"elementor-widget-container\">\n\t\t\t\t\t\t\t\t\t<p class=\"translation-block\">La plage <em>amoudi<\/em> est situ\u00e9e en <em>Vasilitsi<\/em> Mess\u00e9nie, dans la r\u00e9gion de Faneromeni. Il s'agit d'une fantastique plage de sable bleu profond d'environ 500 m\u00e8tres. Vasilitsi, officiellement appel\u00e9e Vasilitsion, est une localit\u00e9 semi-montagneuse pr\u00e8s de Koroni et fait administrativement partie de la municipalit\u00e9 de Pylos - Nestoros, de l'unit\u00e9 r\u00e9gionale de Mess\u00e9nie. <a href=\"https:\/\/goo.gl\/maps\/vqDJW9s8jEEBrcRB6\" target=\"_blank\" rel=\"noopener\">Voir ici comment se rendre \u00e0 la plage d'Ammoudi<\/a><\/p>\t\t\t\t\t\t\t\t<\/div>\n\t\t\t\t<\/div>\n\t\t\t\t<div class=\"elementor-element elementor-element-b24678a elementor-widget-divider--view-line_icon elementor-view-default elementor-widget-divider--element-align-center elementor-widget elementor-widget-divider\" data-id=\"b24678a\" data-element_type=\"widget\" data-e-type=\"widget\" data-widget_type=\"divider.default\">\n\t\t\t\t<div class=\"elementor-widget-container\">\n\t\t\t\t\t\t\t<div class=\"elementor-divider\">\n\t\t\t<span class=\"elementor-divider-separator\">\n\t\t\t\t\t\t\t<div class=\"elementor-icon elementor-divider__element\">\n\t\t\t\t\t<svg xmlns=\"http:\/\/www.w3.org\/2000\/svg\" id=\"bddeae69-7af7-40d3-a252-d2be461fedc7\" data-name=\"Layer 1\" width=\"45\" height=\"12\" viewbox=\"0 0 45 12\"><rect width=\"45\" height=\"2\"><\/rect><rect y=\"10\" width=\"23\" height=\"2\"><\/rect><\/svg><\/div>\n\t\t\t\t\t\t<\/span>\n\t\t<\/div>\n\t\t\t\t\t\t<\/div>\n\t\t\t\t<\/div>\n\t\t\t\t<div class=\"elementor-element elementor-element-b0ccb82 elementor-widget elementor-widget-heading\" data-id=\"b0ccb82\" data-element_type=\"widget\" data-e-type=\"widget\" data-widget_type=\"heading.default\">\n\t\t\t\t<div class=\"elementor-widget-container\">\n\t\t\t\t\t<h3 class=\"elementor-heading-title elementor-size-default\">D\u00e9couvrez des terrains et des maisons \u00e0 vendre pr\u00e8s de la magnifique plage d'Ammoudi.<\/h3>\t\t\t\t<\/div>\n\t\t\t\t<\/div>\n\t\t\t\t\t<\/div>\n\t\t<\/div>\n\t\t\t\t\t<\/div>\n\t\t<\/section>\n\t\t\t\t<section class=\"elementor-section elementor-top-section elementor-element elementor-element-a1e2370 elementor-section-boxed elementor-section-height-default elementor-section-height-default\" data-id=\"a1e2370\" data-element_type=\"section\" data-e-type=\"section\">\n\t\t\t\t\t\t<div class=\"elementor-container elementor-column-gap-default\">\n\t\t\t\t\t<div class=\"elementor-column elementor-col-100 elementor-top-column elementor-element elementor-element-b82404b\" data-id=\"b82404b\" data-element_type=\"column\" data-e-type=\"column\">\n\t\t\t<div class=\"elementor-widget-wrap elementor-element-populated\">\n\t\t\t\t\t\t<div class=\"elementor-element elementor-element-9241770 elementor-grid-2 elementor-posts--align-left elementor-grid-tablet-2 elementor-grid-mobile-1 elementor-posts--thumbnail-top elementor-card-shadow-yes elementor-posts__hover-gradient elementor-widget elementor-widget-posts\" data-id=\"9241770\" data-element_type=\"widget\" data-e-type=\"widget\" data-settings=\"{&quot;cards_row_gap&quot;:{&quot;unit&quot;:&quot;px&quot;,&quot;size&quot;:10,&quot;sizes&quot;:[]},&quot;cards_columns&quot;:&quot;2&quot;,&quot;cards_columns_tablet&quot;:&quot;2&quot;,&quot;cards_columns_mobile&quot;:&quot;1&quot;,&quot;cards_row_gap_tablet&quot;:{&quot;unit&quot;:&quot;px&quot;,&quot;size&quot;:&quot;&quot;,&quot;sizes&quot;:[]},&quot;cards_row_gap_mobile&quot;:{&quot;unit&quot;:&quot;px&quot;,&quot;size&quot;:&quot;&quot;,&quot;sizes&quot;:[]}}\" data-widget_type=\"posts.cards\">\n\t\t\t\t<div class=\"elementor-widget-container\">\n\t\t\t\t\t\t\t<div class=\"elementor-posts-container elementor-posts elementor-posts--skin-cards elementor-grid\" role=\"list\">\n\t\t\t\t<article class=\"elementor-post elementor-grid-item post-39812 page type-page status-publish has-post-thumbnail hentry category-64 tag-789 tag-for-sale tag-sea-view tag-191 tag-201 tag-791 tag-16 tag-790 location-74 rentsale-75 property_type-77\" role=\"listitem\">\n\t\t\t<div class=\"elementor-post__card\">\n\t\t\t\t<a class=\"elementor-post__thumbnail__link\" href=\"https:\/\/www.eliterealestate.gr\/fr\/for-sale-vasilitsi-koroni-house-2503\/\" tabindex=\"-1\"><div class=\"elementor-post__thumbnail\"><img fetchpriority=\"high\" decoding=\"async\" width=\"1024\" height=\"768\" src=\"https:\/\/www.eliterealestate.gr\/wp-content\/uploads\/2026\/05\/02-ERE_A03-1024x768.jpg\" class=\"attachment-large size-large wp-image-39784\" alt=\"\u00c0 VENDRE VASILITSI MAISON INDIVIDUELLE #2503\" srcset=\"https:\/\/www.eliterealestate.gr\/wp-content\/uploads\/2026\/05\/02-ERE_A03-1024x768.jpg 1024w, https:\/\/www.eliterealestate.gr\/wp-content\/uploads\/2026\/05\/02-ERE_A03-300x225.jpg 300w, https:\/\/www.eliterealestate.gr\/wp-content\/uploads\/2026\/05\/02-ERE_A03-768x576.jpg 768w, https:\/\/www.eliterealestate.gr\/wp-content\/uploads\/2026\/05\/02-ERE_A03-16x12.jpg 16w, https:\/\/www.eliterealestate.gr\/wp-content\/uploads\/2026\/05\/02-ERE_A03.jpg 1280w\" sizes=\"(max-width: 1024px) 100vw, 1024px\" title=\"\"><\/div><\/a>\n\t\t\t\t<div class=\"elementor-post__badge\">VENTE MAISON \u00c0 MESSINIA<\/div>\n\t\t\t\t<div class=\"elementor-post__text\">\n\t\t\t\t<h2 class=\"elementor-post__title\">\n\t\t\t<a href=\"https:\/\/www.eliterealestate.gr\/fr\/for-sale-vasilitsi-koroni-house-2503\/\">\n\t\t\t\tVente maison individuelle \u00e0 Vasilitsi - Koroni #2503\t\t\t<\/a>\n\t\t<\/h2>\n\t\t\t\t<div class=\"elementor-post__excerpt\">\n\t\t\t\t\t<\/div>\n\t\t\n\t\t<a class=\"elementor-post__read-more\" href=\"https:\/\/www.eliterealestate.gr\/fr\/for-sale-vasilitsi-koroni-house-2503\/\" aria-label=\"En savoir plus sur \u03a0\u03ce\u03bb\u03b7\u03c3\u03b7 \u03bc\u03bf\u03bd\u03bf\u03ba\u03b1\u03c4\u03bf\u03b9\u03ba\u03af\u03b1 \u0392\u03b1\u03c3\u03b9\u03bb\u03af\u03c4\u03c3\u03b9 &#8211; \u039a\u03bf\u03c1\u03ce\u03bd\u03b7 #2503\" tabindex=\"-1\">\n\t\t\tVoir la pr\u00e9sentation d\u00e9taill\u00e9e\t\t<\/a>\n\n\t\t\t\t<\/div>\n\t\t\t\t\t<\/div>\n\t\t<\/article>\n\t\t\t\t<article class=\"elementor-post elementor-grid-item post-23773 page type-page status-publish has-post-thumbnail hentry category-62 tag-580 tag-for-sale tag-land-for-sale tag-plot-for-sale tag-201 tag-19 tag-430 location-74 rentsale-75 property_type--4000--\" role=\"listitem\">\n\t\t\t<div class=\"elementor-post__card\">\n\t\t\t\t<a class=\"elementor-post__thumbnail__link\" href=\"https:\/\/www.eliterealestate.gr\/fr\/polisi-oikopedo-koroni-2272\/\" tabindex=\"-1\"><div class=\"elementor-post__thumbnail\"><img decoding=\"async\" width=\"1024\" height=\"768\" src=\"https:\/\/www.eliterealestate.gr\/wp-content\/uploads\/2023\/11\/02-ERE-2272-09-1024x768.jpg\" class=\"attachment-large size-large wp-image-23763\" alt=\"Vente, terrain \u00e0 Koroni Messinia #2272 | ELITE REAL ESTATE\" srcset=\"https:\/\/www.eliterealestate.gr\/wp-content\/uploads\/2023\/11\/02-ERE-2272-09-1024x768.jpg 1024w, https:\/\/www.eliterealestate.gr\/wp-content\/uploads\/2023\/11\/02-ERE-2272-09-300x225.jpg 300w, https:\/\/www.eliterealestate.gr\/wp-content\/uploads\/2023\/11\/02-ERE-2272-09-768x576.jpg 768w, https:\/\/www.eliterealestate.gr\/wp-content\/uploads\/2023\/11\/02-ERE-2272-09-16x12.jpg 16w, https:\/\/www.eliterealestate.gr\/wp-content\/uploads\/2023\/11\/02-ERE-2272-09.jpg 1280w\" sizes=\"(max-width: 1024px) 100vw, 1024px\" title=\"\"><\/div><\/a>\n\t\t\t\t<div class=\"elementor-post__badge\">VENTE TERRAIN MESSINIA<\/div>\n\t\t\t\t<div class=\"elementor-post__text\">\n\t\t\t\t<h2 class=\"elementor-post__title\">\n\t\t\t<a href=\"https:\/\/www.eliterealestate.gr\/fr\/polisi-oikopedo-koroni-2272\/\">\n\t\t\t\tVente place de parking Koroni ( Messinia ) #2272 | ELITE\t\t\t<\/a>\n\t\t<\/h2>\n\t\t\t\t<div class=\"elementor-post__excerpt\">\n\t\t\t\t\t<\/div>\n\t\t\n\t\t<a class=\"elementor-post__read-more\" href=\"https:\/\/www.eliterealestate.gr\/fr\/polisi-oikopedo-koroni-2272\/\" aria-label=\"En savoir plus sur S\u03bb\u03b7\u03c3\u03b7 parking Koroni ( Messinia ) #2272 | ELITE\" tabindex=\"-1\">\n\t\t\tVoir la pr\u00e9sentation d\u00e9taill\u00e9e\t\t<\/a>\n\n\t\t\t\t<\/div>\n\t\t\t\t\t<\/div>\n\t\t<\/article>\n\t\t\t\t<article class=\"elementor-post elementor-grid-item post-22119 page type-page status-publish has-post-thumbnail hentry category-62 tag-386 tag-for-sale tag-land-for-sale tag-plot-for-sale tag-194 tag-191 tag-19 tag-385 location-74 rentsale-75 property_type--4000--\" role=\"listitem\">\n\t\t\t<div class=\"elementor-post__card\">\n\t\t\t\t<a class=\"elementor-post__thumbnail__link\" href=\"https:\/\/www.eliterealestate.gr\/fr\/vasilitsi-polisi-oikopedo-2213\/\" tabindex=\"-1\"><div class=\"elementor-post__thumbnail\"><img decoding=\"async\" width=\"1024\" height=\"768\" src=\"https:\/\/www.eliterealestate.gr\/wp-content\/uploads\/2023\/09\/02-ERE-2213-02-1024x768.jpg\" class=\"attachment-large size-large wp-image-22110\" alt=\"Vasilitsi, terrain \u00e0 vendre #2213 | ELITE REAL ESTATE\" srcset=\"https:\/\/www.eliterealestate.gr\/wp-content\/uploads\/2023\/09\/02-ERE-2213-02-1024x768.jpg 1024w, https:\/\/www.eliterealestate.gr\/wp-content\/uploads\/2023\/09\/02-ERE-2213-02-300x225.jpg 300w, https:\/\/www.eliterealestate.gr\/wp-content\/uploads\/2023\/09\/02-ERE-2213-02-768x576.jpg 768w, https:\/\/www.eliterealestate.gr\/wp-content\/uploads\/2023\/09\/02-ERE-2213-02-16x12.jpg 16w, https:\/\/www.eliterealestate.gr\/wp-content\/uploads\/2023\/09\/02-ERE-2213-02.jpg 1200w\" sizes=\"(max-width: 1024px) 100vw, 1024px\" title=\"\"><\/div><\/a>\n\t\t\t\t<div class=\"elementor-post__badge\">VENTE TERRAIN MESSINIA<\/div>\n\t\t\t\t<div class=\"elementor-post__text\">\n\t\t\t\t<h2 class=\"elementor-post__title\">\n\t\t\t<a href=\"https:\/\/www.eliterealestate.gr\/fr\/vasilitsi-polisi-oikopedo-2213\/\">\n\t\t\t\tVasilitsi, terrain \u00e0 vendre, 538 sq.m | Property Code 2213 | ELITE\t\t\t<\/a>\n\t\t<\/h2>\n\t\t\t\t<div class=\"elementor-post__excerpt\">\n\t\t\t\t\t<\/div>\n\t\t\n\t\t<a class=\"elementor-post__read-more\" href=\"https:\/\/www.eliterealestate.gr\/fr\/vasilitsi-polisi-oikopedo-2213\/\" aria-label=\"En savoir plus sur Vassilitsi vente terrain 538 sq.m. | Property Code 2213 | ELITE\" tabindex=\"-1\">\n\t\t\tVoir la pr\u00e9sentation d\u00e9taill\u00e9e\t\t<\/a>\n\n\t\t\t\t<\/div>\n\t\t\t\t\t<\/div>\n\t\t<\/article>\n\t\t\t\t<article class=\"elementor-post elementor-grid-item post-20878 page type-page status-publish has-post-thumbnail hentry category-64 tag-352 tag-detached-house-vasilitsi tag-for-sale tag-353 tag-201 tag-16 tag-346 location-74 rentsale-75 property_type-77\" role=\"listitem\">\n\t\t\t<div class=\"elementor-post__card\">\n\t\t\t\t<a class=\"elementor-post__thumbnail__link\" href=\"https:\/\/www.eliterealestate.gr\/fr\/polisi-monokatoikia-vasilitsi-koroni-2224\/\" tabindex=\"-1\"><div class=\"elementor-post__thumbnail\"><img loading=\"lazy\" decoding=\"async\" width=\"1024\" height=\"768\" src=\"https:\/\/www.eliterealestate.gr\/wp-content\/uploads\/2023\/07\/polisi_oikopedo_koukouras-6-1024x768.jpg\" class=\"attachment-large size-large wp-image-20868\" alt=\"Vente Vasilitsi Koroni Maison sur un terrain #2224 | ELITE REAL ESTATE\" srcset=\"https:\/\/www.eliterealestate.gr\/wp-content\/uploads\/2023\/07\/polisi_oikopedo_koukouras-6-1024x768.jpg 1024w, https:\/\/www.eliterealestate.gr\/wp-content\/uploads\/2023\/07\/polisi_oikopedo_koukouras-6-300x225.jpg 300w, https:\/\/www.eliterealestate.gr\/wp-content\/uploads\/2023\/07\/polisi_oikopedo_koukouras-6-768x576.jpg 768w, https:\/\/www.eliterealestate.gr\/wp-content\/uploads\/2023\/07\/polisi_oikopedo_koukouras-6-16x12.jpg 16w, https:\/\/www.eliterealestate.gr\/wp-content\/uploads\/2023\/07\/polisi_oikopedo_koukouras-6.jpg 1200w\" sizes=\"(max-width: 1024px) 100vw, 1024px\" title=\"\"><\/div><\/a>\n\t\t\t\t<div class=\"elementor-post__badge\">VENTE MAISON \u00c0 MESSINIA<\/div>\n\t\t\t\t<div class=\"elementor-post__text\">\n\t\t\t\t<h2 class=\"elementor-post__title\">\n\t\t\t<a href=\"https:\/\/www.eliterealestate.gr\/fr\/polisi-monokatoikia-vasilitsi-koroni-2224\/\">\n\t\t\t\tVente, Maison individuelle \u00e0 Vasilitsi Koroni #2224 | ELITE\t\t\t<\/a>\n\t\t<\/h2>\n\t\t\t\t<div class=\"elementor-post__excerpt\">\n\t\t\t\t\t<\/div>\n\t\t\n\t\t<a class=\"elementor-post__read-more\" href=\"https:\/\/www.eliterealestate.gr\/fr\/polisi-monokatoikia-vasilitsi-koroni-2224\/\" aria-label=\"En savoir plus sur Vente, Maison individuelle \u00e0 Vasilitsi Koroni #2224 | ELITE\" tabindex=\"-1\">\n\t\t\tVoir la pr\u00e9sentation d\u00e9taill\u00e9e\t\t<\/a>\n\n\t\t\t\t<\/div>\n\t\t\t\t\t<\/div>\n\t\t<\/article>\n\t\t\t\t<article class=\"elementor-post elementor-grid-item post-20313 page type-page status-publish has-post-thumbnail hentry category-62 tag-ammoudi tag-for-sale tag-land-for-sale tag-plot-for-sale tag-vasilitsi tag-191 tag-19 location-74 rentsale-75 property_type--4000--\" role=\"listitem\">\n\t\t\t<div class=\"elementor-post__card\">\n\t\t\t\t<a class=\"elementor-post__thumbnail__link\" href=\"https:\/\/www.eliterealestate.gr\/fr\/polisi-koroni-vasiliti-2222\/\" tabindex=\"-1\"><div class=\"elementor-post__thumbnail\"><img loading=\"lazy\" decoding=\"async\" width=\"1024\" height=\"768\" src=\"https:\/\/www.eliterealestate.gr\/wp-content\/uploads\/2023\/06\/koroni_messinias_elite_2222-8-1024x768.jpg\" class=\"attachment-large size-large wp-image-20293\" alt=\"Vente terrain Koroni Messinia #2222 | ELITE REAL ESTATE\" srcset=\"https:\/\/www.eliterealestate.gr\/wp-content\/uploads\/2023\/06\/koroni_messinias_elite_2222-8-1024x768.jpg 1024w, https:\/\/www.eliterealestate.gr\/wp-content\/uploads\/2023\/06\/koroni_messinias_elite_2222-8-300x225.jpg 300w, https:\/\/www.eliterealestate.gr\/wp-content\/uploads\/2023\/06\/koroni_messinias_elite_2222-8-768x576.jpg 768w, https:\/\/www.eliterealestate.gr\/wp-content\/uploads\/2023\/06\/koroni_messinias_elite_2222-8-16x12.jpg 16w, https:\/\/www.eliterealestate.gr\/wp-content\/uploads\/2023\/06\/koroni_messinias_elite_2222-8.jpg 1200w\" sizes=\"(max-width: 1024px) 100vw, 1024px\" title=\"\"><\/div><\/a>\n\t\t\t\t<div class=\"elementor-post__badge\">VENTE TERRAIN MESSINIA<\/div>\n\t\t\t\t<div class=\"elementor-post__text\">\n\t\t\t\t<h2 class=\"elementor-post__title\">\n\t\t\t<a href=\"https:\/\/www.eliterealestate.gr\/fr\/polisi-koroni-vasiliti-2222\/\">\n\t\t\t\tVente, Vasilitsi Koroni (Kryoneri) 1930 sq.m. | Ref.No. 2222 | ELITE\t\t\t<\/a>\n\t\t<\/h2>\n\t\t\t\t<div class=\"elementor-post__excerpt\">\n\t\t\t\t\t<\/div>\n\t\t\n\t\t<a class=\"elementor-post__read-more\" href=\"https:\/\/www.eliterealestate.gr\/fr\/polisi-koroni-vasiliti-2222\/\" aria-label=\"En savoir plus sur Vente, Vassilitsi Koroni (Kryoneri) 1930 sq.m. | Ref.Code 2222 | ELITE\" tabindex=\"-1\">\n\t\t\tVoir la pr\u00e9sentation d\u00e9taill\u00e9e\t\t<\/a>\n\n\t\t\t\t<\/div>\n\t\t\t\t\t<\/div>\n\t\t<\/article>\n\t\t\t\t<\/div>\n\t\t\n\t\t\t\t\t\t<\/div>\n\t\t\t\t<\/div>\n\t\t\t\t\t<\/div>\n\t\t<\/div>\n\t\t\t\t\t<\/div>\n\t\t<\/section>\n\t\t\t\t<\/div>","protected":false},"excerpt":{"rendered":"<p>Ammoudi Beach, Vasilitsi, Gr\u00e8ce D\u00e9couvrez des terrains et des maisons \u00e0 vendre pr\u00e8s de la magnifique plage d'Ammoudi. https:\/\/youtu.be\/beEeW8D3uzs Ammoudi Beach, Vasilitsi, Gr\u00e8ce Pr\u00e9sentation : Elite Real Estate | D\u00e9cembre 2022 Vid\u00e9os d'Ammoudi Faneromeni et de l'impressionnante grotte de la plage La plage d'Ammoudi est situ\u00e9e \u00e0 Vasilitsi, en Mess\u00e9nie, dans la r\u00e9gion de Faneromeni. Il s'agit d'une fantastique plage de sable bleu profond d'environ ...<\/p>\n<p class=\"read-more\"> <a class=\"\" href=\"https:\/\/www.eliterealestate.gr\/fr\/polisi-koroni-vasiliti-2222\/\"> <span class=\"screen-reader-text\">Vente, Vasilitsi Koroni (Kryoneri) 1930 sq.m. | Ref.No. 2222 | ELITE<\/span> Lire plus \"<\/a><\/p>","protected":false},"author":1,"featured_media":16140,"parent":0,"menu_order":0,"comment_status":"closed","ping_status":"closed","template":"","meta":{"footnotes":""},"categories":[87],"tags":[189],"location":[],"rentsale":[],"property_type":[],"class_list":["post-16100","page","type-page","status-publish","has-post-thumbnail","hentry","category-87","tag-189"],"_links":{"self":[{"href":"https:\/\/www.eliterealestate.gr\/fr\/wp-json\/wp\/v2\/pages\/16100","targetHints":{"allow":["GET"]}}],"collection":[{"href":"https:\/\/www.eliterealestate.gr\/fr\/wp-json\/wp\/v2\/pages"}],"about":[{"href":"https:\/\/www.eliterealestate.gr\/fr\/wp-json\/wp\/v2\/types\/page"}],"author":[{"embeddable":true,"href":"https:\/\/www.eliterealestate.gr\/fr\/wp-json\/wp\/v2\/users\/1"}],"replies":[{"embeddable":true,"href":"https:\/\/www.eliterealestate.gr\/fr\/wp-json\/wp\/v2\/comments?post=16100"}],"version-history":[{"count":0,"href":"https:\/\/www.eliterealestate.gr\/fr\/wp-json\/wp\/v2\/pages\/16100\/revisions"}],"wp:featuredmedia":[{"embeddable":true,"href":"https:\/\/www.eliterealestate.gr\/fr\/wp-json\/wp\/v2\/media\/16140"}],"wp:attachment":[{"href":"https:\/\/www.eliterealestate.gr\/fr\/wp-json\/wp\/v2\/media?parent=16100"}],"wp:term":[{"taxonomy":"category","embeddable":true,"href":"https:\/\/www.eliterealestate.gr\/fr\/wp-json\/wp\/v2\/categories?post=16100"},{"taxonomy":"post_tag","embeddable":true,"href":"https:\/\/www.eliterealestate.gr\/fr\/wp-json\/wp\/v2\/tags?post=16100"},{"taxonomy":"location","embeddable":true,"href":"https:\/\/www.eliterealestate.gr\/fr\/wp-json\/wp\/v2\/location?post=16100"},{"taxonomy":"rentsale","embeddable":true,"href":"https:\/\/www.eliterealestate.gr\/fr\/wp-json\/wp\/v2\/rentsale?post=16100"},{"taxonomy":"property_type","embeddable":true,"href":"https:\/\/www.eliterealestate.gr\/fr\/wp-json\/wp\/v2\/property_type?post=16100"}],"curies":[{"name":"wp","href":"https:\/\/api.w.org\/{rel}","templated":true}]}}