{"id":12697,"date":"2022-07-12T12:13:46","date_gmt":"2022-07-12T10:13:46","guid":{"rendered":"https:\/\/www.eliterealestate.gr\/?page_id=12697"},"modified":"2025-03-30T07:54:19","modified_gmt":"2025-03-30T05:54:19","slug":"dpo","status":"publish","type":"page","link":"https:\/\/www.eliterealestate.gr\/fr\/dpo\/","title":{"rendered":"Protection des donn\u00e9es personnelles\ufffc"},"content":{"rendered":"<div data-elementor-type=\"wp-page\" data-elementor-id=\"12697\" class=\"elementor elementor-12697\" data-elementor-post-type=\"page\">\n\t\t\t\t\t\t<section class=\"elementor-section elementor-top-section elementor-element elementor-element-1dd9cd0d elementor-section-content-middle elementor-section-boxed elementor-section-height-default elementor-section-height-default\" data-id=\"1dd9cd0d\" data-element_type=\"section\" data-e-type=\"section\">\n\t\t\t\t\t\t<div class=\"elementor-container elementor-column-gap-no\">\n\t\t\t\t\t<div class=\"elementor-column elementor-col-50 elementor-top-column elementor-element elementor-element-786871e7\" data-id=\"786871e7\" data-element_type=\"column\" data-e-type=\"column\">\n\t\t\t<div class=\"elementor-widget-wrap elementor-element-populated\">\n\t\t\t\t\t\t<div class=\"elementor-element elementor-element-4c289276 elementor-widget-divider--view-line elementor-widget elementor-widget-divider\" data-id=\"4c289276\" data-element_type=\"widget\" data-e-type=\"widget\" data-widget_type=\"divider.default\">\n\t\t\t\t<div class=\"elementor-widget-container\">\n\t\t\t\t\t\t\t<div class=\"elementor-divider\">\n\t\t\t<span class=\"elementor-divider-separator\">\n\t\t\t\t\t\t<\/span>\n\t\t<\/div>\n\t\t\t\t\t\t<\/div>\n\t\t\t\t<\/div>\n\t\t\t\t<div class=\"elementor-element elementor-element-5f059ad elementor-widget elementor-widget-heading\" data-id=\"5f059ad\" data-element_type=\"widget\" data-e-type=\"widget\" data-widget_type=\"heading.default\">\n\t\t\t\t<div class=\"elementor-widget-container\">\n\t\t\t\t\t<h4 class=\"elementor-heading-title elementor-size-default\">Bienvenue \u00e0 ELITE Real Estate<\/h4>\t\t\t\t<\/div>\n\t\t\t\t<\/div>\n\t\t\t\t<div class=\"elementor-element elementor-element-fbe9b87 elementor-widget elementor-widget-text-editor\" data-id=\"fbe9b87\" data-element_type=\"widget\" data-e-type=\"widget\" data-widget_type=\"text-editor.default\">\n\t\t\t\t<div class=\"elementor-widget-container\">\n\t\t\t\t\t\t\t\t\t<p><a href=\"https:\/\/www.eliterealestate.gr\/fr\/dpo\/\"><strong>Protection des donn\u00e9es personnelles<\/strong><\/a><\/p>\t\t\t\t\t\t\t\t<\/div>\n\t\t\t\t<\/div>\n\t\t\t\t\t<\/div>\n\t\t<\/div>\n\t\t\t\t<div class=\"elementor-column elementor-col-50 elementor-top-column elementor-element elementor-element-2a11ef1a\" data-id=\"2a11ef1a\" data-element_type=\"column\" data-e-type=\"column\">\n\t\t\t<div class=\"elementor-widget-wrap elementor-element-populated\">\n\t\t\t\t\t\t<div class=\"elementor-element elementor-element-1e10c383 elementor-widget elementor-widget-text-editor\" data-id=\"1e10c383\" data-element_type=\"widget\" data-e-type=\"widget\" data-widget_type=\"text-editor.default\">\n\t\t\t\t<div class=\"elementor-widget-container\">\n\t\t\t\t\t\t\t\t\t<p>elirerealestate.gr est la propri\u00e9t\u00e9 de la soci\u00e9t\u00e9 \"ELITE REAL ESTATE O.E.\" avec le num\u00e9ro GEMI 122077145000, situ\u00e9e en Gr\u00e8ce, (ci-apr\u00e8s d\u00e9nomm\u00e9e \"la soci\u00e9t\u00e9\"), qui en assure la gestion.\u00a0<\/p><p><strong>L'entreprise<\/strong> se consacre avec diligence \u00e0 la recherche d'une meilleure protection des donn\u00e9es personnelles lors du traitement des informations des utilisateurs obtenues par l'utilisation des services du site web, de son application et de ses services, en d\u00e9veloppant et en mettant en \u0153uvre des mesures technologiques pour emp\u00eacher la diffusion non d\u00e9sir\u00e9e de donn\u00e9es personnelles par les utilisateurs, afin de garantir que le traitement des donn\u00e9es personnelles est effectu\u00e9 dans le respect des droits, des libert\u00e9s fondamentales et de la dignit\u00e9 des personnes concern\u00e9es.<\/p><p>En visitant le site web <strong>immobilier d'\u00e9lite<\/strong><strong>.<\/strong><strong>gr<\/strong> En utilisant les services en ligne, l'utilisateur nous donne son accord pour la collecte et le traitement de ses donn\u00e9es personnelles, comme d\u00e9crit en d\u00e9tail dans ce chapitre de la politique de confidentialit\u00e9.<\/p><p><strong>Collecte des donn\u00e9es de navigation<\/strong><\/p><p>Les syst\u00e8mes d'information, les proc\u00e9dures et les techniques informatiques qui r\u00e9gissent le fonctionnement de notre site web et de notre application pendant leur fonctionnement, extraient certaines donn\u00e9es personnelles, et cette \"extraction\" est r\u00e9alis\u00e9e automatiquement par les m\u00e9canismes et protocoles d'acc\u00e8s et de fonctionnement utilis\u00e9s sur Internet.<\/p><p>En particulier, chaque fois que l'utilisateur se connecte au site web <strong>immobilier d'\u00e9lite<\/strong><strong>.<\/strong><strong>gr<\/strong>\u00a0Chaque fois que vous appelez ou demandez un contenu, et chaque fois que vous effectuez une action, les donn\u00e9es d'acc\u00e8s sont stock\u00e9es dans les syst\u00e8mes de notre site web sous la forme de fichiers de table ou de donn\u00e9es lin\u00e9aires.<\/p><p>Cette cat\u00e9gorie comprend des donn\u00e9es telles que les adresses IP, les noms de domaine des ordinateurs utilis\u00e9s par les utilisateurs qui se connectent \u00e0 notre site web et \u00e0 notre application, le navigateur de l'utilisateur sous forme d'URI (Uniform Resource Identifier), la date et l'heure de la demande au serveur, la m\u00e9thode utilis\u00e9e pour soumettre la demande au serveur, la quantit\u00e9 de donn\u00e9es transmises, le code num\u00e9rique indiquant l'\u00e9tat de la r\u00e9ponse du serveur et d'autres param\u00e8tres relatifs au fonctionnement du site web et de notre application.<\/p><p>Ces donn\u00e9es peuvent \u00eatre utilis\u00e9es par le\u00a0<strong>immobilier d'\u00e9lite<\/strong><strong>.<\/strong><strong>gr<\/strong> afin d'obtenir des informations statistiques anonymes sur l'utilisation du site web et de l'application, dans le but d'identifier les pages auxquelles l'utilisateur montre une pr\u00e9f\u00e9rence et donc de fournir un contenu appropri\u00e9 pour v\u00e9rifier leur bon fonctionnement.<\/p><p>En outre, les donn\u00e9es susmentionn\u00e9es peuvent \u00eatre utilis\u00e9es pour rechercher des responsabilit\u00e9s en cas de fautes et d'infractions p\u00e9nales commises \u00e0 l'encontre du site web et de son application ou \u00e0 l'encontre de ses utilisateurs eux-m\u00eames, m\u00eame \u00e0 la demande de l'autorit\u00e9 de contr\u00f4le comp\u00e9tente.<\/p><p><strong>Finalit\u00e9 du traitement<\/strong><\/p><p>Les donn\u00e9es collect\u00e9es par le biais de notre site web et de son application sont trait\u00e9es de mani\u00e8re l\u00e9gale et appropri\u00e9e et toujours conform\u00e9ment aux principes de proportionnalit\u00e9, de l\u00e9galit\u00e9 et dans le cadre des dispositions pertinentes du r\u00e8glement g\u00e9n\u00e9ral de l'UE sur la protection des donn\u00e9es 679\/2016 (ci-apr\u00e8s : \"le r\u00e8glement\") et seront utilis\u00e9es strictement et uniquement pour la r\u00e9alisation de la meilleure prestation possible de nos services.<\/p><p>Outre la collecte automatique des donn\u00e9es de navigation vis\u00e9e au paragraphe pr\u00e9c\u00e9dent, l'utilisateur a le droit de fournir volontairement des informations sur ses donn\u00e9es personnelles, qui seront collect\u00e9es par l'Agence.\u00a0<strong>immobilier d'\u00e9lite<\/strong><strong>.<\/strong><strong>gr<\/strong> exclusivement en remplissant un certain champ de saisie (ci-apr\u00e8s \"formulaire de contact\"), propos\u00e9 aux utilisateurs pour qu'ils introduisent leurs donn\u00e9es sur le site web et son application. Les formulaires de contact sont de diff\u00e9rents types, en fonction du type de service que l'utilisateur a l'intention d'utiliser.<\/p><p>Les donn\u00e9es personnelles fournies par l'utilisateur seront enregistr\u00e9es et stock\u00e9es sur des supports \u00e9lectroniques prot\u00e9g\u00e9s, et seront trait\u00e9es avec les mesures de s\u00e9curit\u00e9 les plus appropri\u00e9es.<\/p><p>L'envoi de courriers \u00e9lectroniques aux adresses qui peuvent exister sur le site web et son application implique l'acquisition par l'exp\u00e9diteur des donn\u00e9es personnelles du titulaire de l'adresse \u00e9lectronique. Cette adresse \u00e9lectronique, ainsi que les autres donn\u00e9es personnelles collect\u00e9es, sont n\u00e9cessaires pour r\u00e9pondre aux demandes envoy\u00e9es et pour fournir les services sp\u00e9cifiques demand\u00e9s.<\/p><p>Les donn\u00e9es seront trait\u00e9es, \u00e9lectroniquement ou sur papier, principalement par l'utilisation de proc\u00e9dures automatis\u00e9es et non automatis\u00e9es, et ce traitement devrait \u00eatre effectu\u00e9 directement, soit par l'autorit\u00e9 comp\u00e9tente, soit par un tiers.\u00a0<strong>immobilier d'\u00e9lite<\/strong><strong>.<\/strong><strong>gr<\/strong>ou par un partenaire externe effectuant le traitement pour le compte du <strong>immobilier d'\u00e9lite<\/strong><strong>.<\/strong><strong>gr<\/strong>ou par un tiers en ce qui concerne les <strong>immobilier d'\u00e9lite<\/strong><strong>.<\/strong><strong>gr<\/strong>conform\u00e9ment \u00e0 l'article 4 du r\u00e8glement int\u00e9rieur.<\/p><p>Des mesures de s\u00e9curit\u00e9 appropri\u00e9es sont mises en place pour emp\u00eacher l'utilisation non conventionnelle ou ill\u00e9gale des donn\u00e9es, l'acc\u00e8s par des parties non autoris\u00e9es et la perte de donn\u00e9es. Aucune donn\u00e9e n'est collect\u00e9e \u00e0 partir du site web et de son application sans le consentement n\u00e9cessaire, dans les cas o\u00f9 elles ne servent pas \u00e0 fournir un service.<\/p><p><strong>Nature de la fourniture de donn\u00e9es<\/strong><\/p><p>La fourniture de donn\u00e9es est facultative, mais en cas de refus de fournir les donn\u00e9es personnelles n\u00e9cessaires au traitement du service demand\u00e9, il ne sera pas possible de le traiter. Si les donn\u00e9es ne sont pas n\u00e9cessaires, le responsable du traitement sera en mesure de traiter les demandes et de fournir les services requis mentionn\u00e9s dans le paragraphe ci-dessus.<\/p><p><strong>Informations que vous nous communiquez<\/strong><\/p><p>Nous demandons et collectons les informations personnelles suivantes lorsque vous utilisez la plateforme ELITE. Ces informations sont n\u00e9cessaires \u00e0 l'ex\u00e9cution de votre contrat avec ELITE et nous permettent de nous conformer \u00e0 nos obligations l\u00e9gales. Sans elles, nous pourrions ne pas \u00eatre en mesure de vous fournir tous les services que vous demandez.<\/p><ul><li><strong>Informations sur le compte : <\/strong>Lorsque vous vous inscrivez pour cr\u00e9er votre compte ELITE, nous vous demandons certaines informations telles que votre pr\u00e9nom, votre nom, votre adresse \u00e9lectronique et votre num\u00e9ro de t\u00e9l\u00e9phone.<\/li><li><strong>Profil et informations sur les annonces : <\/strong>Afin d'utiliser certaines fonctionnalit\u00e9s de la plateforme ELITE REAL ESTATE (telles que la demande de visite d'un bien immobilier ou la cr\u00e9ation d'une annonce), nous pouvons vous demander de nous fournir des informations suppl\u00e9mentaires, qui comprennent g\u00e9n\u00e9ralement votre adresse, votre num\u00e9ro de t\u00e9l\u00e9phone et une photo de profil.<\/li><li><strong>Informations d'authentification : <\/strong>Afin d'\u00e9tablir et de maintenir un climat de confiance, nous pouvons vous demander des informations pour v\u00e9rifier votre identit\u00e9 (comme une copie de votre carte d'identit\u00e9, de votre passeport, de votre carte d'identit\u00e9 nationale ou de votre permis de conduire, dans la mesure o\u00f9 la l\u00e9gislation applicable le permet) ou d'autres informations d'authentification.<\/li><li><strong>Informations sur le paiement : <\/strong>Afin d'utiliser certaines fonctionnalit\u00e9s de la plateforme ELITE REAL ESTATE (telles que la signature du contrat de location), nous pouvons vous demander de nous fournir certaines informations financi\u00e8res (telles que les coordonn\u00e9es de votre compte bancaire ou de votre carte de cr\u00e9dit) afin de faciliter le traitement des paiements.<\/li><li><strong>Contactez ELITE REAL ESTATE et les autres utilisateurs : <\/strong>Lorsque vous contactez ELITE REAL ESTATE ou que vous utilisez la plateforme ELITE REAL ESTATE pour communiquer avec d'autres utilisateurs, nous recueillons des informations relatives \u00e0 votre communication et toute autre information que vous choisissez de nous fournir.<\/li><\/ul><p><strong>M\u00e9thodes de traitement<\/strong><\/p><p>Conform\u00e9ment au r\u00e9gime juridique en vigueur et en particulier aux dispositions du r\u00e8glement, un syst\u00e8me de v\u00e9rification anti-spam est activ\u00e9 dans les communications en r\u00e9pondant aux communications mises \u00e0 la disposition des utilisateurs. Les donn\u00e9es saisies peuvent \u00eatre v\u00e9rifi\u00e9es, dans le seul but de d\u00e9tecter des activit\u00e9s ill\u00e9gales ou des contenus non conformes aux conditions g\u00e9n\u00e9rales d'utilisation de notre site web, mais en aucun cas elles ne seront trait\u00e9es ou communiqu\u00e9es \u00e0 des tiers \u00e0 des fins commerciales ou publicitaires. <strong>immobilier d'\u00e9lite<\/strong><strong>.<\/strong><strong>gr<\/strong>).<\/p><p>Conform\u00e9ment au r\u00e9gime juridique en vigueur et en particulier aux dispositions du r\u00e8glement, un syst\u00e8me de v\u00e9rification anti-spam est activ\u00e9 dans les communications en r\u00e9pondant aux communications mises \u00e0 la disposition des utilisateurs. Les donn\u00e9es saisies peuvent \u00eatre v\u00e9rifi\u00e9es, dans le seul but de d\u00e9tecter des activit\u00e9s ill\u00e9gales ou des contenus non conformes aux conditions g\u00e9n\u00e9rales d'utilisation de notre site web, mais en aucun cas elles ne seront trait\u00e9es ou communiqu\u00e9es \u00e0 des tiers \u00e0 des fins commerciales ou publicitaires.<\/p><p><strong>S\u00e9curit\u00e9 des donn\u00e9es<\/strong><\/p><p>Les donn\u00e9es collect\u00e9es et trait\u00e9es doivent \u00eatre prot\u00e9g\u00e9es par des m\u00e9thodes physiques et logiques afin de minimiser les risques d'acc\u00e8s non autoris\u00e9, de diffusion, de perte et de destruction des donn\u00e9es, conform\u00e9ment aux dispositions applicables.<\/p><p><strong>\u0397 <\/strong><strong>immobilier d'\u00e9lite<\/strong><strong>.<\/strong><strong>gr<\/strong> prend toutes les mesures techniques et organisationnelles n\u00e9cessaires pour assurer la s\u00e9curit\u00e9 et la protection des donn\u00e9es \u00e0 caract\u00e8re personnel de l'utilisateur contre la destruction accidentelle ou non accidentelle, la perte, la modification, la divulgation ou l'acc\u00e8s non autoris\u00e9s et contre tout autre traitement ill\u00e9gal des donn\u00e9es \u00e0 caract\u00e8re personnel qu'il g\u00e8re. Toutefois, malgr\u00e9 la bonne foi et tous les efforts d\u00e9ploy\u00e9s par notre site web pour stocker les donn\u00e9es \u00e0 caract\u00e8re personnel des utilisateurs dans un environnement op\u00e9rationnel s\u00e9curis\u00e9 qui n'est pas ouvert au public, il convient de noter qu'il n'existe pas de s\u00e9curit\u00e9 compl\u00e8te ou parfaite et que les donn\u00e9es \u00e0 caract\u00e8re personnel des utilisateurs ne sont pas stock\u00e9es dans un environnement s\u00e9curis\u00e9.\u00a0<strong>immobilier d'\u00e9lite<\/strong><strong>.<\/strong><strong>gr<\/strong> ne peut garantir qu'il n'y aura pas de divulgations involontaires des donn\u00e9es personnelles de l'utilisateur. Ce dernier doit informer imm\u00e9diatement notre site web en cas de perte, de vol ou d'utilisation non autoris\u00e9e de ses coordonn\u00e9es. Dans ce cas, nous supprimerons les coordonn\u00e9es de l'utilisateur de son compte et mettrons \u00e0 jour nos archives en cons\u00e9quence.<\/p><p><strong>Port\u00e9e de la communication et de la diffusion des donn\u00e9es<\/strong><\/p><p>Les donn\u00e9es fournies par l'utilisateur seront communiqu\u00e9es et utilis\u00e9es exclusivement par le responsable du traitement (<strong>immobilier d'\u00e9lite<\/strong><strong>.<\/strong><strong>gr<\/strong> et par les entreprises d\u00e9sign\u00e9es comme responsables du traitement, c'est-\u00e0-dire les sous-traitants ou les tiers autoris\u00e9s par le responsable du traitement \u00e0 traiter des donn\u00e9es \u00e0 caract\u00e8re personnel au sens de l'article 4 du r\u00e8glement.<\/p><p><strong>Partage entre utilisateurs<\/strong><\/p><p>Afin de faciliter les visites de biens immobiliers ou d'autres interactions entre les utilisateurs, nous pouvons partager certaines informations, y compris des informations personnelles, avec d'autres utilisateurs si cela est n\u00e9cessaire \u00e0 l'ex\u00e9cution de votre contrat avec nous, comme suit :<\/p><ul><li>Lorsque vous, en tant que visiteur, soumettez une demande de visite d'un bien immobilier, certaines informations sont partag\u00e9es avec le propri\u00e9taire, notamment votre profil, votre nom complet, votre adresse \u00e9lectronique et votre num\u00e9ro de t\u00e9l\u00e9phone portable.<\/li><li>Lorsque vous, en tant que propri\u00e9taire, recevez une demande de visite d'un bien immobilier, certaines informations vous concernant sont communiqu\u00e9es au visiteur, notamment votre profil et votre nom.<\/li><li>Lorsque vous, en tant que propri\u00e9taire, avez confirm\u00e9 une demande de visite d'un bien immobilier, certaines informations sont partag\u00e9es avec le visiteur afin de coordonner le rendez-vous de visite, telles que votre profil, votre nom complet, votre adresse \u00e9lectronique, votre num\u00e9ro de t\u00e9l\u00e9phone et l'adresse du bien immobilier.<\/li><\/ul><p>Nous ne partageons pas vos donn\u00e9es de paiement avec d'autres membres.<\/p><p><strong>Transfert de donn\u00e9es \u00e0 l'\u00e9tranger<\/strong><\/p><p>Les donn\u00e9es personnelles collect\u00e9es par le biais de notre site web et de notre application peuvent \u00eatre transf\u00e9r\u00e9es en dehors du territoire grec uniquement pour l'ex\u00e9cution des services demand\u00e9s par le biais de notre site web et conform\u00e9ment aux termes de la pr\u00e9sente politique de confidentialit\u00e9 et aux dispositions sp\u00e9cifiques du r\u00e8glement.<\/p><p>En outre, le\u00a0<strong>immobilier d'\u00e9lite<\/strong><strong>.<\/strong><strong>gr<\/strong> ne vend en aucun cas les donn\u00e9es personnelles de l'utilisateur, et lorsqu'elles sont communiqu\u00e9es \u00e0 des tiers dans le cadre des services susmentionn\u00e9s, c'est uniquement dans le but d'atteindre les objectifs pr\u00e9vus dans la pr\u00e9sente politique et de fournir ses services en ligne.<\/p><p><strong>Informations sur les cookies, les moteurs de recherche et les donn\u00e9es de localisation<\/strong><\/p><p>Les cookies ont pour but d'acc\u00e9l\u00e9rer l'analyse du trafic web, de faciliter l'acc\u00e8s des utilisateurs aux services offerts par le site web et son application et de fournir une publicit\u00e9 utile et pertinente aux visiteurs. L'utilisation de cookies ne permet pas de transmettre ou d'acqu\u00e9rir des donn\u00e9es personnelles ni d'utiliser des syst\u00e8mes de suivi des utilisateurs. Si l'utilisateur ne souhaite pas que ses informations soient collect\u00e9es par le biais de ce m\u00e9canisme (utilisation de cookies), il peut mettre en \u0153uvre une proc\u00e9dure simple dans le navigateur qui permet de refuser le fonctionnement des cookies.<\/p><p><strong>Dur\u00e9e de la transformation<\/strong><\/p><p>Le traitement des donn\u00e9es ne durera pas plus longtemps que n\u00e9cessaire pour atteindre l'objectif de la collecte, c'est-\u00e0-dire stocker les crit\u00e8res de recherche, partager, publier des avis et contacter les professionnels qui r\u00e9pondent aux crit\u00e8res de l'utilisateur.<\/p><p>Le traitement se poursuivra jusqu'\u00e0 ce que la personne concern\u00e9e d\u00e9cide d'annuler les donn\u00e9es saisies, en contactant le responsable du traitement.<\/p><p>Elle pourra \u00e9galement durer aussi longtemps que la conservation des donn\u00e9es \u00e0 caract\u00e8re personnel s'av\u00e8re n\u00e9cessaire pour se conformer \u00e0 notre obligation l\u00e9gale ou pour d\u00e9fendre nos int\u00e9r\u00eats l\u00e9gitimes devant les tribunaux.<\/p><p><strong>Droits de l'utilisateur<\/strong><\/p><p>La l\u00e9gislation sur la protection des donn\u00e9es \u00e0 caract\u00e8re personnel donne \u00e0 l'utilisateur concern\u00e9 le droit d'exercer certains droits. En particulier, l'utilisateur a le droit d'obtenir la confirmation de l'existence ou non de donn\u00e9es \u00e0 caract\u00e8re personnel, m\u00eame si elles ne sont pas encore enregistr\u00e9es, et que ces donn\u00e9es sont mises \u00e0 sa disposition sous une forme intelligible.<\/p><p>Il peut \u00e9galement demander \u00e0 conna\u00eetre l'origine des donn\u00e9es, l'identit\u00e9 et les coordonn\u00e9es du responsable du traitement, des sous-traitants et des tiers agissant pour le compte du responsable du traitement, les finalit\u00e9s du traitement auquel ses donn\u00e9es \u00e0 caract\u00e8re personnel sont destin\u00e9es, les destinataires ou cat\u00e9gories de destinataires de ses donn\u00e9es et la dur\u00e9e de conservation des donn\u00e9es, ainsi que d'autres questions vis\u00e9es \u00e0 l'article 13 du r\u00e8glement.<\/p><p>Il peut \u00e9galement demander l'effacement de ses donn\u00e9es, leur rectification, la limitation de leur traitement, l'information sur ce qui pr\u00e9c\u00e8de, la r\u00e9ception de ces donn\u00e9es dans un format structur\u00e9, couramment utilis\u00e9 et lisible par machine ou le verrouillage des donn\u00e9es trait\u00e9es en violation de la loi, l'opposition au traitement et \u00e0 la prise de d\u00e9cision automatis\u00e9e.<\/p><p><strong>A propos des questions<\/strong><\/p><p>Si vous avez des questions concernant cette politique ou, plus g\u00e9n\u00e9ralement, les activit\u00e9s de l'Agence europ\u00e9enne pour la s\u00e9curit\u00e9 et la sant\u00e9 au travail (ESA), vous pouvez vous adresser \u00e0 la Commission europ\u00e9enne.\u00a0<strong>immobilier d'\u00e9lite<\/strong><strong>.<\/strong><strong>gr<\/strong> nous vous encourageons \u00e0 nous contacter \u00e0 l'adresse \u00e9lectronique suivante : kalamata@eliterealestate.gr \u00a0<\/p><p>En cas de r\u00e9clamation, vous vous r\u00e9servez le droit de d\u00e9poser une plainte aupr\u00e8s de l'autorit\u00e9 comp\u00e9tente en mati\u00e8re de protection des donn\u00e9es.<\/p><p>autorit\u00e9 de contr\u00f4le <br \/>Autorit\u00e9 de protection des donn\u00e9es personnelles (APIS) <br \/>1-3 Kifissias Street, 115 23, Ath\u00e8nes, Gr\u00e8ce <br \/>+302106475600 <br \/>+302106475628 <br \/>contact@dpa.gr<\/p>\t\t\t\t\t\t\t\t<\/div>\n\t\t\t\t<\/div>\n\t\t\t\t\t<\/div>\n\t\t<\/div>\n\t\t\t\t\t<\/div>\n\t\t<\/section>\n\t\t\t\t<\/div>","protected":false},"excerpt":{"rendered":"<p>Bienvenue \u00e0 ELITE Real Estate Politique de confidentialit\u00e9 elirerealestate.gr est la propri\u00e9t\u00e9 de la soci\u00e9t\u00e9 portant le nom \"ELITE REAL ESTATE O.E.\", avec le num\u00e9ro GEMI , situ\u00e9e en Gr\u00e8ce, (ci-apr\u00e8s d\u00e9nomm\u00e9e \"la soci\u00e9t\u00e9\"), qui la g\u00e8re. avec le num\u00e9ro GEMI 122077145000, situ\u00e9e en Gr\u00e8ce, (ci-apr\u00e8s d\u00e9nomm\u00e9e la \"Soci\u00e9t\u00e9\"), qui en assure la gestion.  L'Entreprise est engag\u00e9e avec diligence dans la recherche d'une meilleure protection des donn\u00e9es personnelles lors du traitement des ...<\/p>\n<p class=\"read-more\"> <a class=\"\" href=\"https:\/\/www.eliterealestate.gr\/fr\/dpo\/\"> <span class=\"screen-reader-text\">Protection des donn\u00e9es personnelles\ufffc<\/span> Lire plus \"<\/a><\/p>","protected":false},"author":1,"featured_media":0,"parent":0,"menu_order":0,"comment_status":"closed","ping_status":"closed","template":"","meta":{"footnotes":""},"categories":[1],"tags":[],"location":[],"rentsale":[],"property_type":[],"class_list":["post-12697","page","type-page","status-publish","hentry","category-uncategorized"],"_links":{"self":[{"href":"https:\/\/www.eliterealestate.gr\/fr\/wp-json\/wp\/v2\/pages\/12697","targetHints":{"allow":["GET"]}}],"collection":[{"href":"https:\/\/www.eliterealestate.gr\/fr\/wp-json\/wp\/v2\/pages"}],"about":[{"href":"https:\/\/www.eliterealestate.gr\/fr\/wp-json\/wp\/v2\/types\/page"}],"author":[{"embeddable":true,"href":"https:\/\/www.eliterealestate.gr\/fr\/wp-json\/wp\/v2\/users\/1"}],"replies":[{"embeddable":true,"href":"https:\/\/www.eliterealestate.gr\/fr\/wp-json\/wp\/v2\/comments?post=12697"}],"version-history":[{"count":0,"href":"https:\/\/www.eliterealestate.gr\/fr\/wp-json\/wp\/v2\/pages\/12697\/revisions"}],"wp:attachment":[{"href":"https:\/\/www.eliterealestate.gr\/fr\/wp-json\/wp\/v2\/media?parent=12697"}],"wp:term":[{"taxonomy":"category","embeddable":true,"href":"https:\/\/www.eliterealestate.gr\/fr\/wp-json\/wp\/v2\/categories?post=12697"},{"taxonomy":"post_tag","embeddable":true,"href":"https:\/\/www.eliterealestate.gr\/fr\/wp-json\/wp\/v2\/tags?post=12697"},{"taxonomy":"location","embeddable":true,"href":"https:\/\/www.eliterealestate.gr\/fr\/wp-json\/wp\/v2\/location?post=12697"},{"taxonomy":"rentsale","embeddable":true,"href":"https:\/\/www.eliterealestate.gr\/fr\/wp-json\/wp\/v2\/rentsale?post=12697"},{"taxonomy":"property_type","embeddable":true,"href":"https:\/\/www.eliterealestate.gr\/fr\/wp-json\/wp\/v2\/property_type?post=12697"}],"curies":[{"name":"wp","href":"https:\/\/api.w.org\/{rel}","templated":true}]}}