{"id":8970,"date":"2022-04-03T06:42:43","date_gmt":"2022-04-03T06:42:43","guid":{"rendered":"https:\/\/www.eliterealestate.gr\/?page_id=8970"},"modified":"2022-12-01T18:30:36","modified_gmt":"2022-12-01T16:30:36","slug":"press","status":"publish","type":"page","link":"https:\/\/www.eliterealestate.gr\/de\/press\/","title":{"rendered":"Presse"},"content":{"rendered":"<div data-elementor-type=\"wp-page\" data-elementor-id=\"8970\" class=\"elementor elementor-8970\" data-elementor-post-type=\"page\">\n\t\t\t\t\t\t<section class=\"elementor-section elementor-top-section elementor-element elementor-element-72fc27c elementor-section-boxed elementor-section-height-default elementor-section-height-default\" data-id=\"72fc27c\" data-element_type=\"section\" data-e-type=\"section\">\n\t\t\t\t\t\t<div class=\"elementor-container elementor-column-gap-default\">\n\t\t\t\t\t<div class=\"elementor-column elementor-col-100 elementor-top-column elementor-element elementor-element-973e8d6\" data-id=\"973e8d6\" data-element_type=\"column\" data-e-type=\"column\">\n\t\t\t<div class=\"elementor-widget-wrap elementor-element-populated\">\n\t\t\t\t\t\t<div class=\"elementor-element elementor-element-65ee310 ee-grid-columns-3 ee-grid-columns-tablet-2 ee-grid-columns-mobile-1 ee-grid-align--stretch ee-grid-halign--left ee-posts-align-top ee-posts-avatar-position-left elementor-widget elementor-widget-posts-extra\" data-id=\"65ee310\" data-element_type=\"widget\" data-e-type=\"widget\" data-settings=\"{&quot;columns&quot;:&quot;3&quot;,&quot;columns_tablet&quot;:&quot;2&quot;,&quot;columns_mobile&quot;:&quot;1&quot;,&quot;classic_layout&quot;:&quot;default&quot;,&quot;classic_grid_columns_spacing&quot;:{&quot;unit&quot;:&quot;px&quot;,&quot;size&quot;:24,&quot;sizes&quot;:[]},&quot;classic_grid_columns_spacing_tablet&quot;:{&quot;unit&quot;:&quot;px&quot;,&quot;size&quot;:12,&quot;sizes&quot;:[]},&quot;classic_grid_columns_spacing_mobile&quot;:{&quot;unit&quot;:&quot;px&quot;,&quot;size&quot;:0,&quot;sizes&quot;:[]}}\" data-widget_type=\"posts-extra.classic\">\n\t\t\t\t<div class=\"elementor-widget-container\">\n\t\t\t\t\t<div class=\"ee-grid ee-loop ee-grid--default\"><div class=\"ee-grid__item--sizer\"><\/div><div class=\"ee-grid__item ee-loop__item\"><article class=\"ee-post post-8981 post type-post status-publish format-standard has-post-thumbnail hentry category-press\"><a class=\"ee-media ee-post__media ee-post__media--content\" href=\"https:\/\/www.eliterealestate.gr\/de\/poliseis-katoikion-2-2021\/\"><div class=\"ee-post__media__thumbnail ee-media__thumbnail\"><img fetchpriority=\"high\" decoding=\"async\" width=\"768\" height=\"575\" src=\"https:\/\/www.eliterealestate.gr\/wp-content\/uploads\/2021\/12\/Home_Interior_Design-Testimonials_Pic-768x575.jpeg\" class=\"attachment-medium_large size-medium_large wp-image-6069\" alt=\"1_Haus_Innenarchitektur-Instagram_Fil\" title=\"\" srcset=\"https:\/\/www.eliterealestate.gr\/wp-content\/uploads\/2021\/12\/Home_Interior_Design-Testimonials_Pic-768x575.jpeg 768w, https:\/\/www.eliterealestate.gr\/wp-content\/uploads\/2021\/12\/Home_Interior_Design-Testimonials_Pic-300x225.jpeg 300w, https:\/\/www.eliterealestate.gr\/wp-content\/uploads\/2021\/12\/Home_Interior_Design-Testimonials_Pic-16x12.jpeg 16w, https:\/\/www.eliterealestate.gr\/wp-content\/uploads\/2021\/12\/Home_Interior_Design-Testimonials_Pic.jpeg 941w\" sizes=\"(max-width: 768px) 100vw, 768px\" \/><\/div><div class=\"ee-post__media__overlay ee-media__overlay\"><\/div><div class=\"ee-media__content ee-post__media__content ee-post__area\">\t\t<ul class=\"ee-post__terms\">\n\n\t\t\t\n\t\t\t\n\t\t\t\t<li class=\"ee-post__terms__term ee-term ee-term--press\">\n\t\t\t\t\t<span class=\"ee-post__terms__link ee-term__link\">\n\t\t\t\t\t\tPresse\t\t\t\t\t<\/span><span class=\"ee-post__terms__separator\">-<\/span>\t\t\t\t<\/li>\n\n\t\t\t\t\t<\/ul>\n\t\t<\/div><!-- .ee-post__media__content --><\/a><!-- .ee-post__media --><div class=\"ee-post__body ee-post__area\"><a href=\"https:\/\/www.eliterealestate.gr\/de\/poliseis-katoikion-2-2021\/\" class=\"ee-post__title\">\n\t\t\t<h2 class=\"ee-post__title__heading\">VERKAUF VON WOHNUNGEN GEMEINDE KALAMATA B HALBJAHR 2021<\/h2>\n\t\t<\/a><div class=\"ee-post__excerpt\">Wohnungsverkaufsstatistik f\u00fcr die zweite H\u00e4lfte des Jahres 2021. In der zweiten H\u00e4lfte des Jahres 2021 wurden in der Gemeinde Kalamata insgesamt 44 H\u00e4user verkauft. Von den...<\/div><\/div><!-- .ee-post__body --><div class=\"ee-post__footer ee-post__area\"><div class=\"ee-post__metas ee-post__metas--has-avatar ee-post__metas--has-metas\"><div class=\"ee-post__metas__avatar ee-post__meta--avatar\">\n\t\t\t\t\t\t\t<img decoding=\"async\" alt=\"admin\" src=\"https:\/\/www.eliterealestate.gr\/wp-content\/uploads\/2021\/12\/ELITE_REAL_ESTATE_PROFILE-64x64.jpg\" srcset=\"https:\/\/www.eliterealestate.gr\/wp-content\/uploads\/2021\/12\/ELITE_REAL_ESTATE_PROFILE-128x128.jpg 2x\" class=\"avatar avatar-64 photo ee-post__metas__avatar__image\" height=\"64\" width=\"64\" title=\"\">\t\t\t\t\t<\/div><ul class=\"ee-post__metas__list display--\"><li class=\"ee-post__meta ee-post__meta--date ee-post__metas__date\"> April 3, 2022 8:29 a.m.<span class=\"ee-post__meta__separator\">-<\/span><\/li><\/ul><\/div><\/div><!-- .ee-post__footer --><\/article><!-- .ee-post --><\/div><!-- .ee-loop__item --><div class=\"ee-grid__item ee-loop__item\"><article class=\"ee-post post-9071 post type-post status-publish format-standard has-post-thumbnail hentry category-press\"><a class=\"ee-media ee-post__media ee-post__media--content\" href=\"https:\/\/www.eliterealestate.gr\/de\/%ce%bd%ce%bf%ce%bc%cf%8c%cf%82-%ce%bc%ce%b5%cf%83%cf%83%ce%b7%ce%bd%ce%af%ce%b1%cf%82-%ce%bc%ce%ad%cf%83%ce%b5%cf%82-%cf%84%ce%b9%ce%bc%ce%ad%cf%82-%cf%80%cf%81%ce%bf%cf%83%cf%86%ce%bf%cf%81%ce%ac\/\"><div class=\"ee-post__media__thumbnail ee-media__thumbnail\"><img decoding=\"async\" width=\"768\" height=\"673\" src=\"https:\/\/www.eliterealestate.gr\/wp-content\/uploads\/2020\/12\/eliterealestate_copyright-768x673.png\" class=\"attachment-medium_large size-medium_large wp-image-851\" alt=\"\" title=\"\" srcset=\"https:\/\/www.eliterealestate.gr\/wp-content\/uploads\/2020\/12\/eliterealestate_copyright-768x673.png 768w, https:\/\/www.eliterealestate.gr\/wp-content\/uploads\/2020\/12\/eliterealestate_copyright-300x263.png 300w, https:\/\/www.eliterealestate.gr\/wp-content\/uploads\/2020\/12\/eliterealestate_copyright-14x12.png 14w, https:\/\/www.eliterealestate.gr\/wp-content\/uploads\/2020\/12\/eliterealestate_copyright.png 800w\" sizes=\"(max-width: 768px) 100vw, 768px\" \/><\/div><div class=\"ee-post__media__overlay ee-media__overlay\"><\/div><div class=\"ee-media__content ee-post__media__content ee-post__area\">\t\t<ul class=\"ee-post__terms\">\n\n\t\t\t\n\t\t\t\n\t\t\t\t<li class=\"ee-post__terms__term ee-term ee-term--press\">\n\t\t\t\t\t<span class=\"ee-post__terms__link ee-term__link\">\n\t\t\t\t\t\tPresse\t\t\t\t\t<\/span><span class=\"ee-post__terms__separator\">-<\/span>\t\t\t\t<\/li>\n\n\t\t\t\t\t<\/ul>\n\t\t<\/div><!-- .ee-post__media__content --><\/a><!-- .ee-post__media --><div class=\"ee-post__body ee-post__area\"><a href=\"https:\/\/www.eliterealestate.gr\/de\/%ce%bd%ce%bf%ce%bc%cf%8c%cf%82-%ce%bc%ce%b5%cf%83%cf%83%ce%b7%ce%bd%ce%af%ce%b1%cf%82-%ce%bc%ce%ad%cf%83%ce%b5%cf%82-%cf%84%ce%b9%ce%bc%ce%ad%cf%82-%cf%80%cf%81%ce%bf%cf%83%cf%86%ce%bf%cf%81%ce%ac\/\" class=\"ee-post__title\">\n\t\t\t<h2 class=\"ee-post__title__heading\">PR\u00c4FEKTUR MESSINIA | DURCHSCHNITTLICHE ANGEBOTSPREISE VON WOHNIMMOBILIEN<\/h2>\n\t\t<\/a><div class=\"ee-post__excerpt\">Pr\u00e4fektur Q1 2022 (\u20ac\/qm) Q1 2021 (\u20ac\/qm) Ver\u00e4nderung % Messinia 1,333 1,299 2.70% Messinia Pr\u00e4fektur | Durchschnittliche Wohnungsangebotspreise<\/div><\/div><!-- .ee-post__body --><div class=\"ee-post__footer ee-post__area\"><div class=\"ee-post__metas ee-post__metas--has-avatar ee-post__metas--has-metas\"><div class=\"ee-post__metas__avatar ee-post__meta--avatar\">\n\t\t\t\t\t\t\t<img decoding=\"async\" alt=\"admin\" src=\"https:\/\/www.eliterealestate.gr\/wp-content\/uploads\/2021\/12\/ELITE_REAL_ESTATE_PROFILE-64x64.jpg\" srcset=\"https:\/\/www.eliterealestate.gr\/wp-content\/uploads\/2021\/12\/ELITE_REAL_ESTATE_PROFILE-128x128.jpg 2x\" class=\"avatar avatar-64 photo ee-post__metas__avatar__image\" height=\"64\" width=\"64\" title=\"\">\t\t\t\t\t<\/div><ul class=\"ee-post__metas__list display--\"><li class=\"ee-post__meta ee-post__meta--date ee-post__metas__date\"> 2. April 2022, 13:00 Uhr.<span class=\"ee-post__meta__separator\">-<\/span><\/li><\/ul><\/div><\/div><!-- .ee-post__footer --><\/article><!-- .ee-post --><\/div><!-- .ee-loop__item --><\/div><!-- .ee-loop -->\t\t\t\t<\/div>\n\t\t\t\t<\/div>\n\t\t\t\t\t<\/div>\n\t\t<\/div>\n\t\t\t\t\t<\/div>\n\t\t<\/section>\n\t\t\t\t<\/div>","protected":false},"excerpt":{"rendered":"<p>Presse Messinia Statistik Ergebnisse. ELITE REAL ESTATE Press - HAUSVERK\u00c4UFE GEMEINDE KALAMATAS 2o (6MONATE).2021 Statistik des Verkaufs von Wohnimmobilien f\u00fcr das 2. Insgesamt gab es im 2. Halbjahr 2021 44 Verk\u00e4ufe von H\u00e4usern in der Gemeinde Kalamata. Von... April 3, 2022 8:29 am- Press - MESCINIA COUNTY | AVERAGE PRICES ...<\/p>\n<p class=\"read-more\"> <a class=\"\" href=\"https:\/\/www.eliterealestate.gr\/de\/%ce%bd%ce%bf%ce%bc%cf%8c%cf%82-%ce%bc%ce%b5%cf%83%cf%83%ce%b7%ce%bd%ce%af%ce%b1%cf%82-%ce%bc%ce%ad%cf%83%ce%b5%cf%82-%cf%84%ce%b9%ce%bc%ce%ad%cf%82-%cf%80%cf%81%ce%bf%cf%83%cf%86%ce%bf%cf%81%ce%ac\/\"> <span class=\"screen-reader-text\">PR\u00c4FEKTUR MESSINIA | DURCHSCHNITTLICHE ANGEBOTSPREISE VON WOHNIMMOBILIEN<\/span> Mehr lesen \"<\/a><\/p>","protected":false},"author":1,"featured_media":0,"parent":0,"menu_order":0,"comment_status":"closed","ping_status":"closed","template":"elementor_header_footer","meta":{"footnotes":""},"categories":[],"tags":[],"location":[],"rentsale":[],"property_type":[],"class_list":["post-8970","page","type-page","status-publish","hentry"],"_links":{"self":[{"href":"https:\/\/www.eliterealestate.gr\/de\/wp-json\/wp\/v2\/pages\/8970","targetHints":{"allow":["GET"]}}],"collection":[{"href":"https:\/\/www.eliterealestate.gr\/de\/wp-json\/wp\/v2\/pages"}],"about":[{"href":"https:\/\/www.eliterealestate.gr\/de\/wp-json\/wp\/v2\/types\/page"}],"author":[{"embeddable":true,"href":"https:\/\/www.eliterealestate.gr\/de\/wp-json\/wp\/v2\/users\/1"}],"replies":[{"embeddable":true,"href":"https:\/\/www.eliterealestate.gr\/de\/wp-json\/wp\/v2\/comments?post=8970"}],"version-history":[{"count":0,"href":"https:\/\/www.eliterealestate.gr\/de\/wp-json\/wp\/v2\/pages\/8970\/revisions"}],"wp:attachment":[{"href":"https:\/\/www.eliterealestate.gr\/de\/wp-json\/wp\/v2\/media?parent=8970"}],"wp:term":[{"taxonomy":"category","embeddable":true,"href":"https:\/\/www.eliterealestate.gr\/de\/wp-json\/wp\/v2\/categories?post=8970"},{"taxonomy":"post_tag","embeddable":true,"href":"https:\/\/www.eliterealestate.gr\/de\/wp-json\/wp\/v2\/tags?post=8970"},{"taxonomy":"location","embeddable":true,"href":"https:\/\/www.eliterealestate.gr\/de\/wp-json\/wp\/v2\/location?post=8970"},{"taxonomy":"rentsale","embeddable":true,"href":"https:\/\/www.eliterealestate.gr\/de\/wp-json\/wp\/v2\/rentsale?post=8970"},{"taxonomy":"property_type","embeddable":true,"href":"https:\/\/www.eliterealestate.gr\/de\/wp-json\/wp\/v2\/property_type?post=8970"}],"curies":[{"name":"wp","href":"https:\/\/api.w.org\/{rel}","templated":true}]}}