{"id":4019,"date":"2021-10-06T06:50:29","date_gmt":"2021-10-06T06:50:29","guid":{"rendered":"https:\/\/www.eliterealestate.gr\/?page_id=4019"},"modified":"2021-10-23T10:25:07","modified_gmt":"2021-10-23T10:25:07","slug":"terms","status":"publish","type":"page","link":"https:\/\/www.eliterealestate.gr\/de\/terms\/","title":{"rendered":"BEDINGUNGEN UND KONDITIONEN POLITIK"},"content":{"rendered":"<div data-elementor-type=\"wp-page\" data-elementor-id=\"4019\" class=\"elementor elementor-4019\" data-elementor-post-type=\"page\">\n\t\t\t\t\t\t<section class=\"elementor-section elementor-top-section elementor-element elementor-element-1dd9cd0d elementor-section-content-middle elementor-section-boxed elementor-section-height-default elementor-section-height-default\" data-id=\"1dd9cd0d\" data-element_type=\"section\" data-e-type=\"section\">\n\t\t\t\t\t\t<div class=\"elementor-container elementor-column-gap-no\">\n\t\t\t\t\t<div class=\"elementor-column elementor-col-50 elementor-top-column elementor-element elementor-element-786871e7\" data-id=\"786871e7\" data-element_type=\"column\" data-e-type=\"column\">\n\t\t\t<div class=\"elementor-widget-wrap elementor-element-populated\">\n\t\t\t\t\t\t<div class=\"elementor-element elementor-element-4c289276 elementor-widget-divider--view-line elementor-widget elementor-widget-divider\" data-id=\"4c289276\" data-element_type=\"widget\" data-e-type=\"widget\" data-widget_type=\"divider.default\">\n\t\t\t\t<div class=\"elementor-widget-container\">\n\t\t\t\t\t\t\t<div class=\"elementor-divider\">\n\t\t\t<span class=\"elementor-divider-separator\">\n\t\t\t\t\t\t<\/span>\n\t\t<\/div>\n\t\t\t\t\t\t<\/div>\n\t\t\t\t<\/div>\n\t\t\t\t<div class=\"elementor-element elementor-element-5f059ad elementor-widget elementor-widget-heading\" data-id=\"5f059ad\" data-element_type=\"widget\" data-e-type=\"widget\" data-widget_type=\"heading.default\">\n\t\t\t\t<div class=\"elementor-widget-container\">\n\t\t\t\t\t<h4 class=\"elementor-heading-title elementor-size-default\">Willkommen bei ELITE Real Estate<\/h4>\t\t\t\t<\/div>\n\t\t\t\t<\/div>\n\t\t\t\t<div class=\"elementor-element elementor-element-fbe9b87 elementor-widget elementor-widget-text-editor\" data-id=\"fbe9b87\" data-element_type=\"widget\" data-e-type=\"widget\" data-widget_type=\"text-editor.default\">\n\t\t\t\t<div class=\"elementor-widget-container\">\n\t\t\t\t\t\t\t\t\t<p><a href=\"https:\/\/www.eliterealestate.gr\/de\/terms\/\">Bedingungen und Konditionen<\/a><\/p>\t\t\t\t\t\t\t\t<\/div>\n\t\t\t\t<\/div>\n\t\t\t\t\t<\/div>\n\t\t<\/div>\n\t\t\t\t<div class=\"elementor-column elementor-col-50 elementor-top-column elementor-element elementor-element-2a11ef1a\" data-id=\"2a11ef1a\" data-element_type=\"column\" data-e-type=\"column\">\n\t\t\t<div class=\"elementor-widget-wrap elementor-element-populated\">\n\t\t\t\t\t\t<div class=\"elementor-element elementor-element-1e10c383 elementor-widget elementor-widget-text-editor\" data-id=\"1e10c383\" data-element_type=\"widget\" data-e-type=\"widget\" data-widget_type=\"text-editor.default\">\n\t\t\t\t<div class=\"elementor-widget-container\">\n\t\t\t\t\t\t\t\t\t<p class=\"lead text-white\">Diese Bedingungen und Konditionen umrei\u00dfen die Regeln und Vorschriften f\u00fcr die Nutzung der Website von Elite Real Estate.<\/p><p class=\"lead text-white\">Elite Real Estate befindet sich in: Amvrosiou frantzi 6, Kalamata, Messinia, Griechenland.<\/p><p class=\"lead text-white\">Durch den Zugriff auf diese Website gehen wir davon aus, dass Sie diese Bedingungen in vollem Umfang akzeptieren. Fahren Sie nicht fort, die Website von ELITE Real Estate zu nutzen, wenn Sie nicht alle auf dieser Seite genannten Bedingungen und Konditionen akzeptieren.<\/p><p class=\"lead text-white\">Die folgende Terminologie gilt f\u00fcr diese Allgemeinen Gesch\u00e4ftsbedingungen, die Datenschutzerkl\u00e4rung und den Haftungsausschluss sowie f\u00fcr alle Vereinbarungen: \"Kunde\", \"Sie\" und \"Ihr\" bezieht sich auf Sie, die Person, die auf diese Website zugreift und die Allgemeinen Gesch\u00e4ftsbedingungen des Unternehmens akzeptiert.<\/p><p class=\"lead text-white\">\"Das Unternehmen\", \"Wir\", \"Wir\", \"Unser\" und \"Uns\" bezieht sich auf unser Unternehmen. \"Alle Begriffe beziehen sich auf das Angebot, die Annahme und die Ber\u00fccksichtigung der Zahlung, die notwendig ist, um den Prozess unserer Unterst\u00fctzung f\u00fcr den Kunden in der am besten geeigneten Art und Weise durchzuf\u00fchren, sei es durch formelle Treffen von fester Dauer oder durch jedes andere Mittel, mit dem ausdr\u00fccklichen Ziel, die Bed\u00fcrfnisse des Kunden in Bezug auf die Bereitstellung der angegebenen Dienstleistungen\/Produkte des Unternehmens zu erf\u00fcllen, in \u00dcbereinstimmung mit und vorbehaltlich des geltenden Rechts in Griechenland. Jegliche Verwendung der obigen Terminologie oder anderer W\u00f6rter in der Einzahl, Mehrzahl, Gro\u00dfschreibung und\/oder er\/sie oder sie, werden als austauschbar angesehen und beziehen sich daher auf dasselbe.<\/p>\t\t\t\t\t\t\t\t<\/div>\n\t\t\t\t<\/div>\n\t\t\t\t\t<\/div>\n\t\t<\/div>\n\t\t\t\t\t<\/div>\n\t\t<\/section>\n\t\t\t\t<section class=\"elementor-section elementor-top-section elementor-element elementor-element-06ca873 elementor-section-boxed elementor-section-height-default elementor-section-height-default\" data-id=\"06ca873\" data-element_type=\"section\" data-e-type=\"section\">\n\t\t\t\t\t\t<div class=\"elementor-container elementor-column-gap-default\">\n\t\t\t\t\t<div class=\"elementor-column elementor-col-100 elementor-top-column elementor-element elementor-element-2ac676c\" data-id=\"2ac676c\" data-element_type=\"column\" data-e-type=\"column\">\n\t\t\t<div class=\"elementor-widget-wrap elementor-element-populated\">\n\t\t\t\t\t\t<div class=\"elementor-element elementor-element-a29bdf1 elementor-widget elementor-widget-text-editor\" data-id=\"a29bdf1\" data-element_type=\"widget\" data-e-type=\"widget\" data-widget_type=\"text-editor.default\">\n\t\t\t\t<div class=\"elementor-widget-container\">\n\t\t\t\t\t\t\t\t\t<p class=\"lead text-white\">\u00a0<\/p><p class=\"lead text-white\"><strong>Cookies<\/strong><\/p><p class=\"lead text-white\">Durch die Nutzung der Website von ELITE Real Estate erkl\u00e4ren Sie sich mit der Verwendung von Cookies in \u00dcbereinstimmung mit der Datenschutzrichtlinie von ELITE Real Estate einverstanden. Die meisten modernen interaktiven Websites verwenden Cookies, um die Benutzerdaten bei jedem Besuch abrufen zu k\u00f6nnen. In einigen Bereichen unserer Website werden Cookies verwendet, um die Funktionalit\u00e4t dieses Bereichs und die Benutzerfreundlichkeit f\u00fcr die Besucher zu gew\u00e4hrleisten. Einige unserer Tochtergesellschaften\/Werbepartner k\u00f6nnen ebenfalls Cookies verwenden.<\/p><p class=\"lead text-white\"><strong>Lizenz<\/strong><\/p><p class=\"lead text-white\">Sofern nicht anders angegeben, sind ELITE Real Estate und\/oder seine Lizenzgeber Eigent\u00fcmer der geistigen Eigentumsrechte f\u00fcr alle Inhalte auf ELITE Real Estate. Alle geistigen Eigentumsrechte sind vorbehalten. Sie k\u00f6nnen die Seiten von http:\/\/eliterealhome.gr\/ f\u00fcr Ihren pers\u00f6nlichen Gebrauch ansehen und\/oder ausdrucken, vorbehaltlich der in diesen Bedingungen festgelegten Einschr\u00e4nkungen.<\/p><p class=\"lead text-white\">Das d\u00fcrfen Sie nicht:<\/p><ul class=\"content-li\"><li>Wiederver\u00f6ffentlichung von Material von http:\/\/eliterealestate.gr\/<\/li><li>Verkauf, Vermietung oder Unterlizenzierung von Material von http:\/\/eliterealestate.gr\/<\/li><li>Reproduzieren, vervielf\u00e4ltigen oder kopieren Sie Material von http:\/\/eliterealestate.gr\/<\/li><\/ul><p class=\"lead text-white\">Inhalte von Elite Real Estate weiter zu verbreiten (es sei denn, der Inhalt ist speziell f\u00fcr die Weiterverbreitung bestimmt).<\/p><p class=\"lead text-white\"><strong>Verlinkung zu unserem Inhalt<\/strong><\/p><p class=\"lead text-white\"><strong>Die folgenden Organisationen d\u00fcrfen ohne vorherige schriftliche Genehmigung auf unsere Website verlinken:<\/strong><\/p><ul class=\"content-li\"><li>Staatliche Stellen;<\/li><li>Suchmaschinen;<\/li><li>Nachrichtenorganisationen;<\/li><\/ul><p class=\"lead text-white\">Verteiler von Online-Verzeichnissen, die uns in ihr Verzeichnis aufnehmen, k\u00f6nnen auf unsere Website verlinken, genauso wie sie auf die Websites anderer gelisteter Unternehmen verlinken; und systemweit akkreditierte Unternehmen, mit Ausnahme von gemeinn\u00fctzigen Organisationen, Wohlt\u00e4tigkeits-Einkaufszentren und Wohlt\u00e4tigkeits-Fundraising-Gruppen, die nicht auf unsere Website verlinken d\u00fcrfen.<\/p><p class=\"lead text-white\"><strong>Diese Organisationen k\u00f6nnen einen Link zu unserer Homepage, zu Ver\u00f6ffentlichungen oder zu anderen Informationen auf der Website einrichten, solange der Link besteht:<\/strong><\/p><p class=\"lead text-white\">(a) in keiner Weise irref\u00fchrend ist<\/p><p class=\"lead text-white\">(b) nicht f\u00e4lschlicherweise den Eindruck erweckt, dass die verlinkende Partei und ihre Produkte oder Dienstleistungen gesponsert, gebilligt oder genehmigt werden<\/p><p class=\"lead text-white\">(c) sich in den Kontext der Website der verlinkenden Partei einf\u00fcgt.<\/p><p class=\"lead text-white\"><strong>Wir werden Linkanfragen von diesen Organisationen genehmigen, wenn wir dies feststellen:<\/strong><\/p><p class=\"lead text-white\">(a) Der Link wirft kein schlechtes Licht auf uns oder unsere akkreditierten Unternehmen (z. B. d\u00fcrfen Handelsverb\u00e4nde oder andere Organisationen, die von Natur aus verd\u00e4chtige Gesch\u00e4ftsarten vertreten, wie z. B. Heimarbeit, nicht verlinkt werden)<\/p><p class=\"lead text-white\">(b) Die Organisation hat keine unzufriedenstellenden Erfahrungen mit uns gemacht.<\/p><p class=\"lead text-white\">(c) Der Nutzen, den wir aus der mit dem Hyperlink verbundenen Sichtbarkeit ziehen, \u00fcberwiegt das Fehlen von<\/p><p class=\"lead text-white\">(d) Wenn der Link im Zusammenhang mit allgemeinen Ressourceninformationen steht oder anderweitig mit dem redaktionellen Inhalt eines Newsletters oder eines \u00e4hnlichen Produkts, das den Auftrag der Organisation f\u00f6rdert, \u00fcbereinstimmt.<\/p><p class=\"lead text-white\">Diese Organisationen k\u00f6nnen einen Link zu unserer Homepage, zu Ver\u00f6ffentlichungen oder zu anderen Informationen auf der Website einrichten, solange der Link besteht:<\/p><p class=\"lead text-white\">(A) ist in keiner Weise irref\u00fchrend;<\/p><p class=\"lead text-white\">(B) nicht f\u00e4lschlicherweise den Eindruck erweckt, dass die verlinkende Partei und ihre Produkte oder Dienstleistungen gesponsert, gebilligt oder genehmigt werden<\/p><p class=\"lead text-white\">(C) Passt in den Kontext der Website der verlinkenden Partei<\/p><p class=\"lead text-white\">Wenn Sie zu den in Absatz 2 genannten Organisationen geh\u00f6ren und an einer Verkn\u00fcpfung mit unserer Website interessiert sind, m\u00fcssen Sie uns eine E-Mail an kalamata{at}eliterealestate.gr schicken.<\/p><p class=\"lead text-white\">Bitte geben Sie Ihren Namen, den Namen Ihrer Organisation, Kontaktinformationen (z. B. Telefonnummer und\/oder E-Mail-Adresse) sowie die URL Ihrer Website, eine Liste aller URLs, von denen aus Sie auf unsere Website verlinken m\u00f6chten, und eine Liste der URL(s) auf unserer Website, auf die Sie verlinken m\u00f6chten, an. Warten Sie bitte 2-3 Wochen auf eine Antwort.<\/p><p class=\"lead text-white\"><strong>Zugelassene Organisationen k\u00f6nnen Hyperlinks zu unserer Website wie folgt einrichten:<\/strong><\/p><p class=\"lead text-white\">Durch die Verwendung unseres Firmennamens; oder durch die Verwendung des Uniform Resource Locator (Webadresse), zu dem verlinkt wird; oder durch die Verwendung einer anderen Beschreibung unserer Website oder des Materials, zu dem verlinkt wird, die im Kontext und im Format des Inhalts auf der Website der verlinkenden Partei Sinn ergibt.<\/p><p class=\"lead text-white\">Die Verwendung des Logos oder anderer Grafiken von ELITE Real Estate f\u00fcr die Verlinkung ist ohne eine Markenlizenzvereinbarung nicht gestattet.<\/p><p class=\"lead text-white\"><strong>Iframes<\/strong><\/p><p class=\"lead text-white\">Ohne vorherige Genehmigung und ausdr\u00fcckliche schriftliche Zustimmung d\u00fcrfen Sie keine Frames um unsere Webseiten herum erstellen oder andere Techniken verwenden, die die visuelle Darstellung oder das Aussehen unserer Website in irgendeiner Weise ver\u00e4ndern.<\/p><p class=\"lead text-white\"><strong>Rechtsvorbehalt<\/strong><\/p><p class=\"lead text-white\">Wir behalten uns das Recht vor, Sie jederzeit und nach eigenem Ermessen aufzufordern, alle Links oder einen bestimmten Link zu unserer Website zu entfernen. Sie verpflichten sich, auf eine solche Aufforderung hin unverz\u00fcglich alle Links zu unserer Website zu entfernen. Wir behalten uns au\u00dferdem das Recht vor, diese Bedingungen und Richtlinien f\u00fcr die Verlinkung jederzeit zu \u00e4ndern. Indem Sie weiterhin einen Link zu unserer Website herstellen, erkl\u00e4ren Sie sich damit einverstanden, an diese Bedingungen und Richtlinien f\u00fcr die Verlinkung gebunden zu sein und sie einzuhalten.<\/p><p class=\"lead text-white\"><strong>Entfernung von Links von unserer Website<\/strong><\/p><p class=\"lead text-white\">Wenn Sie einen Link auf unserer Website oder eine verlinkte Website aus irgendeinem Grund anst\u00f6\u00dfig finden, k\u00f6nnen Sie sich mit uns in Verbindung setzen. Wir werden Anfragen zur Entfernung von Links pr\u00fcfen, sind aber nicht verpflichtet, dies zu tun oder Ihnen direkt zu antworten.<\/p><p class=\"lead text-white\">Wir bem\u00fchen uns um die Richtigkeit der Informationen auf dieser Website, \u00fcbernehmen jedoch keine Gew\u00e4hr f\u00fcr deren Vollst\u00e4ndigkeit oder Richtigkeit und verpflichten uns auch nicht, daf\u00fcr zu sorgen, dass die Website verf\u00fcgbar bleibt oder dass das Material auf der Website auf dem neuesten Stand gehalten wird.<\/p><p class=\"lead text-white\"><strong>Haftung f\u00fcr den Inhalt<\/strong><\/p><p class=\"lead text-white\">Wir \u00fcbernehmen keine Verantwortung oder Haftung f\u00fcr Inhalte, die auf Ihrer Website erscheinen. Sie erkl\u00e4ren sich damit einverstanden, uns von allen Anspr\u00fcchen freizustellen und zu verteidigen, die sich aus Ihrer Website ergeben oder auf ihr beruhen. Es d\u00fcrfen keine Links auf einer Seite Ihrer Website oder in einem Kontext erscheinen, der Inhalte oder Materialien enth\u00e4lt, die als verleumderisch, obsz\u00f6n oder kriminell interpretiert werden k\u00f6nnen oder die Rechte Dritter verletzen, anderweitig verletzen oder die Verletzung oder sonstige Verletzung von Rechten Dritter bef\u00fcrworten.<\/p><p class=\"lead text-white\"><strong>Haftungsausschluss<\/strong><\/p><p class=\"lead text-white\">Soweit es das geltende Recht zul\u00e4sst, schlie\u00dfen wir alle Zusicherungen, Garantien und Bedingungen in Bezug auf unsere Website und die Nutzung dieser Website aus (einschlie\u00dflich, aber nicht beschr\u00e4nkt auf alle gesetzlich implizierten Garantien in Bezug auf zufriedenstellende Qualit\u00e4t, Eignung f\u00fcr einen bestimmten Zweck und\/oder die Anwendung angemessener Sorgfalt und Sachkenntnis). Nichts in diesem Haftungsausschluss wird:<\/p><p class=\"lead text-white\">- unsere oder Ihre Haftung f\u00fcr Tod oder K\u00f6rperverletzung aufgrund von Fahrl\u00e4ssigkeit zu begrenzen oder auszuschlie\u00dfen;<\/p><p class=\"lead text-white\">- unsere oder Ihre Haftung f\u00fcr Betrug oder arglistige T\u00e4uschung zu begrenzen oder auszuschlie\u00dfen;<\/p><p class=\"lead text-white\">- unsere oder Ihre Haftung in einer Weise zu beschr\u00e4nken, die nach geltendem Recht nicht zul\u00e4ssig ist; oder<\/p><p class=\"lead text-white\">- Unsere oder Ihre Haftung ausschlie\u00dfen, die nach geltendem Recht nicht ausgeschlossen werden kann.<\/p><p class=\"lead text-white\"><strong>Die in diesem Abschnitt und an anderer Stelle dieses Haftungsausschlusses aufgef\u00fchrten Haftungsbeschr\u00e4nkungen und -ausschl\u00fcsse:<\/strong><\/p><p class=\"lead text-white\">A. Unterliegen dem vorstehenden Absatz<\/p><p class=\"lead text-white\">B. alle Haftungen zu regeln, die sich aus dem Haftungsausschluss oder im Zusammenhang mit dem Gegenstand dieses Haftungsausschlusses ergeben, einschlie\u00dflich der Haftung aus Vertrag, unerlaubter Handlung (einschlie\u00dflich Fahrl\u00e4ssigkeit) und f\u00fcr die Verletzung gesetzlicher Pflichten. Soweit die Website und die Informationen und Dienstleistungen auf der Website kostenlos zur Verf\u00fcgung gestellt werden, haften wir nicht f\u00fcr Verluste oder Sch\u00e4den jeglicher Art.<\/p><p class=\"lead text-white\"><strong>Kredit- und Kontaktinformationen<\/strong><\/p><p class=\"lead text-white\">Diese Seite mit den Allgemeinen Gesch\u00e4ftsbedingungen wurde vom Generator termsandconditionstemplate.com erstellt. Wenn Sie Fragen zu unseren Bedingungen haben, kontaktieren Sie uns bitte.<\/p>\t\t\t\t\t\t\t\t<\/div>\n\t\t\t\t<\/div>\n\t\t\t\t\t<\/div>\n\t\t<\/div>\n\t\t\t\t\t<\/div>\n\t\t<\/section>\n\t\t\t\t<\/div>","protected":false},"excerpt":{"rendered":"<p>Willkommen bei den Allgemeinen Gesch\u00e4ftsbedingungen von ELITE Real Estate Diese Gesch\u00e4ftsbedingungen beschreiben die Regeln und Vorschriften f\u00fcr die Nutzung der Website von Elite Real Estate mit Sitz in Amvrosiou frantzi 6, Kalamata, Messinia, Griechenland. Durch den Zugriff auf diese Website gehen wir davon aus, dass Sie diese Bedingungen in vollem Umfang ...<\/p>\n<p class=\"read-more\"> <a class=\"\" href=\"https:\/\/www.eliterealestate.gr\/de\/terms\/\"> <span class=\"screen-reader-text\">BEDINGUNGEN UND KONDITIONEN POLITIK<\/span> Mehr lesen \"<\/a><\/p>","protected":false},"author":1,"featured_media":0,"parent":0,"menu_order":0,"comment_status":"closed","ping_status":"closed","template":"","meta":{"footnotes":""},"categories":[1],"tags":[],"location":[],"rentsale":[],"property_type":[],"class_list":["post-4019","page","type-page","status-publish","hentry","category-uncategorized"],"_links":{"self":[{"href":"https:\/\/www.eliterealestate.gr\/de\/wp-json\/wp\/v2\/pages\/4019","targetHints":{"allow":["GET"]}}],"collection":[{"href":"https:\/\/www.eliterealestate.gr\/de\/wp-json\/wp\/v2\/pages"}],"about":[{"href":"https:\/\/www.eliterealestate.gr\/de\/wp-json\/wp\/v2\/types\/page"}],"author":[{"embeddable":true,"href":"https:\/\/www.eliterealestate.gr\/de\/wp-json\/wp\/v2\/users\/1"}],"replies":[{"embeddable":true,"href":"https:\/\/www.eliterealestate.gr\/de\/wp-json\/wp\/v2\/comments?post=4019"}],"version-history":[{"count":0,"href":"https:\/\/www.eliterealestate.gr\/de\/wp-json\/wp\/v2\/pages\/4019\/revisions"}],"wp:attachment":[{"href":"https:\/\/www.eliterealestate.gr\/de\/wp-json\/wp\/v2\/media?parent=4019"}],"wp:term":[{"taxonomy":"category","embeddable":true,"href":"https:\/\/www.eliterealestate.gr\/de\/wp-json\/wp\/v2\/categories?post=4019"},{"taxonomy":"post_tag","embeddable":true,"href":"https:\/\/www.eliterealestate.gr\/de\/wp-json\/wp\/v2\/tags?post=4019"},{"taxonomy":"location","embeddable":true,"href":"https:\/\/www.eliterealestate.gr\/de\/wp-json\/wp\/v2\/location?post=4019"},{"taxonomy":"rentsale","embeddable":true,"href":"https:\/\/www.eliterealestate.gr\/de\/wp-json\/wp\/v2\/rentsale?post=4019"},{"taxonomy":"property_type","embeddable":true,"href":"https:\/\/www.eliterealestate.gr\/de\/wp-json\/wp\/v2\/property_type?post=4019"}],"curies":[{"name":"wp","href":"https:\/\/api.w.org\/{rel}","templated":true}]}}