{"id":33540,"date":"2025-04-26T10:18:19","date_gmt":"2025-04-26T08:18:19","guid":{"rendered":"https:\/\/www.eliterealestate.gr\/?page_id=33540"},"modified":"2025-05-17T09:04:23","modified_gmt":"2025-05-17T07:04:23","slug":"enoikiaseis-akiniton-kalamata","status":"publish","type":"page","link":"https:\/\/www.eliterealestate.gr\/de\/enoikiaseis-akiniton-kalamata\/","title":{"rendered":"Mieten Sie ein Haus und Gesch\u00e4ftsr\u00e4ume in Kalamata | Elite Real Estate"},"content":{"rendered":"<div data-elementor-type=\"wp-page\" data-elementor-id=\"33540\" class=\"elementor elementor-33540\" data-elementor-post-type=\"page\">\n\t\t\t\t\t\t<section class=\"elementor-section elementor-top-section elementor-element elementor-element-68051f9 elementor-section-height-min-height elementor-section-items-stretch elementor-section-boxed elementor-section-height-default\" data-id=\"68051f9\" data-element_type=\"section\" data-e-type=\"section\" data-settings=\"{&quot;background_background&quot;:&quot;classic&quot;}\">\n\t\t\t\t\t\t\t<div class=\"elementor-background-overlay\"><\/div>\n\t\t\t\t\t\t\t<div class=\"elementor-container elementor-column-gap-default\">\n\t\t\t\t\t<div class=\"elementor-column elementor-col-100 elementor-top-column elementor-element elementor-element-4193c77\" data-id=\"4193c77\" data-element_type=\"column\" data-e-type=\"column\" data-settings=\"{&quot;background_background&quot;:&quot;classic&quot;}\">\n\t\t\t<div class=\"elementor-widget-wrap elementor-element-populated\">\n\t\t\t\t\t\t<div class=\"elementor-element elementor-element-be3a6da elementor-widget elementor-widget-heading\" data-id=\"be3a6da\" data-element_type=\"widget\" data-e-type=\"widget\" data-widget_type=\"heading.default\">\n\t\t\t\t<div class=\"elementor-widget-container\">\n\t\t\t\t\t<h1 class=\"elementor-heading-title elementor-size-default\">Inbetriebnahme von Dienstleistungen <strong> Immobilien zur Miete in Kalamata von Elite Real Estate<\/strong><\/h1>\t\t\t\t<\/div>\n\t\t\t\t<\/div>\n\t\t\t\t\t<\/div>\n\t\t<\/div>\n\t\t\t\t\t<\/div>\n\t\t<\/section>\n\t\t\t\t<section class=\"elementor-section elementor-top-section elementor-element elementor-element-e4f4102 animated-fast elementor-section-boxed elementor-section-height-default elementor-section-height-default elementor-invisible\" data-id=\"e4f4102\" data-element_type=\"section\" data-e-type=\"section\" data-settings=\"{&quot;animation&quot;:&quot;slideInUp&quot;,&quot;animation_delay&quot;:100}\">\n\t\t\t\t\t\t<div class=\"elementor-container elementor-column-gap-default\">\n\t\t\t\t\t<div class=\"elementor-column elementor-col-100 elementor-top-column elementor-element elementor-element-10019c1\" data-id=\"10019c1\" data-element_type=\"column\" data-e-type=\"column\">\n\t\t\t<div class=\"elementor-widget-wrap elementor-element-populated\">\n\t\t\t\t\t\t<div class=\"elementor-element elementor-element-3316c2f elementor-widget elementor-widget-heading\" data-id=\"3316c2f\" data-element_type=\"widget\" data-e-type=\"widget\" data-widget_type=\"heading.default\">\n\t\t\t\t<div class=\"elementor-widget-container\">\n\t\t\t\t\t<h2 class=\"elementor-heading-title elementor-size-default\">Immobilienvermittlung in Kalamata durch Elite Real Estate<\/h2>\t\t\t\t<\/div>\n\t\t\t\t<\/div>\n\t\t\t\t<div class=\"elementor-element elementor-element-33b4fd7 elementor-widget elementor-widget-heading\" data-id=\"33b4fd7\" data-element_type=\"widget\" data-e-type=\"widget\" data-widget_type=\"heading.default\">\n\t\t\t\t<div class=\"elementor-widget-container\">\n\t\t\t\t\t<h2 class=\"elementor-heading-title elementor-size-default\">Maklerb\u00fcro Elite Real Estate in Kalamata<\/h2>\t\t\t\t<\/div>\n\t\t\t\t<\/div>\n\t\t\t\t<div class=\"elementor-element elementor-element-47062bc elementor-widget elementor-widget-text-editor\" data-id=\"47062bc\" data-element_type=\"widget\" data-e-type=\"widget\" data-widget_type=\"text-editor.default\">\n\t\t\t\t<div class=\"elementor-widget-container\">\n\t\t\t\t\t\t\t\t\t<p data-pm-slice=\"1 1 []\">Elite Real Estate ist die f\u00fchrende Immobilienagentur in Kalamata, die integrierte 360\u00b0-Dienstleistungen f\u00fcr die Vermietung von Wohn- (Wohnungen und Einfamilienh\u00e4user) und Gesch\u00e4ftsr\u00e4umen anbietet. Wir verf\u00fcgen \u00fcber langj\u00e4hrige Erfahrung, Professionalit\u00e4t und ausgezeichnete Beziehungen zu den Immobilienbesitzern.<\/p><h3>Die von uns angebotenen Immobilienvermietungsdienste:<\/h3><ul data-spread=\"true\"><li><p><strong>Miete Sch\u00e4tzung in Kalamata:<\/strong> In Zusammenarbeit mit <a href=\"https:\/\/grvaluers.gr\/\" target=\"_blank\" rel=\"noopener\">zertifizierte Gutachter von grvaluers.gr<\/a>Wir bieten Ihnen genaue und zuverl\u00e4ssige Kostenvoranschl\u00e4ge, damit Sie den idealen Preis f\u00fcr Ihr Haus oder Ihre Gesch\u00e4ftsr\u00e4ume erzielen k\u00f6nnen.<\/p><\/li><li><p><strong>Professionelle Immobilienfotografie:<\/strong> Qualitativ hochwertige, professionelle Fotos, die die Immobilien optimal in Szene setzen und ihre Attraktivit\u00e4t f\u00fcr Mietinteressenten erh\u00f6hen.<\/p><\/li><li><p><strong>Einseitige Immobilienpr\u00e4sentation:<\/strong> Erstellung einer einzigartigen, vollst\u00e4ndig personalisierten Immobilienpr\u00e4sentationsseite mit gut geschriebenen, beschreibenden Texten, die zu einer besseren Werbung und sofortigen Vermietung beitragen.<\/p><\/li><li><p><strong>Termine und Informationen f\u00fcr Mietkandidaten:<\/strong> Organisation und Vereinbarung eines Termins, begleitet von einer detaillierten Bewertung der Bewerber, um den idealen Mieter auszuw\u00e4hlen.<\/p><\/li><li><p><strong>Bewertung des Mieters:<\/strong> Detaillierte Bewertung und Verwaltung von Interessenten, um zuverl\u00e4ssige Mieter zu finden, die Ihren Anforderungen entsprechen.<\/p><\/li><li><p><strong>Anweisung zur Eigentumsanzeige:<\/strong> Detaillierte und transparente Erfassung der Besichtigungen und des Interesses an Ihrer Immobilie f\u00fcr eine bestm\u00f6gliche Information.<\/p><\/li><li><p><strong>Rechtliche Unterst\u00fctzung und Privatvermietungsvertrag:<\/strong> Unser juristisches Team \u00fcbernimmt die Ausarbeitung sicherer und rechtssicherer privater Mietvertr\u00e4ge, die Ihre Interessen umfassend sch\u00fctzen.<\/p><\/li><li><p><strong>Vorinspektion und Eigentumszertifikate:<\/strong> Wir sorgen f\u00fcr den notwendigen Vorab-Check f\u00fcr Energieausweis und Elektroplan Ihrer Immobilie.<\/p><\/li><li><p><strong>Integriertes Prozessmanagement:<\/strong> Wir k\u00fcmmern uns um den gesamten Prozess, von den Anf\u00e4ngen bis zur endg\u00fcltigen \u00dcbergabe der Konten und der Erkl\u00e4rung des Pachtvertrags an die AADE.<\/p><\/li><li><p><strong>Schl\u00fcssel\u00fcbergabe:<\/strong> Wir sorgen f\u00fcr die pers\u00f6nliche \u00dcbergabe der Schl\u00fcssel an Ihren neuen Mieter nach Abschluss des Prozesses.<\/p><\/li><li><p><strong>Dienstleistungen eines Immobilieninspektors in Kalamata:<\/strong> Spezielle Immobilieninspektionsdienste mit dem spezialisierten Team von Property Inspector (<a href=\"https:\/\/www.property-inspector.gr\" target=\"_blank\" rel=\"noopener\">immobilien-inspektor.gr<\/a>).<\/p><\/li><\/ul><h3>Warum Elite Real Estate in Kalamata w\u00e4hlen?<\/h3><p>\u00a0<\/p><p>Elite Real Estate zeichnet sich aus durch:<\/p><ul data-spread=\"false\"><li><p>Ausgezeichnete Partnerschaften mit Eigent\u00fcmern<\/p><\/li><li><p>Transparenz in allen Verfahren<\/p><\/li><li><p>Pers\u00f6nliches und berufliches Management<\/p><\/li><li><p>Ausgezeichnete Kenntnisse des Immobilienmarktes in Kalamata<\/p><\/li><\/ul><p>Vertrauen Sie die Vermietung Ihrer Wohnung oder Ihrer Gesch\u00e4ftsr\u00e4ume den Experten von Elite Real Estate an und genie\u00dfen Sie einen komfortablen und zuverl\u00e4ssigen Ablauf.<\/p><h3>Kontakt zu unserem Immobilienb\u00fcro in Kalamata<\/h3><p>Setzen Sie sich noch heute mit uns in Verbindung und erfahren Sie mehr \u00fcber die von uns angebotenen Mietdienstleistungen f\u00fcr Privathaushalte und Unternehmen.<\/p>\t\t\t\t\t\t\t\t<\/div>\n\t\t\t\t<\/div>\n\t\t\t\t\t<\/div>\n\t\t<\/div>\n\t\t\t\t\t<\/div>\n\t\t<\/section>\n\t\t\t\t<\/div>","protected":false},"excerpt":{"rendered":"<p>\u03a5\u03c0\u03b7\u03c1\u03b5\u03c3\u03af\u03b5\u03c2 \u0391\u03bd\u03ac\u03b8\u03b5\u03c3\u03b7\u03c2 \u0395\u03bd\u03bf\u03b9\u03ba\u03af\u03b1\u03c3\u03b7\u03c2 \u0391\u03ba\u03b9\u03bd\u03ae\u03c4\u03c9\u03bd \u03c3\u03c4\u03b7\u03bd \u039a\u03b1\u03bb\u03b1\u03bc\u03ac\u03c4\u03b1 \u03b1\u03c0\u03cc \u03c4\u03b7\u03bd Elite Real Estate \u03a5\u03c0\u03b7\u03c1\u03b5\u03c3\u03af\u03b5\u03c2 \u0391\u03bd\u03ac\u03b8\u03b5\u03c3\u03b7\u03c2 \u0395\u03bd\u03bf\u03b9\u03ba\u03af\u03b1\u03c3\u03b7\u03c2 \u0391\u03ba\u03b9\u03bd\u03ae\u03c4\u03c9\u03bd \u03c3\u03c4\u03b7\u03bd \u039a\u03b1\u03bb\u03b1\u03bc\u03ac\u03c4\u03b1 \u03b1\u03c0\u03cc \u03c4\u03b7\u03bd Elite Real Estate \u039c\u03b5\u03c3\u03b9\u03c4\u03b9\u03ba\u03cc \u03b3\u03c1\u03b1\u03c6\u03b5\u03af\u03bf Elite Real Estate \u039a\u03b1\u03bb\u03b1\u03bc\u03ac\u03c4\u03b1 \u0397 Elite Real Estate \u03b5\u03af\u03bd\u03b1\u03b9 \u03c4\u03bf \u03ba\u03bf\u03c1\u03c5\u03c6\u03b1\u03af\u03bf \u03bc\u03b5\u03c3\u03b9\u03c4\u03b9\u03ba\u03cc \u03b3\u03c1\u03b1\u03c6\u03b5\u03af\u03bf \u03c3\u03c4\u03b7\u03bd \u039a\u03b1\u03bb\u03b1\u03bc\u03ac\u03c4\u03b1 \u03c0\u03bf\u03c5 \u03c0\u03b1\u03c1\u03ad\u03c7\u03b5\u03b9 \u03bf\u03bb\u03bf\u03ba\u03bb\u03b7\u03c1\u03c9\u03bc\u03ad\u03bd\u03b5\u03c2 \u03c5\u03c0\u03b7\u03c1\u03b5\u03c3\u03af\u03b5\u03c2 360\u00b0 \u03b3\u03b9\u03b1 \u03c4\u03b7\u03bd \u03b5\u03bd\u03bf\u03b9\u03ba\u03af\u03b1\u03c3\u03b7 \u03ba\u03b1\u03c4\u03bf\u03b9\u03ba\u03b9\u03ce\u03bd (\u03b4\u03b9\u03b1\u03bc\u03b5\u03c1\u03b9\u03c3\u03bc\u03ac\u03c4\u03c9\u03bd \u03ba\u03b1\u03b9 \u03bc\u03bf\u03bd\u03bf\u03ba\u03b1\u03c4\u03bf\u03b9\u03ba\u03b9\u03ce\u03bd) \u03ba\u03b1\u03b9 \u03b5\u03c0\u03b1\u03b3\u03b3\u03b5\u03bb\u03bc\u03b1\u03c4\u03b9\u03ba\u03ce\u03bd \u03c7\u03ce\u03c1\u03c9\u03bd. \u0394\u03b9\u03b1\u03b8\u03ad\u03c4\u03bf\u03c5\u03bc\u03b5 &hellip;<\/p>\n<p class=\"read-more\"> <a class=\"\" href=\"https:\/\/www.eliterealestate.gr\/de\/enoikiaseis-akiniton-kalamata\/\"> <span class=\"screen-reader-text\">Mieten Sie ein Haus und Gesch\u00e4ftsr\u00e4ume in Kalamata | Elite Real Estate<\/span> Mehr lesen \"<\/a><\/p>","protected":false},"author":1,"featured_media":16841,"parent":0,"menu_order":0,"comment_status":"closed","ping_status":"closed","template":"elementor_header_footer","meta":{"footnotes":""},"categories":[9],"tags":[],"location":[],"rentsale":[],"property_type":[],"class_list":["post-33540","page","type-page","status-publish","has-post-thumbnail","hentry","category-real-estate-blog"],"_links":{"self":[{"href":"https:\/\/www.eliterealestate.gr\/de\/wp-json\/wp\/v2\/pages\/33540","targetHints":{"allow":["GET"]}}],"collection":[{"href":"https:\/\/www.eliterealestate.gr\/de\/wp-json\/wp\/v2\/pages"}],"about":[{"href":"https:\/\/www.eliterealestate.gr\/de\/wp-json\/wp\/v2\/types\/page"}],"author":[{"embeddable":true,"href":"https:\/\/www.eliterealestate.gr\/de\/wp-json\/wp\/v2\/users\/1"}],"replies":[{"embeddable":true,"href":"https:\/\/www.eliterealestate.gr\/de\/wp-json\/wp\/v2\/comments?post=33540"}],"version-history":[{"count":0,"href":"https:\/\/www.eliterealestate.gr\/de\/wp-json\/wp\/v2\/pages\/33540\/revisions"}],"wp:featuredmedia":[{"embeddable":true,"href":"https:\/\/www.eliterealestate.gr\/de\/wp-json\/wp\/v2\/media\/16841"}],"wp:attachment":[{"href":"https:\/\/www.eliterealestate.gr\/de\/wp-json\/wp\/v2\/media?parent=33540"}],"wp:term":[{"taxonomy":"category","embeddable":true,"href":"https:\/\/www.eliterealestate.gr\/de\/wp-json\/wp\/v2\/categories?post=33540"},{"taxonomy":"post_tag","embeddable":true,"href":"https:\/\/www.eliterealestate.gr\/de\/wp-json\/wp\/v2\/tags?post=33540"},{"taxonomy":"location","embeddable":true,"href":"https:\/\/www.eliterealestate.gr\/de\/wp-json\/wp\/v2\/location?post=33540"},{"taxonomy":"rentsale","embeddable":true,"href":"https:\/\/www.eliterealestate.gr\/de\/wp-json\/wp\/v2\/rentsale?post=33540"},{"taxonomy":"property_type","embeddable":true,"href":"https:\/\/www.eliterealestate.gr\/de\/wp-json\/wp\/v2\/property_type?post=33540"}],"curies":[{"name":"wp","href":"https:\/\/api.w.org\/{rel}","templated":true}]}}