{"id":32659,"date":"2025-03-26T11:04:22","date_gmt":"2025-03-26T09:04:22","guid":{"rendered":"https:\/\/www.eliterealestate.gr\/?page_id=32659"},"modified":"2025-03-26T18:39:10","modified_gmt":"2025-03-26T16:39:10","slug":"%cf%84%ce%bf%cf%80%ce%bf%ce%b3%cf%81%ce%b1%cf%86%ce%b9%ce%ba%ce%ac-%cf%83%cf%84%ce%b7%ce%bd-%ce%ba%ce%b1%ce%bb%ce%b1%ce%bc%ce%ac%cf%84%ce%b1-%ce%bc%ce%b5%cf%83%cf%83%ce%b7%ce%bd%ce%af%ce%b1","status":"publish","type":"page","link":"https:\/\/www.eliterealestate.gr\/de\/%cf%84%ce%bf%cf%80%ce%bf%ce%b3%cf%81%ce%b1%cf%86%ce%b9%ce%ba%ce%ac-%cf%83%cf%84%ce%b7%ce%bd-%ce%ba%ce%b1%ce%bb%ce%b1%ce%bc%ce%ac%cf%84%ce%b1-%ce%bc%ce%b5%cf%83%cf%83%ce%b7%ce%bd%ce%af%ce%b1\/","title":{"rendered":"Topographie Kalamata &amp; Messinia | Grundst\u00fccke &amp; Immobilien Identifikation"},"content":{"rendered":"<div data-elementor-type=\"wp-page\" data-elementor-id=\"32659\" class=\"elementor elementor-32659\" data-elementor-post-type=\"page\">\n\t\t\t\t\t\t<section class=\"elementor-section elementor-top-section elementor-element elementor-element-68051f9 elementor-section-height-min-height elementor-section-items-stretch elementor-section-boxed elementor-section-height-default\" data-id=\"68051f9\" data-element_type=\"section\" data-e-type=\"section\" data-settings=\"{&quot;background_background&quot;:&quot;classic&quot;}\">\n\t\t\t\t\t\t\t<div class=\"elementor-background-overlay\"><\/div>\n\t\t\t\t\t\t\t<div class=\"elementor-container elementor-column-gap-default\">\n\t\t\t\t\t<div class=\"elementor-column elementor-col-100 elementor-top-column elementor-element elementor-element-4193c77\" data-id=\"4193c77\" data-element_type=\"column\" data-e-type=\"column\" data-settings=\"{&quot;background_background&quot;:&quot;classic&quot;}\">\n\t\t\t<div class=\"elementor-widget-wrap elementor-element-populated\">\n\t\t\t\t\t\t<div class=\"elementor-element elementor-element-be3a6da elementor-widget elementor-widget-heading\" data-id=\"be3a6da\" data-element_type=\"widget\" data-e-type=\"widget\" data-widget_type=\"heading.default\">\n\t\t\t\t<div class=\"elementor-widget-container\">\n\t\t\t\t\t<h1 class=\"elementor-heading-title elementor-size-default\"><strong>Topographisches Kalamata<\/strong> &amp; Messinia | Grundst\u00fccke &amp; Immobilien Identit\u00e4t<\/h1>\t\t\t\t<\/div>\n\t\t\t\t<\/div>\n\t\t\t\t\t<\/div>\n\t\t<\/div>\n\t\t\t\t\t<\/div>\n\t\t<\/section>\n\t\t\t\t<section class=\"elementor-section elementor-top-section elementor-element elementor-element-e4f4102 animated-fast elementor-section-boxed elementor-section-height-default elementor-section-height-default elementor-invisible\" data-id=\"e4f4102\" data-element_type=\"section\" data-e-type=\"section\" data-settings=\"{&quot;animation&quot;:&quot;slideInUp&quot;,&quot;animation_delay&quot;:100}\">\n\t\t\t\t\t\t<div class=\"elementor-container elementor-column-gap-default\">\n\t\t\t\t\t<div class=\"elementor-column elementor-col-100 elementor-top-column elementor-element elementor-element-10019c1\" data-id=\"10019c1\" data-element_type=\"column\" data-e-type=\"column\">\n\t\t\t<div class=\"elementor-widget-wrap elementor-element-populated\">\n\t\t\t\t\t\t<div class=\"elementor-element elementor-element-3316c2f elementor-widget elementor-widget-heading\" data-id=\"3316c2f\" data-element_type=\"widget\" data-e-type=\"widget\" data-widget_type=\"heading.default\">\n\t\t\t\t<div class=\"elementor-widget-container\">\n\t\t\t\t\t<h2 class=\"elementor-heading-title elementor-size-default\">\nWir f\u00fchren topographische Vermessungen von Grundst\u00fccken und Parzellen in Kalamata und ganz Messinien durch. Wir bieten Grundst\u00fccksvermessung, Grundst\u00fccksidentifizierung und Unterst\u00fctzung bei allen Verkaufsunterlagen.<\/h2>\t\t\t\t<\/div>\n\t\t\t\t<\/div>\n\t\t\t\t<div class=\"elementor-element elementor-element-33b4fd7 elementor-widget elementor-widget-heading\" data-id=\"33b4fd7\" data-element_type=\"widget\" data-e-type=\"widget\" data-widget_type=\"heading.default\">\n\t\t\t\t<div class=\"elementor-widget-container\">\n\t\t\t\t\t<h2 class=\"elementor-heading-title elementor-size-default\">Maklerb\u00fcro Elite Real Estate in Kalamata<\/h2>\t\t\t\t<\/div>\n\t\t\t\t<\/div>\n\t\t\t\t\t<\/div>\n\t\t<\/div>\n\t\t\t\t\t<\/div>\n\t\t<\/section>\n\t\t\t\t<section class=\"elementor-section elementor-top-section elementor-element elementor-element-209ed58 elementor-section-boxed elementor-section-height-default elementor-section-height-default\" data-id=\"209ed58\" data-element_type=\"section\" data-e-type=\"section\">\n\t\t\t\t\t\t<div class=\"elementor-container elementor-column-gap-default\">\n\t\t\t\t\t<div class=\"elementor-column elementor-col-100 elementor-top-column elementor-element elementor-element-540e0f2\" data-id=\"540e0f2\" data-element_type=\"column\" data-e-type=\"column\">\n\t\t\t<div class=\"elementor-widget-wrap elementor-element-populated\">\n\t\t\t\t\t\t<div class=\"elementor-element elementor-element-cce4be5 elementor-widget elementor-widget-heading\" data-id=\"cce4be5\" data-element_type=\"widget\" data-e-type=\"widget\" data-widget_type=\"heading.default\">\n\t\t\t\t<div class=\"elementor-widget-container\">\n\t\t\t\t\t<h2 class=\"elementor-heading-title elementor-size-default\">Topographische Diagramme<\/h2>\t\t\t\t<\/div>\n\t\t\t\t<\/div>\n\t\t\t\t<div class=\"elementor-element elementor-element-d2cf4aa elementor-widget elementor-widget-text-editor\" data-id=\"d2cf4aa\" data-element_type=\"widget\" data-e-type=\"widget\" data-widget_type=\"text-editor.default\">\n\t\t\t\t<div class=\"elementor-widget-container\">\n\t\t\t\t\t\t\t\t\t<p>Unser B\u00fcro, <strong>mit Sitz in Kalamata<\/strong>, <strong>in Zusammenarbeit mit erfahrenen und spezialisierten Vermessern und Ingenieuren<\/strong>\u00fcbernimmt mit Professionalit\u00e4t und Sorgfalt die Erstellung von <strong>topographische Diagramme<\/strong> f\u00fcr Grundst\u00fccke und Parzellen in ganz Kalamata und der weiteren Region Messinia.<\/p><p>Wir erstellen vollst\u00e4ndige und detaillierte topografische Pl\u00e4ne von Grundst\u00fccken und Parzellen, die f\u00fcr jeden Kauf und Verkauf, jede Grundst\u00fccksabrechnung, jede Baugenehmigung und jede notarielle Urkunde erforderlich sind. Eine aktuelle topografische Karte gew\u00e4hrleistet die genaue <strong>Kartierung der Grenzen Ihres Grundst\u00fccks<\/strong>Dadurch werden Sie vor k\u00fcnftigen Streitigkeiten gesch\u00fctzt und der Wert Ihrer Immobilie wird gesteigert.<\/p>\t\t\t\t\t\t\t\t<\/div>\n\t\t\t\t<\/div>\n\t\t\t\t<div class=\"elementor-element elementor-element-6d991ce elementor-widget elementor-widget-heading\" data-id=\"6d991ce\" data-element_type=\"widget\" data-e-type=\"widget\" data-widget_type=\"heading.default\">\n\t\t\t\t<div class=\"elementor-widget-container\">\n\t\t\t\t\t<h2 class=\"elementor-heading-title elementor-size-default\">Einteilung des Baugrundst\u00fccks<\/h2>\t\t\t\t<\/div>\n\t\t\t\t<\/div>\n\t\t\t\t<div class=\"elementor-element elementor-element-9bc2b95 elementor-widget elementor-widget-text-editor\" data-id=\"9bc2b95\" data-element_type=\"widget\" data-e-type=\"widget\" data-widget_type=\"text-editor.default\">\n\t\t\t\t<div class=\"elementor-widget-container\">\n\t\t\t\t\t\t\t\t\t<p>Das Abstecken von Grundst\u00fccken ist unerl\u00e4sslich, damit Sie die genauen Grenzen Ihres Grundst\u00fccks kennen, bevor Bauarbeiten oder Einfriedungen vorgenommen werden. Zu den Vorteilen der Absteckung geh\u00f6ren:<\/p>\n<ul data-spread=\"false\">\n<li>\n<p>Vermeidung von Rechtsstreitigkeiten<\/p>\n<\/li>\n<li>\n<p>Genaue und legale Abgrenzung Ihres Grundst\u00fccks<\/p>\n<\/li>\n<li>\n<p>Sicherheit f\u00fcr k\u00fcnftige Arbeiten oder die Nutzung Ihres Grundst\u00fccks<\/p>\n<\/li>\n<\/ul>\t\t\t\t\t\t\t\t<\/div>\n\t\t\t\t<\/div>\n\t\t\t\t<div class=\"elementor-element elementor-element-7c63400 elementor-widget elementor-widget-heading\" data-id=\"7c63400\" data-element_type=\"widget\" data-e-type=\"widget\" data-widget_type=\"heading.default\">\n\t\t\t\t<div class=\"elementor-widget-container\">\n\t\t\t\t\t<h2 class=\"elementor-heading-title elementor-size-default\">Identit\u00e4t der Immobilie und unterst\u00fctzende Dokumente<\/h2>\t\t\t\t<\/div>\n\t\t\t\t<\/div>\n\t\t\t\t<div class=\"elementor-element elementor-element-01e0371 elementor-widget elementor-widget-text-editor\" data-id=\"01e0371\" data-element_type=\"widget\" data-e-type=\"widget\" data-widget_type=\"text-editor.default\">\n\t\t\t\t<div class=\"elementor-widget-container\">\n\t\t\t\t\t\t\t\t\t<p>Wir \u00fcbernehmen die Ausstellung von Immobilienausweisen, die ein wesentliches Dokument f\u00fcr jeden modernen Kauf und Verkauf darstellen und dem K\u00e4ufer Sicherheit und dem Eigent\u00fcmer Schutz bieten. Gleichzeitig bieten wir volle Unterst\u00fctzung bei der Vorbereitung aller notwendigen Dokumente, wie z. B.:<\/p>\n<ul data-spread=\"false\">\n<li>\n<p>Kaufvertr\u00e4ge<\/p>\n<\/li>\n<li>\n<p>Erkl\u00e4rungen zum Grundbuchamt<\/p>\n<\/li>\n<li>\n<p>Unterst\u00fctzung bei notariellen Urkunden<\/p>\n<\/li>\n<\/ul>\t\t\t\t\t\t\t\t<\/div>\n\t\t\t\t<\/div>\n\t\t\t\t<div class=\"elementor-element elementor-element-47062bc elementor-widget elementor-widget-text-editor\" data-id=\"47062bc\" data-element_type=\"widget\" data-e-type=\"widget\" data-widget_type=\"text-editor.default\">\n\t\t\t\t<div class=\"elementor-widget-container\">\n\t\t\t\t\t\t\t\t\t<p>Vertrauen Sie unserem Team f\u00fcr prompten Service, Professionalit\u00e4t und garantierte Ergebnisse, immer in \u00dcbereinstimmung mit modernen Standards und Gesetzen. Kontaktieren Sie uns noch heute f\u00fcr ein individuelles Angebot, das perfekt auf Ihre Bed\u00fcrfnisse zugeschnitten ist!<br \/><br \/><\/p>\t\t\t\t\t\t\t\t<\/div>\n\t\t\t\t<\/div>\n\t\t\t\t<div class=\"elementor-element elementor-element-dac1a3e elementor-widget elementor-widget-text-editor\" data-id=\"dac1a3e\" data-element_type=\"widget\" data-e-type=\"widget\" data-widget_type=\"text-editor.default\">\n\t\t\t\t<div class=\"elementor-widget-container\">\n\t\t\t\t\t\t\t\t\t<p><strong>Schl\u00fcsselw\u00f6rter:<\/strong> Topographische Kalamata, Topographische Messinia, Topograph Kalamata, Topograph Messinia, Landvermesser Kalamata, Landvermessung Kalamata, Landvermessung Kalamata, Landvermessung Kalamata, Landvermessung Kalamata, Landvermessung Kalamata, Landvermessung Kalamata, Landvermessung Kalamata, Landvermessung Kalamata, Landvermessung Kalamata.<\/p>\t\t\t\t\t\t\t\t<\/div>\n\t\t\t\t<\/div>\n\t\t\t\t\t<\/div>\n\t\t<\/div>\n\t\t\t\t\t<\/div>\n\t\t<\/section>\n\t\t\t\t<\/div>","protected":false},"excerpt":{"rendered":"<p>Topografie Kalamata &amp; Messinia | Grundst\u00fccks- und Immobilienidentifizierung Wir f\u00fchren topografische Grundst\u00fccke und Parzellen in Kalamata und ganz Messinia durch. Wir bieten Grundst\u00fccksvermessung, Grundst\u00fccksidentifizierung und Unterst\u00fctzung bei allen Verkaufsunterlagen. Elite Real Estate Kalamata Immobilienagentur Topographische Diagramme Unser B\u00fcro mit Sitz in Kalamata, in Zusammenarbeit mit erfahrenen ...<\/p>\n<p class=\"read-more\"> <a class=\"\" href=\"https:\/\/www.eliterealestate.gr\/de\/%cf%84%ce%bf%cf%80%ce%bf%ce%b3%cf%81%ce%b1%cf%86%ce%b9%ce%ba%ce%ac-%cf%83%cf%84%ce%b7%ce%bd-%ce%ba%ce%b1%ce%bb%ce%b1%ce%bc%ce%ac%cf%84%ce%b1-%ce%bc%ce%b5%cf%83%cf%83%ce%b7%ce%bd%ce%af%ce%b1\/\"> <span class=\"screen-reader-text\">Topographie Kalamata &amp; Messinia | Grundst\u00fccke &amp; Immobilien Identifikation<\/span> Mehr lesen \"<\/a><\/p>","protected":false},"author":1,"featured_media":32660,"parent":0,"menu_order":0,"comment_status":"closed","ping_status":"closed","template":"elementor_header_footer","meta":{"footnotes":""},"categories":[9],"tags":[616],"location":[],"rentsale":[],"property_type":[],"class_list":["post-32659","page","type-page","status-publish","has-post-thumbnail","hentry","category-real-estate-blog","tag-616"],"_links":{"self":[{"href":"https:\/\/www.eliterealestate.gr\/de\/wp-json\/wp\/v2\/pages\/32659","targetHints":{"allow":["GET"]}}],"collection":[{"href":"https:\/\/www.eliterealestate.gr\/de\/wp-json\/wp\/v2\/pages"}],"about":[{"href":"https:\/\/www.eliterealestate.gr\/de\/wp-json\/wp\/v2\/types\/page"}],"author":[{"embeddable":true,"href":"https:\/\/www.eliterealestate.gr\/de\/wp-json\/wp\/v2\/users\/1"}],"replies":[{"embeddable":true,"href":"https:\/\/www.eliterealestate.gr\/de\/wp-json\/wp\/v2\/comments?post=32659"}],"version-history":[{"count":0,"href":"https:\/\/www.eliterealestate.gr\/de\/wp-json\/wp\/v2\/pages\/32659\/revisions"}],"wp:featuredmedia":[{"embeddable":true,"href":"https:\/\/www.eliterealestate.gr\/de\/wp-json\/wp\/v2\/media\/32660"}],"wp:attachment":[{"href":"https:\/\/www.eliterealestate.gr\/de\/wp-json\/wp\/v2\/media?parent=32659"}],"wp:term":[{"taxonomy":"category","embeddable":true,"href":"https:\/\/www.eliterealestate.gr\/de\/wp-json\/wp\/v2\/categories?post=32659"},{"taxonomy":"post_tag","embeddable":true,"href":"https:\/\/www.eliterealestate.gr\/de\/wp-json\/wp\/v2\/tags?post=32659"},{"taxonomy":"location","embeddable":true,"href":"https:\/\/www.eliterealestate.gr\/de\/wp-json\/wp\/v2\/location?post=32659"},{"taxonomy":"rentsale","embeddable":true,"href":"https:\/\/www.eliterealestate.gr\/de\/wp-json\/wp\/v2\/rentsale?post=32659"},{"taxonomy":"property_type","embeddable":true,"href":"https:\/\/www.eliterealestate.gr\/de\/wp-json\/wp\/v2\/property_type?post=32659"}],"curies":[{"name":"wp","href":"https:\/\/api.w.org\/{rel}","templated":true}]}}