{"id":32333,"date":"2025-03-13T19:53:46","date_gmt":"2025-03-13T17:53:46","guid":{"rendered":"https:\/\/www.eliterealestate.gr\/?page_id=32333"},"modified":"2025-03-21T11:57:55","modified_gmt":"2025-03-21T09:57:55","slug":"ti-einai-i-forma-ypodeiksis-akinitou","status":"publish","type":"page","link":"https:\/\/www.eliterealestate.gr\/de\/ti-einai-i-forma-ypodeiksis-akinitou\/","title":{"rendered":"Weisungsauftrag - Was ist das und warum muss ich ihn ausf\u00fcllen?"},"content":{"rendered":"<div data-elementor-type=\"wp-page\" data-elementor-id=\"32333\" class=\"elementor elementor-32333\" data-elementor-post-type=\"page\">\n\t\t\t\t\t\t<section class=\"elementor-section elementor-top-section elementor-element elementor-element-68051f9 elementor-section-height-min-height elementor-section-items-stretch elementor-section-boxed elementor-section-height-default\" data-id=\"68051f9\" data-element_type=\"section\" data-e-type=\"section\" data-settings=\"{&quot;background_background&quot;:&quot;classic&quot;}\">\n\t\t\t\t\t\t\t<div class=\"elementor-background-overlay\"><\/div>\n\t\t\t\t\t\t\t<div class=\"elementor-container elementor-column-gap-default\">\n\t\t\t\t\t<div class=\"elementor-column elementor-col-100 elementor-top-column elementor-element elementor-element-4193c77\" data-id=\"4193c77\" data-element_type=\"column\" data-e-type=\"column\" data-settings=\"{&quot;background_background&quot;:&quot;classic&quot;}\">\n\t\t\t<div class=\"elementor-widget-wrap elementor-element-populated\">\n\t\t\t\t\t\t<div class=\"elementor-element elementor-element-be3a6da elementor-widget elementor-widget-heading\" data-id=\"be3a6da\" data-element_type=\"widget\" data-e-type=\"widget\" data-widget_type=\"heading.default\">\n\t\t\t\t<div class=\"elementor-widget-container\">\n\t\t\t\t\t<h1 class=\"elementor-heading-title elementor-size-default translation-block\">Was es ist und warum ich die <strong>Eigentumsanzeige<\/strong> ausf\u00fcllen muss<\/h1>\t\t\t\t<\/div>\n\t\t\t\t<\/div>\n\t\t\t\t\t<\/div>\n\t\t<\/div>\n\t\t\t\t\t<\/div>\n\t\t<\/section>\n\t\t\t\t<section class=\"elementor-section elementor-top-section elementor-element elementor-element-e4f4102 animated-fast elementor-section-boxed elementor-section-height-default elementor-section-height-default elementor-invisible\" data-id=\"e4f4102\" data-element_type=\"section\" data-e-type=\"section\" data-settings=\"{&quot;animation&quot;:&quot;slideInUp&quot;,&quot;animation_delay&quot;:100}\">\n\t\t\t\t\t\t<div class=\"elementor-container elementor-column-gap-default\">\n\t\t\t\t\t<div class=\"elementor-column elementor-col-100 elementor-top-column elementor-element elementor-element-10019c1\" data-id=\"10019c1\" data-element_type=\"column\" data-e-type=\"column\">\n\t\t\t<div class=\"elementor-widget-wrap elementor-element-populated\">\n\t\t\t\t\t\t<div class=\"elementor-element elementor-element-3316c2f elementor-widget elementor-widget-heading\" data-id=\"3316c2f\" data-element_type=\"widget\" data-e-type=\"widget\" data-widget_type=\"heading.default\">\n\t\t\t\t<div class=\"elementor-widget-container\">\n\t\t\t\t\t<h2 class=\"elementor-heading-title elementor-size-default\">AUFTRAG ZUR ANGABE VON GRUNDST\u00dcCKEN<\/h2>\t\t\t\t<\/div>\n\t\t\t\t<\/div>\n\t\t\t\t<div class=\"elementor-element elementor-element-33b4fd7 elementor-widget elementor-widget-heading\" data-id=\"33b4fd7\" data-element_type=\"widget\" data-e-type=\"widget\" data-widget_type=\"heading.default\">\n\t\t\t\t<div class=\"elementor-widget-container\">\n\t\t\t\t\t<h2 class=\"elementor-heading-title elementor-size-default\">Maklerb\u00fcro Elite Real Estate in Kalamata<\/h2>\t\t\t\t<\/div>\n\t\t\t\t<\/div>\n\t\t\t\t<div class=\"elementor-element elementor-element-47062bc elementor-widget elementor-widget-text-editor\" data-id=\"47062bc\" data-element_type=\"widget\" data-e-type=\"widget\" data-widget_type=\"text-editor.default\">\n\t\t\t\t<div class=\"elementor-widget-container\">\n\t\t\t\t\t\t\t\t\t<p data-pm-slice=\"1 1 []\">Sehr geehrter Kunde,<\/p><p>Bevor eine Immobilie (Wohnung, Haus oder Grundst\u00fcck) zum Kauf oder zur Miete angezeigt wird, f\u00fcllt unser B\u00fcro nach dem vorgeschriebenen Verfahren den \"Immobilienanzeigeauftrag\" aus. Dieses Dokument ist aus den folgenden Gr\u00fcnden f\u00fcr Sie und f\u00fcr uns besonders wichtig:<\/p><ol start=\"1\" data-spread=\"true\"><li><p><strong>Sie legt die Rangfolge fest:<\/strong> Im Falle eines Immobilienkaufs wird durch die Unterzeichnung des Besichtigungsauftrags die Reihenfolge der Besichtigung sichergestellt und best\u00e4tigt, so dass Sie Ihr Recht gegen\u00fcber anderen Interessenten wahren.<\/p><\/li><li><p><strong>Transparenz und Information des Eigent\u00fcmers:<\/strong> Das Dokument erm\u00f6glicht es uns, den Eigent\u00fcmer genau dar\u00fcber zu informieren, welche Kunden die Immobilie besichtigt haben, in welcher Reihenfolge dies geschah und welche Angebote m\u00f6glicherweise gemacht wurden. Dies gew\u00e4hrleistet die Transparenz des Prozesses.<\/p><\/li><li><p><strong>Klarer \u00dcberblick \u00fcber die finanzielle Vereinbarung:<\/strong> Durch den Auftrag werden Sie im Voraus \u00fcber den Betrag oder den Prozentsatz der Maklergeb\u00fchr informiert, der unseren Dienstleistungen entspricht, so dass Sie genau wissen, was Sie zahlen werden, wenn Sie kaufen oder mieten.<\/p><\/li><li><p><strong>Schutz Ihrer pers\u00f6nlichen Daten (GDPR):<\/strong> Das Dokument enth\u00e4lt Informationen \u00fcber den Schutz Ihrer pers\u00f6nlichen Daten, die in vollem Einklang mit der GDPR-Verordnung stehen. Ihre Daten werden ausschlie\u00dflich zu dem Zweck gespeichert, Ihnen die Immobilie zu zeigen und Sie w\u00e4hrend des Prozesses zu bedienen.<\/p><\/li><li><p class=\"translation-block\"><strong>Vermeidung zuk\u00fcnftiger Streitigkeiten:<\/strong> Die klare Aufzeichnung von Details und Bedingungen in der Trinkgeldbestellung hilft, zuk\u00fcnftige Unstimmigkeiten oder Missverst\u00e4ndnisse \u00fcber das Trinkgeld und die Transaktion zu vermeiden.<\/p><\/li><\/ol><p>Dieses Verfahren hat sich international als die zuverl\u00e4ssigste und fairste Methode zur Verwaltung von Immobiliennominierungen etabliert und gew\u00e4hrleistet sowohl Ihre Interessen als auch den reibungslosen Ablauf des Verfahrens.<\/p><p>Wir danken Ihnen f\u00fcr Ihr Vertrauen und stehen Ihnen f\u00fcr weitere Ausk\u00fcnfte gerne zur Verf\u00fcgung.<\/p><p>Mit freundlichen Gr\u00fc\u00dfen, <br \/>Elite-Immobilien<\/p><p>\u00a0<\/p>\t\t\t\t\t\t\t\t<\/div>\n\t\t\t\t<\/div>\n\t\t\t\t\t<\/div>\n\t\t<\/div>\n\t\t\t\t\t<\/div>\n\t\t<\/section>\n\t\t\t\t<\/div>","protected":false},"excerpt":{"rendered":"<p>\u03a4\u03b9 \u03b5\u03af\u03bd\u03b1\u03b9 \u03ba\u03b1\u03b9 \u03b3\u03b9\u03b1\u03c4\u03af \u03c0\u03c1\u03ad\u03c0\u03b5\u03b9 \u03bd\u03b1 \u03c3\u03c5\u03bc\u03c0\u03bb\u03b7\u03c1\u03ce\u03c3\u03c9 \u03c4\u03b7 \u03b5\u03bd\u03c4\u03bf\u03bb\u03ae \u03c5\u03c0\u03cc\u03b4\u03b5\u03b9\u03be\u03b7\u03c2 \u03b1\u03ba\u03b9\u03bd\u03ae\u03c4\u03bf\u03c5 \u0395\u039d\u03a4\u039f\u039b\u0397 \u03a5\u03a0\u039f\u0394\u0395\u0399\u039e\u0397\u03a3 \u0391\u039a\u0399\u039d\u0397\u03a4\u039f\u03a5 \u039c\u03b5\u03c3\u03b9\u03c4\u03b9\u03ba\u03cc \u03b3\u03c1\u03b1\u03c6\u03b5\u03af\u03bf Elite Real Estate \u039a\u03b1\u03bb\u03b1\u03bc\u03ac\u03c4\u03b1 \u0391\u03b3\u03b1\u03c0\u03b7\u03c4\u03ad \u03c0\u03b5\u03bb\u03ac\u03c4\u03b7, \u03a0\u03c1\u03b9\u03bd \u03b1\u03c0\u03cc \u03ba\u03ac\u03b8\u03b5 \u03c5\u03c0\u03cc\u03b4\u03b5\u03b9\u03be\u03b7 \u03b1\u03ba\u03b9\u03bd\u03ae\u03c4\u03bf\u03c5 (\u03b4\u03b9\u03b1\u03bc\u03ad\u03c1\u03b9\u03c3\u03bc\u03b1, \u03ba\u03b1\u03c4\u03bf\u03b9\u03ba\u03af\u03b1 \u03ae \u03bf\u03b9\u03ba\u03cc\u03c0\u03b5\u03b4\u03bf), \u03b5\u03af\u03c4\u03b5 \u03b3\u03b9\u03b1 \u03b1\u03b3\u03bf\u03c1\u03ac \u03b5\u03af\u03c4\u03b5 \u03b3\u03b9\u03b1 \u03b5\u03bd\u03bf\u03b9\u03ba\u03af\u03b1\u03c3\u03b7, \u03c4\u03bf \u03b3\u03c1\u03b1\u03c6\u03b5\u03af\u03bf \u03bc\u03b1\u03c2 \u03b1\u03ba\u03bf\u03bb\u03bf\u03c5\u03b8\u03b5\u03af \u03c4\u03b7\u03bd \u03c0\u03c1\u03bf\u03b2\u03bb\u03b5\u03c0\u03cc\u03bc\u03b5\u03bd\u03b7 \u03b4\u03b9\u03b1\u03b4\u03b9\u03ba\u03b1\u03c3\u03af\u03b1 \u03c3\u03c5\u03bc\u03c0\u03bb\u03ae\u03c1\u03c9\u03c3\u03b7\u03c2 \u03c4\u03b7\u03c2 \u00ab\u0395\u03bd\u03c4\u03bf\u03bb\u03ae\u03c2 \u03a5\u03c0\u03cc\u03b4\u03b5\u03b9\u03be\u03b7\u03c2 \u0391\u03ba\u03b9\u03bd\u03ae\u03c4\u03bf\u03c5\u00bb. \u03a4\u03bf \u03c3\u03c5\u03b3\u03ba\u03b5\u03ba\u03c1\u03b9\u03bc\u03ad\u03bd\u03bf \u03ad\u03b3\u03b3\u03c1\u03b1\u03c6\u03bf \u03b5\u03af\u03bd\u03b1\u03b9 \u03b9\u03b4\u03b9\u03b1\u03af\u03c4\u03b5\u03c1\u03b1 \u03c3\u03b7\u03bc\u03b1\u03bd\u03c4\u03b9\u03ba\u03cc &hellip;<\/p>\n<p class=\"read-more\"> <a class=\"\" href=\"https:\/\/www.eliterealestate.gr\/de\/ti-einai-i-forma-ypodeiksis-akinitou\/\"> <span class=\"screen-reader-text\">Weisungsauftrag - Was ist das und warum muss ich ihn ausf\u00fcllen?<\/span> Mehr lesen \"<\/a><\/p>","protected":false},"author":1,"featured_media":0,"parent":0,"menu_order":0,"comment_status":"closed","ping_status":"closed","template":"","meta":{"footnotes":""},"categories":[9],"tags":[],"location":[],"rentsale":[],"property_type":[],"class_list":["post-32333","page","type-page","status-publish","hentry","category-real-estate-blog"],"_links":{"self":[{"href":"https:\/\/www.eliterealestate.gr\/de\/wp-json\/wp\/v2\/pages\/32333","targetHints":{"allow":["GET"]}}],"collection":[{"href":"https:\/\/www.eliterealestate.gr\/de\/wp-json\/wp\/v2\/pages"}],"about":[{"href":"https:\/\/www.eliterealestate.gr\/de\/wp-json\/wp\/v2\/types\/page"}],"author":[{"embeddable":true,"href":"https:\/\/www.eliterealestate.gr\/de\/wp-json\/wp\/v2\/users\/1"}],"replies":[{"embeddable":true,"href":"https:\/\/www.eliterealestate.gr\/de\/wp-json\/wp\/v2\/comments?post=32333"}],"version-history":[{"count":0,"href":"https:\/\/www.eliterealestate.gr\/de\/wp-json\/wp\/v2\/pages\/32333\/revisions"}],"wp:attachment":[{"href":"https:\/\/www.eliterealestate.gr\/de\/wp-json\/wp\/v2\/media?parent=32333"}],"wp:term":[{"taxonomy":"category","embeddable":true,"href":"https:\/\/www.eliterealestate.gr\/de\/wp-json\/wp\/v2\/categories?post=32333"},{"taxonomy":"post_tag","embeddable":true,"href":"https:\/\/www.eliterealestate.gr\/de\/wp-json\/wp\/v2\/tags?post=32333"},{"taxonomy":"location","embeddable":true,"href":"https:\/\/www.eliterealestate.gr\/de\/wp-json\/wp\/v2\/location?post=32333"},{"taxonomy":"rentsale","embeddable":true,"href":"https:\/\/www.eliterealestate.gr\/de\/wp-json\/wp\/v2\/rentsale?post=32333"},{"taxonomy":"property_type","embeddable":true,"href":"https:\/\/www.eliterealestate.gr\/de\/wp-json\/wp\/v2\/property_type?post=32333"}],"curies":[{"name":"wp","href":"https:\/\/api.w.org\/{rel}","templated":true}]}}