{"id":24725,"date":"2024-01-15T11:46:47","date_gmt":"2024-01-15T09:46:47","guid":{"rendered":"https:\/\/www.eliterealestate.gr\/?page_id=24725"},"modified":"2024-01-19T09:21:04","modified_gmt":"2024-01-19T07:21:04","slug":"ypodeiksi","status":"publish","type":"page","link":"https:\/\/www.eliterealestate.gr\/de\/ypodeiksi\/","title":{"rendered":"Vorschlag f\u00fcr eine Immobilie - ELITE REAL ESTATE"},"content":{"rendered":"<div data-elementor-type=\"wp-page\" data-elementor-id=\"24725\" class=\"elementor elementor-24725\" data-elementor-post-type=\"page\">\n\t\t\t\t\t\t<section class=\"elementor-section elementor-top-section elementor-element elementor-element-8a04653 elementor-section-height-min-height elementor-section-items-stretch elementor-section-boxed elementor-section-height-default\" data-id=\"8a04653\" data-element_type=\"section\" data-e-type=\"section\" data-settings=\"{&quot;background_background&quot;:&quot;classic&quot;}\">\n\t\t\t\t\t\t\t<div class=\"elementor-background-overlay\"><\/div>\n\t\t\t\t\t\t\t<div class=\"elementor-container elementor-column-gap-default\">\n\t\t\t\t\t<div class=\"elementor-column elementor-col-100 elementor-top-column elementor-element elementor-element-27c941c\" data-id=\"27c941c\" data-element_type=\"column\" data-e-type=\"column\" data-settings=\"{&quot;background_background&quot;:&quot;classic&quot;}\">\n\t\t\t<div class=\"elementor-widget-wrap elementor-element-populated\">\n\t\t\t\t\t\t<div class=\"elementor-element elementor-element-44493fe elementor-widget elementor-widget-heading\" data-id=\"44493fe\" data-element_type=\"widget\" data-e-type=\"widget\" data-widget_type=\"heading.default\">\n\t\t\t\t<div class=\"elementor-widget-container\">\n\t\t\t\t\t<h3 class=\"elementor-heading-title elementor-size-default\">Elite Real Estate | Immobilienvorschlag<\/h3>\t\t\t\t<\/div>\n\t\t\t\t<\/div>\n\t\t\t\t<div class=\"elementor-element elementor-element-c06d591 elementor-widget elementor-widget-heading\" data-id=\"c06d591\" data-element_type=\"widget\" data-e-type=\"widget\" data-widget_type=\"heading.default\">\n\t\t\t\t<div class=\"elementor-widget-container\">\n\t\t\t\t\t<h1 class=\"elementor-heading-title elementor-size-default\"><strong>Bitte lesen Sie die kurzen Antworten auf die Fragen, bevor Sie Ihre Immobilie einreichen<\/strong><br><\/h1>\t\t\t\t<\/div>\n\t\t\t\t<\/div>\n\t\t\t\t\t<\/div>\n\t\t<\/div>\n\t\t\t\t\t<\/div>\n\t\t<\/section>\n\t\t\t\t<section class=\"elementor-section elementor-top-section elementor-element elementor-element-c16ce7d elementor-section-boxed elementor-section-height-default elementor-section-height-default\" data-id=\"c16ce7d\" data-element_type=\"section\" data-e-type=\"section\">\n\t\t\t\t\t\t<div class=\"elementor-container elementor-column-gap-default\">\n\t\t\t\t\t<div class=\"elementor-column elementor-col-33 elementor-top-column elementor-element elementor-element-429e8f3\" data-id=\"429e8f3\" data-element_type=\"column\" data-e-type=\"column\">\n\t\t\t<div class=\"elementor-widget-wrap\">\n\t\t\t\t\t\t\t<\/div>\n\t\t<\/div>\n\t\t\t\t<div class=\"elementor-column elementor-col-33 elementor-top-column elementor-element elementor-element-745657f\" data-id=\"745657f\" data-element_type=\"column\" data-e-type=\"column\">\n\t\t\t<div class=\"elementor-widget-wrap elementor-element-populated\">\n\t\t\t\t\t\t<div class=\"elementor-element elementor-element-4d33458 elementor-widget elementor-widget-heading\" data-id=\"4d33458\" data-element_type=\"widget\" data-e-type=\"widget\" data-widget_type=\"heading.default\">\n\t\t\t\t<div class=\"elementor-widget-container\">\n\t\t\t\t\t<h2 class=\"elementor-heading-title elementor-size-default\">Sie haben soeben einen Termin zur Besichtigung Ihrer neuen Immobilie zum Kauf oder zur Miete vereinbart! Nachfolgend finden Sie einige Fragen und Antworten, die uns helfen, besser mit Ihnen zusammenzuarbeiten und den Prozess des Vorschlags und der Verhandlung zu verstehen.<\/h2>\t\t\t\t<\/div>\n\t\t\t\t<\/div>\n\t\t\t\t\t<\/div>\n\t\t<\/div>\n\t\t\t\t<div class=\"elementor-column elementor-col-33 elementor-top-column elementor-element elementor-element-45a91f8\" data-id=\"45a91f8\" data-element_type=\"column\" data-e-type=\"column\">\n\t\t\t<div class=\"elementor-widget-wrap\">\n\t\t\t\t\t\t\t<\/div>\n\t\t<\/div>\n\t\t\t\t\t<\/div>\n\t\t<\/section>\n\t\t\t\t<section class=\"elementor-section elementor-top-section elementor-element elementor-element-24ddb10 elementor-section-boxed elementor-section-height-default elementor-section-height-default\" data-id=\"24ddb10\" data-element_type=\"section\" data-e-type=\"section\">\n\t\t\t\t\t\t<div class=\"elementor-container elementor-column-gap-default\">\n\t\t\t\t\t<div class=\"elementor-column elementor-col-33 elementor-top-column elementor-element elementor-element-785c351\" data-id=\"785c351\" data-element_type=\"column\" data-e-type=\"column\">\n\t\t\t<div class=\"elementor-widget-wrap\">\n\t\t\t\t\t\t\t<\/div>\n\t\t<\/div>\n\t\t\t\t<div class=\"elementor-column elementor-col-33 elementor-top-column elementor-element elementor-element-5c8567e\" data-id=\"5c8567e\" data-element_type=\"column\" data-e-type=\"column\">\n\t\t\t<div class=\"elementor-widget-wrap elementor-element-populated\">\n\t\t\t\t\t\t<div class=\"elementor-element elementor-element-1feb0da elementor-widget elementor-widget-heading\" data-id=\"1feb0da\" data-element_type=\"widget\" data-e-type=\"widget\" data-widget_type=\"heading.default\">\n\t\t\t\t<div class=\"elementor-widget-container\">\n\t\t\t\t\t<h2 class=\"elementor-heading-title elementor-size-default\">F.A.Q.<\/h2>\t\t\t\t<\/div>\n\t\t\t\t<\/div>\n\t\t\t\t<div class=\"elementor-element elementor-element-ce37ecb elementor-widget elementor-widget-toggle\" data-id=\"ce37ecb\" data-element_type=\"widget\" data-e-type=\"widget\" data-widget_type=\"toggle.default\">\n\t\t\t\t<div class=\"elementor-widget-container\">\n\t\t\t\t\t\t\t<div class=\"elementor-toggle\">\n\t\t\t\t\t\t\t<div class=\"elementor-toggle-item\">\n\t\t\t\t\t<div id=\"elementor-tab-title-2161\" class=\"elementor-tab-title\" data-tab=\"1\" role=\"button\" aria-controls=\"elementor-tab-content-2161\" aria-expanded=\"false\">\n\t\t\t\t\t\t\t\t\t\t\t\t<span class=\"elementor-toggle-icon elementor-toggle-icon-left\" aria-hidden=\"true\">\n\t\t\t\t\t\t\t\t\t\t\t\t\t\t\t<span class=\"elementor-toggle-icon-closed\"><i class=\"fas fa-caret-right\"><\/i><\/span>\n\t\t\t\t\t\t\t\t<span class=\"elementor-toggle-icon-opened\"><i class=\"elementor-toggle-icon-opened fas fa-caret-up\"><\/i><\/span>\n\t\t\t\t\t\t\t\t\t\t\t\t\t<\/span>\n\t\t\t\t\t\t\t\t\t\t\t\t<a class=\"elementor-toggle-title\" tabindex=\"0\">Ernennungen - Ausweisdokumente<\/a>\n\t\t\t\t\t<\/div>\n\n\t\t\t\t\t<div id=\"elementor-tab-content-2161\" class=\"elementor-tab-content elementor-clearfix\" data-tab=\"1\" role=\"region\" aria-labelledby=\"elementor-tab-title-2161\"><p>Bei allen Vorschl\u00e4gen sollten Sie bei uns die <strong>Ihren Personalausweis oder Reisepass und Ihre Umsatzsteuer-Identifikationsnummer<\/strong> und weisen Sie den Berater darauf hin, bevor Sie das Objekt am Treffpunkt ausweisen. Sie f\u00fcllen den Absteckauftrag aus und unterschreiben ihn.<\/p><p><em>(Lesen Sie mehr \u00fcber diesen Befehl in der n\u00e4chsten F.A.Q.)<\/em><\/p><\/div>\n\t\t\t\t<\/div>\n\t\t\t\t\t\t\t<div class=\"elementor-toggle-item\">\n\t\t\t\t\t<div id=\"elementor-tab-title-2162\" class=\"elementor-tab-title\" data-tab=\"2\" role=\"button\" aria-controls=\"elementor-tab-content-2162\" aria-expanded=\"false\">\n\t\t\t\t\t\t\t\t\t\t\t\t<span class=\"elementor-toggle-icon elementor-toggle-icon-left\" aria-hidden=\"true\">\n\t\t\t\t\t\t\t\t\t\t\t\t\t\t\t<span class=\"elementor-toggle-icon-closed\"><i class=\"fas fa-caret-right\"><\/i><\/span>\n\t\t\t\t\t\t\t\t<span class=\"elementor-toggle-icon-opened\"><i class=\"elementor-toggle-icon-opened fas fa-caret-up\"><\/i><\/span>\n\t\t\t\t\t\t\t\t\t\t\t\t\t<\/span>\n\t\t\t\t\t\t\t\t\t\t\t\t<a class=\"elementor-toggle-title\" tabindex=\"0\">Was ist ein Vorschlagsauftrag?<\/a>\n\t\t\t\t\t<\/div>\n\n\t\t\t\t\t<div id=\"elementor-tab-content-2162\" class=\"elementor-tab-content elementor-clearfix\" data-tab=\"2\" role=\"region\" aria-labelledby=\"elementor-tab-title-2162\"><ol><li>Bevor er eine Immobilie empfiehlt, muss der Berater wissen, wem die Immobilie gezeigt wird. Es gibt viele F\u00e4lle, in denen heimt\u00fcckische Leute versuchen, Immobilien (Wohnimmobilien) zu besichtigen, um das Innere der Immobilie f\u00fcr ihre eigenen Zwecke kennenzulernen. Sie w\u00fcrden auch nicht wollen, dass Leute, die niemand kennt, einfach Ihre Immobilie betreten.<\/li><li>Im Vermittlungsauftrag ist auch der Betrag oder Prozentsatz f\u00fcr die Vermittlungs- und Verhandlungsdienste des Immobilienb\u00fcros angegeben, wenn Sie die Immobilie zum Verkauf oder zur Miete abschlie\u00dfen, und schlie\u00dflich, was ganz wichtig ist, gibt er Ihnen Vorrang vor anderen Auftr\u00e4gen zum Abschluss des Gesch\u00e4fts.<\/li><\/ol><p><em>\u00a0Eine Kopie Ihrer Bestellung wird Ihnen zusammen mit einem Foto an Ihre E-Mail, Viber oder Whats App mit den von Ihnen angegebenen Daten gesendet.<\/em><\/p><\/div>\n\t\t\t\t<\/div>\n\t\t\t\t\t\t\t<div class=\"elementor-toggle-item\">\n\t\t\t\t\t<div id=\"elementor-tab-title-2163\" class=\"elementor-tab-title\" data-tab=\"3\" role=\"button\" aria-controls=\"elementor-tab-content-2163\" aria-expanded=\"false\">\n\t\t\t\t\t\t\t\t\t\t\t\t<span class=\"elementor-toggle-icon elementor-toggle-icon-left\" aria-hidden=\"true\">\n\t\t\t\t\t\t\t\t\t\t\t\t\t\t\t<span class=\"elementor-toggle-icon-closed\"><i class=\"fas fa-caret-right\"><\/i><\/span>\n\t\t\t\t\t\t\t\t<span class=\"elementor-toggle-icon-opened\"><i class=\"elementor-toggle-icon-opened fas fa-caret-up\"><\/i><\/span>\n\t\t\t\t\t\t\t\t\t\t\t\t\t<\/span>\n\t\t\t\t\t\t\t\t\t\t\t\t<a class=\"elementor-toggle-title\" tabindex=\"0\">Ist die Nominierung einer Immobilie geb\u00fchrenpflichtig? <\/a>\n\t\t\t\t\t<\/div>\n\n\t\t\t\t\t<div id=\"elementor-tab-content-2163\" class=\"elementor-tab-content elementor-clearfix\" data-tab=\"3\" role=\"region\" aria-labelledby=\"elementor-tab-title-2163\"><p>Nein, nur wenn die Immobilie gemietet oder gekauft wird.<\/p><\/div>\n\t\t\t\t<\/div>\n\t\t\t\t\t\t\t<div class=\"elementor-toggle-item\">\n\t\t\t\t\t<div id=\"elementor-tab-title-2164\" class=\"elementor-tab-title\" data-tab=\"4\" role=\"button\" aria-controls=\"elementor-tab-content-2164\" aria-expanded=\"false\">\n\t\t\t\t\t\t\t\t\t\t\t\t<span class=\"elementor-toggle-icon elementor-toggle-icon-left\" aria-hidden=\"true\">\n\t\t\t\t\t\t\t\t\t\t\t\t\t\t\t<span class=\"elementor-toggle-icon-closed\"><i class=\"fas fa-caret-right\"><\/i><\/span>\n\t\t\t\t\t\t\t\t<span class=\"elementor-toggle-icon-opened\"><i class=\"elementor-toggle-icon-opened fas fa-caret-up\"><\/i><\/span>\n\t\t\t\t\t\t\t\t\t\t\t\t\t<\/span>\n\t\t\t\t\t\t\t\t\t\t\t\t<a class=\"elementor-toggle-title\" tabindex=\"0\">Verabredung - Zeit <\/a>\n\t\t\t\t\t<\/div>\n\n\t\t\t\t\t<div id=\"elementor-tab-content-2164\" class=\"elementor-tab-content elementor-clearfix\" data-tab=\"4\" role=\"region\" aria-labelledby=\"elementor-tab-title-2164\"><div class=\"form-textarea resizable textarea-processed\"><div>Bitte haben\u00a0<span class=\"googie_link\">Siehe<\/span>\u00a0Die\u00a0<span class=\"googie_link\">Reiseroute<\/span>\u00a0die Sie befolgen m\u00fcssen, um p\u00fcnktlich zu Ihrem Termin zu erscheinen. Falls Sie wissen\u00a0<span class=\"googie_link\">dass<\/span>\u00a0Sie sich versp\u00e4ten oder einen Termin absagen m\u00fcssen\u00a0<span class=\"googie_link\">tun<\/span>\u00a0so fr\u00fch wie m\u00f6glich.<\/div><\/div><\/div>\n\t\t\t\t<\/div>\n\t\t\t\t\t\t\t<div class=\"elementor-toggle-item\">\n\t\t\t\t\t<div id=\"elementor-tab-title-2165\" class=\"elementor-tab-title\" data-tab=\"5\" role=\"button\" aria-controls=\"elementor-tab-content-2165\" aria-expanded=\"false\">\n\t\t\t\t\t\t\t\t\t\t\t\t<span class=\"elementor-toggle-icon elementor-toggle-icon-left\" aria-hidden=\"true\">\n\t\t\t\t\t\t\t\t\t\t\t\t\t\t\t<span class=\"elementor-toggle-icon-closed\"><i class=\"fas fa-caret-right\"><\/i><\/span>\n\t\t\t\t\t\t\t\t<span class=\"elementor-toggle-icon-opened\"><i class=\"elementor-toggle-icon-opened fas fa-caret-up\"><\/i><\/span>\n\t\t\t\t\t\t\t\t\t\t\t\t\t<\/span>\n\t\t\t\t\t\t\t\t\t\t\t\t<a class=\"elementor-toggle-title\" tabindex=\"0\">Verhandlung - Abschluss<\/a>\n\t\t\t\t\t<\/div>\n\n\t\t\t\t\t<div id=\"elementor-tab-content-2165\" class=\"elementor-tab-content elementor-clearfix\" data-tab=\"5\" role=\"region\" aria-labelledby=\"elementor-tab-title-2165\"><div class=\"form-textarea resizable textarea-processed\"><div><div class=\"form-textarea resizable textarea-processed\"><div>Die Immobilie hat mir gefallen und ich m\u00f6chte\u00a0<span class=\"googie_link\">Eingabe<\/span>\u00a0unter\u00a0<span class=\"googie_link\">Prozess<\/span> <span class=\"googie_link\">Verhandlung<\/span> <span class=\"googie_link\">sofort<\/span>! Falls Sie ein Angebot oder einen Abschluss machen wollen, tun Sie dies bitte \u00fcber Ihren Berater. Viele Male oder direkte Verhandlungen mit dem Eigent\u00fcmer kann nicht das gew\u00fcnschte Ergebnis haben, da wir nicht wissen, jeder anderen Bed\u00fcrfnisse und Ziele.<\/div><\/div><\/div><\/div><\/div>\n\t\t\t\t<\/div>\n\t\t\t\t\t\t\t\t<\/div>\n\t\t\t\t\t\t<\/div>\n\t\t\t\t<\/div>\n\t\t\t\t\t<\/div>\n\t\t<\/div>\n\t\t\t\t<div class=\"elementor-column elementor-col-33 elementor-top-column elementor-element elementor-element-3e97f8c\" data-id=\"3e97f8c\" data-element_type=\"column\" data-e-type=\"column\">\n\t\t\t<div class=\"elementor-widget-wrap\">\n\t\t\t\t\t\t\t<\/div>\n\t\t<\/div>\n\t\t\t\t\t<\/div>\n\t\t<\/section>\n\t\t\t\t<section class=\"elementor-section elementor-top-section elementor-element elementor-element-1f2bd62 elementor-section-boxed elementor-section-height-default elementor-section-height-default\" data-id=\"1f2bd62\" data-element_type=\"section\" data-e-type=\"section\">\n\t\t\t\t\t\t<div class=\"elementor-container elementor-column-gap-default\">\n\t\t\t\t\t<div class=\"elementor-column elementor-col-33 elementor-top-column elementor-element elementor-element-459e432\" data-id=\"459e432\" data-element_type=\"column\" data-e-type=\"column\">\n\t\t\t<div class=\"elementor-widget-wrap\">\n\t\t\t\t\t\t\t<\/div>\n\t\t<\/div>\n\t\t\t\t<div class=\"elementor-column elementor-col-33 elementor-top-column elementor-element elementor-element-7db42b2\" data-id=\"7db42b2\" data-element_type=\"column\" data-e-type=\"column\">\n\t\t\t<div class=\"elementor-widget-wrap elementor-element-populated\">\n\t\t\t\t\t\t<div class=\"elementor-element elementor-element-3f8c62a elementor-widget elementor-widget-heading\" data-id=\"3f8c62a\" data-element_type=\"widget\" data-e-type=\"widget\" data-widget_type=\"heading.default\">\n\t\t\t\t<div class=\"elementor-widget-container\">\n\t\t\t\t\t<h2 class=\"elementor-heading-title elementor-size-default\">Vergessen Sie nicht, dass die Immobilienberater von ELITE die Erfahrung und Ausbildung f\u00fcr jede Verhandlung haben, um Sie zum gew\u00fcnschten Ergebnis zu f\u00fchren.<\/h2>\t\t\t\t<\/div>\n\t\t\t\t<\/div>\n\t\t\t\t\t<\/div>\n\t\t<\/div>\n\t\t\t\t<div class=\"elementor-column elementor-col-33 elementor-top-column elementor-element elementor-element-b685625\" data-id=\"b685625\" data-element_type=\"column\" data-e-type=\"column\">\n\t\t\t<div class=\"elementor-widget-wrap\">\n\t\t\t\t\t\t\t<\/div>\n\t\t<\/div>\n\t\t\t\t\t<\/div>\n\t\t<\/section>\n\t\t\t\t<\/div>","protected":false},"excerpt":{"rendered":"<p>Elite Real Estate | \u03a5\u03c0\u03cc\u03b4\u03b5\u03b9\u03be\u03b7 \u0391\u03ba\u03b9\u03bd\u03ae\u03c4\u03bf\u03c5 \u03a0\u03b1\u03c1\u03b1\u03ba\u03b1\u03bb\u03ce \u03b4\u03b9\u03b1\u03b2\u03ac\u03c3\u03c4\u03b5 \u03c3\u03cd\u03bd\u03c4\u03bf\u03bc\u03b5\u03c2 \u03b1\u03c0\u03b1\u03bd\u03c4\u03ae\u03c3\u03b5\u03b9\u03c2 \u03c3\u03b5 \u03b5\u03c1\u03c9\u03c4\u03ae\u03c3\u03b5\u03b9\u03c2 \u03c0\u03c1\u03b9\u03bd \u03c4\u03b7\u03bd \u03b4\u03b9\u03b1\u03b4\u03b9\u03ba\u03b1\u03c3\u03af\u03b1 \u03c5\u03c0\u03cc\u03b4\u03b5\u03b9\u03be\u03b7\u03c2 \u03b1\u03ba\u03b9\u03bd\u03ae\u03c4\u03bf\u03c5 \u039c\u03cc\u03bb\u03b9\u03c2 \u03ba\u03bb\u03b5\u03af\u03c3\u03b1\u03c4\u03b5 \u03c1\u03b1\u03bd\u03c4\u03b5\u03b2\u03bf\u03cd \u03b3\u03b9\u03b1 \u03bd\u03b1 \u03b4\u03b5\u03af\u03c4\u03b5 \u03c4\u03bf \u03bd\u03ad\u03bf \u03c3\u03b1\u03c2 \u03b1\u03ba\u03af\u03bd\u03b7\u03c4\u03bf \u03c0\u03c1\u03bf\u03c2 \u03b1\u03b3\u03bf\u03c1\u03ac \u03ae \u03b5\u03bd\u03bf\u03b9\u03ba\u03af\u03b1\u03c3\u03b7! \u03a0\u03b1\u03c1\u03b1\u03ba\u03ac\u03c4\u03c9 \u03bc\u03b5\u03c1\u03b9\u03ba\u03ad\u03c2 \u03b5\u03c1\u03c9\u03c4\u03ae\u03c3\u03b5\u03b9\u03c2 \u03ba\u03b1\u03b9 \u03b1\u03c0\u03b1\u03bd\u03c4\u03ae\u03c3\u03b5\u03b9\u03c2 \u03b3\u03b9\u03b1 \u03c4\u03b7\u03bd \u03ba\u03b1\u03bb\u03cd\u03c4\u03b5\u03c1\u03b7 \u03c3\u03c5\u03bd\u03b5\u03c1\u03b3\u03b1\u03c3\u03af\u03b1 \u03bc\u03b1\u03c2 \u03ba\u03b1\u03b9 \u03ba\u03b1\u03c4\u03b1\u03bd\u03cc\u03b7\u03c3\u03b7 \u03c4\u03b7\u03c2 \u03b4\u03b9\u03b1\u03b4\u03b9\u03ba\u03b1\u03c3\u03af\u03b1\u03c2 \u03c5\u03c0\u03cc\u03b4\u03b5\u03b9\u03be\u03b7\u03c2 \u03ba\u03b1\u03b9 \u03b4\u03b9\u03b1\u03c0\u03c1\u03b1\u03b3\u03bc\u03ac\u03c4\u03b5\u03c5\u03c3\u03b7\u03c2 \u03ba\u03bb\u03b5\u03b9\u03c3\u03af\u03bc\u03b1\u03c4\u03bf\u03c2. F.A.Q \u03a1\u03b1\u03bd\u03c4\u03b5\u03b2\u03bf\u03cd &#8211; \u0388\u03b3\u03b3\u03c1\u03b1\u03c6\u03b1 \u03c4\u03b1\u03c5\u03c4\u03bf\u03c0\u03c1\u03bf\u03c3\u03c9\u03c0\u03af\u03b1\u03c2 \u03a3\u03b5 &hellip;<\/p>\n<p class=\"read-more\"> <a class=\"\" href=\"https:\/\/www.eliterealestate.gr\/de\/ypodeiksi\/\"> <span class=\"screen-reader-text\">Vorschlag f\u00fcr eine Immobilie - ELITE REAL ESTATE<\/span> Mehr lesen \"<\/a><\/p>","protected":false},"author":1,"featured_media":6048,"parent":0,"menu_order":0,"comment_status":"closed","ping_status":"closed","template":"","meta":{"footnotes":""},"categories":[],"tags":[456,455],"location":[],"rentsale":[],"property_type":[],"class_list":["post-24725","page","type-page","status-publish","has-post-thumbnail","hentry","tag-456","tag-455"],"_links":{"self":[{"href":"https:\/\/www.eliterealestate.gr\/de\/wp-json\/wp\/v2\/pages\/24725","targetHints":{"allow":["GET"]}}],"collection":[{"href":"https:\/\/www.eliterealestate.gr\/de\/wp-json\/wp\/v2\/pages"}],"about":[{"href":"https:\/\/www.eliterealestate.gr\/de\/wp-json\/wp\/v2\/types\/page"}],"author":[{"embeddable":true,"href":"https:\/\/www.eliterealestate.gr\/de\/wp-json\/wp\/v2\/users\/1"}],"replies":[{"embeddable":true,"href":"https:\/\/www.eliterealestate.gr\/de\/wp-json\/wp\/v2\/comments?post=24725"}],"version-history":[{"count":0,"href":"https:\/\/www.eliterealestate.gr\/de\/wp-json\/wp\/v2\/pages\/24725\/revisions"}],"wp:featuredmedia":[{"embeddable":true,"href":"https:\/\/www.eliterealestate.gr\/de\/wp-json\/wp\/v2\/media\/6048"}],"wp:attachment":[{"href":"https:\/\/www.eliterealestate.gr\/de\/wp-json\/wp\/v2\/media?parent=24725"}],"wp:term":[{"taxonomy":"category","embeddable":true,"href":"https:\/\/www.eliterealestate.gr\/de\/wp-json\/wp\/v2\/categories?post=24725"},{"taxonomy":"post_tag","embeddable":true,"href":"https:\/\/www.eliterealestate.gr\/de\/wp-json\/wp\/v2\/tags?post=24725"},{"taxonomy":"location","embeddable":true,"href":"https:\/\/www.eliterealestate.gr\/de\/wp-json\/wp\/v2\/location?post=24725"},{"taxonomy":"rentsale","embeddable":true,"href":"https:\/\/www.eliterealestate.gr\/de\/wp-json\/wp\/v2\/rentsale?post=24725"},{"taxonomy":"property_type","embeddable":true,"href":"https:\/\/www.eliterealestate.gr\/de\/wp-json\/wp\/v2\/property_type?post=24725"}],"curies":[{"name":"wp","href":"https:\/\/api.w.org\/{rel}","templated":true}]}}