{"id":19661,"date":"2023-06-03T13:52:59","date_gmt":"2023-06-03T11:52:59","guid":{"rendered":"https:\/\/www.eliterealestate.gr\/?page_id=19661"},"modified":"2023-06-24T09:49:32","modified_gmt":"2023-06-24T07:49:32","slug":"paralies-messinias-video","status":"publish","type":"page","link":"https:\/\/www.eliterealestate.gr\/de\/paralies-messinias-video\/","title":{"rendered":"Die Str\u00e4nde Messiniens ( Video )"},"content":{"rendered":"<div data-elementor-type=\"wp-page\" data-elementor-id=\"19661\" class=\"elementor elementor-19661\" data-elementor-post-type=\"page\">\n\t\t\t\t\t\t<section class=\"elementor-section elementor-top-section elementor-element elementor-element-95c4d27 elementor-section-height-min-height elementor-section-items-stretch elementor-section-boxed elementor-section-height-default\" data-id=\"95c4d27\" data-element_type=\"section\" data-e-type=\"section\" data-settings=\"{&quot;background_background&quot;:&quot;video&quot;,&quot;background_video_link&quot;:&quot;https:\\\/\\\/www.youtube.com\\\/watch?v=-P2lBqeq-Is&quot;,&quot;background_play_on_mobile&quot;:&quot;yes&quot;,&quot;shape_divider_top&quot;:&quot;opacity-tilt&quot;,&quot;shape_divider_bottom&quot;:&quot;opacity-tilt&quot;}\">\n\t\t\t\t\t\t\t\t<div class=\"elementor-background-video-container\">\n\t\t\t\t\t\t\t\t\t\t\t\t\t<div class=\"elementor-background-video-embed\" role=\"presentation\"><\/div>\n\t\t\t\t\t\t\t\t\t\t\t\t<\/div>\n\t\t\t\t\t\t\t<div class=\"elementor-shape elementor-shape-top\" aria-hidden=\"true\" data-negative=\"false\">\n\t\t\t<svg xmlns=\"http:\/\/www.w3.org\/2000\/svg\" viewbox=\"0 0 2600 131.1\" preserveaspectratio=\"none\">\n\t<path class=\"elementor-shape-fill\" d=\"M0 0L2600 0 2600 69.1 0 0z\"\/>\n\t<path class=\"elementor-shape-fill\" style=\"opacity:0.5\" d=\"M0 0L2600 0 2600 69.1 0 69.1z\"\/>\n\t<path class=\"elementor-shape-fill\" style=\"opacity:0.25\" d=\"M2600 0L0 0 0 130.1 2600 69.1z\"\/>\n<\/svg>\t\t<\/div>\n\t\t\t\t<div class=\"elementor-shape elementor-shape-bottom\" aria-hidden=\"true\" data-negative=\"false\">\n\t\t\t<svg xmlns=\"http:\/\/www.w3.org\/2000\/svg\" viewbox=\"0 0 2600 131.1\" preserveaspectratio=\"none\">\n\t<path class=\"elementor-shape-fill\" d=\"M0 0L2600 0 2600 69.1 0 0z\"\/>\n\t<path class=\"elementor-shape-fill\" style=\"opacity:0.5\" d=\"M0 0L2600 0 2600 69.1 0 69.1z\"\/>\n\t<path class=\"elementor-shape-fill\" style=\"opacity:0.25\" d=\"M2600 0L0 0 0 130.1 2600 69.1z\"\/>\n<\/svg>\t\t<\/div>\n\t\t\t\t\t<div class=\"elementor-container elementor-column-gap-default\">\n\t\t\t\t\t<div class=\"elementor-column elementor-col-100 elementor-top-column elementor-element elementor-element-c87f184\" data-id=\"c87f184\" data-element_type=\"column\" data-e-type=\"column\" data-settings=\"{&quot;background_background&quot;:&quot;classic&quot;}\">\n\t\t\t<div class=\"elementor-widget-wrap elementor-element-populated\">\n\t\t\t\t\t\t<div class=\"elementor-element elementor-element-74db2d8 elementor-widget elementor-widget-heading\" data-id=\"74db2d8\" data-element_type=\"widget\" data-e-type=\"widget\" data-widget_type=\"heading.default\">\n\t\t\t\t<div class=\"elementor-widget-container\">\n\t\t\t\t\t<h1 class=\"elementor-heading-title elementor-size-default\">Videos<\/h1>\t\t\t\t<\/div>\n\t\t\t\t<\/div>\n\t\t\t\t<div class=\"elementor-element elementor-element-8dd635e elementor-widget elementor-widget-text-editor\" data-id=\"8dd635e\" data-element_type=\"widget\" data-e-type=\"widget\" data-widget_type=\"text-editor.default\">\n\t\t\t\t<div class=\"elementor-widget-container\">\n\t\t\t\t\t\t\t\t\t<p>Entdecken Sie durch unsere Videoproduktionen Immobilien und Grundst\u00fccke zum Verkauf in Messinia.<\/p>\t\t\t\t\t\t\t\t<\/div>\n\t\t\t\t<\/div>\n\t\t\t\t<div class=\"elementor-element elementor-element-5a52a2b elementor-share-buttons--view-text elementor-share-buttons--skin-flat elementor-share-buttons--shape-circle elementor-grid-3 elementor-share-buttons--color-official elementor-widget elementor-widget-share-buttons\" data-id=\"5a52a2b\" data-element_type=\"widget\" data-e-type=\"widget\" data-widget_type=\"share-buttons.default\">\n\t\t\t\t<div class=\"elementor-widget-container\">\n\t\t\t\t\t\t\t<div class=\"elementor-grid\" role=\"list\">\n\t\t\t\t\t\t\t\t<div class=\"elementor-grid-item\" role=\"listitem\">\n\t\t\t\t\t\t<div class=\"elementor-share-btn elementor-share-btn_facebook\" role=\"button\" tabindex=\"0\" aria-label=\"Share on facebook\" data-no-translation-aria-label=\"\">\n\t\t\t\t\t\t\t\t\t\t\t\t\t\t\t\t\t\t\t\t\t\t<div class=\"elementor-share-btn__text\">\n\t\t\t\t\t\t\t\t\t\t\t\t\t\t\t\t\t\t\t<span class=\"elementor-share-btn__title\">\n\t\t\t\t\t\t\t\t\t\tFacebook\t\t\t\t\t\t\t\t\t<\/span>\n\t\t\t\t\t\t\t\t\t\t\t\t\t\t\t\t\t<\/div>\n\t\t\t\t\t\t\t\t\t\t\t\t\t<\/div>\n\t\t\t\t\t<\/div>\n\t\t\t\t\t\t\t\t\t<div class=\"elementor-grid-item\" role=\"listitem\">\n\t\t\t\t\t\t<div class=\"elementor-share-btn elementor-share-btn_twitter\" role=\"button\" tabindex=\"0\" aria-label=\"Share on twitter\" data-no-translation-aria-label=\"\">\n\t\t\t\t\t\t\t\t\t\t\t\t\t\t\t\t\t\t\t\t\t\t<div class=\"elementor-share-btn__text\">\n\t\t\t\t\t\t\t\t\t\t\t\t\t\t\t\t\t\t\t<span class=\"elementor-share-btn__title\">\n\t\t\t\t\t\t\t\t\t\tTwitter\t\t\t\t\t\t\t\t\t<\/span>\n\t\t\t\t\t\t\t\t\t\t\t\t\t\t\t\t\t<\/div>\n\t\t\t\t\t\t\t\t\t\t\t\t\t<\/div>\n\t\t\t\t\t<\/div>\n\t\t\t\t\t\t\t\t\t<div class=\"elementor-grid-item\" role=\"listitem\">\n\t\t\t\t\t\t<div class=\"elementor-share-btn elementor-share-btn_linkedin\" role=\"button\" tabindex=\"0\" aria-label=\"Share on linkedin\" data-no-translation-aria-label=\"\">\n\t\t\t\t\t\t\t\t\t\t\t\t\t\t\t\t\t\t\t\t\t\t<div class=\"elementor-share-btn__text\">\n\t\t\t\t\t\t\t\t\t\t\t\t\t\t\t\t\t\t\t<span class=\"elementor-share-btn__title\">\n\t\t\t\t\t\t\t\t\t\tLinkedIn\t\t\t\t\t\t\t\t\t<\/span>\n\t\t\t\t\t\t\t\t\t\t\t\t\t\t\t\t\t<\/div>\n\t\t\t\t\t\t\t\t\t\t\t\t\t<\/div>\n\t\t\t\t\t<\/div>\n\t\t\t\t\t\t<\/div>\n\t\t\t\t\t\t<\/div>\n\t\t\t\t<\/div>\n\t\t\t\t\t<\/div>\n\t\t<\/div>\n\t\t\t\t\t<\/div>\n\t\t<\/section>\n\t\t\t\t<section class=\"elementor-section elementor-top-section elementor-element elementor-element-2812ca8 elementor-section-boxed elementor-section-height-default elementor-section-height-default\" data-id=\"2812ca8\" data-element_type=\"section\" data-e-type=\"section\">\n\t\t\t\t\t\t<div class=\"elementor-container elementor-column-gap-default\">\n\t\t\t\t\t<div class=\"elementor-column elementor-col-50 elementor-top-column elementor-element elementor-element-b9c4979\" data-id=\"b9c4979\" data-element_type=\"column\" data-e-type=\"column\">\n\t\t\t<div class=\"elementor-widget-wrap elementor-element-populated\">\n\t\t\t\t\t\t<div class=\"elementor-element elementor-element-3f48fe7 elementor-widget elementor-widget-image\" data-id=\"3f48fe7\" data-element_type=\"widget\" data-e-type=\"widget\" data-widget_type=\"image.default\">\n\t\t\t\t<div class=\"elementor-widget-container\">\n\t\t\t\t\t\t\t\t\t\t\t\t\t\t\t\t<a href=\"https:\/\/www.eliterealestate.gr\/de\/kalogria-strand-stoupa-griechenland\/\">\n\t\t\t\t\t\t\t<img fetchpriority=\"high\" decoding=\"async\" width=\"1000\" height=\"562\" src=\"https:\/\/www.eliterealestate.gr\/wp-content\/uploads\/2023\/06\/bh_04-ERE_Video_Beach_KALOGRIAS.jpg\" class=\"attachment-large size-large wp-image-19987\" alt=\"Str\u00e4nde von Messinia und der westlichen Mani | Video Pr\u00e4sentation\" srcset=\"https:\/\/www.eliterealestate.gr\/wp-content\/uploads\/2023\/06\/bh_04-ERE_Video_Beach_KALOGRIAS.jpg 1000w, https:\/\/www.eliterealestate.gr\/wp-content\/uploads\/2023\/06\/bh_04-ERE_Video_Beach_KALOGRIAS-300x169.jpg 300w, https:\/\/www.eliterealestate.gr\/wp-content\/uploads\/2023\/06\/bh_04-ERE_Video_Beach_KALOGRIAS-768x432.jpg 768w, https:\/\/www.eliterealestate.gr\/wp-content\/uploads\/2023\/06\/bh_04-ERE_Video_Beach_KALOGRIAS-18x10.jpg 18w\" sizes=\"(max-width: 1000px) 100vw, 1000px\" title=\"\">\t\t\t\t\t\t\t\t<\/a>\n\t\t\t\t\t\t\t\t\t\t\t\t\t\t\t<\/div>\n\t\t\t\t<\/div>\n\t\t\t\t<div class=\"elementor-element elementor-element-7273968 elementor-widget elementor-widget-heading\" data-id=\"7273968\" data-element_type=\"widget\" data-e-type=\"widget\" data-widget_type=\"heading.default\">\n\t\t\t\t<div class=\"elementor-widget-container\">\n\t\t\t\t\t<h2 class=\"elementor-heading-title elementor-size-default\"><a href=\"https:\/\/www.eliterealestate.gr\/de\/kalogria-strand-stoupa-griechenland\/\">Kalogria Strand ( Stoupa West Mani)<\/a><\/h2>\t\t\t\t<\/div>\n\t\t\t\t<\/div>\n\t\t\t\t<div class=\"elementor-element elementor-element-605cac3 elementor-widget elementor-widget-text-editor\" data-id=\"605cac3\" data-element_type=\"widget\" data-e-type=\"widget\" data-widget_type=\"text-editor.default\">\n\t\t\t\t<div class=\"elementor-widget-container\">\n\t\t\t\t\t\t\t\t\t<p><a href=\"https:\/\/www.eliterealestate.gr\/de\/kalogria-strand-stoupa-griechenland\/\">Immobilien in der N\u00e4he des ausgew\u00e4hlten Strandes anzeigen<\/a><\/p>\t\t\t\t\t\t\t\t<\/div>\n\t\t\t\t<\/div>\n\t\t\t\t\t<\/div>\n\t\t<\/div>\n\t\t\t\t<div class=\"elementor-column elementor-col-50 elementor-top-column elementor-element elementor-element-ac58c9f\" data-id=\"ac58c9f\" data-element_type=\"column\" data-e-type=\"column\">\n\t\t\t<div class=\"elementor-widget-wrap elementor-element-populated\">\n\t\t\t\t\t\t<div class=\"elementor-element elementor-element-f46f117 elementor-widget elementor-widget-image\" data-id=\"f46f117\" data-element_type=\"widget\" data-e-type=\"widget\" data-widget_type=\"image.default\">\n\t\t\t\t<div class=\"elementor-widget-container\">\n\t\t\t\t\t\t\t\t\t\t\t\t\t\t\t\t<a href=\"https:\/\/www.eliterealestate.gr\/de\/strand-ammoudi-vasilitsi-griechenland\/\">\n\t\t\t\t\t\t\t<img decoding=\"async\" width=\"1000\" height=\"562\" src=\"https:\/\/www.eliterealestate.gr\/wp-content\/uploads\/2023\/06\/bh_04-ERE_Video_Beach_AMMOUDI.jpg\" class=\"attachment-large size-large wp-image-19984\" alt=\"Str\u00e4nde von Messinia und der westlichen Mani | Video Pr\u00e4sentation\" srcset=\"https:\/\/www.eliterealestate.gr\/wp-content\/uploads\/2023\/06\/bh_04-ERE_Video_Beach_AMMOUDI.jpg 1000w, https:\/\/www.eliterealestate.gr\/wp-content\/uploads\/2023\/06\/bh_04-ERE_Video_Beach_AMMOUDI-300x169.jpg 300w, https:\/\/www.eliterealestate.gr\/wp-content\/uploads\/2023\/06\/bh_04-ERE_Video_Beach_AMMOUDI-768x432.jpg 768w, https:\/\/www.eliterealestate.gr\/wp-content\/uploads\/2023\/06\/bh_04-ERE_Video_Beach_AMMOUDI-18x10.jpg 18w\" sizes=\"(max-width: 1000px) 100vw, 1000px\" title=\"\">\t\t\t\t\t\t\t\t<\/a>\n\t\t\t\t\t\t\t\t\t\t\t\t\t\t\t<\/div>\n\t\t\t\t<\/div>\n\t\t\t\t<div class=\"elementor-element elementor-element-7fd9061 elementor-widget elementor-widget-heading\" data-id=\"7fd9061\" data-element_type=\"widget\" data-e-type=\"widget\" data-widget_type=\"heading.default\">\n\t\t\t\t<div class=\"elementor-widget-container\">\n\t\t\t\t\t<h2 class=\"elementor-heading-title elementor-size-default\"><a href=\"https:\/\/www.eliterealestate.gr\/de\/strand-ammoudi-vasilitsi-griechenland\/\">Amoudi Strand, Vasilitsi, Griechenland<\/a><\/h2>\t\t\t\t<\/div>\n\t\t\t\t<\/div>\n\t\t\t\t<div class=\"elementor-element elementor-element-3af985a elementor-widget elementor-widget-text-editor\" data-id=\"3af985a\" data-element_type=\"widget\" data-e-type=\"widget\" data-widget_type=\"text-editor.default\">\n\t\t\t\t<div class=\"elementor-widget-container\">\n\t\t\t\t\t\t\t\t\t<p><a href=\"https:\/\/www.eliterealestate.gr\/de\/strand-ammoudi-vasilitsi-griechenland\/\">Immobilien in der N\u00e4he des ausgew\u00e4hlten Strandes anzeigen<\/a><\/p>\t\t\t\t\t\t\t\t<\/div>\n\t\t\t\t<\/div>\n\t\t\t\t\t<\/div>\n\t\t<\/div>\n\t\t\t\t\t<\/div>\n\t\t<\/section>\n\t\t\t\t<section class=\"elementor-section elementor-top-section elementor-element elementor-element-86b0a41 elementor-section-boxed elementor-section-height-default elementor-section-height-default\" data-id=\"86b0a41\" data-element_type=\"section\" data-e-type=\"section\">\n\t\t\t\t\t\t<div class=\"elementor-container elementor-column-gap-default\">\n\t\t\t\t\t<div class=\"elementor-column elementor-col-50 elementor-top-column elementor-element elementor-element-cbf82db\" data-id=\"cbf82db\" data-element_type=\"column\" data-e-type=\"column\">\n\t\t\t<div class=\"elementor-widget-wrap elementor-element-populated\">\n\t\t\t\t\t\t<div class=\"elementor-element elementor-element-4288fa1 elementor-widget elementor-widget-image\" data-id=\"4288fa1\" data-element_type=\"widget\" data-e-type=\"widget\" data-widget_type=\"image.default\">\n\t\t\t\t<div class=\"elementor-widget-container\">\n\t\t\t\t\t\t\t\t\t\t\t\t\t\t\t\t<a href=\"https:\/\/www.eliterealestate.gr\/de\/paralia-analipsi-video\/\">\n\t\t\t\t\t\t\t<img decoding=\"async\" width=\"1000\" height=\"562\" src=\"https:\/\/www.eliterealestate.gr\/wp-content\/uploads\/2023\/06\/bh_04-ERE_Video_Beach_ANALIPSIS.jpg\" class=\"attachment-large size-large wp-image-19985\" alt=\"Str\u00e4nde von Messinia und der westlichen Mani | Video Pr\u00e4sentation\" srcset=\"https:\/\/www.eliterealestate.gr\/wp-content\/uploads\/2023\/06\/bh_04-ERE_Video_Beach_ANALIPSIS.jpg 1000w, https:\/\/www.eliterealestate.gr\/wp-content\/uploads\/2023\/06\/bh_04-ERE_Video_Beach_ANALIPSIS-300x169.jpg 300w, https:\/\/www.eliterealestate.gr\/wp-content\/uploads\/2023\/06\/bh_04-ERE_Video_Beach_ANALIPSIS-768x432.jpg 768w, https:\/\/www.eliterealestate.gr\/wp-content\/uploads\/2023\/06\/bh_04-ERE_Video_Beach_ANALIPSIS-18x10.jpg 18w\" sizes=\"(max-width: 1000px) 100vw, 1000px\" title=\"\">\t\t\t\t\t\t\t\t<\/a>\n\t\t\t\t\t\t\t\t\t\t\t\t\t\t\t<\/div>\n\t\t\t\t<\/div>\n\t\t\t\t<div class=\"elementor-element elementor-element-96b5279 elementor-widget elementor-widget-heading\" data-id=\"96b5279\" data-element_type=\"widget\" data-e-type=\"widget\" data-widget_type=\"heading.default\">\n\t\t\t\t<div class=\"elementor-widget-container\">\n\t\t\t\t\t<h2 class=\"elementor-heading-title elementor-size-default\"><a href=\"https:\/\/www.eliterealestate.gr\/de\/paralia-analipsi-video\/\">Analipsi Strand Messinia, Griechenland<\/a><\/h2>\t\t\t\t<\/div>\n\t\t\t\t<\/div>\n\t\t\t\t<div class=\"elementor-element elementor-element-237b772 elementor-widget elementor-widget-text-editor\" data-id=\"237b772\" data-element_type=\"widget\" data-e-type=\"widget\" data-widget_type=\"text-editor.default\">\n\t\t\t\t<div class=\"elementor-widget-container\">\n\t\t\t\t\t\t\t\t\t<p><a href=\"https:\/\/www.eliterealestate.gr\/de\/paralia-analipsi-video\/\">Immobilien in der N\u00e4he des ausgew\u00e4hlten Strandes anzeigen<\/a><\/p>\t\t\t\t\t\t\t\t<\/div>\n\t\t\t\t<\/div>\n\t\t\t\t\t<\/div>\n\t\t<\/div>\n\t\t\t\t<div class=\"elementor-column elementor-col-50 elementor-top-column elementor-element elementor-element-c8aef66\" data-id=\"c8aef66\" data-element_type=\"column\" data-e-type=\"column\">\n\t\t\t<div class=\"elementor-widget-wrap elementor-element-populated\">\n\t\t\t\t\t\t<div class=\"elementor-element elementor-element-3eda325 elementor-widget elementor-widget-image\" data-id=\"3eda325\" data-element_type=\"widget\" data-e-type=\"widget\" data-widget_type=\"image.default\">\n\t\t\t\t<div class=\"elementor-widget-container\">\n\t\t\t\t\t\t\t\t\t\t\t\t\t\t\t\t<a href=\"https:\/\/www.eliterealestate.gr\/de\/kalamitsi-strand-stoupa-griechenland\/\">\n\t\t\t\t\t\t\t<img loading=\"lazy\" decoding=\"async\" width=\"1000\" height=\"562\" src=\"https:\/\/www.eliterealestate.gr\/wp-content\/uploads\/2023\/06\/bh_04-ERE_Video_Beach_KALAMITSI.jpg\" class=\"attachment-large size-large wp-image-19986\" alt=\"Kalamitsi Beach oder Kalamitsi Beach in der West Mani\" srcset=\"https:\/\/www.eliterealestate.gr\/wp-content\/uploads\/2023\/06\/bh_04-ERE_Video_Beach_KALAMITSI.jpg 1000w, https:\/\/www.eliterealestate.gr\/wp-content\/uploads\/2023\/06\/bh_04-ERE_Video_Beach_KALAMITSI-300x169.jpg 300w, https:\/\/www.eliterealestate.gr\/wp-content\/uploads\/2023\/06\/bh_04-ERE_Video_Beach_KALAMITSI-768x432.jpg 768w, https:\/\/www.eliterealestate.gr\/wp-content\/uploads\/2023\/06\/bh_04-ERE_Video_Beach_KALAMITSI-18x10.jpg 18w\" sizes=\"(max-width: 1000px) 100vw, 1000px\" title=\"\">\t\t\t\t\t\t\t\t<\/a>\n\t\t\t\t\t\t\t\t\t\t\t\t\t\t\t<\/div>\n\t\t\t\t<\/div>\n\t\t\t\t<div class=\"elementor-element elementor-element-c253c52 elementor-widget elementor-widget-heading\" data-id=\"c253c52\" data-element_type=\"widget\" data-e-type=\"widget\" data-widget_type=\"heading.default\">\n\t\t\t\t<div class=\"elementor-widget-container\">\n\t\t\t\t\t<h2 class=\"elementor-heading-title elementor-size-default\"><a href=\"https:\/\/www.eliterealestate.gr\/de\/kalamitsi-strand-stoupa-griechenland\/\">Kalamitsi Strand - Kardamili, Griechenland<\/a><\/h2>\t\t\t\t<\/div>\n\t\t\t\t<\/div>\n\t\t\t\t<div class=\"elementor-element elementor-element-d5f11ca elementor-widget elementor-widget-text-editor\" data-id=\"d5f11ca\" data-element_type=\"widget\" data-e-type=\"widget\" data-widget_type=\"text-editor.default\">\n\t\t\t\t<div class=\"elementor-widget-container\">\n\t\t\t\t\t\t\t\t\t<p><a href=\"https:\/\/www.eliterealestate.gr\/de\/kalamitsi-strand-stoupa-griechenland\/\">Immobilien in der N\u00e4he des ausgew\u00e4hlten Strandes anzeigen<\/a><\/p>\t\t\t\t\t\t\t\t<\/div>\n\t\t\t\t<\/div>\n\t\t\t\t\t<\/div>\n\t\t<\/div>\n\t\t\t\t\t<\/div>\n\t\t<\/section>\n\t\t\t\t<section class=\"elementor-section elementor-top-section elementor-element elementor-element-d05512d elementor-section-boxed elementor-section-height-default elementor-section-height-default\" data-id=\"d05512d\" data-element_type=\"section\" data-e-type=\"section\">\n\t\t\t\t\t\t<div class=\"elementor-container elementor-column-gap-default\">\n\t\t\t\t\t<div class=\"elementor-column elementor-col-50 elementor-top-column elementor-element elementor-element-8e031fc\" data-id=\"8e031fc\" data-element_type=\"column\" data-e-type=\"column\">\n\t\t\t<div class=\"elementor-widget-wrap elementor-element-populated\">\n\t\t\t\t\t\t<div class=\"elementor-element elementor-element-6f65b44 elementor-widget elementor-widget-image\" data-id=\"6f65b44\" data-element_type=\"widget\" data-e-type=\"widget\" data-widget_type=\"image.default\">\n\t\t\t\t<div class=\"elementor-widget-container\">\n\t\t\t\t\t\t\t\t\t\t\t\t\t\t\t\t<a href=\"https:\/\/www.eliterealestate.gr\/de\/kalogria-strand-stoupa-griechenland\/\">\n\t\t\t\t\t\t\t<img loading=\"lazy\" decoding=\"async\" width=\"1000\" height=\"562\" src=\"https:\/\/www.eliterealestate.gr\/wp-content\/uploads\/2023\/06\/bh_04-ERE_Video_Beach_STOUPA.jpg\" class=\"attachment-large size-large wp-image-19988\" alt=\"Str\u00e4nde von Messinia und der westlichen Mani | Video Pr\u00e4sentation\" srcset=\"https:\/\/www.eliterealestate.gr\/wp-content\/uploads\/2023\/06\/bh_04-ERE_Video_Beach_STOUPA.jpg 1000w, https:\/\/www.eliterealestate.gr\/wp-content\/uploads\/2023\/06\/bh_04-ERE_Video_Beach_STOUPA-300x169.jpg 300w, https:\/\/www.eliterealestate.gr\/wp-content\/uploads\/2023\/06\/bh_04-ERE_Video_Beach_STOUPA-768x432.jpg 768w, https:\/\/www.eliterealestate.gr\/wp-content\/uploads\/2023\/06\/bh_04-ERE_Video_Beach_STOUPA-18x10.jpg 18w\" sizes=\"(max-width: 1000px) 100vw, 1000px\" title=\"\">\t\t\t\t\t\t\t\t<\/a>\n\t\t\t\t\t\t\t\t\t\t\t\t\t\t\t<\/div>\n\t\t\t\t<\/div>\n\t\t\t\t<div class=\"elementor-element elementor-element-bba121b elementor-widget elementor-widget-heading\" data-id=\"bba121b\" data-element_type=\"widget\" data-e-type=\"widget\" data-widget_type=\"heading.default\">\n\t\t\t\t<div class=\"elementor-widget-container\">\n\t\t\t\t\t<h2 class=\"elementor-heading-title elementor-size-default\"><a href=\"https:\/\/www.eliterealestate.gr\/de\/kalogria-strand-stoupa-griechenland\/\">Stupa Beach (Stupa der westlichen Mani)<\/a><\/h2>\t\t\t\t<\/div>\n\t\t\t\t<\/div>\n\t\t\t\t<div class=\"elementor-element elementor-element-afe3537 elementor-widget elementor-widget-text-editor\" data-id=\"afe3537\" data-element_type=\"widget\" data-e-type=\"widget\" data-widget_type=\"text-editor.default\">\n\t\t\t\t<div class=\"elementor-widget-container\">\n\t\t\t\t\t\t\t\t\t<p><a href=\"https:\/\/www.eliterealestate.gr\/de\/kalogria-strand-stoupa-griechenland\/\">Immobilien in der N\u00e4he des ausgew\u00e4hlten Strandes anzeigen<\/a><\/p>\t\t\t\t\t\t\t\t<\/div>\n\t\t\t\t<\/div>\n\t\t\t\t\t<\/div>\n\t\t<\/div>\n\t\t\t\t<div class=\"elementor-column elementor-col-50 elementor-top-column elementor-element elementor-element-b70bc35 elementor-hidden-desktop elementor-hidden-tablet elementor-hidden-mobile\" data-id=\"b70bc35\" data-element_type=\"column\" data-e-type=\"column\">\n\t\t\t<div class=\"elementor-widget-wrap elementor-element-populated\">\n\t\t\t\t\t\t<div class=\"elementor-element elementor-element-c807ea8 elementor-widget elementor-widget-image\" data-id=\"c807ea8\" data-element_type=\"widget\" data-e-type=\"widget\" data-widget_type=\"image.default\">\n\t\t\t\t<div class=\"elementor-widget-container\">\n\t\t\t\t\t\t\t\t\t\t\t\t\t\t\t\t<a href=\"https:\/\/www.eliterealestate.gr\/de\/kalamitsi-strand-stoupa-griechenland\/\">\n\t\t\t\t\t\t\t<img loading=\"lazy\" decoding=\"async\" width=\"1000\" height=\"562\" src=\"https:\/\/www.eliterealestate.gr\/wp-content\/uploads\/2023\/06\/bh_04-ERE_Video_Beach_KALAMITSI.jpg\" class=\"attachment-large size-large wp-image-19986\" alt=\"Kalamitsi Beach oder Kalamitsi Beach in der West Mani\" srcset=\"https:\/\/www.eliterealestate.gr\/wp-content\/uploads\/2023\/06\/bh_04-ERE_Video_Beach_KALAMITSI.jpg 1000w, https:\/\/www.eliterealestate.gr\/wp-content\/uploads\/2023\/06\/bh_04-ERE_Video_Beach_KALAMITSI-300x169.jpg 300w, https:\/\/www.eliterealestate.gr\/wp-content\/uploads\/2023\/06\/bh_04-ERE_Video_Beach_KALAMITSI-768x432.jpg 768w, https:\/\/www.eliterealestate.gr\/wp-content\/uploads\/2023\/06\/bh_04-ERE_Video_Beach_KALAMITSI-18x10.jpg 18w\" sizes=\"(max-width: 1000px) 100vw, 1000px\" title=\"\">\t\t\t\t\t\t\t\t<\/a>\n\t\t\t\t\t\t\t\t\t\t\t\t\t\t\t<\/div>\n\t\t\t\t<\/div>\n\t\t\t\t<div class=\"elementor-element elementor-element-c5aeb06 elementor-widget elementor-widget-heading\" data-id=\"c5aeb06\" data-element_type=\"widget\" data-e-type=\"widget\" data-widget_type=\"heading.default\">\n\t\t\t\t<div class=\"elementor-widget-container\">\n\t\t\t\t\t<h2 class=\"elementor-heading-title elementor-size-default\"><a href=\"https:\/\/www.eliterealestate.gr\/de\/kalamitsi-strand-stoupa-griechenland\/\">Kalamitsi Strand - Kardamili, Griechenland<\/a><\/h2>\t\t\t\t<\/div>\n\t\t\t\t<\/div>\n\t\t\t\t<div class=\"elementor-element elementor-element-3005b21 elementor-widget elementor-widget-text-editor\" data-id=\"3005b21\" data-element_type=\"widget\" data-e-type=\"widget\" data-widget_type=\"text-editor.default\">\n\t\t\t\t<div class=\"elementor-widget-container\">\n\t\t\t\t\t\t\t\t\t<p><a href=\"https:\/\/www.eliterealestate.gr\/de\/kalamitsi-strand-stoupa-griechenland\/\">Immobilien in der N\u00e4he des ausgew\u00e4hlten Strandes anzeigen<\/a><\/p>\t\t\t\t\t\t\t\t<\/div>\n\t\t\t\t<\/div>\n\t\t\t\t\t<\/div>\n\t\t<\/div>\n\t\t\t\t\t<\/div>\n\t\t<\/section>\n\t\t\t\t<section class=\"elementor-section elementor-top-section elementor-element elementor-element-496c155 elementor-section-boxed elementor-section-height-default elementor-section-height-default\" data-id=\"496c155\" data-element_type=\"section\" data-e-type=\"section\">\n\t\t\t\t\t\t<div class=\"elementor-container elementor-column-gap-default\">\n\t\t\t\t\t<div class=\"elementor-column elementor-col-100 elementor-top-column elementor-element elementor-element-076dada\" data-id=\"076dada\" data-element_type=\"column\" data-e-type=\"column\">\n\t\t\t<div class=\"elementor-widget-wrap elementor-element-populated\">\n\t\t\t\t\t\t<div class=\"elementor-element elementor-element-eee2e81 elementor-align-center elementor-widget elementor-widget-button\" data-id=\"eee2e81\" data-element_type=\"widget\" data-e-type=\"widget\" data-widget_type=\"button.default\">\n\t\t\t\t<div class=\"elementor-widget-container\">\n\t\t\t\t\t\t\t\t\t<div class=\"elementor-button-wrapper\">\n\t\t\t\t\t<a class=\"elementor-button elementor-button-link elementor-size-sm\" href=\"https:\/\/www.youtube.com\/channel\/UCTWjYQhNAeAXdakySM_b5Rw\/videos\" target=\"_blank\" rel=\"noopener\">\n\t\t\t\t\t\t<span class=\"elementor-button-content-wrapper\">\n\t\t\t\t\t\t\t\t\t<span class=\"elementor-button-text\">mehr auf YouTube<\/span>\n\t\t\t\t\t<\/span>\n\t\t\t\t\t<\/a>\n\t\t\t\t<\/div>\n\t\t\t\t\t\t\t\t<\/div>\n\t\t\t\t<\/div>\n\t\t\t\t\t<\/div>\n\t\t<\/div>\n\t\t\t\t\t<\/div>\n\t\t<\/section>\n\t\t\t\t<\/div>","protected":false},"excerpt":{"rendered":"<p>Videos Entdecken Sie durch unsere Videoproduktionen H\u00e4user und Immobilien zum Verkauf in Messinia. Facebook Twitter LinkedIn Kalogrias Beach (Stupa, West Mani) Immobilien in der N\u00e4he des ausgew\u00e4hlten Strandes Amoudi Beach, Vasilitsi, Griechenland Immobilien in der N\u00e4he des ausgew\u00e4hlten Strandes Analipsi Beach, Messinia, Griechenland Immobilien in der N\u00e4he des ausgew\u00e4hlten Strandes Kalamitsi Beach - Kardamili, Griechenland Immobilien in der N\u00e4he des ausgew\u00e4hlten Strandes Kalamitsi Beach - Kardamili, Griechenland Immobilien in der N\u00e4he des ausgew\u00e4hlten Strandes ...<\/p>\n<p class=\"read-more\"> <a class=\"\" href=\"https:\/\/www.eliterealestate.gr\/de\/paralies-messinias-video\/\"> <span class=\"screen-reader-text\">Die Str\u00e4nde Messiniens ( Video )<\/span> Mehr lesen \"<\/a><\/p>","protected":false},"author":1,"featured_media":20005,"parent":0,"menu_order":0,"comment_status":"closed","ping_status":"closed","template":"elementor_header_footer","meta":{"footnotes":""},"categories":[9],"tags":[],"location":[],"rentsale":[],"property_type":[],"class_list":["post-19661","page","type-page","status-publish","has-post-thumbnail","hentry","category-real-estate-blog"],"_links":{"self":[{"href":"https:\/\/www.eliterealestate.gr\/de\/wp-json\/wp\/v2\/pages\/19661","targetHints":{"allow":["GET"]}}],"collection":[{"href":"https:\/\/www.eliterealestate.gr\/de\/wp-json\/wp\/v2\/pages"}],"about":[{"href":"https:\/\/www.eliterealestate.gr\/de\/wp-json\/wp\/v2\/types\/page"}],"author":[{"embeddable":true,"href":"https:\/\/www.eliterealestate.gr\/de\/wp-json\/wp\/v2\/users\/1"}],"replies":[{"embeddable":true,"href":"https:\/\/www.eliterealestate.gr\/de\/wp-json\/wp\/v2\/comments?post=19661"}],"version-history":[{"count":0,"href":"https:\/\/www.eliterealestate.gr\/de\/wp-json\/wp\/v2\/pages\/19661\/revisions"}],"wp:featuredmedia":[{"embeddable":true,"href":"https:\/\/www.eliterealestate.gr\/de\/wp-json\/wp\/v2\/media\/20005"}],"wp:attachment":[{"href":"https:\/\/www.eliterealestate.gr\/de\/wp-json\/wp\/v2\/media?parent=19661"}],"wp:term":[{"taxonomy":"category","embeddable":true,"href":"https:\/\/www.eliterealestate.gr\/de\/wp-json\/wp\/v2\/categories?post=19661"},{"taxonomy":"post_tag","embeddable":true,"href":"https:\/\/www.eliterealestate.gr\/de\/wp-json\/wp\/v2\/tags?post=19661"},{"taxonomy":"location","embeddable":true,"href":"https:\/\/www.eliterealestate.gr\/de\/wp-json\/wp\/v2\/location?post=19661"},{"taxonomy":"rentsale","embeddable":true,"href":"https:\/\/www.eliterealestate.gr\/de\/wp-json\/wp\/v2\/rentsale?post=19661"},{"taxonomy":"property_type","embeddable":true,"href":"https:\/\/www.eliterealestate.gr\/de\/wp-json\/wp\/v2\/property_type?post=19661"}],"curies":[{"name":"wp","href":"https:\/\/api.w.org\/{rel}","templated":true}]}}