{"id":19031,"date":"2023-05-20T08:07:09","date_gmt":"2023-05-20T06:07:09","guid":{"rendered":"https:\/\/www.eliterealestate.gr\/?page_id=19031"},"modified":"2023-06-03T08:19:27","modified_gmt":"2023-06-03T06:19:27","slug":"kalogria-strand-stoupa-griechenland","status":"publish","type":"page","link":"https:\/\/www.eliterealestate.gr\/de\/paralia-kalogrias-stoupa-mani\/","title":{"rendered":"Kalogria Strand ( Stoupa West Mani)"},"content":{"rendered":"<div data-elementor-type=\"wp-page\" data-elementor-id=\"19031\" class=\"elementor elementor-19031\" data-elementor-post-type=\"page\">\n\t\t\t\t\t\t<section class=\"elementor-section elementor-top-section elementor-element elementor-element-fcd7cc0 elementor-section-boxed elementor-section-height-default elementor-section-height-default\" data-id=\"fcd7cc0\" data-element_type=\"section\" data-e-type=\"section\">\n\t\t\t\t\t\t<div class=\"elementor-container elementor-column-gap-default\">\n\t\t\t\t\t<div class=\"elementor-column elementor-col-100 elementor-top-column elementor-element elementor-element-22cfdd7\" data-id=\"22cfdd7\" data-element_type=\"column\" data-e-type=\"column\">\n\t\t\t<div class=\"elementor-widget-wrap elementor-element-populated\">\n\t\t\t\t\t\t<div class=\"elementor-element elementor-element-3ade9d2 elementor-widget elementor-widget-heading\" data-id=\"3ade9d2\" data-element_type=\"widget\" data-e-type=\"widget\" data-widget_type=\"heading.default\">\n\t\t\t\t<div class=\"elementor-widget-container\">\n\t\t\t\t\t<h1 class=\"elementor-heading-title elementor-size-default\">Kalogria Strand ( Stoupa West Mani)<\/h1>\t\t\t\t<\/div>\n\t\t\t\t<\/div>\n\t\t\t\t<div class=\"elementor-element elementor-element-e548409 elementor-widget elementor-widget-text-editor\" data-id=\"e548409\" data-element_type=\"widget\" data-e-type=\"widget\" data-widget_type=\"text-editor.default\">\n\t\t\t\t<div class=\"elementor-widget-container\">\n\t\t\t\t\t\t\t\t\t<p>Entdecken Sie Grundst\u00fccke und H\u00e4user zum Verkauf in der N\u00e4he des herrlichen Strandes von Kalogria in Stoupa.<\/p>\t\t\t\t\t\t\t\t<\/div>\n\t\t\t\t<\/div>\n\t\t\t\t<div class=\"elementor-element elementor-element-7be3dd4 elementor-widget elementor-widget-video\" data-id=\"7be3dd4\" data-element_type=\"widget\" data-e-type=\"widget\" data-settings=\"{&quot;youtube_url&quot;:&quot;https:\\\/\\\/www.youtube.com\\\/watch?v=F1jDeW0KCNA&quot;,&quot;autoplay&quot;:&quot;yes&quot;,&quot;show_image_overlay&quot;:&quot;yes&quot;,&quot;image_overlay&quot;:{&quot;url&quot;:&quot;https:\\\/\\\/www.eliterealestate.gr\\\/wp-content\\\/uploads\\\/2023\\\/05\\\/paralia_kalogrias.jpg&quot;,&quot;id&quot;:19032,&quot;size&quot;:&quot;&quot;,&quot;alt&quot;:&quot;\\u03a0\\u03b1\\u03c1\\u03b1\\u03bb\\u03af\\u03b1 \\u039a\\u03b1\\u03bb\\u03bf\\u03b3\\u03c1\\u03b9\\u03ac\\u03c2 (\\u03a3\\u03c4\\u03bf\\u03cd\\u03c0\\u03b1 \\u0394\\u03c5\\u03c4\\u03b9\\u03ba\\u03ae\\u03c2 \\u039c\\u03ac\\u03bd\\u03b7\\u03c2) | \\u039c\\u03ac\\u03b9\\u03bf\\u03c2 2023&quot;,&quot;source&quot;:&quot;library&quot;},&quot;video_type&quot;:&quot;youtube&quot;,&quot;controls&quot;:&quot;yes&quot;}\" data-widget_type=\"video.default\">\n\t\t\t\t<div class=\"elementor-widget-container\">\n\t\t\t\t\t\t\t<div class=\"elementor-wrapper elementor-open-inline\">\n\t\t\t<div class=\"elementor-video\"><\/div>\t\t\t\t<div class=\"elementor-custom-embed-image-overlay\" style=\"background-image: url(https:\/\/www.eliterealestate.gr\/wp-content\/uploads\/2023\/05\/paralia_kalogrias.jpg);\">\n\t\t\t\t\t\t\t\t\t\t\t\t\t\t\t\t<div class=\"elementor-custom-embed-play\" role=\"button\" aria-label=\"Video abspielen \u00fcber \u03a0\u03b1\u03c1\u03b1\u03bb\u03af\u03b1 \u039a\u03b1\u03bb\u03bf\u03b3\u03c1\u03b9\u03ac\u03c2 (\u03a3\u03c4\u03bf\u03cd\u03c0\u03b1 \u0394\u03c5\u03c4\u03b9\u03ba\u03ae\u03c2 \u039c\u03ac\u03bd\u03b7\u03c2) | \u039c\u03ac\u03b9\u03bf\u03c2 2023\" tabindex=\"0\" data-no-translation-aria-label=\"\">\n\t\t\t\t\t\t\t<i aria-hidden=\"true\" class=\"eicon-play\"><\/i>\t\t\t\t\t\t<\/div>\n\t\t\t\t\t\t\t\t\t<\/div>\n\t\t\t\t\t<\/div>\n\t\t\t\t\t\t<\/div>\n\t\t\t\t<\/div>\n\t\t\t\t<div class=\"elementor-element elementor-element-cbf6412 elementor-widget elementor-widget-heading\" data-id=\"cbf6412\" data-element_type=\"widget\" data-e-type=\"widget\" data-widget_type=\"heading.default\">\n\t\t\t\t<div class=\"elementor-widget-container\">\n\t\t\t\t\t<h2 class=\"elementor-heading-title elementor-size-default\">Strand von Kalogria, Messinia, Griechenland<\/h2>\t\t\t\t<\/div>\n\t\t\t\t<\/div>\n\t\t\t\t<div class=\"elementor-element elementor-element-1306174 elementor-widget elementor-widget-text-editor\" data-id=\"1306174\" data-element_type=\"widget\" data-e-type=\"widget\" data-widget_type=\"text-editor.default\">\n\t\t\t\t<div class=\"elementor-widget-container\">\n\t\t\t\t\t\t\t\t\t<p>Pr\u00e4sentation: Elite Real Estate | Mai 2023<\/p>\t\t\t\t\t\t\t\t<\/div>\n\t\t\t\t<\/div>\n\t\t\t\t\t<\/div>\n\t\t<\/div>\n\t\t\t\t\t<\/div>\n\t\t<\/section>\n\t\t\t\t<section class=\"elementor-section elementor-top-section elementor-element elementor-element-be24258 elementor-section-boxed elementor-section-height-default elementor-section-height-default\" data-id=\"be24258\" data-element_type=\"section\" data-e-type=\"section\">\n\t\t\t\t\t\t<div class=\"elementor-container elementor-column-gap-default\">\n\t\t\t\t\t<div class=\"elementor-column elementor-col-100 elementor-top-column elementor-element elementor-element-30d82ea\" data-id=\"30d82ea\" data-element_type=\"column\" data-e-type=\"column\">\n\t\t\t<div class=\"elementor-widget-wrap elementor-element-populated\">\n\t\t\t\t\t\t<div class=\"elementor-element elementor-element-a799d13 elementor-widget elementor-widget-heading\" data-id=\"a799d13\" data-element_type=\"widget\" data-e-type=\"widget\" data-widget_type=\"heading.default\">\n\t\t\t\t<div class=\"elementor-widget-container\">\n\t\t\t\t\t<h2 class=\"elementor-heading-title elementor-size-default\">Videos von Kalogria und Stoupa Strand, entdecken Sie seine herrlichen Sandstrand.<\/h2>\t\t\t\t<\/div>\n\t\t\t\t<\/div>\n\t\t\t\t<div class=\"elementor-element elementor-element-1eb683f elementor-widget elementor-widget-text-editor\" data-id=\"1eb683f\" data-element_type=\"widget\" data-e-type=\"widget\" data-widget_type=\"text-editor.default\">\n\t\t\t\t<div class=\"elementor-widget-container\">\n\t\t\t\t\t\t\t\t\t<p class=\"translation-block\">Der sch\u00f6nste <em> Strand<\/em> der Gegend! Makellos, mit schattenspendenden B\u00e4umen auf einer Seite und der M\u00f6glichkeit, mit dem Kanu oder dem Fahrrad die umliegenden H\u00f6hlen zu erkunden. Der <em>Strand von Kalogria <\/em>  verf\u00fcgt \u00fcber Sonnenschirme und Liegen, ein Beachvolleyballfeld, Bars, Tavernen, Wassersportm\u00f6glichkeiten, Fahrrad- und Kanuverleih.<\/p><p class=\"translation-block\"><strong> Der Strand von Kalogrias ist 6,5 km von Kardamili <span class=\"trrb-empty-link\" data-url-not-found=\"\"> entfernt<\/span>.<\/strong><\/p><p>Familien mit kleinen Kindern lieben besonders den gro\u00dfen, organisierten Sandstrand von Stoupa (7 km von Kardamili entfernt, direkt vor der gleichnamigen Siedlung) wegen seines kristallklaren, flachen und warmen Wassers und des flauschigen Sandstrands, der sich hervorragend zum Burgenbauen eignet.\u00a0<\/p><p>\u00a0 <a href=\"https:\/\/goo.gl\/maps\/7EHd2tufYhsGsw8J6\" target=\"_blank\" rel=\"noopener\">Sehen Sie hier, wie Sie zum Strand von Kalogria in Stoupa gelangen.<\/a>.<\/p>\t\t\t\t\t\t\t\t<\/div>\n\t\t\t\t<\/div>\n\t\t\t\t<div class=\"elementor-element elementor-element-b24678a elementor-widget-divider--view-line_icon elementor-view-default elementor-widget-divider--element-align-center elementor-widget elementor-widget-divider\" data-id=\"b24678a\" data-element_type=\"widget\" data-e-type=\"widget\" data-widget_type=\"divider.default\">\n\t\t\t\t<div class=\"elementor-widget-container\">\n\t\t\t\t\t\t\t<div class=\"elementor-divider\">\n\t\t\t<span class=\"elementor-divider-separator\">\n\t\t\t\t\t\t\t<div class=\"elementor-icon elementor-divider__element\">\n\t\t\t\t\t<svg xmlns=\"http:\/\/www.w3.org\/2000\/svg\" id=\"bddeae69-7af7-40d3-a252-d2be461fedc7\" data-name=\"Layer 1\" width=\"45\" height=\"12\" viewbox=\"0 0 45 12\"><rect width=\"45\" height=\"2\"><\/rect><rect y=\"10\" width=\"23\" height=\"2\"><\/rect><\/svg><\/div>\n\t\t\t\t\t\t<\/span>\n\t\t<\/div>\n\t\t\t\t\t\t<\/div>\n\t\t\t\t<\/div>\n\t\t\t\t<div class=\"elementor-element elementor-element-b0ccb82 elementor-widget elementor-widget-heading\" data-id=\"b0ccb82\" data-element_type=\"widget\" data-e-type=\"widget\" data-widget_type=\"heading.default\">\n\t\t\t\t<div class=\"elementor-widget-container\">\n\t\t\t\t\t<h3 class=\"elementor-heading-title elementor-size-default translation-block\">Entdecken Sie Grundst\u00fccke und H\u00e4user zum Verkauf\nin der N\u00e4he des herrlichen Kalogria- und Stoupa-Strandes.<\/h3>\t\t\t\t<\/div>\n\t\t\t\t<\/div>\n\t\t\t\t\t<\/div>\n\t\t<\/div>\n\t\t\t\t\t<\/div>\n\t\t<\/section>\n\t\t\t\t<section class=\"elementor-section elementor-top-section elementor-element elementor-element-a1e2370 elementor-section-boxed elementor-section-height-default elementor-section-height-default\" data-id=\"a1e2370\" data-element_type=\"section\" data-e-type=\"section\">\n\t\t\t\t\t\t<div class=\"elementor-container elementor-column-gap-default\">\n\t\t\t\t\t<div class=\"elementor-column elementor-col-100 elementor-top-column elementor-element elementor-element-b82404b\" data-id=\"b82404b\" data-element_type=\"column\" data-e-type=\"column\">\n\t\t\t<div class=\"elementor-widget-wrap elementor-element-populated\">\n\t\t\t\t\t\t<div class=\"elementor-element elementor-element-9241770 elementor-grid-2 elementor-posts--align-left elementor-grid-tablet-2 elementor-grid-mobile-1 elementor-posts--thumbnail-top elementor-card-shadow-yes elementor-posts__hover-gradient elementor-widget elementor-widget-posts\" data-id=\"9241770\" data-element_type=\"widget\" data-e-type=\"widget\" data-settings=\"{&quot;cards_row_gap&quot;:{&quot;unit&quot;:&quot;px&quot;,&quot;size&quot;:10,&quot;sizes&quot;:[]},&quot;cards_columns&quot;:&quot;2&quot;,&quot;cards_columns_tablet&quot;:&quot;2&quot;,&quot;cards_columns_mobile&quot;:&quot;1&quot;,&quot;cards_row_gap_tablet&quot;:{&quot;unit&quot;:&quot;px&quot;,&quot;size&quot;:&quot;&quot;,&quot;sizes&quot;:[]},&quot;cards_row_gap_mobile&quot;:{&quot;unit&quot;:&quot;px&quot;,&quot;size&quot;:&quot;&quot;,&quot;sizes&quot;:[]}}\" data-widget_type=\"posts.cards\">\n\t\t\t\t<div class=\"elementor-widget-container\">\n\t\t\t\t\t\t\t<div class=\"elementor-posts-container elementor-posts elementor-posts--skin-cards elementor-grid\" role=\"list\">\n\t\t\t\t<article class=\"elementor-post elementor-grid-item post-36375 page type-page status-publish has-post-thumbnail hentry category-62 tag-693 tag-for-sale tag-land-for-sale tag-plot-for-sale tag-sea-view tag-19 tag-224 tag-695 tag-694 tag-326 location-86 rentsale-75 property_type--4000--\" role=\"listitem\">\n\t\t\t<div class=\"elementor-post__card\">\n\t\t\t\t<a class=\"elementor-post__thumbnail__link\" href=\"https:\/\/www.eliterealestate.gr\/de\/for-sale-plot-riglia-2430\/\" tabindex=\"-1\"><div class=\"elementor-post__thumbnail\"><img fetchpriority=\"high\" decoding=\"async\" width=\"1024\" height=\"768\" src=\"https:\/\/www.eliterealestate.gr\/wp-content\/uploads\/2025\/09\/02-ERE-2430-13-1024x768.jpg\" class=\"attachment-large size-large wp-image-36362\" alt=\"Verkauf von Grundst\u00fccken in Riglia #2430 | ELITE REAL ESTATE\" srcset=\"https:\/\/www.eliterealestate.gr\/wp-content\/uploads\/2025\/09\/02-ERE-2430-13-1024x768.jpg 1024w, https:\/\/www.eliterealestate.gr\/wp-content\/uploads\/2025\/09\/02-ERE-2430-13-300x225.jpg 300w, https:\/\/www.eliterealestate.gr\/wp-content\/uploads\/2025\/09\/02-ERE-2430-13-768x576.jpg 768w, https:\/\/www.eliterealestate.gr\/wp-content\/uploads\/2025\/09\/02-ERE-2430-13-16x12.jpg 16w, https:\/\/www.eliterealestate.gr\/wp-content\/uploads\/2025\/09\/02-ERE-2430-13.jpg 1280w\" sizes=\"(max-width: 1024px) 100vw, 1024px\" title=\"\"><\/div><\/a>\n\t\t\t\t<div class=\"elementor-post__badge\">VERKAUF LAND MESSINIA<\/div>\n\t\t\t\t<div class=\"elementor-post__text\">\n\t\t\t\t<h2 class=\"elementor-post__title\">\n\t\t\t<a href=\"https:\/\/www.eliterealestate.gr\/de\/for-sale-plot-riglia-2430\/\">\n\t\t\t\tVerkauf Grundst\u00fcck Riglia 840 mq - Geb\u00e4ude 200 mq #2430\t\t\t<\/a>\n\t\t<\/h2>\n\t\t\t\t<div class=\"elementor-post__excerpt\">\n\t\t\t\t\t<\/div>\n\t\t\n\t\t<a class=\"elementor-post__read-more\" href=\"https:\/\/www.eliterealestate.gr\/de\/for-sale-plot-riglia-2430\/\" aria-label=\"Mehr \u00fcber \u03a0\u03ce\u03bb\u03b7\u03c3\u03b7 \u03bf\u03b9\u03ba\u03cc\u03c0\u03b5\u03b4\u03bf \u03a1\u03af\u03b3\u03ba\u03bb\u03b9\u03b1 840 \u03c4.\u03bc. \u2013 \u0394\u03cc\u03bc\u03b7\u03c3\u03b7 200 \u03c4.\u03bc. #2430\" tabindex=\"-1\">\n\t\t\tSiehe ausf\u00fchrliche Pr\u00e4sentation\t\t<\/a>\n\n\t\t\t\t<\/div>\n\t\t\t\t\t<\/div>\n\t\t<\/article>\n\t\t\t\t<article class=\"elementor-post elementor-grid-item post-31813 page type-page status-publish has-post-thumbnail hentry category-69 tag-597 tag-for-sale tag-for-sale-hotel tag-hotel tag-hotel-sale tag-sea-view tag-stoupa tag-150 tag-601 tag-326 location-86 rentsale-75 property_type-78\" role=\"listitem\">\n\t\t\t<div class=\"elementor-post__card\">\n\t\t\t\t<a class=\"elementor-post__thumbnail__link\" href=\"https:\/\/www.eliterealestate.gr\/de\/for-sale-stoupa-hotel-2379\/\" tabindex=\"-1\"><div class=\"elementor-post__thumbnail\"><img decoding=\"async\" width=\"1024\" height=\"768\" src=\"https:\/\/www.eliterealestate.gr\/wp-content\/uploads\/2025\/08\/03-ERE-2379-10-1024x768.jpg\" class=\"attachment-large size-large wp-image-35338\" alt=\"Verkauf Hotel Stupa Messinia #2379 | ELITE REAL ESTATE\" srcset=\"https:\/\/www.eliterealestate.gr\/wp-content\/uploads\/2025\/08\/03-ERE-2379-10-1024x768.jpg 1024w, https:\/\/www.eliterealestate.gr\/wp-content\/uploads\/2025\/08\/03-ERE-2379-10-300x225.jpg 300w, https:\/\/www.eliterealestate.gr\/wp-content\/uploads\/2025\/08\/03-ERE-2379-10-768x576.jpg 768w, https:\/\/www.eliterealestate.gr\/wp-content\/uploads\/2025\/08\/03-ERE-2379-10-16x12.jpg 16w, https:\/\/www.eliterealestate.gr\/wp-content\/uploads\/2025\/08\/03-ERE-2379-10.jpg 1280w\" sizes=\"(max-width: 1024px) 100vw, 1024px\" title=\"\"><\/div><\/a>\n\t\t\t\t<div class=\"elementor-post__badge\">VERKAUF VON GESCH\u00c4FTSR\u00c4UMEN IN MESSINIA<\/div>\n\t\t\t\t<div class=\"elementor-post__text\">\n\t\t\t\t<h2 class=\"elementor-post__title\">\n\t\t\t<a href=\"https:\/\/www.eliterealestate.gr\/de\/for-sale-stoupa-hotel-2379\/\">\n\t\t\t\tStupa Hotel Verkauf (West Mani) #2379 | ELITE\t\t\t<\/a>\n\t\t<\/h2>\n\t\t\t\t<div class=\"elementor-post__excerpt\">\n\t\t\t\t\t<\/div>\n\t\t\n\t\t<a class=\"elementor-post__read-more\" href=\"https:\/\/www.eliterealestate.gr\/de\/for-sale-stoupa-hotel-2379\/\" aria-label=\"Mehr \u00fcber \u03a0\u03c9\u03bb\u03ae\u03c3\u03b5\u03b9\u03c2 \u03be\u03b5\u03bd\u03bf\u03b4\u03bf\u03c7\u03b5\u03af\u03c9\u03bd \u03a3\u03c4\u03bf\u03cd\u03c0\u03b1 (\u0394\u03c5\u03c4\u03b9\u03ba\u03ae \u039c\u03ac\u03bd\u03b7) #2379 | ELITE\" tabindex=\"-1\">\n\t\t\tSiehe ausf\u00fchrliche Pr\u00e4sentation\t\t<\/a>\n\n\t\t\t\t<\/div>\n\t\t\t\t\t<\/div>\n\t\t<\/article>\n\t\t\t\t<article class=\"elementor-post elementor-grid-item post-31758 page type-page status-publish has-post-thumbnail hentry category-370 tag-596 tag-for-sale tag-land-for-sale tag-neochori tag-plot-for-sale tag-150 tag-311 tag-19 tag-432 location-86 rentsale-75 property_type--4000--\" role=\"listitem\">\n\t\t\t<div class=\"elementor-post__card\">\n\t\t\t\t<a class=\"elementor-post__thumbnail__link\" href=\"https:\/\/www.eliterealestate.gr\/de\/for-sale-neochori-plot-2380\/\" tabindex=\"-1\"><div class=\"elementor-post__thumbnail\"><img decoding=\"async\" width=\"1024\" height=\"576\" src=\"https:\/\/www.eliterealestate.gr\/wp-content\/uploads\/2025\/01\/02-ERE-2380-00-1024x576.jpg\" class=\"attachment-large size-large wp-image-31745\" alt=\"ZU VERKAUFEN NEOCHORI MESSINIAS, GRUNDST\u00dcCK #2380 | ELITE REAL ESTATE\" srcset=\"https:\/\/www.eliterealestate.gr\/wp-content\/uploads\/2025\/01\/02-ERE-2380-00-1024x576.jpg 1024w, https:\/\/www.eliterealestate.gr\/wp-content\/uploads\/2025\/01\/02-ERE-2380-00-300x169.jpg 300w, https:\/\/www.eliterealestate.gr\/wp-content\/uploads\/2025\/01\/02-ERE-2380-00-768x432.jpg 768w, https:\/\/www.eliterealestate.gr\/wp-content\/uploads\/2025\/01\/02-ERE-2380-00-18x10.jpg 18w, https:\/\/www.eliterealestate.gr\/wp-content\/uploads\/2025\/01\/02-ERE-2380-00.jpg 1280w\" sizes=\"(max-width: 1024px) 100vw, 1024px\" title=\"\"><\/div><\/a>\n\t\t\t\t<div class=\"elementor-post__badge\">VERKAUF LAND WEST MANI<\/div>\n\t\t\t\t<div class=\"elementor-post__text\">\n\t\t\t\t<h2 class=\"elementor-post__title\">\n\t\t\t<a href=\"https:\/\/www.eliterealestate.gr\/de\/for-sale-neochori-plot-2380\/\">\n\t\t\t\tVerkauf, Baugrundst\u00fcck in Neochori ( West Mani ) #2380 | ELITE\t\t\t<\/a>\n\t\t<\/h2>\n\t\t\t\t<div class=\"elementor-post__excerpt\">\n\t\t\t\t\t<\/div>\n\t\t\n\t\t<a class=\"elementor-post__read-more\" href=\"https:\/\/www.eliterealestate.gr\/de\/for-sale-neochori-plot-2380\/\" aria-label=\"Mehr \u00fcber \u03a0\u03ce\u03bb\u03b7\u03c3\u03b7, \u03bf\u03b9\u03ba\u03cc\u03c0\u03b5\u03b4\u03bf \u039d\u03b5\u03bf\u03c7\u03ce\u03c1\u03b9 ( \u0394\u03c5\u03c4\u03b9\u03ba\u03ae \u039c\u03ac\u03bd\u03b7 ) #2380 | ELITE\" tabindex=\"-1\">\n\t\t\tSiehe ausf\u00fchrliche Pr\u00e4sentation\t\t<\/a>\n\n\t\t\t\t<\/div>\n\t\t\t\t\t<\/div>\n\t\t<\/article>\n\t\t\t\t<article class=\"elementor-post elementor-grid-item post-19600 page type-page status-publish has-post-thumbnail hentry category-64 tag-329 tag-for-sale tag-325 tag-305 tag-303 tag-328 tag-327 tag-312 tag-16 tag-326 location-86 rentsale-75 property_type-77\" role=\"listitem\">\n\t\t\t<div class=\"elementor-post__card\">\n\t\t\t\t<a class=\"elementor-post__thumbnail__link\" href=\"https:\/\/www.eliterealestate.gr\/de\/poliseis-katoikion-kardamili-2218\/\" tabindex=\"-1\"><div class=\"elementor-post__thumbnail\"><img loading=\"lazy\" decoding=\"async\" width=\"1024\" height=\"768\" src=\"https:\/\/www.eliterealestate.gr\/wp-content\/uploads\/2023\/06\/kalamitsi_polisi_katoikias-26-1024x768.jpg\" class=\"attachment-large size-large wp-image-19592\" alt=\"Wohnimmobilien zu verkaufen in Kardamili (Lefktros) #2218 | ELITE REAL ESTATE\" srcset=\"https:\/\/www.eliterealestate.gr\/wp-content\/uploads\/2023\/06\/kalamitsi_polisi_katoikias-26-1024x768.jpg 1024w, https:\/\/www.eliterealestate.gr\/wp-content\/uploads\/2023\/06\/kalamitsi_polisi_katoikias-26-300x225.jpg 300w, https:\/\/www.eliterealestate.gr\/wp-content\/uploads\/2023\/06\/kalamitsi_polisi_katoikias-26-768x576.jpg 768w, https:\/\/www.eliterealestate.gr\/wp-content\/uploads\/2023\/06\/kalamitsi_polisi_katoikias-26-16x12.jpg 16w, https:\/\/www.eliterealestate.gr\/wp-content\/uploads\/2023\/06\/kalamitsi_polisi_katoikias-26.jpg 1200w\" sizes=\"(max-width: 1024px) 100vw, 1024px\" title=\"\"><\/div><\/a>\n\t\t\t\t<div class=\"elementor-post__badge\">VERKAUF HAUS IN MESSINIA<\/div>\n\t\t\t\t<div class=\"elementor-post__text\">\n\t\t\t\t<h2 class=\"elementor-post__title\">\n\t\t\t<a href=\"https:\/\/www.eliterealestate.gr\/de\/poliseis-katoikion-kardamili-2218\/\">\n\t\t\t\tWohnungen zu verkaufen in Kardamili (Lefktros) #2218 | ELITE.\t\t\t<\/a>\n\t\t<\/h2>\n\t\t\t\t<div class=\"elementor-post__excerpt\">\n\t\t\t\t\t<\/div>\n\t\t\n\t\t<a class=\"elementor-post__read-more\" href=\"https:\/\/www.eliterealestate.gr\/de\/poliseis-katoikion-kardamili-2218\/\" aria-label=\"Mehr \u00fcber \u03a0\u03c9\u03bb\u03ae\u03c3\u03b5\u03b9\u03c2 \u03ba\u03b1\u03c4\u03bf\u03b9\u03ba\u03b9\u03ce\u03bd \u03c3\u03b5 \u039a\u03b1\u03c1\u03b4\u03b1\u03bc\u03cd\u03bb\u03b7 (\u039b\u03b5\u03cd\u03ba\u03c4\u03c1\u03bf\u03c2) #2218 | ELITE.\" tabindex=\"-1\">\n\t\t\tSiehe ausf\u00fchrliche Pr\u00e4sentation\t\t<\/a>\n\n\t\t\t\t<\/div>\n\t\t\t\t\t<\/div>\n\t\t<\/article>\n\t\t\t\t<article class=\"elementor-post elementor-grid-item post-19117 page type-page status-publish has-post-thumbnail hentry category-12 category-62 tag-310 tag-for-sale tag-kalogria tag-land-for-sale tag-plot-for-sale tag-305 tag-311 tag-19 tag-269 tag-312 tag-272 location-86 rentsale-75 property_type--4000--\" role=\"listitem\">\n\t\t\t<div class=\"elementor-post__card\">\n\t\t\t\t<a class=\"elementor-post__thumbnail__link\" href=\"https:\/\/www.eliterealestate.gr\/de\/polisi-oikopedo-neoxori-leuktros-2202\/\" tabindex=\"-1\"><div class=\"elementor-post__thumbnail\"><img loading=\"lazy\" decoding=\"async\" width=\"1024\" height=\"768\" src=\"https:\/\/www.eliterealestate.gr\/wp-content\/uploads\/2023\/05\/polisi_oikopedo_neoxori-10-1024x768.jpg\" class=\"attachment-large size-large wp-image-19128\" alt=\"Verkauf, Baugrundst\u00fcck in Neochori, Mani #2202 | ELITE\" srcset=\"https:\/\/www.eliterealestate.gr\/wp-content\/uploads\/2023\/05\/polisi_oikopedo_neoxori-10-1024x768.jpg 1024w, https:\/\/www.eliterealestate.gr\/wp-content\/uploads\/2023\/05\/polisi_oikopedo_neoxori-10-300x225.jpg 300w, https:\/\/www.eliterealestate.gr\/wp-content\/uploads\/2023\/05\/polisi_oikopedo_neoxori-10-768x576.jpg 768w, https:\/\/www.eliterealestate.gr\/wp-content\/uploads\/2023\/05\/polisi_oikopedo_neoxori-10-16x12.jpg 16w, https:\/\/www.eliterealestate.gr\/wp-content\/uploads\/2023\/05\/polisi_oikopedo_neoxori-10.jpg 1200w\" sizes=\"(max-width: 1024px) 100vw, 1024px\" title=\"\"><\/div><\/a>\n\t\t\t\t<div class=\"elementor-post__badge\">Land<\/div>\n\t\t\t\t<div class=\"elementor-post__text\">\n\t\t\t\t<h2 class=\"elementor-post__title\">\n\t\t\t<a href=\"https:\/\/www.eliterealestate.gr\/de\/polisi-oikopedo-neoxori-leuktros-2202\/\">\n\t\t\t\tGrundst\u00fccksverkauf, 2100 qm Neochori (Lefktros) | Code der Immobilie 2202 | ELITE\t\t\t<\/a>\n\t\t<\/h2>\n\t\t\t\t<div class=\"elementor-post__excerpt\">\n\t\t\t\t\t<\/div>\n\t\t\n\t\t<a class=\"elementor-post__read-more\" href=\"https:\/\/www.eliterealestate.gr\/de\/polisi-oikopedo-neoxori-leuktros-2202\/\" aria-label=\"Mehr \u00fcber \u03a0\u03ce\u03bb\u03b7\u03c3\u03b7, \u039f\u03b9\u03ba\u03cc\u03c0\u03b5\u03b4\u03bf, 2100 \u03c4.\u03bc. \u039d\u03b5\u03bf\u03c7\u03ce\u03c1\u03b9 (\u039b\u03b5\u03cd\u03ba\u03c4\u03c1\u03bf\u03c2) | \u039a\u03c9\u03b4. 2202 | ELITE\" tabindex=\"-1\">\n\t\t\tSiehe ausf\u00fchrliche Pr\u00e4sentation\t\t<\/a>\n\n\t\t\t\t<\/div>\n\t\t\t\t\t<\/div>\n\t\t<\/article>\n\t\t\t\t<\/div>\n\t\t\n\t\t\t\t\t\t<\/div>\n\t\t\t\t<\/div>\n\t\t\t\t\t<\/div>\n\t\t<\/div>\n\t\t\t\t\t<\/div>\n\t\t<\/section>\n\t\t\t\t<\/div>","protected":false},"excerpt":{"rendered":"<p>Kalogria Beach ( Stupa, West Mani) Entdecken Sie Grundst\u00fccke und H\u00e4user zum Verkauf in der N\u00e4he des herrlichen Kalogria Beach in Stupa. https:\/\/www.youtube.com\/watch?v=F1jDeW0KCNA Kalogria Beach, Messinia, Griechenland Pr\u00e4sentation: Elite Real Estate | Mai 2023 Videos von Kalogria Beach und Stupa Beach, entdecken Sie seinen herrlichen Sandstrand. Der sch\u00f6nste Strand in der Region! Der Strand von Santorini, im Herzen der Insel, ist der perfekte Ort, um das Meer und das Meer zu genie\u00dfen, der Strand von Santorini, der Strand des Meeres, der Strand des Meeres, der Strand des Meeres ...<\/p>\n<p class=\"read-more\"> <a class=\"\" href=\"https:\/\/www.eliterealestate.gr\/de\/polisi-oikopedo-neoxori-leuktros-2202\/\"> <span class=\"screen-reader-text\">Grundst\u00fccksverkauf, 2100 qm Neochori (Lefktros) | Code der Immobilie 2202 | ELITE<\/span> Mehr lesen \"<\/a><\/p>","protected":false},"author":1,"featured_media":19032,"parent":0,"menu_order":0,"comment_status":"closed","ping_status":"closed","template":"","meta":{"footnotes":""},"categories":[9,87],"tags":[189],"location":[],"rentsale":[],"property_type":[],"class_list":["post-19031","page","type-page","status-publish","has-post-thumbnail","hentry","category-real-estate-blog","category-87","tag-189"],"_links":{"self":[{"href":"https:\/\/www.eliterealestate.gr\/de\/wp-json\/wp\/v2\/pages\/19031","targetHints":{"allow":["GET"]}}],"collection":[{"href":"https:\/\/www.eliterealestate.gr\/de\/wp-json\/wp\/v2\/pages"}],"about":[{"href":"https:\/\/www.eliterealestate.gr\/de\/wp-json\/wp\/v2\/types\/page"}],"author":[{"embeddable":true,"href":"https:\/\/www.eliterealestate.gr\/de\/wp-json\/wp\/v2\/users\/1"}],"replies":[{"embeddable":true,"href":"https:\/\/www.eliterealestate.gr\/de\/wp-json\/wp\/v2\/comments?post=19031"}],"version-history":[{"count":0,"href":"https:\/\/www.eliterealestate.gr\/de\/wp-json\/wp\/v2\/pages\/19031\/revisions"}],"wp:featuredmedia":[{"embeddable":true,"href":"https:\/\/www.eliterealestate.gr\/de\/wp-json\/wp\/v2\/media\/19032"}],"wp:attachment":[{"href":"https:\/\/www.eliterealestate.gr\/de\/wp-json\/wp\/v2\/media?parent=19031"}],"wp:term":[{"taxonomy":"category","embeddable":true,"href":"https:\/\/www.eliterealestate.gr\/de\/wp-json\/wp\/v2\/categories?post=19031"},{"taxonomy":"post_tag","embeddable":true,"href":"https:\/\/www.eliterealestate.gr\/de\/wp-json\/wp\/v2\/tags?post=19031"},{"taxonomy":"location","embeddable":true,"href":"https:\/\/www.eliterealestate.gr\/de\/wp-json\/wp\/v2\/location?post=19031"},{"taxonomy":"rentsale","embeddable":true,"href":"https:\/\/www.eliterealestate.gr\/de\/wp-json\/wp\/v2\/rentsale?post=19031"},{"taxonomy":"property_type","embeddable":true,"href":"https:\/\/www.eliterealestate.gr\/de\/wp-json\/wp\/v2\/property_type?post=19031"}],"curies":[{"name":"wp","href":"https:\/\/api.w.org\/{rel}","templated":true}]}}