{"id":18571,"date":"2023-05-05T09:12:19","date_gmt":"2023-05-05T07:12:19","guid":{"rendered":"https:\/\/www.eliterealestate.gr\/?page_id=18571"},"modified":"2023-05-05T11:43:17","modified_gmt":"2023-05-05T09:43:17","slug":"paralia-analipsi-video","status":"publish","type":"page","link":"https:\/\/www.eliterealestate.gr\/de\/paralia-analipsi-video\/","title":{"rendered":"Analipsi Beach (Messinia, Griechenland) | Mai 2023"},"content":{"rendered":"<div data-elementor-type=\"wp-page\" data-elementor-id=\"18571\" class=\"elementor elementor-18571\" data-elementor-post-type=\"page\">\n\t\t\t\t\t\t<section class=\"elementor-section elementor-top-section elementor-element elementor-element-fcd7cc0 elementor-section-boxed elementor-section-height-default elementor-section-height-default\" data-id=\"fcd7cc0\" data-element_type=\"section\" data-e-type=\"section\">\n\t\t\t\t\t\t<div class=\"elementor-container elementor-column-gap-default\">\n\t\t\t\t\t<div class=\"elementor-column elementor-col-100 elementor-top-column elementor-element elementor-element-22cfdd7\" data-id=\"22cfdd7\" data-element_type=\"column\" data-e-type=\"column\">\n\t\t\t<div class=\"elementor-widget-wrap elementor-element-populated\">\n\t\t\t\t\t\t<div class=\"elementor-element elementor-element-3ade9d2 elementor-widget elementor-widget-heading\" data-id=\"3ade9d2\" data-element_type=\"widget\" data-e-type=\"widget\" data-widget_type=\"heading.default\">\n\t\t\t\t<div class=\"elementor-widget-container\">\n\t\t\t\t\t<h1 class=\"elementor-heading-title elementor-size-default\">Analipsi Strand Messinia, Griechenland<\/h1>\t\t\t\t<\/div>\n\t\t\t\t<\/div>\n\t\t\t\t<div class=\"elementor-element elementor-element-e548409 elementor-widget elementor-widget-text-editor\" data-id=\"e548409\" data-element_type=\"widget\" data-e-type=\"widget\" data-widget_type=\"text-editor.default\">\n\t\t\t\t<div class=\"elementor-widget-container\">\n\t\t\t\t\t\t\t\t\tEntdecken Sie Grundst\u00fccke und H\u00e4user zum Verkauf in der N\u00e4he des herrlichen Strandes von Analipsi in Messinia.\t\t\t\t\t\t\t\t<\/div>\n\t\t\t\t<\/div>\n\t\t\t\t<div class=\"elementor-element elementor-element-7be3dd4 elementor-widget elementor-widget-video\" data-id=\"7be3dd4\" data-element_type=\"widget\" data-e-type=\"widget\" data-settings=\"{&quot;youtube_url&quot;:&quot;https:\\\/\\\/www.youtube.com\\\/watch?v=kUFlhT8LW98&quot;,&quot;autoplay&quot;:&quot;yes&quot;,&quot;video_type&quot;:&quot;youtube&quot;,&quot;controls&quot;:&quot;yes&quot;}\" data-widget_type=\"video.default\">\n\t\t\t\t<div class=\"elementor-widget-container\">\n\t\t\t\t\t\t\t<div class=\"elementor-wrapper elementor-open-inline\">\n\t\t\t<div class=\"elementor-video\"><\/div>\t\t<\/div>\n\t\t\t\t\t\t<\/div>\n\t\t\t\t<\/div>\n\t\t\t\t<div class=\"elementor-element elementor-element-cbf6412 elementor-widget elementor-widget-heading\" data-id=\"cbf6412\" data-element_type=\"widget\" data-e-type=\"widget\" data-widget_type=\"heading.default\">\n\t\t\t\t<div class=\"elementor-widget-container\">\n\t\t\t\t\t<h2 class=\"elementor-heading-title elementor-size-default\">Analipsi Strand, Messinia, Griechenland<\/h2>\t\t\t\t<\/div>\n\t\t\t\t<\/div>\n\t\t\t\t<div class=\"elementor-element elementor-element-1306174 elementor-widget elementor-widget-text-editor\" data-id=\"1306174\" data-element_type=\"widget\" data-e-type=\"widget\" data-widget_type=\"text-editor.default\">\n\t\t\t\t<div class=\"elementor-widget-container\">\n\t\t\t\t\t\t\t\t\t<p>Pr\u00e4sentation: Elite Real Estate | Mai 2023<\/p>\t\t\t\t\t\t\t\t<\/div>\n\t\t\t\t<\/div>\n\t\t\t\t\t<\/div>\n\t\t<\/div>\n\t\t\t\t\t<\/div>\n\t\t<\/section>\n\t\t\t\t<section class=\"elementor-section elementor-top-section elementor-element elementor-element-be24258 elementor-section-boxed elementor-section-height-default elementor-section-height-default\" data-id=\"be24258\" data-element_type=\"section\" data-e-type=\"section\">\n\t\t\t\t\t\t<div class=\"elementor-container elementor-column-gap-default\">\n\t\t\t\t\t<div class=\"elementor-column elementor-col-100 elementor-top-column elementor-element elementor-element-30d82ea\" data-id=\"30d82ea\" data-element_type=\"column\" data-e-type=\"column\">\n\t\t\t<div class=\"elementor-widget-wrap elementor-element-populated\">\n\t\t\t\t\t\t<div class=\"elementor-element elementor-element-a799d13 elementor-widget elementor-widget-heading\" data-id=\"a799d13\" data-element_type=\"widget\" data-e-type=\"widget\" data-widget_type=\"heading.default\">\n\t\t\t\t<div class=\"elementor-widget-container\">\n\t\t\t\t\t<h2 class=\"elementor-heading-title elementor-size-default\">Videos von Analipsi Strand, entdecken Sie seine herrlichen Sandstrand.<\/h2>\t\t\t\t<\/div>\n\t\t\t\t<\/div>\n\t\t\t\t<div class=\"elementor-element elementor-element-1eb683f elementor-widget elementor-widget-text-editor\" data-id=\"1eb683f\" data-element_type=\"widget\" data-e-type=\"widget\" data-widget_type=\"text-editor.default\">\n\t\t\t\t<div class=\"elementor-widget-container\">\n\t\t\t\t\t\t\t\t\t<p class=\"translation-block\">Der Strand von Analipsi mit seinem kristallklaren, tiefblauen Wasser und dem hellen Sandstrand mit einigen feinen Kieselsteinen wird Sie verzaubern. Der weitl\u00e4ufige, malerische Strand eignet sich zum Schwimmen, Windsurfen und f\u00fcr andere Wassersportarten. In unmittelbarer N\u00e4he befinden sich Unterk\u00fcnfte, ein Spielplatz und <a href=\"https:\/\/www.tripadvisor.com.gr\/Restaurants-g12289051-Analipsi_Messenia_Region_Peloponnese.html\" target=\"_blank\" rel=\"noopener\">Tavernen<\/a>.  <a href=\"https:\/\/goo.gl\/maps\/L3gVpexberKVBurg8\" target=\"_blank\" rel=\"noopener\">So erreichen Sie den Strand von Analipsi<\/a><\/p>\t\t\t\t\t\t\t\t<\/div>\n\t\t\t\t<\/div>\n\t\t\t\t<div class=\"elementor-element elementor-element-b24678a elementor-widget-divider--view-line_icon elementor-view-default elementor-widget-divider--element-align-center elementor-widget elementor-widget-divider\" data-id=\"b24678a\" data-element_type=\"widget\" data-e-type=\"widget\" data-widget_type=\"divider.default\">\n\t\t\t\t<div class=\"elementor-widget-container\">\n\t\t\t\t\t\t\t<div class=\"elementor-divider\">\n\t\t\t<span class=\"elementor-divider-separator\">\n\t\t\t\t\t\t\t<div class=\"elementor-icon elementor-divider__element\">\n\t\t\t\t\t<svg xmlns=\"http:\/\/www.w3.org\/2000\/svg\" id=\"bddeae69-7af7-40d3-a252-d2be461fedc7\" data-name=\"Layer 1\" width=\"45\" height=\"12\" viewbox=\"0 0 45 12\"><rect width=\"45\" height=\"2\"><\/rect><rect y=\"10\" width=\"23\" height=\"2\"><\/rect><\/svg><\/div>\n\t\t\t\t\t\t<\/span>\n\t\t<\/div>\n\t\t\t\t\t\t<\/div>\n\t\t\t\t<\/div>\n\t\t\t\t<div class=\"elementor-element elementor-element-b0ccb82 elementor-widget elementor-widget-heading\" data-id=\"b0ccb82\" data-element_type=\"widget\" data-e-type=\"widget\" data-widget_type=\"heading.default\">\n\t\t\t\t<div class=\"elementor-widget-container\">\n\t\t\t\t\t<h3 class=\"elementor-heading-title elementor-size-default\">Entdecken Sie Grundst\u00fccke und H\u00e4user zum Verkauf in der N\u00e4he des herrlichen Strandes von Analipsi.<\/h3>\t\t\t\t<\/div>\n\t\t\t\t<\/div>\n\t\t\t\t\t<\/div>\n\t\t<\/div>\n\t\t\t\t\t<\/div>\n\t\t<\/section>\n\t\t\t\t<section class=\"elementor-section elementor-top-section elementor-element elementor-element-a1e2370 elementor-section-boxed elementor-section-height-default elementor-section-height-default\" data-id=\"a1e2370\" data-element_type=\"section\" data-e-type=\"section\">\n\t\t\t\t\t\t<div class=\"elementor-container elementor-column-gap-default\">\n\t\t\t\t\t<div class=\"elementor-column elementor-col-100 elementor-top-column elementor-element elementor-element-b82404b\" data-id=\"b82404b\" data-element_type=\"column\" data-e-type=\"column\">\n\t\t\t<div class=\"elementor-widget-wrap elementor-element-populated\">\n\t\t\t\t\t\t<div class=\"elementor-element elementor-element-9241770 elementor-grid-2 elementor-posts--align-left elementor-grid-tablet-2 elementor-grid-mobile-1 elementor-posts--thumbnail-top elementor-card-shadow-yes elementor-posts__hover-gradient elementor-widget elementor-widget-posts\" data-id=\"9241770\" data-element_type=\"widget\" data-e-type=\"widget\" data-settings=\"{&quot;cards_row_gap&quot;:{&quot;unit&quot;:&quot;px&quot;,&quot;size&quot;:10,&quot;sizes&quot;:[]},&quot;cards_columns&quot;:&quot;2&quot;,&quot;cards_columns_tablet&quot;:&quot;2&quot;,&quot;cards_columns_mobile&quot;:&quot;1&quot;,&quot;cards_row_gap_tablet&quot;:{&quot;unit&quot;:&quot;px&quot;,&quot;size&quot;:&quot;&quot;,&quot;sizes&quot;:[]},&quot;cards_row_gap_mobile&quot;:{&quot;unit&quot;:&quot;px&quot;,&quot;size&quot;:&quot;&quot;,&quot;sizes&quot;:[]}}\" data-widget_type=\"posts.cards\">\n\t\t\t\t<div class=\"elementor-widget-container\">\n\t\t\t\t\t\t\t<div class=\"elementor-posts-container elementor-posts elementor-posts--skin-cards elementor-grid\" role=\"list\">\n\t\t\t\t<article class=\"elementor-post elementor-grid-item post-35578 page type-page status-publish has-post-thumbnail hentry category-119 tag-667 tag-for-rent tag-287 tag-48 tag-120 tag-668 location-72 rentsale-76 property_type-77\" role=\"listitem\">\n\t\t\t<div class=\"elementor-post__card\">\n\t\t\t\t<a class=\"elementor-post__thumbnail__link\" href=\"https:\/\/www.eliterealestate.gr\/de\/for-rent-apartment-analipsi-2424\/\" tabindex=\"-1\"><div class=\"elementor-post__thumbnail\"><img fetchpriority=\"high\" decoding=\"async\" width=\"1024\" height=\"768\" src=\"https:\/\/www.eliterealestate.gr\/wp-content\/uploads\/2025\/08\/02-ERE-2424-205-1024x768.jpg\" class=\"attachment-large size-large wp-image-35567\" alt=\"Miete Wohnung Analipsi (Messini) 22 qm #2424 | ELITE\" srcset=\"https:\/\/www.eliterealestate.gr\/wp-content\/uploads\/2025\/08\/02-ERE-2424-205-1024x768.jpg 1024w, https:\/\/www.eliterealestate.gr\/wp-content\/uploads\/2025\/08\/02-ERE-2424-205-300x225.jpg 300w, https:\/\/www.eliterealestate.gr\/wp-content\/uploads\/2025\/08\/02-ERE-2424-205-768x576.jpg 768w, https:\/\/www.eliterealestate.gr\/wp-content\/uploads\/2025\/08\/02-ERE-2424-205-16x12.jpg 16w, https:\/\/www.eliterealestate.gr\/wp-content\/uploads\/2025\/08\/02-ERE-2424-205.jpg 1280w\" sizes=\"(max-width: 1024px) 100vw, 1024px\" title=\"\"><\/div><\/a>\n\t\t\t\t<div class=\"elementor-post__badge\">HAUS ZUR MIETE IN MESSINIA<\/div>\n\t\t\t\t<div class=\"elementor-post__text\">\n\t\t\t\t<h2 class=\"elementor-post__title\">\n\t\t\t<a href=\"https:\/\/www.eliterealestate.gr\/de\/for-rent-apartment-analipsi-2424\/\">\n\t\t\t\tMiete Wohnung Analipsi (Messini) 22 qm #2424 | ELITE\t\t\t<\/a>\n\t\t<\/h2>\n\t\t\t\t<div class=\"elementor-post__excerpt\">\n\t\t\t\t\t<\/div>\n\t\t\n\t\t<a class=\"elementor-post__read-more\" href=\"https:\/\/www.eliterealestate.gr\/de\/for-rent-apartment-analipsi-2424\/\" aria-label=\"Mehr \u00fcber \u0395\u03bd\u03bf\u03b9\u03ba\u03af\u03b1\u03c3\u03b7 \u03b4\u03b9\u03b1\u03bc\u03ad\u03c1\u03b9\u03c3\u03bc\u03b1 \u0391\u03bd\u03ac\u03bb\u03b7\u03c8\u03b7 (\u039c\u03b5\u03c3\u03c3\u03ae\u03bd\u03b7) 22 \u03c4.\u03bc. #2424 | ELITE\" tabindex=\"-1\">\n\t\t\tSiehe ausf\u00fchrliche Pr\u00e4sentation\t\t<\/a>\n\n\t\t\t\t<\/div>\n\t\t\t\t\t<\/div>\n\t\t<\/article>\n\t\t\t\t<\/div>\n\t\t\n\t\t\t\t\t\t<\/div>\n\t\t\t\t<\/div>\n\t\t\t\t\t<\/div>\n\t\t<\/div>\n\t\t\t\t\t<\/div>\n\t\t<\/section>\n\t\t\t\t<\/div>","protected":false},"excerpt":{"rendered":"<p>Analipsi Beach, Messinia, Griechenland Entdecken Sie Grundst\u00fccke und H\u00e4user zum Verkauf in der N\u00e4he des herrlichen Strandes von Analipsi in Messinia.https:\/\/www.youtube.com\/watch?v=kUFlhT8LW98 Analipsi Beach, Messinia, Griechenland Pr\u00e4sentation: Elite Real Estate | Mai 2023 Videos von Analipsi Beach, entdecken Sie seine herrlichen Sandstrand. Der Strand von Analipsi mit seinem kristallklaren, tiefblauen Wasser und hellem Sandstrand mit einigen feinen Kieselsteinen wird ...<\/p>\n<p class=\"read-more\"> <a class=\"\" href=\"https:\/\/www.eliterealestate.gr\/de\/for-rent-apartment-analipsi-2424\/\"> <span class=\"screen-reader-text\">Miete Wohnung Analipsi (Messini) 22 qm #2424 | ELITE<\/span> Mehr lesen \"<\/a><\/p>","protected":false},"author":1,"featured_media":0,"parent":0,"menu_order":0,"comment_status":"closed","ping_status":"closed","template":"","meta":{"footnotes":""},"categories":[9,87],"tags":[189],"location":[],"rentsale":[],"property_type":[],"class_list":["post-18571","page","type-page","status-publish","hentry","category-real-estate-blog","category-87","tag-189"],"_links":{"self":[{"href":"https:\/\/www.eliterealestate.gr\/de\/wp-json\/wp\/v2\/pages\/18571","targetHints":{"allow":["GET"]}}],"collection":[{"href":"https:\/\/www.eliterealestate.gr\/de\/wp-json\/wp\/v2\/pages"}],"about":[{"href":"https:\/\/www.eliterealestate.gr\/de\/wp-json\/wp\/v2\/types\/page"}],"author":[{"embeddable":true,"href":"https:\/\/www.eliterealestate.gr\/de\/wp-json\/wp\/v2\/users\/1"}],"replies":[{"embeddable":true,"href":"https:\/\/www.eliterealestate.gr\/de\/wp-json\/wp\/v2\/comments?post=18571"}],"version-history":[{"count":0,"href":"https:\/\/www.eliterealestate.gr\/de\/wp-json\/wp\/v2\/pages\/18571\/revisions"}],"wp:attachment":[{"href":"https:\/\/www.eliterealestate.gr\/de\/wp-json\/wp\/v2\/media?parent=18571"}],"wp:term":[{"taxonomy":"category","embeddable":true,"href":"https:\/\/www.eliterealestate.gr\/de\/wp-json\/wp\/v2\/categories?post=18571"},{"taxonomy":"post_tag","embeddable":true,"href":"https:\/\/www.eliterealestate.gr\/de\/wp-json\/wp\/v2\/tags?post=18571"},{"taxonomy":"location","embeddable":true,"href":"https:\/\/www.eliterealestate.gr\/de\/wp-json\/wp\/v2\/location?post=18571"},{"taxonomy":"rentsale","embeddable":true,"href":"https:\/\/www.eliterealestate.gr\/de\/wp-json\/wp\/v2\/rentsale?post=18571"},{"taxonomy":"property_type","embeddable":true,"href":"https:\/\/www.eliterealestate.gr\/de\/wp-json\/wp\/v2\/property_type?post=18571"}],"curies":[{"name":"wp","href":"https:\/\/api.w.org\/{rel}","templated":true}]}}