{"id":12697,"date":"2022-07-12T12:13:46","date_gmt":"2022-07-12T10:13:46","guid":{"rendered":"https:\/\/www.eliterealestate.gr\/?page_id=12697"},"modified":"2025-03-30T07:54:19","modified_gmt":"2025-03-30T05:54:19","slug":"dpo","status":"publish","type":"page","link":"https:\/\/www.eliterealestate.gr\/de\/dpo\/","title":{"rendered":"Schutz personenbezogener Daten\ufffc"},"content":{"rendered":"<div data-elementor-type=\"wp-page\" data-elementor-id=\"12697\" class=\"elementor elementor-12697\" data-elementor-post-type=\"page\">\n\t\t\t\t\t\t<section class=\"elementor-section elementor-top-section elementor-element elementor-element-1dd9cd0d elementor-section-content-middle elementor-section-boxed elementor-section-height-default elementor-section-height-default\" data-id=\"1dd9cd0d\" data-element_type=\"section\" data-e-type=\"section\">\n\t\t\t\t\t\t<div class=\"elementor-container elementor-column-gap-no\">\n\t\t\t\t\t<div class=\"elementor-column elementor-col-50 elementor-top-column elementor-element elementor-element-786871e7\" data-id=\"786871e7\" data-element_type=\"column\" data-e-type=\"column\">\n\t\t\t<div class=\"elementor-widget-wrap elementor-element-populated\">\n\t\t\t\t\t\t<div class=\"elementor-element elementor-element-4c289276 elementor-widget-divider--view-line elementor-widget elementor-widget-divider\" data-id=\"4c289276\" data-element_type=\"widget\" data-e-type=\"widget\" data-widget_type=\"divider.default\">\n\t\t\t\t<div class=\"elementor-widget-container\">\n\t\t\t\t\t\t\t<div class=\"elementor-divider\">\n\t\t\t<span class=\"elementor-divider-separator\">\n\t\t\t\t\t\t<\/span>\n\t\t<\/div>\n\t\t\t\t\t\t<\/div>\n\t\t\t\t<\/div>\n\t\t\t\t<div class=\"elementor-element elementor-element-5f059ad elementor-widget elementor-widget-heading\" data-id=\"5f059ad\" data-element_type=\"widget\" data-e-type=\"widget\" data-widget_type=\"heading.default\">\n\t\t\t\t<div class=\"elementor-widget-container\">\n\t\t\t\t\t<h4 class=\"elementor-heading-title elementor-size-default\">Willkommen bei ELITE Real Estate<\/h4>\t\t\t\t<\/div>\n\t\t\t\t<\/div>\n\t\t\t\t<div class=\"elementor-element elementor-element-fbe9b87 elementor-widget elementor-widget-text-editor\" data-id=\"fbe9b87\" data-element_type=\"widget\" data-e-type=\"widget\" data-widget_type=\"text-editor.default\">\n\t\t\t\t<div class=\"elementor-widget-container\">\n\t\t\t\t\t\t\t\t\t<p><a href=\"https:\/\/www.eliterealestate.gr\/de\/dpo\/\"><strong>Schutz personenbezogener Daten<\/strong><\/a><\/p>\t\t\t\t\t\t\t\t<\/div>\n\t\t\t\t<\/div>\n\t\t\t\t\t<\/div>\n\t\t<\/div>\n\t\t\t\t<div class=\"elementor-column elementor-col-50 elementor-top-column elementor-element elementor-element-2a11ef1a\" data-id=\"2a11ef1a\" data-element_type=\"column\" data-e-type=\"column\">\n\t\t\t<div class=\"elementor-widget-wrap elementor-element-populated\">\n\t\t\t\t\t\t<div class=\"elementor-element elementor-element-1e10c383 elementor-widget elementor-widget-text-editor\" data-id=\"1e10c383\" data-element_type=\"widget\" data-e-type=\"widget\" data-widget_type=\"text-editor.default\">\n\t\t\t\t<div class=\"elementor-widget-container\">\n\t\t\t\t\t\t\t\t\t<p>elirerealestate.gr ist das Eigentum der Gesellschaft \"ELITE REAL ESTATE O.E.\" mit der GEMI-Nummer 122077145000, mit Sitz in Griechenland (im Folgenden als \"die Gesellschaft\" bezeichnet), die sie verwaltet.\u00a0<\/p><p><strong>Das Unternehmen<\/strong> forscht flei\u00dfig, um personenbezogene Daten bei der Verarbeitung von Benutzerinformationen, die durch die Nutzung der Dienste der Website, ihrer Anwendung und ihrer Dienste erhalten werden, besser zu sch\u00fctzen, indem sie technologische Ma\u00dfnahmen entwickelt und umsetzt, um die unerw\u00fcnschte Verbreitung personenbezogener Daten durch die Benutzer zu verhindern, um sicherzustellen, dass die Verarbeitung personenbezogener Daten in \u00dcbereinstimmung mit den Rechten, Grundfreiheiten und der W\u00fcrde der betroffenen Personen erfolgt.<\/p><p>Durch den Besuch der Website <strong>eliterealestate<\/strong><strong>.<\/strong><strong>gr<\/strong> und die Nutzung der Online-Dienste gibt der Nutzer sein Einverst\u00e4ndnis zur Erhebung und Verarbeitung seiner personenbezogenen Daten, wie in diesem Kapitel der Datenschutzrichtlinie ausf\u00fchrlich beschrieben.<\/p><p><strong>Sammlung von Navigationsdaten<\/strong><\/p><p>Die Informationssysteme, Verfahren und Rechentechniken, die den Betrieb unserer Website und unserer Anwendung steuern, extrahieren w\u00e4hrend ihres Betriebs bestimmte personenbezogene Daten, und diese \"Extraktion\" erfolgt automatisch durch die im Internet verwendeten Zugangs- und Betriebsmechanismen und Protokolle.<\/p><p>Insbesondere wird jedes Mal, wenn der Nutzer eine Verbindung zur Website herstellt <strong>eliterealestate<\/strong><strong>.<\/strong><strong>gr<\/strong>\u00a0Jedes Mal, wenn Sie auf Inhalte zugreifen oder diese anfordern, und jedes Mal, wenn Sie eine Aktion ausf\u00fchren, werden Zugriffsdaten in Form von Tabellendateien oder linearen Daten in den Systemen unserer Website gespeichert.<\/p><p>Zu dieser Kategorie geh\u00f6ren Daten wie IP-Adressen, Domain-Namen der Computer, die von den Nutzern verwendet werden, die sich mit unserer Website und Anwendung verbinden, der Browser des Nutzers in Form von URI (Uniform Resource Identifier), das Datum und die Uhrzeit der Anfrage an den Server, die Methode, mit der die Anfrage an den Server \u00fcbermittelt wurde, die Menge der \u00fcbertragenen Daten, der numerische Code, der den Status der Antwort des Servers angibt, und andere Parameter, die sich auf den Betrieb der Website und unserer Anwendung beziehen.<\/p><p>Diese Daten k\u00f6nnen von der\u00a0<strong>eliterealestate<\/strong><strong>.<\/strong><strong>gr<\/strong> um anonyme statistische Informationen \u00fcber die Nutzung der Website und der Anwendung zu erhalten, um die Seiten zu identifizieren, die der Nutzer bevorzugt, und somit geeignete Inhalte bereitzustellen, um ihr ordnungsgem\u00e4\u00dfes Funktionieren zu \u00fcberpr\u00fcfen.<\/p><p>Dar\u00fcber hinaus k\u00f6nnen die oben genannten Daten verwendet werden, um die Haftung im Falle von Fehlverhalten und Straftaten zu untersuchen, die gegen die Website und ihre Anwendung oder gegen die Nutzer selbst begangen wurden, auch auf Ersuchen der zust\u00e4ndigen Aufsichtsbeh\u00f6rde selbst.<\/p><p><strong>Zweck der Verarbeitung<\/strong><\/p><p>Die \u00fcber unsere Website und ihre Anwendung erhobenen Daten werden auf rechtm\u00e4\u00dfige und angemessene Weise und stets im Einklang mit den Grunds\u00e4tzen der Verh\u00e4ltnism\u00e4\u00dfigkeit, der Rechtm\u00e4\u00dfigkeit und im Rahmen der einschl\u00e4gigen Bestimmungen der EU-Datenschutzgrundverordnung 679\/2016 (im Folgenden: \"die Verordnung\") behandelt und streng und ausschlie\u00dflich f\u00fcr die Erbringung der bestm\u00f6glichen Bereitstellung unserer Dienstleistungen verwendet.<\/p><p>Neben der im vorstehenden Absatz genannten automatischen Erfassung von Navigationsdaten hat der Nutzer das Recht, freiwillig personenbezogene Daten zu \u00fcbermitteln, die von der\u00a0<strong>eliterealestate<\/strong><strong>.<\/strong><strong>gr<\/strong> ausschlie\u00dflich durch Ausf\u00fcllen eines bestimmten Eingabefeldes (im Folgenden \"Kontaktformular\"), das den Nutzern zur Eingabe ihrer Daten auf der Website und ihrer Anwendung vorgeschlagen wird. Die Kontaktformulare sind von unterschiedlicher Art, je nach der Art des Dienstes, den der Nutzer zu nutzen beabsichtigt.<\/p><p>Die vom Nutzer zur Verf\u00fcgung gestellten personenbezogenen Daten werden auf gesch\u00fctzten elektronischen Datentr\u00e4gern erfasst und gespeichert und mit den angemessensten Sicherheitsma\u00dfnahmen verarbeitet.<\/p><p>Das Versenden von E-Mails an die Adressen, die auf der Website und ihrer Anwendung vorhanden sein k\u00f6nnen, impliziert die Erfassung der personenbezogenen Daten des Inhabers der E-Mail-Adresse durch den Absender. Diese E-Mail-Adresse ist zusammen mit anderen erfassten personenbezogenen Daten notwendig, um auf die gesendeten Anfragen zu antworten und die angeforderten spezifischen Dienstleistungen zu erbringen.<\/p><p>Die Daten werden elektronisch oder in Papierform verarbeitet, und zwar haupts\u00e4chlich durch den Einsatz automatisierter und nicht automatisierter Verfahren, und diese Verarbeitung sollte direkt erfolgen, entweder durch die\u00a0<strong>eliterealestate<\/strong><strong>.<\/strong><strong>gr<\/strong>oder durch einen externen Partner, der die Verarbeitung im Auftrag des <strong>eliterealestate<\/strong><strong>.<\/strong><strong>gr<\/strong>oder durch einen Dritten in Bezug auf die <strong>eliterealestate<\/strong><strong>.<\/strong><strong>gr<\/strong>gem\u00e4\u00df Artikel 4 der Gesch\u00e4ftsordnung.<\/p><p>Es werden geeignete Sicherheitsma\u00dfnahmen getroffen, um eine unkonventionelle oder illegale Nutzung der Daten, den Zugriff durch Unbefugte und den Verlust von Daten zu verhindern. \u00dcber die Website und ihre Anwendung werden keine Daten ohne die erforderliche Zustimmung erhoben, sofern sie nicht der Erbringung einer Dienstleistung dienen.<\/p><p><strong>Art der Datenbereitstellung<\/strong><\/p><p>Die Bereitstellung der Daten ist fakultativ, aber im Falle der Weigerung, personenbezogene Daten bereitzustellen, die f\u00fcr die Bearbeitung des angeforderten Dienstes erforderlich sind, ist es nicht m\u00f6glich, diesen zu bearbeiten. Ist die Angabe der Daten nicht erforderlich, kann der f\u00fcr die Verarbeitung Verantwortliche die Anfragen bearbeiten und die im obigen Absatz genannten Dienstleistungen erbringen.<\/p><p><strong>Informationen, die Sie uns geben<\/strong><\/p><p>Wenn Sie die ELITE-Plattform nutzen, erfragen und sammeln wir die folgenden personenbezogenen Daten. Diese Informationen sind f\u00fcr die Erf\u00fcllung Ihres Vertrags mit ELITE erforderlich und erm\u00f6glichen es uns, unseren rechtlichen Verpflichtungen nachzukommen. Ohne diese Daten k\u00f6nnen wir Ihnen m\u00f6glicherweise nicht alle von Ihnen angeforderten Dienste zur Verf\u00fcgung stellen.<\/p><ul><li><strong>Informationen zum Konto: <\/strong>Wenn Sie sich registrieren, um Ihr ELITE-Konto einzurichten, ben\u00f6tigen wir bestimmte Informationen wie Ihren Vornamen, Nachnamen, Ihre E-Mail-Adresse und Ihre Telefonnummer.<\/li><li><strong>Profil und Anzeigeninformationen: <\/strong>Um bestimmte Funktionen der ELITE REAL ESTATE-Plattform nutzen zu k\u00f6nnen (z. B. die Beantragung einer Immobilienbesichtigung oder die Erstellung einer Anzeige), bitten wir Sie m\u00f6glicherweise um die Angabe zus\u00e4tzlicher Informationen, zu denen in der Regel Ihre Adresse, Telefonnummer und ein Profilbild geh\u00f6ren.<\/li><li><strong>Informationen zur Authentifizierung: <\/strong>Um ein Klima des Vertrauens zu schaffen und aufrechtzuerhalten, bitten wir Sie m\u00f6glicherweise um Informationen zur \u00dcberpr\u00fcfung Ihrer Identit\u00e4t (z. B. eine Kopie Ihres Personalausweises, Reisepasses, nationalen Personalausweises oder F\u00fchrerscheins, soweit dies nach geltendem Recht zul\u00e4ssig ist) oder andere Authentifizierungsinformationen.<\/li><li><strong>Zahlungsinformationen: <\/strong>Um bestimmte Funktionen der ELITE REAL ESTATE-Plattform nutzen zu k\u00f6nnen (z. B. die Unterzeichnung des Mietvertrags), bitten wir Sie m\u00f6glicherweise um die Angabe bestimmter finanzieller Informationen (z. B. Angaben zu Ihrem Bankkonto oder Ihrer Kreditkarte), um die Abwicklung von Zahlungen zu erleichtern.<\/li><li><strong>Kontaktieren Sie ELITE REAL ESTATE und andere Nutzer: <\/strong>Wenn Sie sich mit ELITE REAL ESTATE in Verbindung setzen oder die ELITE REAL ESTATE-Plattform zur Kommunikation mit anderen Nutzern verwenden, erfassen wir Informationen im Zusammenhang mit Ihrer Kommunikation und andere Informationen, die Sie uns zur Verf\u00fcgung stellen.<\/li><\/ul><p><strong>Verarbeitungsmethoden<\/strong><\/p><p>In \u00dcbereinstimmung mit der geltenden Rechtslage und insbesondere mit den Bestimmungen der Verordnung wird ein Anti-Spam-\u00dcberpr\u00fcfungssystem in den Mitteilungen aktiviert, indem auf die den Nutzern zur Verf\u00fcgung gestellten Mitteilungen geantwortet wird. Die eingegebenen Daten k\u00f6nnen zum alleinigen Zweck der Aufdeckung illegaler Aktivit\u00e4ten oder von Inhalten, die nicht mit den Allgemeinen Nutzungsbedingungen unserer Website \u00fcbereinstimmen, \u00fcberpr\u00fcft werden, werden aber unter keinen Umst\u00e4nden zu kommerziellen oder Werbezwecken verarbeitet oder an Dritte weitergegeben. <strong>eliterealestate<\/strong><strong>.<\/strong><strong>gr<\/strong>).<\/p><p>In \u00dcbereinstimmung mit der geltenden Rechtslage und insbesondere mit den Bestimmungen der Verordnung wird ein Anti-Spam-\u00dcberpr\u00fcfungssystem in den Mitteilungen aktiviert, indem auf die den Nutzern zur Verf\u00fcgung gestellten Mitteilungen geantwortet wird. Die eingegebenen Daten k\u00f6nnen zum alleinigen Zweck der Aufdeckung illegaler Aktivit\u00e4ten oder von Inhalten, die nicht mit den Allgemeinen Nutzungsbedingungen unserer Website \u00fcbereinstimmen, \u00fcberpr\u00fcft werden, werden aber unter keinen Umst\u00e4nden zu kommerziellen oder Werbezwecken verarbeitet oder an Dritte weitergegeben.<\/p><p><strong>Sicherheit der Daten<\/strong><\/p><p>Die gesammelten und verarbeiteten Daten sollten durch physische und logische Methoden gesch\u00fctzt werden, um die Risiken des unbefugten Zugriffs, der Verbreitung, des Verlusts und der Zerst\u00f6rung von Daten im Einklang mit den geltenden Vorschriften zu minimieren.<\/p><p><strong>H <\/strong><strong>eliterealestate<\/strong><strong>.<\/strong><strong>gr<\/strong> alle erforderlichen technischen und organisatorischen Ma\u00dfnahmen ergreift, um die Sicherheit und den Schutz der personenbezogenen Daten der Nutzer vor zuf\u00e4lliger oder nicht zuf\u00e4lliger Zerst\u00f6rung, Verlust, unbefugter \u00c4nderung, Weitergabe oder Zugriff sowie vor jeder anderen unrechtm\u00e4\u00dfigen Verarbeitung der von ihr verwalteten personenbezogenen Daten zu gew\u00e4hrleisten. Trotz des guten Willens und der Bem\u00fchungen unserer Website, die personenbezogenen Daten der Nutzer in einer sicheren, nicht \u00f6ffentlich zug\u00e4nglichen Betriebsumgebung zu speichern, wird jedoch darauf hingewiesen, dass es keine vollst\u00e4ndige oder perfekte Sicherheit gibt und die\u00a0<strong>eliterealestate<\/strong><strong>.<\/strong><strong>gr<\/strong> kann nicht garantieren, dass die pers\u00f6nlichen Daten des Nutzers nicht unbeabsichtigt weitergegeben werden. Der Nutzer muss unsere Website unverz\u00fcglich informieren, wenn seine Kontaktdaten verloren gehen, gestohlen oder ohne seine Zustimmung verwendet werden. In einem solchen Fall werden wir die Kontaktdaten des Nutzers aus seinem Konto entfernen und unsere Aufzeichnungen entsprechend aktualisieren.<\/p><p><strong>Umfang der Kommunikation und Datenverbreitung<\/strong><\/p><p>Die vom Nutzer zur Verf\u00fcgung gestellten Daten werden ausschlie\u00dflich vom f\u00fcr die Verarbeitung Verantwortlichen \u00fcbermittelt und verwendet (<strong>eliterealestate<\/strong><strong>.<\/strong><strong>gr<\/strong> und von den Unternehmen, die als f\u00fcr die Verarbeitung Verantwortliche benannt wurden, d.h. die Auftragsverarbeiter oder Dritte, die von dem f\u00fcr die Verarbeitung Verantwortlichen erm\u00e4chtigt wurden, personenbezogene Daten im Sinne von Artikel 4 der Verordnung zu verarbeiten.<\/p><p><strong>Gemeinsame Nutzung zwischen Nutzern<\/strong><\/p><p>Um Immobilienpr\u00e4sentationen oder andere Interaktionen zwischen Nutzern zu erleichtern, k\u00f6nnen wir bestimmte Informationen, einschlie\u00dflich personenbezogener Daten, an andere Nutzer weitergeben, wenn dies f\u00fcr die Erf\u00fcllung Ihres Vertrags mit uns erforderlich ist, wie folgt:<\/p><ul><li>Wenn Sie als Besucher eine Anfrage zur Besichtigung einer Immobilie stellen, werden bestimmte Informationen an den Eigent\u00fcmer weitergegeben, darunter Ihr Profil, Ihr vollst\u00e4ndiger Name, Ihre E-Mail-Adresse und Ihre Mobiltelefonnummer.<\/li><li>Wenn Sie als Eigent\u00fcmer eine Anfrage zur Besichtigung einer Immobilie erhalten, werden bestimmte Informationen \u00fcber Sie an den Besucher weitergegeben, darunter Ihr Profil und Ihr Name.<\/li><li>Wenn Sie als Eigent\u00fcmer eine Anfrage zur Besichtigung einer Immobilie best\u00e4tigt haben, werden bestimmte Informationen an den Besucher weitergegeben, um den Besichtigungstermin zu koordinieren, z. B. Ihr Profil, Ihr vollst\u00e4ndiger Name, Ihre E-Mail-Adresse, Ihre Telefonnummer und die Adresse der Immobilie.<\/li><\/ul><p>Wir geben Ihre Zahlungsdaten nicht an andere Mitglieder weiter.<\/p><p><strong>Daten\u00fcbermittlung ins Ausland<\/strong><\/p><p>Die \u00fcber unsere Website und unsere Anwendung gesammelten personenbezogenen Daten k\u00f6nnen au\u00dferhalb des griechischen Hoheitsgebiets ausschlie\u00dflich zur Erbringung der \u00fcber unsere Website angeforderten Dienstleistungen und in \u00dcbereinstimmung mit den Bedingungen dieser Datenschutzrichtlinie und den spezifischen Bestimmungen der Verordnung \u00fcbermittelt werden.<\/p><p>Auch die\u00a0<strong>eliterealestate<\/strong><strong>.<\/strong><strong>gr<\/strong> verkauft in keinem Fall die personenbezogenen Daten des Nutzers, und wenn sie im Rahmen der oben genannten Dienste an Dritte weitergegeben werden, geschieht dies ausschlie\u00dflich zur Erf\u00fcllung der in dieser Richtlinie vorgesehenen Zwecke und zur Bereitstellung der Online-Dienste.<\/p><p><strong>Informationen \u00fcber Cookies, Suchmaschinen und Standortdaten<\/strong><\/p><p>Cookies dienen dazu, die Analyse des Webverkehrs zu beschleunigen, den Nutzern den Zugang zu den von der Website und ihrer Anwendung angebotenen Diensten zu erleichtern und den Besuchern n\u00fctzliche und relevante Werbung anzubieten. Durch die Verwendung von Cookies werden keine personenbezogenen Daten \u00fcbermittelt oder erfasst, und es werden keine Systeme zur Verfolgung der Nutzer verwendet. Wenn der Nutzer nicht m\u00f6chte, dass seine Daten \u00fcber diesen Mechanismus (Verwendung von Cookies) erfasst werden, kann er ein einfaches Verfahren in seinem Browser implementieren, mit dem er die Verwendung von Cookies ablehnen kann.<\/p><p><strong>Dauer der Bearbeitung<\/strong><\/p><p>Die Verarbeitung der Daten dauert nicht l\u00e4nger als n\u00f6tig, um den Zweck der Sammlung zu erf\u00fcllen, d. h. um die Suchkriterien zu speichern, weiterzugeben, Mitteilungen zu ver\u00f6ffentlichen und Fachleute zu kontaktieren, die den Kriterien des Nutzers entsprechen.<\/p><p>Die Verarbeitung wird so lange fortgesetzt, bis der Betroffene beschlie\u00dft, die eingegebenen Daten zu l\u00f6schen, indem er sich an den f\u00fcr die Verarbeitung Verantwortlichen wendet.<\/p><p>Sie kann auch so lange aufrechterhalten werden, wie die Aufbewahrung personenbezogener Daten zur Erf\u00fcllung unserer rechtlichen Verpflichtung oder zur Wahrung unserer berechtigten Interessen vor Gericht erforderlich ist.<\/p><p><strong>Benutzerrechte<\/strong><\/p><p>Die Rechtsvorschriften zum Schutz personenbezogener Daten geben dem betroffenen Nutzer das Recht, bestimmte Rechte auszu\u00fcben. Insbesondere hat der Nutzer das Recht, eine Best\u00e4tigung \u00fcber das Vorhandensein oder Nichtvorhandensein von personenbezogenen Daten zu erhalten, auch wenn diese noch nicht registriert sind, und dass diese Daten in einer verst\u00e4ndlichen Form zur Verf\u00fcgung gestellt werden.<\/p><p>Er kann ferner Auskunft \u00fcber die Herkunft der Daten, die Identit\u00e4t und die Kontaktdaten des f\u00fcr die Verarbeitung Verantwortlichen, der Auftragsverarbeiter und der im Auftrag des f\u00fcr die Verarbeitung Verantwortlichen t\u00e4tigen Dritten, die Zwecke der Verarbeitung, f\u00fcr die seine personenbezogenen Daten bestimmt sind, die Empf\u00e4nger oder Kategorien von Empf\u00e4ngern seiner Daten und die Dauer der Speicherung der Daten sowie andere in Artikel 13 der Verordnung genannte Punkte verlangen.<\/p><p>Er kann auch die L\u00f6schung seiner Daten, ihre Berichtigung, die Einschr\u00e4nkung ihrer Verarbeitung, die Information dar\u00fcber, den Erhalt dieser Daten in einem strukturierten, allgemein gebr\u00e4uchlichen und maschinenlesbaren Format oder die Sperrung von Daten, die unter Verletzung des Gesetzes verarbeitet wurden, sowie den Widerspruch gegen die Verarbeitung und die automatisierte Entscheidungsfindung verlangen.<\/p><p><strong>\u00dcber Fragen<\/strong><\/p><p>Wenn Sie Fragen zu dieser Politik oder allgemeiner zu den Aktivit\u00e4ten von\u00a0<strong>eliterealestate<\/strong><strong>.<\/strong><strong>gr<\/strong> bitten wir Sie, uns unter der folgenden E-Mail-Adresse zu kontaktieren: kalamata@eliterealestate.gr \u00a0<\/p><p>Im Falle einer Beschwerde behalten Sie sich das Recht vor, eine Beschwerde bei der zust\u00e4ndigen Datenschutzbeh\u00f6rde einzureichen.<\/p><p>Aufsichtsbeh\u00f6rde <br \/>Beh\u00f6rde f\u00fcr den Schutz personenbezogener Daten (APIS) <br \/>1-3 Kifissias Street, 115 23, Athen, Griechenland <br \/>+302106475600 <br \/>+302106475628 <br \/>contact@dpa.gr<\/p>\t\t\t\t\t\t\t\t<\/div>\n\t\t\t\t<\/div>\n\t\t\t\t\t<\/div>\n\t\t<\/div>\n\t\t\t\t\t<\/div>\n\t\t<\/section>\n\t\t\t\t<\/div>","protected":false},"excerpt":{"rendered":"<p>Willkommen bei ELITE Real Estate Privacy Policy elirerealestate.gr ist Eigentum der Gesellschaft mit dem Namen \"ELITE REAL ESTATE O.E.\" mit der GEMI-Nummer 122077145000, mit Sitz in Griechenland, (im Folgenden als \"Gesellschaft\" bezeichnet), die sie verwaltet.  Die Gesellschaft ist flei\u00dfig in der Forschung f\u00fcr einen besseren Schutz der pers\u00f6nlichen Daten w\u00e4hrend der Verarbeitung von ...<\/p>\n<p class=\"read-more\"> <a class=\"\" href=\"https:\/\/www.eliterealestate.gr\/de\/dpo\/\"> <span class=\"screen-reader-text\">Schutz personenbezogener Daten\ufffc<\/span> Mehr lesen \"<\/a><\/p>","protected":false},"author":1,"featured_media":0,"parent":0,"menu_order":0,"comment_status":"closed","ping_status":"closed","template":"","meta":{"footnotes":""},"categories":[1],"tags":[],"location":[],"rentsale":[],"property_type":[],"class_list":["post-12697","page","type-page","status-publish","hentry","category-uncategorized"],"_links":{"self":[{"href":"https:\/\/www.eliterealestate.gr\/de\/wp-json\/wp\/v2\/pages\/12697","targetHints":{"allow":["GET"]}}],"collection":[{"href":"https:\/\/www.eliterealestate.gr\/de\/wp-json\/wp\/v2\/pages"}],"about":[{"href":"https:\/\/www.eliterealestate.gr\/de\/wp-json\/wp\/v2\/types\/page"}],"author":[{"embeddable":true,"href":"https:\/\/www.eliterealestate.gr\/de\/wp-json\/wp\/v2\/users\/1"}],"replies":[{"embeddable":true,"href":"https:\/\/www.eliterealestate.gr\/de\/wp-json\/wp\/v2\/comments?post=12697"}],"version-history":[{"count":0,"href":"https:\/\/www.eliterealestate.gr\/de\/wp-json\/wp\/v2\/pages\/12697\/revisions"}],"wp:attachment":[{"href":"https:\/\/www.eliterealestate.gr\/de\/wp-json\/wp\/v2\/media?parent=12697"}],"wp:term":[{"taxonomy":"category","embeddable":true,"href":"https:\/\/www.eliterealestate.gr\/de\/wp-json\/wp\/v2\/categories?post=12697"},{"taxonomy":"post_tag","embeddable":true,"href":"https:\/\/www.eliterealestate.gr\/de\/wp-json\/wp\/v2\/tags?post=12697"},{"taxonomy":"location","embeddable":true,"href":"https:\/\/www.eliterealestate.gr\/de\/wp-json\/wp\/v2\/location?post=12697"},{"taxonomy":"rentsale","embeddable":true,"href":"https:\/\/www.eliterealestate.gr\/de\/wp-json\/wp\/v2\/rentsale?post=12697"},{"taxonomy":"property_type","embeddable":true,"href":"https:\/\/www.eliterealestate.gr\/de\/wp-json\/wp\/v2\/property_type?post=12697"}],"curies":[{"name":"wp","href":"https:\/\/api.w.org\/{rel}","templated":true}]}}